{"id":85,"date":"2022-01-12T19:43:32","date_gmt":"2022-01-12T18:43:32","guid":{"rendered":"https:\/\/margaritayeusebio.com\/tienda\/?post_type=product&#038;p=85"},"modified":"2022-05-26T17:55:52","modified_gmt":"2022-05-26T15:55:52","slug":"curso-completo-de-osteopatia-estructural-visceral-y-sacro-craneal","status":"publish","type":"product","link":"https:\/\/margaritayeusebio.com\/tienda\/producto\/curso-completo-de-osteopatia-estructural-visceral-y-sacro-craneal\/","title":{"rendered":"CURSO COMPLETO DE OSTEOPATIA ESTRUCTURAL, VISCERAL Y SACRO-CRANEAL"},"content":{"rendered":"<p><strong>CURSO DE OSTEOPATIA ESTRUCTURAL, VISCERAL Y SACROCRANEAL.<\/strong><\/p>\n<p>El curso se realizar\u00e1 un d\u00eda al mes en horario intensivo de 7 a 8 horas durante aproximadamente 3 a\u00f1os el curso completo. 34 meses\/clases. 150\u20ac matricula + 125\u20ac al mes\/clase.<\/p>\n<p><strong>TEMARIO <\/strong><\/p>\n<p>Historia de la Osteopat\u00eda<\/p>\n<p>Principios, conceptos e Introspecci\u00f3n (diagnostico) y Introspecci\u00f3n tridimensional.<\/p>\n<p>Zonas:<\/p>\n<p>-Pelvis.<\/p>\n<p>-Sacro.<\/p>\n<p>-Coxis.<\/p>\n<p>-La Columna Lumbar.<\/p>\n<p>-La Columna Dorsal.<\/p>\n<p>-La Columna Cervical.<\/p>\n<p>-Articulaci\u00f3n Mandibular.<\/p>\n<p>Miembros inferiores<\/p>\n<p>-Articulaci\u00f3n del Tobillo y Pie.<\/p>\n<p>-Articulaci\u00f3n de la Rodilla.<\/p>\n<p>-Articulaci\u00f3n de la cadera.<\/p>\n<p>-Miembros superiores<\/p>\n<p>-Articulaci\u00f3n del Hombro.<\/p>\n<p>-Articulaci\u00f3n del Codo.<\/p>\n<p>-Articulaci\u00f3n de la Mu\u00f1eca.<\/p>\n<p>Historia de la Osteopat\u00eda Craneal.<\/p>\n<p>Craneal.<\/p>\n<p>Sacral.<\/p>\n<p>Visceral.<\/p>\n<p>Abdominal.<\/p>\n<p>Estudio del sistema Visceral.<\/p>\n<p>En cada una de las zonas el temario es:<\/p>\n<p>-Anatom\u00eda y fisiolog\u00eda (seg\u00fan zona).<\/p>\n<p>Anatomo-fisiolog\u00eda.<\/p>\n<p>-Introspecci\u00f3n (diagnostico).<\/p>\n<p>-Introspecci\u00f3n tridimensional (diagnostico con palpaci\u00f3n, etc.)<\/p>\n<p>-Pruebas y Test de la introspecci\u00f3n.<\/p>\n<p>-Lesiones que se crean.<\/p>\n<p>-Pre-manipulaci\u00f3n.<\/p>\n<p>Tratamiento de los tejidos blandos.<\/p>\n<p>-Indicaciones y contraindicaciones de las t\u00e9cnicas de normalizaci\u00f3n.<\/p>\n<p>-Auto elongaciones.<\/p>\n<p>-Las fascias.<\/p>\n<p>-S\u00edndrome del dolor.<\/p>\n<p>-Estudio de las l\u00edneas de gravedad del cuerpo humano<\/p>\n<p>-T\u00e9cnicas de normalizaci\u00f3n.<\/p>\n<p><strong>Clases Te\u00f3rico-pr\u00e1cticas y por supuesto pres\u00e9nciales. <\/strong><\/p>\n<p><strong>www.margaritayeusebio.com\u00a0\u00a0\u00a0\u00a0\u00a0\u00a0\u00a0\u00a0 965439680 y 670201807 <\/strong><\/p>\n<p>C\/Ruperto Chapi N\u00ba 13 Bajo<\/p>\n<p>CP 03021 Elche (Alicante)<\/p>\n","protected":false},"excerpt":{"rendered":"<p>Curso de Osteopat\u00eda Estructural, Visceral y Sacro-craneal. Desbloqueos, auto-elongaciones, ejercicios y estiramientos para permitir estudiar el dolor articular o muscular, para normalizar las articulaciones y la estructura articular de todo el sistema oseo.<\/p>\n","protected":false},"featured_media":84,"comment_status":"open","ping_status":"closed","template":"","meta":[],"product_brand":[],"product_cat":[24],"product_tag":[59,27,58,41,61,63,62,64],"class_list":{"0":"post-85","1":"product","2":"type-product","3":"status-publish","4":"has-post-thumbnail","6":"product_cat-cursos","7":"product_tag-curso-de-osteopata","8":"product_tag-curso-en-elche","9":"product_tag-dolor-articular","10":"product_tag-osteopatia","11":"product_tag-osteopatia-estructural","12":"product_tag-osteopatia-sacro-craneal","13":"product_tag-osteopatia-visceral","14":"product_tag-reajustes-vertebrales","15":"entry","17":"first","18":"instock","19":"sale","20":"virtual","21":"taxable","22":"purchasable","23":"product-type-simple"},"yoast_head":"<!-- This site is optimized with the Yoast SEO plugin v27.4 - https:\/\/yoast.com\/product\/yoast-seo-wordpress\/ -->\n<title>CURSO COMPLETO DE OSTEOPATIA ESTRUCTURAL, VISCERAL Y SACRO-CRANEAL - Centro de Belleza y Salud Margarita Ortu\u00f1o L\u00e1zaro. ESCUELA DE QUIROMASAJE Y TERAPIAS COMPLEMENTARIAS.TIENDA ONLINE<\/title>\n<meta name=\"description\" content=\"Curso de Osteopat\u00eda Estructural, Visceral y Sacro-Craneal practico real enfocado para trabajar grupos reducidos.\" \/>\n<meta name=\"robots\" content=\"index, follow, max-snippet:-1, max-image-preview:large, max-video-preview:-1\" \/>\n<link rel=\"canonical\" href=\"https:\/\/margaritayeusebio.com\/tienda\/producto\/curso-completo-de-osteopatia-estructural-visceral-y-sacro-craneal\/\" \/>\n<meta property=\"og:locale\" content=\"es_ES\" \/>\n<meta property=\"og:type\" content=\"article\" \/>\n<meta property=\"og:title\" content=\"CURSO COMPLETO DE OSTEOPATIA ESTRUCTURAL, VISCERAL Y SACRO-CRANEAL - Centro de Belleza y Salud Margarita Ortu\u00f1o L\u00e1zaro. ESCUELA DE QUIROMASAJE Y TERAPIAS COMPLEMENTARIAS.TIENDA ONLINE\" \/>\n<meta property=\"og:description\" content=\"Curso de Osteopat\u00eda Estructural, Visceral y Sacro-Craneal practico real enfocado para trabajar grupos reducidos.\" \/>\n<meta property=\"og:url\" content=\"https:\/\/margaritayeusebio.com\/tienda\/producto\/curso-completo-de-osteopatia-estructural-visceral-y-sacro-craneal\/\" \/>\n<meta property=\"og:site_name\" content=\"Centro de Belleza y Salud Margarita Ortu\u00f1o L\u00e1zaro. ESCUELA DE QUIROMASAJE Y TERAPIAS COMPLEMENTARIAS.TIENDA ONLINE\" \/>\n<meta property=\"article:modified_time\" content=\"2022-05-26T15:55:52+00:00\" \/>\n<meta property=\"og:image\" content=\"https:\/\/margaritayeusebio.com\/tienda\/wp-content\/uploads\/2022\/01\/A6-Curso-de-Osteopatia-0116.png\" \/>\n\t<meta property=\"og:image:width\" content=\"620\" \/>\n\t<meta property=\"og:image:height\" content=\"874\" \/>\n\t<meta property=\"og:image:type\" content=\"image\/png\" \/>\n<meta name=\"twitter:card\" content=\"summary_large_image\" \/>\n<meta name=\"twitter:label1\" content=\"Tiempo de lectura\" \/>\n\t<meta name=\"twitter:data1\" content=\"1 minuto\" \/>\n<script type=\"application\/ld+json\" class=\"yoast-schema-graph\">{\"@context\":\"https:\\\/\\\/schema.org\",\"@graph\":[{\"@type\":\"WebPage\",\"@id\":\"https:\\\/\\\/margaritayeusebio.com\\\/tienda\\\/producto\\\/curso-completo-de-osteopatia-estructural-visceral-y-sacro-craneal\\\/\",\"url\":\"https:\\\/\\\/margaritayeusebio.com\\\/tienda\\\/producto\\\/curso-completo-de-osteopatia-estructural-visceral-y-sacro-craneal\\\/\",\"name\":\"CURSO COMPLETO DE OSTEOPATIA ESTRUCTURAL, VISCERAL Y SACRO-CRANEAL - Centro de Belleza y Salud Margarita Ortu\u00f1o L\u00e1zaro. ESCUELA DE QUIROMASAJE Y TERAPIAS COMPLEMENTARIAS.TIENDA ONLINE\",\"isPartOf\":{\"@id\":\"https:\\\/\\\/margaritayeusebio.com\\\/tienda\\\/#website\"},\"primaryImageOfPage\":{\"@id\":\"https:\\\/\\\/margaritayeusebio.com\\\/tienda\\\/producto\\\/curso-completo-de-osteopatia-estructural-visceral-y-sacro-craneal\\\/#primaryimage\"},\"image\":{\"@id\":\"https:\\\/\\\/margaritayeusebio.com\\\/tienda\\\/producto\\\/curso-completo-de-osteopatia-estructural-visceral-y-sacro-craneal\\\/#primaryimage\"},\"thumbnailUrl\":\"https:\\\/\\\/margaritayeusebio.com\\\/tienda\\\/wp-content\\\/uploads\\\/2022\\\/01\\\/A6-Curso-de-Osteopatia-0116.png\",\"datePublished\":\"2022-01-12T18:43:32+00:00\",\"dateModified\":\"2022-05-26T15:55:52+00:00\",\"description\":\"Curso de Osteopat\u00eda Estructural, Visceral y Sacro-Craneal practico real enfocado para trabajar grupos reducidos.\",\"breadcrumb\":{\"@id\":\"https:\\\/\\\/margaritayeusebio.com\\\/tienda\\\/producto\\\/curso-completo-de-osteopatia-estructural-visceral-y-sacro-craneal\\\/#breadcrumb\"},\"inLanguage\":\"es\",\"potentialAction\":[{\"@type\":\"ReadAction\",\"target\":[\"https:\\\/\\\/margaritayeusebio.com\\\/tienda\\\/producto\\\/curso-completo-de-osteopatia-estructural-visceral-y-sacro-craneal\\\/\"]}]},{\"@type\":\"ImageObject\",\"inLanguage\":\"es\",\"@id\":\"https:\\\/\\\/margaritayeusebio.com\\\/tienda\\\/producto\\\/curso-completo-de-osteopatia-estructural-visceral-y-sacro-craneal\\\/#primaryimage\",\"url\":\"https:\\\/\\\/margaritayeusebio.com\\\/tienda\\\/wp-content\\\/uploads\\\/2022\\\/01\\\/A6-Curso-de-Osteopatia-0116.png\",\"contentUrl\":\"https:\\\/\\\/margaritayeusebio.com\\\/tienda\\\/wp-content\\\/uploads\\\/2022\\\/01\\\/A6-Curso-de-Osteopatia-0116.png\",\"width\":620,\"height\":874},{\"@type\":\"BreadcrumbList\",\"@id\":\"https:\\\/\\\/margaritayeusebio.com\\\/tienda\\\/producto\\\/curso-completo-de-osteopatia-estructural-visceral-y-sacro-craneal\\\/#breadcrumb\",\"itemListElement\":[{\"@type\":\"ListItem\",\"position\":1,\"name\":\"Portada\",\"item\":\"https:\\\/\\\/margaritayeusebio.com\\\/tienda\\\/pagina-de-inicio-2\\\/\"},{\"@type\":\"ListItem\",\"position\":2,\"name\":\"Tienda\",\"item\":\"https:\\\/\\\/margaritayeusebio.com\\\/tienda\\\/\"},{\"@type\":\"ListItem\",\"position\":3,\"name\":\"CURSO COMPLETO DE OSTEOPATIA ESTRUCTURAL, VISCERAL Y SACRO-CRANEAL\"}]},{\"@type\":\"WebSite\",\"@id\":\"https:\\\/\\\/margaritayeusebio.com\\\/tienda\\\/#website\",\"url\":\"https:\\\/\\\/margaritayeusebio.com\\\/tienda\\\/\",\"name\":\"Centro de Belleza y Salud Margarita Ortu\u00f1o L\u00e1zaro. ESCUELA DE QUIROMASAJE Y TERAPIAS COMPLEMENTARIAS.TIENDA ONLINE\",\"description\":\"Quiromasaje-Osteopatia, Acupuntura, Herbolario, Fitoterapia, Oligoelementos, Productos Belleza,\",\"publisher\":{\"@id\":\"https:\\\/\\\/margaritayeusebio.com\\\/tienda\\\/#organization\"},\"potentialAction\":[{\"@type\":\"SearchAction\",\"target\":{\"@type\":\"EntryPoint\",\"urlTemplate\":\"https:\\\/\\\/margaritayeusebio.com\\\/tienda\\\/?s={search_term_string}\"},\"query-input\":{\"@type\":\"PropertyValueSpecification\",\"valueRequired\":true,\"valueName\":\"search_term_string\"}}],\"inLanguage\":\"es\"},{\"@type\":\"Organization\",\"@id\":\"https:\\\/\\\/margaritayeusebio.com\\\/tienda\\\/#organization\",\"name\":\"Centro de Belleza y Salud Margarita Ortu\u00f1o L\u00e1zaro. ESCUELA DE QUIROMASAJE Y TERAPIAS COMPLEMENTARIAS.TIENDA ONLINE\",\"url\":\"https:\\\/\\\/margaritayeusebio.com\\\/tienda\\\/\",\"logo\":{\"@type\":\"ImageObject\",\"inLanguage\":\"es\",\"@id\":\"https:\\\/\\\/margaritayeusebio.com\\\/tienda\\\/#\\\/schema\\\/logo\\\/image\\\/\",\"url\":\"https:\\\/\\\/margaritayeusebio.com\\\/tienda\\\/wp-content\\\/uploads\\\/2021\\\/12\\\/anagrama-conjunto-escuela-y-centro.jpg\",\"contentUrl\":\"https:\\\/\\\/margaritayeusebio.com\\\/tienda\\\/wp-content\\\/uploads\\\/2021\\\/12\\\/anagrama-conjunto-escuela-y-centro.jpg\",\"width\":363,\"height\":302,\"caption\":\"Centro de Belleza y Salud Margarita Ortu\u00f1o L\u00e1zaro. ESCUELA DE QUIROMASAJE Y TERAPIAS COMPLEMENTARIAS.TIENDA ONLINE\"},\"image\":{\"@id\":\"https:\\\/\\\/margaritayeusebio.com\\\/tienda\\\/#\\\/schema\\\/logo\\\/image\\\/\"}}]}<\/script>\n<!-- \/ Yoast SEO plugin. -->","yoast_head_json":{"title":"CURSO COMPLETO DE OSTEOPATIA ESTRUCTURAL, VISCERAL Y SACRO-CRANEAL - Centro de Belleza y Salud Margarita Ortu\u00f1o L\u00e1zaro. ESCUELA DE QUIROMASAJE Y TERAPIAS COMPLEMENTARIAS.TIENDA ONLINE","description":"Curso de Osteopat\u00eda Estructural, Visceral y Sacro-Craneal practico real enfocado para trabajar grupos reducidos.","robots":{"index":"index","follow":"follow","max-snippet":"max-snippet:-1","max-image-preview":"max-image-preview:large","max-video-preview":"max-video-preview:-1"},"canonical":"https:\/\/margaritayeusebio.com\/tienda\/producto\/curso-completo-de-osteopatia-estructural-visceral-y-sacro-craneal\/","og_locale":"es_ES","og_type":"article","og_title":"CURSO COMPLETO DE OSTEOPATIA ESTRUCTURAL, VISCERAL Y SACRO-CRANEAL - Centro de Belleza y Salud Margarita Ortu\u00f1o L\u00e1zaro. ESCUELA DE QUIROMASAJE Y TERAPIAS COMPLEMENTARIAS.TIENDA ONLINE","og_description":"Curso de Osteopat\u00eda Estructural, Visceral y Sacro-Craneal practico real enfocado para trabajar grupos reducidos.","og_url":"https:\/\/margaritayeusebio.com\/tienda\/producto\/curso-completo-de-osteopatia-estructural-visceral-y-sacro-craneal\/","og_site_name":"Centro de Belleza y Salud Margarita Ortu\u00f1o L\u00e1zaro. ESCUELA DE QUIROMASAJE Y TERAPIAS COMPLEMENTARIAS.TIENDA ONLINE","article_modified_time":"2022-05-26T15:55:52+00:00","og_image":[{"width":620,"height":874,"url":"https:\/\/margaritayeusebio.com\/tienda\/wp-content\/uploads\/2022\/01\/A6-Curso-de-Osteopatia-0116.png","type":"image\/png"}],"twitter_card":"summary_large_image","twitter_misc":{"Tiempo de lectura":"1 minuto"},"schema":{"@context":"https:\/\/schema.org","@graph":[{"@type":"WebPage","@id":"https:\/\/margaritayeusebio.com\/tienda\/producto\/curso-completo-de-osteopatia-estructural-visceral-y-sacro-craneal\/","url":"https:\/\/margaritayeusebio.com\/tienda\/producto\/curso-completo-de-osteopatia-estructural-visceral-y-sacro-craneal\/","name":"CURSO COMPLETO DE OSTEOPATIA ESTRUCTURAL, VISCERAL Y SACRO-CRANEAL - Centro de Belleza y Salud Margarita Ortu\u00f1o L\u00e1zaro. ESCUELA DE QUIROMASAJE Y TERAPIAS COMPLEMENTARIAS.TIENDA ONLINE","isPartOf":{"@id":"https:\/\/margaritayeusebio.com\/tienda\/#website"},"primaryImageOfPage":{"@id":"https:\/\/margaritayeusebio.com\/tienda\/producto\/curso-completo-de-osteopatia-estructural-visceral-y-sacro-craneal\/#primaryimage"},"image":{"@id":"https:\/\/margaritayeusebio.com\/tienda\/producto\/curso-completo-de-osteopatia-estructural-visceral-y-sacro-craneal\/#primaryimage"},"thumbnailUrl":"https:\/\/margaritayeusebio.com\/tienda\/wp-content\/uploads\/2022\/01\/A6-Curso-de-Osteopatia-0116.png","datePublished":"2022-01-12T18:43:32+00:00","dateModified":"2022-05-26T15:55:52+00:00","description":"Curso de Osteopat\u00eda Estructural, Visceral y Sacro-Craneal practico real enfocado para trabajar grupos reducidos.","breadcrumb":{"@id":"https:\/\/margaritayeusebio.com\/tienda\/producto\/curso-completo-de-osteopatia-estructural-visceral-y-sacro-craneal\/#breadcrumb"},"inLanguage":"es","potentialAction":[{"@type":"ReadAction","target":["https:\/\/margaritayeusebio.com\/tienda\/producto\/curso-completo-de-osteopatia-estructural-visceral-y-sacro-craneal\/"]}]},{"@type":"ImageObject","inLanguage":"es","@id":"https:\/\/margaritayeusebio.com\/tienda\/producto\/curso-completo-de-osteopatia-estructural-visceral-y-sacro-craneal\/#primaryimage","url":"https:\/\/margaritayeusebio.com\/tienda\/wp-content\/uploads\/2022\/01\/A6-Curso-de-Osteopatia-0116.png","contentUrl":"https:\/\/margaritayeusebio.com\/tienda\/wp-content\/uploads\/2022\/01\/A6-Curso-de-Osteopatia-0116.png","width":620,"height":874},{"@type":"BreadcrumbList","@id":"https:\/\/margaritayeusebio.com\/tienda\/producto\/curso-completo-de-osteopatia-estructural-visceral-y-sacro-craneal\/#breadcrumb","itemListElement":[{"@type":"ListItem","position":1,"name":"Portada","item":"https:\/\/margaritayeusebio.com\/tienda\/pagina-de-inicio-2\/"},{"@type":"ListItem","position":2,"name":"Tienda","item":"https:\/\/margaritayeusebio.com\/tienda\/"},{"@type":"ListItem","position":3,"name":"CURSO COMPLETO DE OSTEOPATIA ESTRUCTURAL, VISCERAL Y SACRO-CRANEAL"}]},{"@type":"WebSite","@id":"https:\/\/margaritayeusebio.com\/tienda\/#website","url":"https:\/\/margaritayeusebio.com\/tienda\/","name":"Centro de Belleza y Salud Margarita Ortu\u00f1o L\u00e1zaro. ESCUELA DE QUIROMASAJE Y TERAPIAS COMPLEMENTARIAS.TIENDA ONLINE","description":"Quiromasaje-Osteopatia, Acupuntura, Herbolario, Fitoterapia, Oligoelementos, Productos Belleza,","publisher":{"@id":"https:\/\/margaritayeusebio.com\/tienda\/#organization"},"potentialAction":[{"@type":"SearchAction","target":{"@type":"EntryPoint","urlTemplate":"https:\/\/margaritayeusebio.com\/tienda\/?s={search_term_string}"},"query-input":{"@type":"PropertyValueSpecification","valueRequired":true,"valueName":"search_term_string"}}],"inLanguage":"es"},{"@type":"Organization","@id":"https:\/\/margaritayeusebio.com\/tienda\/#organization","name":"Centro de Belleza y Salud Margarita Ortu\u00f1o L\u00e1zaro. ESCUELA DE QUIROMASAJE Y TERAPIAS COMPLEMENTARIAS.TIENDA ONLINE","url":"https:\/\/margaritayeusebio.com\/tienda\/","logo":{"@type":"ImageObject","inLanguage":"es","@id":"https:\/\/margaritayeusebio.com\/tienda\/#\/schema\/logo\/image\/","url":"https:\/\/margaritayeusebio.com\/tienda\/wp-content\/uploads\/2021\/12\/anagrama-conjunto-escuela-y-centro.jpg","contentUrl":"https:\/\/margaritayeusebio.com\/tienda\/wp-content\/uploads\/2021\/12\/anagrama-conjunto-escuela-y-centro.jpg","width":363,"height":302,"caption":"Centro de Belleza y Salud Margarita Ortu\u00f1o L\u00e1zaro. ESCUELA DE QUIROMASAJE Y TERAPIAS COMPLEMENTARIAS.TIENDA ONLINE"},"image":{"@id":"https:\/\/margaritayeusebio.com\/tienda\/#\/schema\/logo\/image\/"}}]}},"jetpack_sharing_enabled":true,"_links":{"self":[{"href":"https:\/\/margaritayeusebio.com\/tienda\/wp-json\/wp\/v2\/product\/85","targetHints":{"allow":["GET"]}}],"collection":[{"href":"https:\/\/margaritayeusebio.com\/tienda\/wp-json\/wp\/v2\/product"}],"about":[{"href":"https:\/\/margaritayeusebio.com\/tienda\/wp-json\/wp\/v2\/types\/product"}],"replies":[{"embeddable":true,"href":"https:\/\/margaritayeusebio.com\/tienda\/wp-json\/wp\/v2\/comments?post=85"}],"wp:featuredmedia":[{"embeddable":true,"href":"https:\/\/margaritayeusebio.com\/tienda\/wp-json\/wp\/v2\/media\/84"}],"wp:attachment":[{"href":"https:\/\/margaritayeusebio.com\/tienda\/wp-json\/wp\/v2\/media?parent=85"}],"wp:term":[{"taxonomy":"product_brand","embeddable":true,"href":"https:\/\/margaritayeusebio.com\/tienda\/wp-json\/wp\/v2\/product_brand?post=85"},{"taxonomy":"product_cat","embeddable":true,"href":"https:\/\/margaritayeusebio.com\/tienda\/wp-json\/wp\/v2\/product_cat?post=85"},{"taxonomy":"product_tag","embeddable":true,"href":"https:\/\/margaritayeusebio.com\/tienda\/wp-json\/wp\/v2\/product_tag?post=85"}],"curies":[{"name":"wp","href":"https:\/\/api.w.org\/{rel}","templated":true}]}}