{"id":70,"date":"2021-12-30T16:54:00","date_gmt":"2021-12-30T15:54:00","guid":{"rendered":"https:\/\/margaritayeusebio.com\/tienda\/?post_type=product&#038;p=70"},"modified":"2022-06-30T12:47:18","modified_gmt":"2022-06-30T10:47:18","slug":"propoleo-extracto-de","status":"publish","type":"product","link":"https:\/\/margaritayeusebio.com\/tienda\/producto\/propoleo-extracto-de\/","title":{"rendered":"Prop\u00f3leo Extracto S.XXI"},"content":{"rendered":"<h1>Prop\u00f3leo Extracto S.XXI<\/h1>\n<div class=\"uk-text-muted\">\n<p>Envase de vidrio de 50 ml con dosificador<\/p>\n<\/div>\n<div class=\" uk-margin-small-top\">\n<div>Estimula tus defensas<\/div>\n<\/div>\n<div class=\" uk-text-small uk-margin-medium-bottom\">\n<p>La <b>prop\u00f3leo\u00a0(<\/b><i><b>Propolis<\/b><\/i><b>)\u00a0<\/b>posee m\u00faltiples propiedades antis\u00e9pticas y antiinflamatorias que favorecen el buen funcionamiento del sistema inmunol\u00f3gico y ayudan a proteger tus defensas.<\/p>\n<p>La gama de Extractos de Soria Natural mantiene todas las tradiciones de la fitoterapia, aplicando los \u00faltimos avances cient\u00edficos:<\/p>\n<ul>\n<li class=\"ms-hover\">Con ciclodextrinas.<\/li>\n<li class=\"ms-hover\">Extracto liofilizado en glicerina vegetal.<\/li>\n<li class=\"ms-hover\">Mayor absorci\u00f3n.<\/li>\n<li class=\"ms-hover\">Mayor biodisponibilidad.<\/li>\n<li class=\"ms-hover\">Mayor estabilidad y protecci\u00f3n.<\/li>\n<li class=\"ms-hover\">Combinaci\u00f3n de m\u00faltiples principios activos.<\/li>\n<li class=\"ms-hover\">Disminuyen la irritaci\u00f3n al ser ingeridos.<\/li>\n<\/ul>\n<p>Ingredientes:<\/p>\n<div>\n<p><strong>Por 3 ml:\u00a0<\/strong>Humectante: glicerina, agua, extracto concentrado de prop\u00f3leo (<em>Propolis<\/em>) (570 mg), alfa-ciclodextrinas (390 mg), estabilizantes: celulosa microcristalina, carboximetilcelulosa s\u00f3dica de origen vegetal.<\/p>\n<\/div>\n<h3>Consejos de uso<\/h3>\n<div>\n<p>Adultos: se aconseja la toma de 1 ml, 3 veces al d\u00eda, diluido en\u00a0agua.<\/p>\n<p>Ni\u00f1os: seg\u00fan criterio facultativo.<\/p>\n<p>Ag\u00edtese antes de usar.\u00a0Para su dosificaci\u00f3n, apretar la tetina y esperar unos segundos.<\/p>\n<p>Conservar en lugar seco, fresco y protegido de la luz.<\/p>\n<\/div>\n<h3>Recomendaciones<\/h3>\n<div>\n<p>No utilizar como sustituto de una dieta variada y equilibrada y un estilo de vida saludable.<\/p>\n<p>No superar la dosis expresamente recomendada.<\/p>\n<p>Mant\u00e9ngase fuera del alcance de los ni\u00f1os.<\/p>\n<\/div>\n<p>&nbsp;<\/p>\n<\/div>\n","protected":false},"excerpt":{"rendered":"<h1>Prop\u00f3leo Extracto S.XXI<\/h1>\n<div class=\"uk-text-muted\">\n<p>Envase de vidrio de 50 ml con dosificador<\/p>\n<\/div>\n<div class=\" uk-margin-small-top\">\n<div>Estimula tus defensas. Antibi\u00f3tico natural extracto de prop\u00f3leo.<\/div>\n<\/div>\n<div class=\" uk-text-small uk-margin-medium-bottom\">\n<div>\n<p>La <b>prop\u00f3leo\u00a0(<\/b><i><b>Propolis<\/b><\/i><b>)\u00a0<\/b>posee m\u00faltiples propiedades antis\u00e9pticas y antiinflamatorias que favorecen el buen funcionamiento del sistema inmunol\u00f3gico y ayudan a proteger tus defensas.<\/p>\n<p>La gama de Extractos de Soria Natural mantiene todas las tradiciones de la fitoterapia, aplicando los \u00faltimos avances cient\u00edficos:<\/p>\n<ul>\n<li class=\"ms-hover\">Con ciclodextrinas.<\/li>\n<li class=\"ms-hover\">Extracto liofilizado en glicerina vegetal.<\/li>\n<li class=\"ms-hover\">Mayor absorci\u00f3n.<\/li>\n<li class=\"ms-hover\">Mayor biodisponibilidad.<\/li>\n<li class=\"ms-hover\">Mayor estabilidad y protecci\u00f3n.<\/li>\n<li class=\"ms-hover\">Combinaci\u00f3n de m\u00faltiples principios activos.<\/li>\n<li class=\"ms-hover\">Disminuyen la irritaci\u00f3n al ser ingeridos.<\/li>\n<\/ul>\n<\/div>\n<\/div>\n","protected":false},"featured_media":168,"comment_status":"open","ping_status":"closed","template":"","meta":[],"product_brand":[],"product_cat":[16],"product_tag":[102,103,104],"class_list":{"0":"post-70","1":"product","2":"type-product","3":"status-publish","4":"has-post-thumbnail","6":"product_cat-fitoterapia-o-preparados-de-plantas-que-buscan-solucionar-los-problemas-de-salud","7":"product_tag-antibiotico-natural","8":"product_tag-aumentar-defensas","9":"product_tag-bienestar-salud","10":"entry","12":"first","13":"instock","14":"sale","15":"taxable","16":"shipping-taxable","17":"purchasable","18":"product-type-simple"},"yoast_head":"<!-- This site is optimized with the Yoast SEO plugin v27.4 - https:\/\/yoast.com\/product\/yoast-seo-wordpress\/ -->\n<title>Prop\u00f3leo Extracto S.XXI - Centro de Belleza y Salud Margarita Ortu\u00f1o L\u00e1zaro. ESCUELA DE QUIROMASAJE Y TERAPIAS COMPLEMENTARIAS.TIENDA ONLINE<\/title>\n<meta name=\"description\" content=\"Estimula tus defensas. El prop\u00f3leo\u00a0(Propolis)\u00a0posee m\u00faltiples propiedades antis\u00e9pticas y antiinflamatorias que favorecen el buen funcionamiento del sistema inmunol\u00f3gico y ayudan a proteger tus defensas.\" \/>\n<meta name=\"robots\" content=\"index, follow, max-snippet:-1, max-image-preview:large, max-video-preview:-1\" \/>\n<link rel=\"canonical\" href=\"https:\/\/margaritayeusebio.com\/tienda\/producto\/propoleo-extracto-de\/\" \/>\n<meta property=\"og:locale\" content=\"es_ES\" \/>\n<meta property=\"og:type\" content=\"article\" \/>\n<meta property=\"og:title\" content=\"Prop\u00f3leo Extracto S.XXI - Centro de Belleza y Salud Margarita Ortu\u00f1o L\u00e1zaro. ESCUELA DE QUIROMASAJE Y TERAPIAS COMPLEMENTARIAS.TIENDA ONLINE\" \/>\n<meta property=\"og:description\" content=\"Estimula tus defensas. El prop\u00f3leo\u00a0(Propolis)\u00a0posee m\u00faltiples propiedades antis\u00e9pticas y antiinflamatorias que favorecen el buen funcionamiento del sistema inmunol\u00f3gico y ayudan a proteger tus defensas.\" \/>\n<meta property=\"og:url\" content=\"https:\/\/margaritayeusebio.com\/tienda\/producto\/propoleo-extracto-de\/\" \/>\n<meta property=\"og:site_name\" content=\"Centro de Belleza y Salud Margarita Ortu\u00f1o L\u00e1zaro. ESCUELA DE QUIROMASAJE Y TERAPIAS COMPLEMENTARIAS.TIENDA ONLINE\" \/>\n<meta property=\"article:modified_time\" content=\"2022-06-30T10:47:18+00:00\" \/>\n<meta property=\"og:image\" content=\"https:\/\/margaritayeusebio.com\/tienda\/wp-content\/uploads\/2021\/12\/8422947044541-scaled.jpg\" \/>\n\t<meta property=\"og:image:width\" content=\"1571\" \/>\n\t<meta property=\"og:image:height\" content=\"2560\" \/>\n\t<meta property=\"og:image:type\" content=\"image\/jpeg\" \/>\n<meta name=\"twitter:card\" content=\"summary_large_image\" \/>\n<meta name=\"twitter:label1\" content=\"Tiempo de lectura\" \/>\n\t<meta name=\"twitter:data1\" content=\"1 minuto\" \/>\n<script type=\"application\/ld+json\" class=\"yoast-schema-graph\">{\"@context\":\"https:\\\/\\\/schema.org\",\"@graph\":[{\"@type\":\"WebPage\",\"@id\":\"https:\\\/\\\/margaritayeusebio.com\\\/tienda\\\/producto\\\/propoleo-extracto-de\\\/\",\"url\":\"https:\\\/\\\/margaritayeusebio.com\\\/tienda\\\/producto\\\/propoleo-extracto-de\\\/\",\"name\":\"Prop\u00f3leo Extracto S.XXI - Centro de Belleza y Salud Margarita Ortu\u00f1o L\u00e1zaro. ESCUELA DE QUIROMASAJE Y TERAPIAS COMPLEMENTARIAS.TIENDA ONLINE\",\"isPartOf\":{\"@id\":\"https:\\\/\\\/margaritayeusebio.com\\\/tienda\\\/#website\"},\"primaryImageOfPage\":{\"@id\":\"https:\\\/\\\/margaritayeusebio.com\\\/tienda\\\/producto\\\/propoleo-extracto-de\\\/#primaryimage\"},\"image\":{\"@id\":\"https:\\\/\\\/margaritayeusebio.com\\\/tienda\\\/producto\\\/propoleo-extracto-de\\\/#primaryimage\"},\"thumbnailUrl\":\"https:\\\/\\\/margaritayeusebio.com\\\/tienda\\\/wp-content\\\/uploads\\\/2021\\\/12\\\/8422947044541-scaled.jpg\",\"datePublished\":\"2021-12-30T15:54:00+00:00\",\"dateModified\":\"2022-06-30T10:47:18+00:00\",\"description\":\"Estimula tus defensas. El prop\u00f3leo\u00a0(Propolis)\u00a0posee m\u00faltiples propiedades antis\u00e9pticas y antiinflamatorias que favorecen el buen funcionamiento del sistema inmunol\u00f3gico y ayudan a proteger tus defensas.\",\"breadcrumb\":{\"@id\":\"https:\\\/\\\/margaritayeusebio.com\\\/tienda\\\/producto\\\/propoleo-extracto-de\\\/#breadcrumb\"},\"inLanguage\":\"es\",\"potentialAction\":[{\"@type\":\"ReadAction\",\"target\":[\"https:\\\/\\\/margaritayeusebio.com\\\/tienda\\\/producto\\\/propoleo-extracto-de\\\/\"]}]},{\"@type\":\"ImageObject\",\"inLanguage\":\"es\",\"@id\":\"https:\\\/\\\/margaritayeusebio.com\\\/tienda\\\/producto\\\/propoleo-extracto-de\\\/#primaryimage\",\"url\":\"https:\\\/\\\/margaritayeusebio.com\\\/tienda\\\/wp-content\\\/uploads\\\/2021\\\/12\\\/8422947044541-scaled.jpg\",\"contentUrl\":\"https:\\\/\\\/margaritayeusebio.com\\\/tienda\\\/wp-content\\\/uploads\\\/2021\\\/12\\\/8422947044541-scaled.jpg\",\"width\":1571,\"height\":2560},{\"@type\":\"BreadcrumbList\",\"@id\":\"https:\\\/\\\/margaritayeusebio.com\\\/tienda\\\/producto\\\/propoleo-extracto-de\\\/#breadcrumb\",\"itemListElement\":[{\"@type\":\"ListItem\",\"position\":1,\"name\":\"Portada\",\"item\":\"https:\\\/\\\/margaritayeusebio.com\\\/tienda\\\/pagina-de-inicio-2\\\/\"},{\"@type\":\"ListItem\",\"position\":2,\"name\":\"Tienda\",\"item\":\"https:\\\/\\\/margaritayeusebio.com\\\/tienda\\\/\"},{\"@type\":\"ListItem\",\"position\":3,\"name\":\"Prop\u00f3leo Extracto S.XXI\"}]},{\"@type\":\"WebSite\",\"@id\":\"https:\\\/\\\/margaritayeusebio.com\\\/tienda\\\/#website\",\"url\":\"https:\\\/\\\/margaritayeusebio.com\\\/tienda\\\/\",\"name\":\"Centro de Belleza y Salud Margarita Ortu\u00f1o L\u00e1zaro. ESCUELA DE QUIROMASAJE Y TERAPIAS COMPLEMENTARIAS.TIENDA ONLINE\",\"description\":\"Quiromasaje-Osteopatia, Acupuntura, Herbolario, Fitoterapia, Oligoelementos, Productos Belleza,\",\"publisher\":{\"@id\":\"https:\\\/\\\/margaritayeusebio.com\\\/tienda\\\/#organization\"},\"potentialAction\":[{\"@type\":\"SearchAction\",\"target\":{\"@type\":\"EntryPoint\",\"urlTemplate\":\"https:\\\/\\\/margaritayeusebio.com\\\/tienda\\\/?s={search_term_string}\"},\"query-input\":{\"@type\":\"PropertyValueSpecification\",\"valueRequired\":true,\"valueName\":\"search_term_string\"}}],\"inLanguage\":\"es\"},{\"@type\":\"Organization\",\"@id\":\"https:\\\/\\\/margaritayeusebio.com\\\/tienda\\\/#organization\",\"name\":\"Centro de Belleza y Salud Margarita Ortu\u00f1o L\u00e1zaro. ESCUELA DE QUIROMASAJE Y TERAPIAS COMPLEMENTARIAS.TIENDA ONLINE\",\"url\":\"https:\\\/\\\/margaritayeusebio.com\\\/tienda\\\/\",\"logo\":{\"@type\":\"ImageObject\",\"inLanguage\":\"es\",\"@id\":\"https:\\\/\\\/margaritayeusebio.com\\\/tienda\\\/#\\\/schema\\\/logo\\\/image\\\/\",\"url\":\"https:\\\/\\\/margaritayeusebio.com\\\/tienda\\\/wp-content\\\/uploads\\\/2021\\\/12\\\/anagrama-conjunto-escuela-y-centro.jpg\",\"contentUrl\":\"https:\\\/\\\/margaritayeusebio.com\\\/tienda\\\/wp-content\\\/uploads\\\/2021\\\/12\\\/anagrama-conjunto-escuela-y-centro.jpg\",\"width\":363,\"height\":302,\"caption\":\"Centro de Belleza y Salud Margarita Ortu\u00f1o L\u00e1zaro. ESCUELA DE QUIROMASAJE Y TERAPIAS COMPLEMENTARIAS.TIENDA ONLINE\"},\"image\":{\"@id\":\"https:\\\/\\\/margaritayeusebio.com\\\/tienda\\\/#\\\/schema\\\/logo\\\/image\\\/\"}}]}<\/script>\n<!-- \/ Yoast SEO plugin. -->","yoast_head_json":{"title":"Prop\u00f3leo Extracto S.XXI - Centro de Belleza y Salud Margarita Ortu\u00f1o L\u00e1zaro. ESCUELA DE QUIROMASAJE Y TERAPIAS COMPLEMENTARIAS.TIENDA ONLINE","description":"Estimula tus defensas. El prop\u00f3leo\u00a0(Propolis)\u00a0posee m\u00faltiples propiedades antis\u00e9pticas y antiinflamatorias que favorecen el buen funcionamiento del sistema inmunol\u00f3gico y ayudan a proteger tus defensas.","robots":{"index":"index","follow":"follow","max-snippet":"max-snippet:-1","max-image-preview":"max-image-preview:large","max-video-preview":"max-video-preview:-1"},"canonical":"https:\/\/margaritayeusebio.com\/tienda\/producto\/propoleo-extracto-de\/","og_locale":"es_ES","og_type":"article","og_title":"Prop\u00f3leo Extracto S.XXI - Centro de Belleza y Salud Margarita Ortu\u00f1o L\u00e1zaro. ESCUELA DE QUIROMASAJE Y TERAPIAS COMPLEMENTARIAS.TIENDA ONLINE","og_description":"Estimula tus defensas. El prop\u00f3leo\u00a0(Propolis)\u00a0posee m\u00faltiples propiedades antis\u00e9pticas y antiinflamatorias que favorecen el buen funcionamiento del sistema inmunol\u00f3gico y ayudan a proteger tus defensas.","og_url":"https:\/\/margaritayeusebio.com\/tienda\/producto\/propoleo-extracto-de\/","og_site_name":"Centro de Belleza y Salud Margarita Ortu\u00f1o L\u00e1zaro. ESCUELA DE QUIROMASAJE Y TERAPIAS COMPLEMENTARIAS.TIENDA ONLINE","article_modified_time":"2022-06-30T10:47:18+00:00","og_image":[{"width":1571,"height":2560,"url":"https:\/\/margaritayeusebio.com\/tienda\/wp-content\/uploads\/2021\/12\/8422947044541-scaled.jpg","type":"image\/jpeg"}],"twitter_card":"summary_large_image","twitter_misc":{"Tiempo de lectura":"1 minuto"},"schema":{"@context":"https:\/\/schema.org","@graph":[{"@type":"WebPage","@id":"https:\/\/margaritayeusebio.com\/tienda\/producto\/propoleo-extracto-de\/","url":"https:\/\/margaritayeusebio.com\/tienda\/producto\/propoleo-extracto-de\/","name":"Prop\u00f3leo Extracto S.XXI - Centro de Belleza y Salud Margarita Ortu\u00f1o L\u00e1zaro. ESCUELA DE QUIROMASAJE Y TERAPIAS COMPLEMENTARIAS.TIENDA ONLINE","isPartOf":{"@id":"https:\/\/margaritayeusebio.com\/tienda\/#website"},"primaryImageOfPage":{"@id":"https:\/\/margaritayeusebio.com\/tienda\/producto\/propoleo-extracto-de\/#primaryimage"},"image":{"@id":"https:\/\/margaritayeusebio.com\/tienda\/producto\/propoleo-extracto-de\/#primaryimage"},"thumbnailUrl":"https:\/\/margaritayeusebio.com\/tienda\/wp-content\/uploads\/2021\/12\/8422947044541-scaled.jpg","datePublished":"2021-12-30T15:54:00+00:00","dateModified":"2022-06-30T10:47:18+00:00","description":"Estimula tus defensas. El prop\u00f3leo\u00a0(Propolis)\u00a0posee m\u00faltiples propiedades antis\u00e9pticas y antiinflamatorias que favorecen el buen funcionamiento del sistema inmunol\u00f3gico y ayudan a proteger tus defensas.","breadcrumb":{"@id":"https:\/\/margaritayeusebio.com\/tienda\/producto\/propoleo-extracto-de\/#breadcrumb"},"inLanguage":"es","potentialAction":[{"@type":"ReadAction","target":["https:\/\/margaritayeusebio.com\/tienda\/producto\/propoleo-extracto-de\/"]}]},{"@type":"ImageObject","inLanguage":"es","@id":"https:\/\/margaritayeusebio.com\/tienda\/producto\/propoleo-extracto-de\/#primaryimage","url":"https:\/\/margaritayeusebio.com\/tienda\/wp-content\/uploads\/2021\/12\/8422947044541-scaled.jpg","contentUrl":"https:\/\/margaritayeusebio.com\/tienda\/wp-content\/uploads\/2021\/12\/8422947044541-scaled.jpg","width":1571,"height":2560},{"@type":"BreadcrumbList","@id":"https:\/\/margaritayeusebio.com\/tienda\/producto\/propoleo-extracto-de\/#breadcrumb","itemListElement":[{"@type":"ListItem","position":1,"name":"Portada","item":"https:\/\/margaritayeusebio.com\/tienda\/pagina-de-inicio-2\/"},{"@type":"ListItem","position":2,"name":"Tienda","item":"https:\/\/margaritayeusebio.com\/tienda\/"},{"@type":"ListItem","position":3,"name":"Prop\u00f3leo Extracto S.XXI"}]},{"@type":"WebSite","@id":"https:\/\/margaritayeusebio.com\/tienda\/#website","url":"https:\/\/margaritayeusebio.com\/tienda\/","name":"Centro de Belleza y Salud Margarita Ortu\u00f1o L\u00e1zaro. ESCUELA DE QUIROMASAJE Y TERAPIAS COMPLEMENTARIAS.TIENDA ONLINE","description":"Quiromasaje-Osteopatia, Acupuntura, Herbolario, Fitoterapia, Oligoelementos, Productos Belleza,","publisher":{"@id":"https:\/\/margaritayeusebio.com\/tienda\/#organization"},"potentialAction":[{"@type":"SearchAction","target":{"@type":"EntryPoint","urlTemplate":"https:\/\/margaritayeusebio.com\/tienda\/?s={search_term_string}"},"query-input":{"@type":"PropertyValueSpecification","valueRequired":true,"valueName":"search_term_string"}}],"inLanguage":"es"},{"@type":"Organization","@id":"https:\/\/margaritayeusebio.com\/tienda\/#organization","name":"Centro de Belleza y Salud Margarita Ortu\u00f1o L\u00e1zaro. ESCUELA DE QUIROMASAJE Y TERAPIAS COMPLEMENTARIAS.TIENDA ONLINE","url":"https:\/\/margaritayeusebio.com\/tienda\/","logo":{"@type":"ImageObject","inLanguage":"es","@id":"https:\/\/margaritayeusebio.com\/tienda\/#\/schema\/logo\/image\/","url":"https:\/\/margaritayeusebio.com\/tienda\/wp-content\/uploads\/2021\/12\/anagrama-conjunto-escuela-y-centro.jpg","contentUrl":"https:\/\/margaritayeusebio.com\/tienda\/wp-content\/uploads\/2021\/12\/anagrama-conjunto-escuela-y-centro.jpg","width":363,"height":302,"caption":"Centro de Belleza y Salud Margarita Ortu\u00f1o L\u00e1zaro. ESCUELA DE QUIROMASAJE Y TERAPIAS COMPLEMENTARIAS.TIENDA ONLINE"},"image":{"@id":"https:\/\/margaritayeusebio.com\/tienda\/#\/schema\/logo\/image\/"}}]}},"jetpack_sharing_enabled":true,"_links":{"self":[{"href":"https:\/\/margaritayeusebio.com\/tienda\/wp-json\/wp\/v2\/product\/70","targetHints":{"allow":["GET"]}}],"collection":[{"href":"https:\/\/margaritayeusebio.com\/tienda\/wp-json\/wp\/v2\/product"}],"about":[{"href":"https:\/\/margaritayeusebio.com\/tienda\/wp-json\/wp\/v2\/types\/product"}],"replies":[{"embeddable":true,"href":"https:\/\/margaritayeusebio.com\/tienda\/wp-json\/wp\/v2\/comments?post=70"}],"wp:featuredmedia":[{"embeddable":true,"href":"https:\/\/margaritayeusebio.com\/tienda\/wp-json\/wp\/v2\/media\/168"}],"wp:attachment":[{"href":"https:\/\/margaritayeusebio.com\/tienda\/wp-json\/wp\/v2\/media?parent=70"}],"wp:term":[{"taxonomy":"product_brand","embeddable":true,"href":"https:\/\/margaritayeusebio.com\/tienda\/wp-json\/wp\/v2\/product_brand?post=70"},{"taxonomy":"product_cat","embeddable":true,"href":"https:\/\/margaritayeusebio.com\/tienda\/wp-json\/wp\/v2\/product_cat?post=70"},{"taxonomy":"product_tag","embeddable":true,"href":"https:\/\/margaritayeusebio.com\/tienda\/wp-json\/wp\/v2\/product_tag?post=70"}],"curies":[{"name":"wp","href":"https:\/\/api.w.org\/{rel}","templated":true}]}}