{"id":53,"date":"2022-01-02T09:42:12","date_gmt":"2022-01-02T08:42:12","guid":{"rendered":"https:\/\/margaritayeusebio.com\/tienda\/?post_type=product&#038;p=53"},"modified":"2022-01-02T09:42:12","modified_gmt":"2022-01-02T08:42:12","slug":"3o-curso-de-quiropraxia-y-master-de-lesiones-traumaticas","status":"publish","type":"product","link":"https:\/\/margaritayeusebio.com\/tienda\/producto\/3o-curso-de-quiropraxia-y-master-de-lesiones-traumaticas\/","title":{"rendered":"3\u00ba Curso de Quiropraxia y Master de Lesiones traum\u00e1ticas."},"content":{"rendered":"<p><strong><em>CURSO MASTER DE QUIROMASAJE Y QUIROPRAXIA \u2013 3\u00ba Nivel\/3\u00ba Curso<\/em><\/strong><strong>\u00a0<\/strong><\/p>\n<p><strong>TEMARIO DEL PROGRAMA.<\/strong><\/p>\n<p><strong>\u00a0<\/strong><strong>1\u00ba Clase. 1\u00ba- De Quiropraxia. <\/strong>\u00a0Introducci\u00f3n, precisiones, recuerdo hist\u00f3rico y concepto de la Quiropraxia, premisas fundamentales de aplicaci\u00f3n y contraindicaciones. Movilizaciones y manipulaciones, pr\u00e1cticas en miembros inferiores, movilizaci\u00f3n de falanges, metatarsos, tarso, calc\u00e1neo, estiramiento del soleo, gemelo, aductores, fascia lata, cu\u00e1driceps y psoas iliaco.\u00a0Comprobaci\u00f3n de los meniscos y ligamentos de la rodilla, movilizaci\u00f3n L 5 &#8211; S 1 y sacro, estiramiento compensatorio de las disimetr\u00edas, hiper extensi\u00f3n del sacro y desbloqueo de la articulaci\u00f3n sacro il\u00edaca.<\/p>\n<p><strong>\u00a0<\/strong><strong>2\u00ba- Clase. 2\u00ba- De Quiropraxia.<\/strong> Repaso practico de la clase anterior, movilizaciones varias de la cadera, movilizaci\u00f3n de la cavidad cotiloidea, circunducci\u00f3n lumbo-p\u00e9lvica, movilizaci\u00f3n sacro il\u00edaca, exploraci\u00f3n y localizaci\u00f3n de las v\u00e9rtebras lumbares y sus posibles patolog\u00edas, exploraci\u00f3n del nervio ci\u00e1tico, estiramiento del serrato cuadrado lumbar y del iliocostal.\u00a0Desbloqueo por rotaci\u00f3n una por una de las diferentes v\u00e9rtebras lumbares seg\u00fan su patolog\u00eda y desbloqueo lumbar por tracci\u00f3n.<\/p>\n<p><strong>\u00a0<\/strong><strong>3\u00ba- Clase 3\u00ba- De Quiropraxia. <\/strong>Repaso practico de las clases anteriores, presiones claviculares, movilizaci\u00f3n esterno-clavicular, movilizaci\u00f3n esc\u00e1pulo-clavicular, estiramiento del deltoides, movilizaci\u00f3n parcial y total del hombro, movilizaci\u00f3n de la cavidad glenoidea.\u00a0Examen y estudio de los diferentes movimientos de las v\u00e9rtebras dorsales, hiper extensi\u00f3n dorsal, presiones vertebrales dorsales, localizaci\u00f3n de las posibles patolog\u00edas de las diferentes v\u00e9rtebras dorsales.\u00a0Diagn\u00f3stico y tratamiento mediante diversos tipos de desbloqueo una por una de las verbenas dorsales.<\/p>\n<p><strong>4\u00ba- Clase. 4\u00ba- De Quiropraxia. <\/strong>Repaso de las clases anteriores, movilizaciones del codo, cubito y radio, examen de la movilidad del cuello, comprobaci\u00f3n cervical, estudio y localizaci\u00f3n practica de todas las v\u00e9rtebras cervicales, examen pr\u00e1ctico de la movilidad de todas las v\u00e9rtebras cervicales.\u00a0Comprobaci\u00f3n una por una de sus posibles patolog\u00edas, localizaci\u00f3n y desbloqueo cervical seg\u00fan su patolog\u00eda.<\/p>\n<p><strong>5\u00ba- Clase. 1\u00ba- MASTER. LA ARTICULACI\u00d3N DEL TOBILLO. <\/strong>Estudio y an\u00e1lisis de las lesiones musculares. Estudio pormenorizado uno por uno de los diferentes m\u00fasculos y de sus patolog\u00edas, as\u00ed como del diagn\u00f3stico y tratamiento de las lesiones articulares.\u00a0 Esguinces, subluxaciones, lesiones tendinosas y musculares del aductor y abductor del pulgar, flexores corto, com\u00fan y largo de los dedos, tibial posterior, lumbricales e inter\u00f3seos del pie, extensor com\u00fan y corto de los dedos, lesiones del periostio (periostitis) extensor largo del dedo gordo, tibial posterior, peroneos anterior, corto y largo, soleo, gemelos, plantar delgado y popl\u00edteo, estudio de las diferentes patolog\u00edas de la rodilla, artrosis artritis, meniscos, quistes etc.<\/p>\n<p><strong>6\u00ba- Clase 2\u00ba- MASTER. LA ARTICULACI\u00d3N DE LA RODILLA <\/strong>Estudio y an\u00e1lisis pormenorizado de las diferentes caracter\u00edsticas, as\u00ed como de la sintomatolog\u00eda y el tratamiento, de las lesiones o afecciones articulares propias.\u00a0Estudio de las diversas lesiones tendinosas o musculares de los m\u00fasculos que afectan a las rodillas, Gemelos, Plantar delgado, Popl\u00edteo, Isquiotibiales, semitendinoso, semimembranoso y b\u00edceps femoral, cu\u00e1driceps, fascia lata, sartorio y recto interno.<\/p>\n<p><strong>7\u00ba- Clase. 3\u00ba- MASTER. LA ARTICULACI\u00d3N DE LA CADERA. <\/strong>Estudio y an\u00e1lisis de todos los elementos estructurales que la forman. Estructura \u00f3sea, ligamentosa, tendinosa, muscular y nerviosa.\u00a0Estudio, caracter\u00edsticas, sintomatolog\u00eda y tratamiento de sus diferentes afecciones, o lesiones, ci\u00e1tica, lumbago, lesiones musculares del piramidal, g\u00e9minos, obturadores, psoas iliaco, pect\u00edneo, aductores gl\u00fateos y cuadrado lumbar.<\/p>\n<p><strong>8\u00ba- Clase 4\u00ba- MASTER. ARTICULACIONES SUPERIORES. <\/strong>Estudio y an\u00e1lisis, sintomatolog\u00eda y tratamiento de las alteraciones articulares, tendinosas ligamentosa y musculares de los miembros superiores. Flexor, abductor, extensores corto y largo del pulgar, extensores del me\u00f1ique y del \u00edndice, extensor com\u00fan de los dedos, cubitales anterior y posterior, primer y segundo radial, supinadores corto y largo, anc\u00f3neo, palmares mayor y menor, flexores superficial y profundo com\u00fan de los dedos, pronadores redondo y cuadrado, b\u00edceps corto y largo, tr\u00edceps, braquial anterior, deltoides, coracobraquial, supraespinoso, infraespinoso, redondos mayor y menor y subescapular.<\/p>\n<p><strong style=\"background-color: var(--global--color-background); color: var(--global--color-primary); font-family: var(--global--font-secondary); font-size: var(--global--font-size-base);\">9\u00ba- Clase. 5\u00ba- Master. LA ARTICULACI\u00d3N DEL HOMBRO. <\/strong>Estudio y an\u00e1lisis de sus movimientos y de los m\u00fasculos o tendones que lo pueden afectar, seg\u00fan sea el movimiento doloroso que no se pueda efectuar.\u00a0Caracter\u00edsticas, sintomatolog\u00eda y tratamiento, de los diferentes m\u00fasculos y tendones que lo forman, deltoides, b\u00edceps, braquial anterior, tr\u00edceps, coracobraquial, romboides, trapecios, supraespinoso y dorsal ancho, los manguitos rotadores, infraespinoso, subescapular, redondo mayor y redondo menor.<\/p>\n<p><strong>10\u00ba- CLASE. 6\u00ba- MASTER. EL TORAX \u2013ABDOMEN Y CUELLO. <\/strong><span style=\"background-color: var(--global--color-background); color: var(--global--color-primary); font-family: var(--global--font-secondary); font-size: var(--global--font-size-base);\">Sintomatolog\u00eda y tratamiento de las lesiones o alteraciones de tendones, ligamentos y m\u00fasculos, Pectorales mayor y menor, serratos mayor, mediano y menor, intercostales y supracostales, rectos transversos y oblicuos abdominales.\u00a0<\/span>Estudio de las lesiones o afecciones del cuello, producidas por sobrecargas o tensiones musculares del angular del omoplato, esternocleidomastoideo, trapecio, escalenos, anterior, medio y posterior, complexos mayor y menor, rectos posteriores, esplenio, oblicuos mayor y menor, romboides e iliocostal.<\/p>\n<p><strong>11\u00ba- CLASE. 7\u00ba-MASTER &#8211; LA ESPALDA.\u00a0<\/strong>Estudio de su estructura. Caracter\u00edsticas, particularidades, sintomatolog\u00eda y tratamiento de las diferentes estructuras que la forman.\u00a0Tratamiento de las lesiones musculares del cuadrado lumbar, dorsal ancho, dorsal largo, iliocostal y romboides<\/p>\n<p><strong>12\u00ba- CLASE. 8\u00ba &#8211; MASTER &#8211;\u00a0 LA COLUMNA.\u00a0<\/strong>Estudio de las v\u00e9rtebras cervicales, dorsales, lumbares y sacras, caracter\u00edsticas, particularidades, sintomatolog\u00eda y tratamiento de todos los m\u00fasculos y ligamentos que la forman. Semiespinosos, espinosos, interespinoso, transversos, inter-transversos y complexos vertebrales.<\/p>\n<p>2 DIPLOMAS DE QUIROPRAXIA Y MASTER DE LESIONES TRAUMATICAS.<\/p>\n<p><strong>\u00a0<\/strong><\/p>\n","protected":false},"excerpt":{"rendered":"<p>3\u00ba Curso de quiropraxia y master de quiromasaje de lesiones traum\u00e1ticas. Con este curso te\u00f3rico-practico, refuerzas el estudio pormenorizado de los distintos tratamientos, que podr\u00e1s realizar cuando tengas dudas de como solucionar el dolor muscular, tendinoso, ligamentoso y nerviosos de un cliente.<\/p>\n","protected":false},"featured_media":84,"comment_status":"open","ping_status":"closed","template":"","meta":[],"product_brand":[],"product_cat":[24],"product_tag":[39,38,44,27,36,35,43,41,26,40,42,37],"class_list":{"0":"post-53","1":"product","2":"type-product","3":"status-publish","4":"has-post-thumbnail","6":"product_cat-cursos","7":"product_tag-aprender-a-curar-lesiones","8":"product_tag-contracturas","9":"product_tag-curso-de-quiromasaje-y-quiropraxia","10":"product_tag-curso-en-elche","11":"product_tag-dolores-musculares","12":"product_tag-lesiones","13":"product_tag-masaje-curativo","14":"product_tag-osteopatia","15":"product_tag-quiromasaje-en-elche","16":"product_tag-quiropraxia","17":"product_tag-solucionar-dolores","18":"product_tag-tratamiento-del-dolor","19":"entry","21":"first","22":"instock","23":"sale","24":"taxable","25":"shipping-taxable","26":"purchasable","27":"product-type-simple"},"yoast_head":"<!-- This site is optimized with the Yoast SEO plugin v27.4 - https:\/\/yoast.com\/product\/yoast-seo-wordpress\/ -->\n<title>3\u00ba Curso de Quiropraxia y Master de Lesiones traum\u00e1ticas. - Centro de Belleza y Salud Margarita Ortu\u00f1o L\u00e1zaro. ESCUELA DE QUIROMASAJE Y TERAPIAS COMPLEMENTARIAS.TIENDA ONLINE<\/title>\n<meta name=\"description\" content=\"Curso de quiropraxia manipulaciones b\u00e1sicas y estiramientos y master de lesiones traum\u00e1ticas, aprendizaje de cada tratamiento, con el estudio explicado de cada tratamiento y curar la lesi\u00f3n, particularidades y tratamiento, interrogatorio del cliente y como hay que hacer el tratamiento del dolor y donde comenzar cada uno, seg\u00fan el dolor de la lesi\u00f3n espec\u00edfica.\" \/>\n<meta name=\"robots\" content=\"index, follow, max-snippet:-1, max-image-preview:large, max-video-preview:-1\" \/>\n<link rel=\"canonical\" href=\"https:\/\/margaritayeusebio.com\/tienda\/producto\/3o-curso-de-quiropraxia-y-master-de-lesiones-traumaticas\/\" \/>\n<meta property=\"og:locale\" content=\"es_ES\" \/>\n<meta property=\"og:type\" content=\"article\" \/>\n<meta property=\"og:title\" content=\"3\u00ba Curso de Quiropraxia y Master de Lesiones traum\u00e1ticas. - Centro de Belleza y Salud Margarita Ortu\u00f1o L\u00e1zaro. ESCUELA DE QUIROMASAJE Y TERAPIAS COMPLEMENTARIAS.TIENDA ONLINE\" \/>\n<meta property=\"og:description\" content=\"Curso de quiropraxia manipulaciones b\u00e1sicas y estiramientos y master de lesiones traum\u00e1ticas, aprendizaje de cada tratamiento, con el estudio explicado de cada tratamiento y curar la lesi\u00f3n, particularidades y tratamiento, interrogatorio del cliente y como hay que hacer el tratamiento del dolor y donde comenzar cada uno, seg\u00fan el dolor de la lesi\u00f3n espec\u00edfica.\" \/>\n<meta property=\"og:url\" content=\"https:\/\/margaritayeusebio.com\/tienda\/producto\/3o-curso-de-quiropraxia-y-master-de-lesiones-traumaticas\/\" \/>\n<meta property=\"og:site_name\" content=\"Centro de Belleza y Salud Margarita Ortu\u00f1o L\u00e1zaro. ESCUELA DE QUIROMASAJE Y TERAPIAS COMPLEMENTARIAS.TIENDA ONLINE\" \/>\n<meta property=\"og:image\" content=\"https:\/\/margaritayeusebio.com\/tienda\/wp-content\/uploads\/2022\/01\/A6-Curso-de-Osteopatia-0116.png\" \/>\n\t<meta property=\"og:image:width\" content=\"620\" \/>\n\t<meta property=\"og:image:height\" content=\"874\" \/>\n\t<meta property=\"og:image:type\" content=\"image\/png\" \/>\n<meta name=\"twitter:card\" content=\"summary_large_image\" \/>\n<meta name=\"twitter:label1\" content=\"Tiempo de lectura\" \/>\n\t<meta name=\"twitter:data1\" content=\"4 minutos\" \/>\n<script type=\"application\/ld+json\" class=\"yoast-schema-graph\">{\"@context\":\"https:\\\/\\\/schema.org\",\"@graph\":[{\"@type\":\"WebPage\",\"@id\":\"https:\\\/\\\/margaritayeusebio.com\\\/tienda\\\/producto\\\/3o-curso-de-quiropraxia-y-master-de-lesiones-traumaticas\\\/\",\"url\":\"https:\\\/\\\/margaritayeusebio.com\\\/tienda\\\/producto\\\/3o-curso-de-quiropraxia-y-master-de-lesiones-traumaticas\\\/\",\"name\":\"3\u00ba Curso de Quiropraxia y Master de Lesiones traum\u00e1ticas. - Centro de Belleza y Salud Margarita Ortu\u00f1o L\u00e1zaro. ESCUELA DE QUIROMASAJE Y TERAPIAS COMPLEMENTARIAS.TIENDA ONLINE\",\"isPartOf\":{\"@id\":\"https:\\\/\\\/margaritayeusebio.com\\\/tienda\\\/#website\"},\"primaryImageOfPage\":{\"@id\":\"https:\\\/\\\/margaritayeusebio.com\\\/tienda\\\/producto\\\/3o-curso-de-quiropraxia-y-master-de-lesiones-traumaticas\\\/#primaryimage\"},\"image\":{\"@id\":\"https:\\\/\\\/margaritayeusebio.com\\\/tienda\\\/producto\\\/3o-curso-de-quiropraxia-y-master-de-lesiones-traumaticas\\\/#primaryimage\"},\"thumbnailUrl\":\"https:\\\/\\\/margaritayeusebio.com\\\/tienda\\\/wp-content\\\/uploads\\\/2022\\\/01\\\/A6-Curso-de-Osteopatia-0116.png\",\"datePublished\":\"2022-01-02T08:42:12+00:00\",\"description\":\"Curso de quiropraxia manipulaciones b\u00e1sicas y estiramientos y master de lesiones traum\u00e1ticas, aprendizaje de cada tratamiento, con el estudio explicado de cada tratamiento y curar la lesi\u00f3n, particularidades y tratamiento, interrogatorio del cliente y como hay que hacer el tratamiento del dolor y donde comenzar cada uno, seg\u00fan el dolor de la lesi\u00f3n espec\u00edfica.\",\"breadcrumb\":{\"@id\":\"https:\\\/\\\/margaritayeusebio.com\\\/tienda\\\/producto\\\/3o-curso-de-quiropraxia-y-master-de-lesiones-traumaticas\\\/#breadcrumb\"},\"inLanguage\":\"es\",\"potentialAction\":[{\"@type\":\"ReadAction\",\"target\":[\"https:\\\/\\\/margaritayeusebio.com\\\/tienda\\\/producto\\\/3o-curso-de-quiropraxia-y-master-de-lesiones-traumaticas\\\/\"]}]},{\"@type\":\"ImageObject\",\"inLanguage\":\"es\",\"@id\":\"https:\\\/\\\/margaritayeusebio.com\\\/tienda\\\/producto\\\/3o-curso-de-quiropraxia-y-master-de-lesiones-traumaticas\\\/#primaryimage\",\"url\":\"https:\\\/\\\/margaritayeusebio.com\\\/tienda\\\/wp-content\\\/uploads\\\/2022\\\/01\\\/A6-Curso-de-Osteopatia-0116.png\",\"contentUrl\":\"https:\\\/\\\/margaritayeusebio.com\\\/tienda\\\/wp-content\\\/uploads\\\/2022\\\/01\\\/A6-Curso-de-Osteopatia-0116.png\",\"width\":620,\"height\":874},{\"@type\":\"BreadcrumbList\",\"@id\":\"https:\\\/\\\/margaritayeusebio.com\\\/tienda\\\/producto\\\/3o-curso-de-quiropraxia-y-master-de-lesiones-traumaticas\\\/#breadcrumb\",\"itemListElement\":[{\"@type\":\"ListItem\",\"position\":1,\"name\":\"Portada\",\"item\":\"https:\\\/\\\/margaritayeusebio.com\\\/tienda\\\/pagina-de-inicio-2\\\/\"},{\"@type\":\"ListItem\",\"position\":2,\"name\":\"Tienda\",\"item\":\"https:\\\/\\\/margaritayeusebio.com\\\/tienda\\\/\"},{\"@type\":\"ListItem\",\"position\":3,\"name\":\"3\u00ba Curso de Quiropraxia y Master de Lesiones traum\u00e1ticas.\"}]},{\"@type\":\"WebSite\",\"@id\":\"https:\\\/\\\/margaritayeusebio.com\\\/tienda\\\/#website\",\"url\":\"https:\\\/\\\/margaritayeusebio.com\\\/tienda\\\/\",\"name\":\"Centro de Belleza y Salud Margarita Ortu\u00f1o L\u00e1zaro. ESCUELA DE QUIROMASAJE Y TERAPIAS COMPLEMENTARIAS.TIENDA ONLINE\",\"description\":\"Quiromasaje-Osteopatia, Acupuntura, Herbolario, Fitoterapia, Oligoelementos, Productos Belleza,\",\"publisher\":{\"@id\":\"https:\\\/\\\/margaritayeusebio.com\\\/tienda\\\/#organization\"},\"potentialAction\":[{\"@type\":\"SearchAction\",\"target\":{\"@type\":\"EntryPoint\",\"urlTemplate\":\"https:\\\/\\\/margaritayeusebio.com\\\/tienda\\\/?s={search_term_string}\"},\"query-input\":{\"@type\":\"PropertyValueSpecification\",\"valueRequired\":true,\"valueName\":\"search_term_string\"}}],\"inLanguage\":\"es\"},{\"@type\":\"Organization\",\"@id\":\"https:\\\/\\\/margaritayeusebio.com\\\/tienda\\\/#organization\",\"name\":\"Centro de Belleza y Salud Margarita Ortu\u00f1o L\u00e1zaro. ESCUELA DE QUIROMASAJE Y TERAPIAS COMPLEMENTARIAS.TIENDA ONLINE\",\"url\":\"https:\\\/\\\/margaritayeusebio.com\\\/tienda\\\/\",\"logo\":{\"@type\":\"ImageObject\",\"inLanguage\":\"es\",\"@id\":\"https:\\\/\\\/margaritayeusebio.com\\\/tienda\\\/#\\\/schema\\\/logo\\\/image\\\/\",\"url\":\"https:\\\/\\\/margaritayeusebio.com\\\/tienda\\\/wp-content\\\/uploads\\\/2021\\\/12\\\/anagrama-conjunto-escuela-y-centro.jpg\",\"contentUrl\":\"https:\\\/\\\/margaritayeusebio.com\\\/tienda\\\/wp-content\\\/uploads\\\/2021\\\/12\\\/anagrama-conjunto-escuela-y-centro.jpg\",\"width\":363,\"height\":302,\"caption\":\"Centro de Belleza y Salud Margarita Ortu\u00f1o L\u00e1zaro. ESCUELA DE QUIROMASAJE Y TERAPIAS COMPLEMENTARIAS.TIENDA ONLINE\"},\"image\":{\"@id\":\"https:\\\/\\\/margaritayeusebio.com\\\/tienda\\\/#\\\/schema\\\/logo\\\/image\\\/\"}}]}<\/script>\n<!-- \/ Yoast SEO plugin. -->","yoast_head_json":{"title":"3\u00ba Curso de Quiropraxia y Master de Lesiones traum\u00e1ticas. - Centro de Belleza y Salud Margarita Ortu\u00f1o L\u00e1zaro. ESCUELA DE QUIROMASAJE Y TERAPIAS COMPLEMENTARIAS.TIENDA ONLINE","description":"Curso de quiropraxia manipulaciones b\u00e1sicas y estiramientos y master de lesiones traum\u00e1ticas, aprendizaje de cada tratamiento, con el estudio explicado de cada tratamiento y curar la lesi\u00f3n, particularidades y tratamiento, interrogatorio del cliente y como hay que hacer el tratamiento del dolor y donde comenzar cada uno, seg\u00fan el dolor de la lesi\u00f3n espec\u00edfica.","robots":{"index":"index","follow":"follow","max-snippet":"max-snippet:-1","max-image-preview":"max-image-preview:large","max-video-preview":"max-video-preview:-1"},"canonical":"https:\/\/margaritayeusebio.com\/tienda\/producto\/3o-curso-de-quiropraxia-y-master-de-lesiones-traumaticas\/","og_locale":"es_ES","og_type":"article","og_title":"3\u00ba Curso de Quiropraxia y Master de Lesiones traum\u00e1ticas. - Centro de Belleza y Salud Margarita Ortu\u00f1o L\u00e1zaro. ESCUELA DE QUIROMASAJE Y TERAPIAS COMPLEMENTARIAS.TIENDA ONLINE","og_description":"Curso de quiropraxia manipulaciones b\u00e1sicas y estiramientos y master de lesiones traum\u00e1ticas, aprendizaje de cada tratamiento, con el estudio explicado de cada tratamiento y curar la lesi\u00f3n, particularidades y tratamiento, interrogatorio del cliente y como hay que hacer el tratamiento del dolor y donde comenzar cada uno, seg\u00fan el dolor de la lesi\u00f3n espec\u00edfica.","og_url":"https:\/\/margaritayeusebio.com\/tienda\/producto\/3o-curso-de-quiropraxia-y-master-de-lesiones-traumaticas\/","og_site_name":"Centro de Belleza y Salud Margarita Ortu\u00f1o L\u00e1zaro. ESCUELA DE QUIROMASAJE Y TERAPIAS COMPLEMENTARIAS.TIENDA ONLINE","og_image":[{"width":620,"height":874,"url":"https:\/\/margaritayeusebio.com\/tienda\/wp-content\/uploads\/2022\/01\/A6-Curso-de-Osteopatia-0116.png","type":"image\/png"}],"twitter_card":"summary_large_image","twitter_misc":{"Tiempo de lectura":"4 minutos"},"schema":{"@context":"https:\/\/schema.org","@graph":[{"@type":"WebPage","@id":"https:\/\/margaritayeusebio.com\/tienda\/producto\/3o-curso-de-quiropraxia-y-master-de-lesiones-traumaticas\/","url":"https:\/\/margaritayeusebio.com\/tienda\/producto\/3o-curso-de-quiropraxia-y-master-de-lesiones-traumaticas\/","name":"3\u00ba Curso de Quiropraxia y Master de Lesiones traum\u00e1ticas. - Centro de Belleza y Salud Margarita Ortu\u00f1o L\u00e1zaro. ESCUELA DE QUIROMASAJE Y TERAPIAS COMPLEMENTARIAS.TIENDA ONLINE","isPartOf":{"@id":"https:\/\/margaritayeusebio.com\/tienda\/#website"},"primaryImageOfPage":{"@id":"https:\/\/margaritayeusebio.com\/tienda\/producto\/3o-curso-de-quiropraxia-y-master-de-lesiones-traumaticas\/#primaryimage"},"image":{"@id":"https:\/\/margaritayeusebio.com\/tienda\/producto\/3o-curso-de-quiropraxia-y-master-de-lesiones-traumaticas\/#primaryimage"},"thumbnailUrl":"https:\/\/margaritayeusebio.com\/tienda\/wp-content\/uploads\/2022\/01\/A6-Curso-de-Osteopatia-0116.png","datePublished":"2022-01-02T08:42:12+00:00","description":"Curso de quiropraxia manipulaciones b\u00e1sicas y estiramientos y master de lesiones traum\u00e1ticas, aprendizaje de cada tratamiento, con el estudio explicado de cada tratamiento y curar la lesi\u00f3n, particularidades y tratamiento, interrogatorio del cliente y como hay que hacer el tratamiento del dolor y donde comenzar cada uno, seg\u00fan el dolor de la lesi\u00f3n espec\u00edfica.","breadcrumb":{"@id":"https:\/\/margaritayeusebio.com\/tienda\/producto\/3o-curso-de-quiropraxia-y-master-de-lesiones-traumaticas\/#breadcrumb"},"inLanguage":"es","potentialAction":[{"@type":"ReadAction","target":["https:\/\/margaritayeusebio.com\/tienda\/producto\/3o-curso-de-quiropraxia-y-master-de-lesiones-traumaticas\/"]}]},{"@type":"ImageObject","inLanguage":"es","@id":"https:\/\/margaritayeusebio.com\/tienda\/producto\/3o-curso-de-quiropraxia-y-master-de-lesiones-traumaticas\/#primaryimage","url":"https:\/\/margaritayeusebio.com\/tienda\/wp-content\/uploads\/2022\/01\/A6-Curso-de-Osteopatia-0116.png","contentUrl":"https:\/\/margaritayeusebio.com\/tienda\/wp-content\/uploads\/2022\/01\/A6-Curso-de-Osteopatia-0116.png","width":620,"height":874},{"@type":"BreadcrumbList","@id":"https:\/\/margaritayeusebio.com\/tienda\/producto\/3o-curso-de-quiropraxia-y-master-de-lesiones-traumaticas\/#breadcrumb","itemListElement":[{"@type":"ListItem","position":1,"name":"Portada","item":"https:\/\/margaritayeusebio.com\/tienda\/pagina-de-inicio-2\/"},{"@type":"ListItem","position":2,"name":"Tienda","item":"https:\/\/margaritayeusebio.com\/tienda\/"},{"@type":"ListItem","position":3,"name":"3\u00ba Curso de Quiropraxia y Master de Lesiones traum\u00e1ticas."}]},{"@type":"WebSite","@id":"https:\/\/margaritayeusebio.com\/tienda\/#website","url":"https:\/\/margaritayeusebio.com\/tienda\/","name":"Centro de Belleza y Salud Margarita Ortu\u00f1o L\u00e1zaro. ESCUELA DE QUIROMASAJE Y TERAPIAS COMPLEMENTARIAS.TIENDA ONLINE","description":"Quiromasaje-Osteopatia, Acupuntura, Herbolario, Fitoterapia, Oligoelementos, Productos Belleza,","publisher":{"@id":"https:\/\/margaritayeusebio.com\/tienda\/#organization"},"potentialAction":[{"@type":"SearchAction","target":{"@type":"EntryPoint","urlTemplate":"https:\/\/margaritayeusebio.com\/tienda\/?s={search_term_string}"},"query-input":{"@type":"PropertyValueSpecification","valueRequired":true,"valueName":"search_term_string"}}],"inLanguage":"es"},{"@type":"Organization","@id":"https:\/\/margaritayeusebio.com\/tienda\/#organization","name":"Centro de Belleza y Salud Margarita Ortu\u00f1o L\u00e1zaro. ESCUELA DE QUIROMASAJE Y TERAPIAS COMPLEMENTARIAS.TIENDA ONLINE","url":"https:\/\/margaritayeusebio.com\/tienda\/","logo":{"@type":"ImageObject","inLanguage":"es","@id":"https:\/\/margaritayeusebio.com\/tienda\/#\/schema\/logo\/image\/","url":"https:\/\/margaritayeusebio.com\/tienda\/wp-content\/uploads\/2021\/12\/anagrama-conjunto-escuela-y-centro.jpg","contentUrl":"https:\/\/margaritayeusebio.com\/tienda\/wp-content\/uploads\/2021\/12\/anagrama-conjunto-escuela-y-centro.jpg","width":363,"height":302,"caption":"Centro de Belleza y Salud Margarita Ortu\u00f1o L\u00e1zaro. ESCUELA DE QUIROMASAJE Y TERAPIAS COMPLEMENTARIAS.TIENDA ONLINE"},"image":{"@id":"https:\/\/margaritayeusebio.com\/tienda\/#\/schema\/logo\/image\/"}}]}},"jetpack_sharing_enabled":true,"_links":{"self":[{"href":"https:\/\/margaritayeusebio.com\/tienda\/wp-json\/wp\/v2\/product\/53","targetHints":{"allow":["GET"]}}],"collection":[{"href":"https:\/\/margaritayeusebio.com\/tienda\/wp-json\/wp\/v2\/product"}],"about":[{"href":"https:\/\/margaritayeusebio.com\/tienda\/wp-json\/wp\/v2\/types\/product"}],"replies":[{"embeddable":true,"href":"https:\/\/margaritayeusebio.com\/tienda\/wp-json\/wp\/v2\/comments?post=53"}],"wp:featuredmedia":[{"embeddable":true,"href":"https:\/\/margaritayeusebio.com\/tienda\/wp-json\/wp\/v2\/media\/84"}],"wp:attachment":[{"href":"https:\/\/margaritayeusebio.com\/tienda\/wp-json\/wp\/v2\/media?parent=53"}],"wp:term":[{"taxonomy":"product_brand","embeddable":true,"href":"https:\/\/margaritayeusebio.com\/tienda\/wp-json\/wp\/v2\/product_brand?post=53"},{"taxonomy":"product_cat","embeddable":true,"href":"https:\/\/margaritayeusebio.com\/tienda\/wp-json\/wp\/v2\/product_cat?post=53"},{"taxonomy":"product_tag","embeddable":true,"href":"https:\/\/margaritayeusebio.com\/tienda\/wp-json\/wp\/v2\/product_tag?post=53"}],"curies":[{"name":"wp","href":"https:\/\/api.w.org\/{rel}","templated":true}]}}