{"id":38,"date":"2021-12-10T19:49:46","date_gmt":"2021-12-10T18:49:46","guid":{"rendered":"https:\/\/margaritayeusebio.com\/tienda\/?post_type=product&#038;p=38"},"modified":"2024-06-13T10:38:24","modified_gmt":"2024-06-13T08:38:24","slug":"ergytaurina-detox","status":"publish","type":"product","link":"https:\/\/margaritayeusebio.com\/tienda\/producto\/ergytaurina-detox\/","title":{"rendered":"ERGYTAURINA Detox"},"content":{"rendered":"<p><img decoding=\"async\" class=\"wp-image-8687 size-full alignright\" src=\"https:\/\/www.nutergia.es\/subidas\/2020\/04\/ergytaurina.jpg\" sizes=\"(max-width: 1154px) 100vw, 1154px\" srcset=\"https:\/\/www.nutergia.es\/subidas\/2020\/04\/ergytaurina.jpg 1154w, https:\/\/www.nutergia.es\/subidas\/2020\/04\/ergytaurina-270x300.jpg 270w, https:\/\/www.nutergia.es\/subidas\/2020\/04\/ergytaurina-920x1024.jpg 920w, https:\/\/www.nutergia.es\/subidas\/2020\/04\/ergytaurina-768x855.jpg 768w, https:\/\/www.nutergia.es\/subidas\/2020\/04\/ergytaurina-960x1068.jpg 960w, https:\/\/www.nutergia.es\/subidas\/2020\/04\/ergytaurina-456x507.jpg 456w, https:\/\/www.nutergia.es\/subidas\/2020\/04\/ergytaurina-375x417.jpg 375w\" alt=\"\" width=\"250\" height=\"auto\" \/><\/p>\n<h2>ERGYTAURINA Detox<\/h2>\n<p>ERGYTAURINA Detox es una asociaci\u00f3n de sustancias azufradas naturales que estimulan numerosos procesos biol\u00f3gicos de detoxinaci\u00f3n, en particular a nivel hep\u00e1tico (sulfoconjugaci\u00f3n) y tienen un papel importante en la neutralizaci\u00f3n de los t\u00f3xicos. Su acci\u00f3n se ve reforzada por el aporte de Selenio, de Zinc y de Vitaminas B6 y B9.<\/p>\n<p><strong>ERGYTAURINA Detox se puede recomendar:<\/strong><\/p>\n<ul>\n<li>Como producto de referencia en las curas de detoxificaci\u00f3n general.<\/li>\n<li>Para favorecer las funciones de eliminaci\u00f3n hep\u00e1tica y biliar.<\/li>\n<li>En caso de presencia de contaminantes y metales pesados: tabaco, atm\u00f3sfera y aguas contaminadas, amalgamas\u2026<strong>Consejos de uso<\/strong>\n<ul>\n<li>2 a 4 c\u00e1psulas al d\u00eda \u2013 tomar durante la comida.<\/li>\n<\/ul>\n<p><strong>Ingredientes<\/strong><\/p>\n<ul>\n<li>Taurina, extracto de mijo (Panicum miliaceum L.), glutati\u00f3n, antiaglomerantes: fosfato de calcio, trisilicato de magnesio y estearato de magnesio vegetal; gluconato de zinc, extractos de r\u00e1bano negro (Raphanus raphanistrum subsp. sativus<br \/>\n(L.) Domin.), de br\u00f3coli (Brassica oleracea L.) y ajo (Allium sativum L.), polvo de ostras (moluscos), vitaminas B6 y B9, selenita de sodio.<\/li>\n<\/ul>\n<p><strong>C\u00e1psula<\/strong><\/p>\n<ul>\n<li>Gelatina de pescado.<\/li>\n<\/ul>\n<p><strong>Presentaci\u00f3n<\/strong><\/p>\n<ul>\n<li>Bote de 60 c\u00e1psulas<\/li>\n<\/ul>\n<\/li>\n<\/ul>\n","protected":false},"excerpt":{"rendered":"<h2>ERGYTAURINA Detox<\/h2>\n<p>ERGYTAURINA Detox es una asociaci\u00f3n de sustancias azufradas naturales que estimulan numerosos procesos biol\u00f3gicos de detoxinaci\u00f3n, en particular a nivel hep\u00e1tico (sulfoconjugaci\u00f3n) y tienen un papel importante en la neutralizaci\u00f3n de los t\u00f3xicos. Su acci\u00f3n se ve reforzada por el aporte de Selenio, de Zinc y de Vitaminas B6 y B9.<\/p>\n","protected":false},"featured_media":39,"comment_status":"open","ping_status":"closed","template":"","meta":[],"product_brand":[],"product_cat":[16],"product_tag":[32,34,33],"class_list":{"0":"post-38","1":"product","2":"type-product","3":"status-publish","4":"has-post-thumbnail","6":"product_cat-fitoterapia-o-preparados-de-plantas-que-buscan-solucionar-los-problemas-de-salud","7":"product_tag-detoxificacion","8":"product_tag-detoxificacion-hepatica","9":"product_tag-eliminar-toxinas","10":"entry","12":"first","13":"instock","14":"sale","15":"taxable","16":"shipping-taxable","17":"purchasable","18":"product-type-simple"},"yoast_head":"<!-- This site is optimized with the Yoast SEO plugin v27.4 - https:\/\/yoast.com\/product\/yoast-seo-wordpress\/ -->\n<title>ERGYTAURINA Detox - Centro de Belleza y Salud Margarita Ortu\u00f1o L\u00e1zaro. ESCUELA DE QUIROMASAJE Y TERAPIAS COMPLEMENTARIAS.TIENDA ONLINE<\/title>\n<meta name=\"description\" content=\"ERGYTAURINA D\u00e9tox es una asociaci\u00f3n de sustancias azufradas naturales que estimulan numerosos procesos biol\u00f3gicos de detoxinaci\u00f3n, en particular a nivel hep\u00e1tico (sulfoconjugaci\u00f3n) y tienen un papel importante en la neutralizaci\u00f3n de los t\u00f3xicos. Su acci\u00f3n se ve reforzada por el aporte de Selenio, de Zinc y de Vitaminas B6 y B9.\" \/>\n<meta name=\"robots\" content=\"index, follow, max-snippet:-1, max-image-preview:large, max-video-preview:-1\" \/>\n<link rel=\"canonical\" href=\"https:\/\/margaritayeusebio.com\/tienda\/producto\/ergytaurina-detox\/\" \/>\n<meta property=\"og:locale\" content=\"es_ES\" \/>\n<meta property=\"og:type\" content=\"article\" \/>\n<meta property=\"og:title\" content=\"ERGYTAURINA Detox - Centro de Belleza y Salud Margarita Ortu\u00f1o L\u00e1zaro. ESCUELA DE QUIROMASAJE Y TERAPIAS COMPLEMENTARIAS.TIENDA ONLINE\" \/>\n<meta property=\"og:description\" content=\"ERGYTAURINA D\u00e9tox es una asociaci\u00f3n de sustancias azufradas naturales que estimulan numerosos procesos biol\u00f3gicos de detoxinaci\u00f3n, en particular a nivel hep\u00e1tico (sulfoconjugaci\u00f3n) y tienen un papel importante en la neutralizaci\u00f3n de los t\u00f3xicos. Su acci\u00f3n se ve reforzada por el aporte de Selenio, de Zinc y de Vitaminas B6 y B9.\" \/>\n<meta property=\"og:url\" content=\"https:\/\/margaritayeusebio.com\/tienda\/producto\/ergytaurina-detox\/\" \/>\n<meta property=\"og:site_name\" content=\"Centro de Belleza y Salud Margarita Ortu\u00f1o L\u00e1zaro. ESCUELA DE QUIROMASAJE Y TERAPIAS COMPLEMENTARIAS.TIENDA ONLINE\" \/>\n<meta property=\"article:modified_time\" content=\"2024-06-13T08:38:24+00:00\" \/>\n<meta property=\"og:image\" content=\"https:\/\/margaritayeusebio.com\/tienda\/wp-content\/uploads\/2021\/12\/ERGYTAURINA_Detox_2020-scaled.jpg\" \/>\n\t<meta property=\"og:image:width\" content=\"1641\" \/>\n\t<meta property=\"og:image:height\" content=\"2560\" \/>\n\t<meta property=\"og:image:type\" content=\"image\/jpeg\" \/>\n<meta name=\"twitter:card\" content=\"summary_large_image\" \/>\n<meta name=\"twitter:label1\" content=\"Tiempo de lectura\" \/>\n\t<meta name=\"twitter:data1\" content=\"2 minutos\" \/>\n<script type=\"application\/ld+json\" class=\"yoast-schema-graph\">{\"@context\":\"https:\\\/\\\/schema.org\",\"@graph\":[{\"@type\":\"WebPage\",\"@id\":\"https:\\\/\\\/margaritayeusebio.com\\\/tienda\\\/producto\\\/ergytaurina-detox\\\/\",\"url\":\"https:\\\/\\\/margaritayeusebio.com\\\/tienda\\\/producto\\\/ergytaurina-detox\\\/\",\"name\":\"ERGYTAURINA Detox - Centro de Belleza y Salud Margarita Ortu\u00f1o L\u00e1zaro. ESCUELA DE QUIROMASAJE Y TERAPIAS COMPLEMENTARIAS.TIENDA ONLINE\",\"isPartOf\":{\"@id\":\"https:\\\/\\\/margaritayeusebio.com\\\/tienda\\\/#website\"},\"primaryImageOfPage\":{\"@id\":\"https:\\\/\\\/margaritayeusebio.com\\\/tienda\\\/producto\\\/ergytaurina-detox\\\/#primaryimage\"},\"image\":{\"@id\":\"https:\\\/\\\/margaritayeusebio.com\\\/tienda\\\/producto\\\/ergytaurina-detox\\\/#primaryimage\"},\"thumbnailUrl\":\"https:\\\/\\\/margaritayeusebio.com\\\/tienda\\\/wp-content\\\/uploads\\\/2021\\\/12\\\/ERGYTAURINA_Detox_2020-scaled.jpg\",\"datePublished\":\"2021-12-10T18:49:46+00:00\",\"dateModified\":\"2024-06-13T08:38:24+00:00\",\"description\":\"ERGYTAURINA D\u00e9tox es una asociaci\u00f3n de sustancias azufradas naturales que estimulan numerosos procesos biol\u00f3gicos de detoxinaci\u00f3n, en particular a nivel hep\u00e1tico (sulfoconjugaci\u00f3n) y tienen un papel importante en la neutralizaci\u00f3n de los t\u00f3xicos. Su acci\u00f3n se ve reforzada por el aporte de Selenio, de Zinc y de Vitaminas B6 y B9.\",\"breadcrumb\":{\"@id\":\"https:\\\/\\\/margaritayeusebio.com\\\/tienda\\\/producto\\\/ergytaurina-detox\\\/#breadcrumb\"},\"inLanguage\":\"es\",\"potentialAction\":[{\"@type\":\"ReadAction\",\"target\":[\"https:\\\/\\\/margaritayeusebio.com\\\/tienda\\\/producto\\\/ergytaurina-detox\\\/\"]}]},{\"@type\":\"ImageObject\",\"inLanguage\":\"es\",\"@id\":\"https:\\\/\\\/margaritayeusebio.com\\\/tienda\\\/producto\\\/ergytaurina-detox\\\/#primaryimage\",\"url\":\"https:\\\/\\\/margaritayeusebio.com\\\/tienda\\\/wp-content\\\/uploads\\\/2021\\\/12\\\/ERGYTAURINA_Detox_2020-scaled.jpg\",\"contentUrl\":\"https:\\\/\\\/margaritayeusebio.com\\\/tienda\\\/wp-content\\\/uploads\\\/2021\\\/12\\\/ERGYTAURINA_Detox_2020-scaled.jpg\",\"width\":1641,\"height\":2560},{\"@type\":\"BreadcrumbList\",\"@id\":\"https:\\\/\\\/margaritayeusebio.com\\\/tienda\\\/producto\\\/ergytaurina-detox\\\/#breadcrumb\",\"itemListElement\":[{\"@type\":\"ListItem\",\"position\":1,\"name\":\"Portada\",\"item\":\"https:\\\/\\\/margaritayeusebio.com\\\/tienda\\\/pagina-de-inicio-2\\\/\"},{\"@type\":\"ListItem\",\"position\":2,\"name\":\"Tienda\",\"item\":\"https:\\\/\\\/margaritayeusebio.com\\\/tienda\\\/\"},{\"@type\":\"ListItem\",\"position\":3,\"name\":\"ERGYTAURINA Detox\"}]},{\"@type\":\"WebSite\",\"@id\":\"https:\\\/\\\/margaritayeusebio.com\\\/tienda\\\/#website\",\"url\":\"https:\\\/\\\/margaritayeusebio.com\\\/tienda\\\/\",\"name\":\"Centro de Belleza y Salud Margarita Ortu\u00f1o L\u00e1zaro. ESCUELA DE QUIROMASAJE Y TERAPIAS COMPLEMENTARIAS.TIENDA ONLINE\",\"description\":\"Quiromasaje-Osteopatia, Acupuntura, Herbolario, Fitoterapia, Oligoelementos, Productos Belleza,\",\"publisher\":{\"@id\":\"https:\\\/\\\/margaritayeusebio.com\\\/tienda\\\/#organization\"},\"potentialAction\":[{\"@type\":\"SearchAction\",\"target\":{\"@type\":\"EntryPoint\",\"urlTemplate\":\"https:\\\/\\\/margaritayeusebio.com\\\/tienda\\\/?s={search_term_string}\"},\"query-input\":{\"@type\":\"PropertyValueSpecification\",\"valueRequired\":true,\"valueName\":\"search_term_string\"}}],\"inLanguage\":\"es\"},{\"@type\":\"Organization\",\"@id\":\"https:\\\/\\\/margaritayeusebio.com\\\/tienda\\\/#organization\",\"name\":\"Centro de Belleza y Salud Margarita Ortu\u00f1o L\u00e1zaro. ESCUELA DE QUIROMASAJE Y TERAPIAS COMPLEMENTARIAS.TIENDA ONLINE\",\"url\":\"https:\\\/\\\/margaritayeusebio.com\\\/tienda\\\/\",\"logo\":{\"@type\":\"ImageObject\",\"inLanguage\":\"es\",\"@id\":\"https:\\\/\\\/margaritayeusebio.com\\\/tienda\\\/#\\\/schema\\\/logo\\\/image\\\/\",\"url\":\"https:\\\/\\\/margaritayeusebio.com\\\/tienda\\\/wp-content\\\/uploads\\\/2021\\\/12\\\/anagrama-conjunto-escuela-y-centro.jpg\",\"contentUrl\":\"https:\\\/\\\/margaritayeusebio.com\\\/tienda\\\/wp-content\\\/uploads\\\/2021\\\/12\\\/anagrama-conjunto-escuela-y-centro.jpg\",\"width\":363,\"height\":302,\"caption\":\"Centro de Belleza y Salud Margarita Ortu\u00f1o L\u00e1zaro. ESCUELA DE QUIROMASAJE Y TERAPIAS COMPLEMENTARIAS.TIENDA ONLINE\"},\"image\":{\"@id\":\"https:\\\/\\\/margaritayeusebio.com\\\/tienda\\\/#\\\/schema\\\/logo\\\/image\\\/\"}}]}<\/script>\n<!-- \/ Yoast SEO plugin. -->","yoast_head_json":{"title":"ERGYTAURINA Detox - Centro de Belleza y Salud Margarita Ortu\u00f1o L\u00e1zaro. ESCUELA DE QUIROMASAJE Y TERAPIAS COMPLEMENTARIAS.TIENDA ONLINE","description":"ERGYTAURINA D\u00e9tox es una asociaci\u00f3n de sustancias azufradas naturales que estimulan numerosos procesos biol\u00f3gicos de detoxinaci\u00f3n, en particular a nivel hep\u00e1tico (sulfoconjugaci\u00f3n) y tienen un papel importante en la neutralizaci\u00f3n de los t\u00f3xicos. Su acci\u00f3n se ve reforzada por el aporte de Selenio, de Zinc y de Vitaminas B6 y B9.","robots":{"index":"index","follow":"follow","max-snippet":"max-snippet:-1","max-image-preview":"max-image-preview:large","max-video-preview":"max-video-preview:-1"},"canonical":"https:\/\/margaritayeusebio.com\/tienda\/producto\/ergytaurina-detox\/","og_locale":"es_ES","og_type":"article","og_title":"ERGYTAURINA Detox - Centro de Belleza y Salud Margarita Ortu\u00f1o L\u00e1zaro. ESCUELA DE QUIROMASAJE Y TERAPIAS COMPLEMENTARIAS.TIENDA ONLINE","og_description":"ERGYTAURINA D\u00e9tox es una asociaci\u00f3n de sustancias azufradas naturales que estimulan numerosos procesos biol\u00f3gicos de detoxinaci\u00f3n, en particular a nivel hep\u00e1tico (sulfoconjugaci\u00f3n) y tienen un papel importante en la neutralizaci\u00f3n de los t\u00f3xicos. Su acci\u00f3n se ve reforzada por el aporte de Selenio, de Zinc y de Vitaminas B6 y B9.","og_url":"https:\/\/margaritayeusebio.com\/tienda\/producto\/ergytaurina-detox\/","og_site_name":"Centro de Belleza y Salud Margarita Ortu\u00f1o L\u00e1zaro. ESCUELA DE QUIROMASAJE Y TERAPIAS COMPLEMENTARIAS.TIENDA ONLINE","article_modified_time":"2024-06-13T08:38:24+00:00","og_image":[{"width":1641,"height":2560,"url":"https:\/\/margaritayeusebio.com\/tienda\/wp-content\/uploads\/2021\/12\/ERGYTAURINA_Detox_2020-scaled.jpg","type":"image\/jpeg"}],"twitter_card":"summary_large_image","twitter_misc":{"Tiempo de lectura":"2 minutos"},"schema":{"@context":"https:\/\/schema.org","@graph":[{"@type":"WebPage","@id":"https:\/\/margaritayeusebio.com\/tienda\/producto\/ergytaurina-detox\/","url":"https:\/\/margaritayeusebio.com\/tienda\/producto\/ergytaurina-detox\/","name":"ERGYTAURINA Detox - Centro de Belleza y Salud Margarita Ortu\u00f1o L\u00e1zaro. ESCUELA DE QUIROMASAJE Y TERAPIAS COMPLEMENTARIAS.TIENDA ONLINE","isPartOf":{"@id":"https:\/\/margaritayeusebio.com\/tienda\/#website"},"primaryImageOfPage":{"@id":"https:\/\/margaritayeusebio.com\/tienda\/producto\/ergytaurina-detox\/#primaryimage"},"image":{"@id":"https:\/\/margaritayeusebio.com\/tienda\/producto\/ergytaurina-detox\/#primaryimage"},"thumbnailUrl":"https:\/\/margaritayeusebio.com\/tienda\/wp-content\/uploads\/2021\/12\/ERGYTAURINA_Detox_2020-scaled.jpg","datePublished":"2021-12-10T18:49:46+00:00","dateModified":"2024-06-13T08:38:24+00:00","description":"ERGYTAURINA D\u00e9tox es una asociaci\u00f3n de sustancias azufradas naturales que estimulan numerosos procesos biol\u00f3gicos de detoxinaci\u00f3n, en particular a nivel hep\u00e1tico (sulfoconjugaci\u00f3n) y tienen un papel importante en la neutralizaci\u00f3n de los t\u00f3xicos. Su acci\u00f3n se ve reforzada por el aporte de Selenio, de Zinc y de Vitaminas B6 y B9.","breadcrumb":{"@id":"https:\/\/margaritayeusebio.com\/tienda\/producto\/ergytaurina-detox\/#breadcrumb"},"inLanguage":"es","potentialAction":[{"@type":"ReadAction","target":["https:\/\/margaritayeusebio.com\/tienda\/producto\/ergytaurina-detox\/"]}]},{"@type":"ImageObject","inLanguage":"es","@id":"https:\/\/margaritayeusebio.com\/tienda\/producto\/ergytaurina-detox\/#primaryimage","url":"https:\/\/margaritayeusebio.com\/tienda\/wp-content\/uploads\/2021\/12\/ERGYTAURINA_Detox_2020-scaled.jpg","contentUrl":"https:\/\/margaritayeusebio.com\/tienda\/wp-content\/uploads\/2021\/12\/ERGYTAURINA_Detox_2020-scaled.jpg","width":1641,"height":2560},{"@type":"BreadcrumbList","@id":"https:\/\/margaritayeusebio.com\/tienda\/producto\/ergytaurina-detox\/#breadcrumb","itemListElement":[{"@type":"ListItem","position":1,"name":"Portada","item":"https:\/\/margaritayeusebio.com\/tienda\/pagina-de-inicio-2\/"},{"@type":"ListItem","position":2,"name":"Tienda","item":"https:\/\/margaritayeusebio.com\/tienda\/"},{"@type":"ListItem","position":3,"name":"ERGYTAURINA Detox"}]},{"@type":"WebSite","@id":"https:\/\/margaritayeusebio.com\/tienda\/#website","url":"https:\/\/margaritayeusebio.com\/tienda\/","name":"Centro de Belleza y Salud Margarita Ortu\u00f1o L\u00e1zaro. ESCUELA DE QUIROMASAJE Y TERAPIAS COMPLEMENTARIAS.TIENDA ONLINE","description":"Quiromasaje-Osteopatia, Acupuntura, Herbolario, Fitoterapia, Oligoelementos, Productos Belleza,","publisher":{"@id":"https:\/\/margaritayeusebio.com\/tienda\/#organization"},"potentialAction":[{"@type":"SearchAction","target":{"@type":"EntryPoint","urlTemplate":"https:\/\/margaritayeusebio.com\/tienda\/?s={search_term_string}"},"query-input":{"@type":"PropertyValueSpecification","valueRequired":true,"valueName":"search_term_string"}}],"inLanguage":"es"},{"@type":"Organization","@id":"https:\/\/margaritayeusebio.com\/tienda\/#organization","name":"Centro de Belleza y Salud Margarita Ortu\u00f1o L\u00e1zaro. ESCUELA DE QUIROMASAJE Y TERAPIAS COMPLEMENTARIAS.TIENDA ONLINE","url":"https:\/\/margaritayeusebio.com\/tienda\/","logo":{"@type":"ImageObject","inLanguage":"es","@id":"https:\/\/margaritayeusebio.com\/tienda\/#\/schema\/logo\/image\/","url":"https:\/\/margaritayeusebio.com\/tienda\/wp-content\/uploads\/2021\/12\/anagrama-conjunto-escuela-y-centro.jpg","contentUrl":"https:\/\/margaritayeusebio.com\/tienda\/wp-content\/uploads\/2021\/12\/anagrama-conjunto-escuela-y-centro.jpg","width":363,"height":302,"caption":"Centro de Belleza y Salud Margarita Ortu\u00f1o L\u00e1zaro. ESCUELA DE QUIROMASAJE Y TERAPIAS COMPLEMENTARIAS.TIENDA ONLINE"},"image":{"@id":"https:\/\/margaritayeusebio.com\/tienda\/#\/schema\/logo\/image\/"}}]}},"jetpack_sharing_enabled":true,"_links":{"self":[{"href":"https:\/\/margaritayeusebio.com\/tienda\/wp-json\/wp\/v2\/product\/38","targetHints":{"allow":["GET"]}}],"collection":[{"href":"https:\/\/margaritayeusebio.com\/tienda\/wp-json\/wp\/v2\/product"}],"about":[{"href":"https:\/\/margaritayeusebio.com\/tienda\/wp-json\/wp\/v2\/types\/product"}],"replies":[{"embeddable":true,"href":"https:\/\/margaritayeusebio.com\/tienda\/wp-json\/wp\/v2\/comments?post=38"}],"wp:featuredmedia":[{"embeddable":true,"href":"https:\/\/margaritayeusebio.com\/tienda\/wp-json\/wp\/v2\/media\/39"}],"wp:attachment":[{"href":"https:\/\/margaritayeusebio.com\/tienda\/wp-json\/wp\/v2\/media?parent=38"}],"wp:term":[{"taxonomy":"product_brand","embeddable":true,"href":"https:\/\/margaritayeusebio.com\/tienda\/wp-json\/wp\/v2\/product_brand?post=38"},{"taxonomy":"product_cat","embeddable":true,"href":"https:\/\/margaritayeusebio.com\/tienda\/wp-json\/wp\/v2\/product_cat?post=38"},{"taxonomy":"product_tag","embeddable":true,"href":"https:\/\/margaritayeusebio.com\/tienda\/wp-json\/wp\/v2\/product_tag?post=38"}],"curies":[{"name":"wp","href":"https:\/\/api.w.org\/{rel}","templated":true}]}}