{"id":338,"date":"2024-06-19T11:25:49","date_gmt":"2024-06-19T09:25:49","guid":{"rendered":"https:\/\/margaritayeusebio.com\/tienda\/?post_type=product&#038;p=338"},"modified":"2024-06-19T18:39:27","modified_gmt":"2024-06-19T16:39:27","slug":"ergyprotein-1-kg","status":"publish","type":"product","link":"https:\/\/margaritayeusebio.com\/tienda\/producto\/ergyprotein-1-kg\/","title":{"rendered":"ERGYPROTEIN 1 KG"},"content":{"rendered":"<p>ERGYPROTEIN es una prote\u00edna de suero optimizada y sin\u00e9rgica, rica en oligop\u00e9ptidos de m\u00e1xima absorci\u00f3n, junto con glutamina micronizada, cofactores y Zinc.<br \/>\nHidrolizado de prote\u00edna de suero \uf086 M\u00e1xima absorci\u00f3n y digestibilidad &#8211; Hipoalerg\u00e9nica &#8211; Sin aditivos<br \/>\nGlutamina micronizada \uf086 Alta biodisponibilidad y absorci\u00f3n &#8211; Hipoalerg\u00e9nica &#8211; Sin aditivos<br \/>\nVitaminas B1, B2, B3, B5, B6, B9, C, E y A + Zinc \uf086 Cofactores imprescindibles en la homeostasis metab\u00f3lica<\/p>\n<p>INDICACIONES.<br \/>\nSiempre que se necesite un aporte de prote\u00edna de alta calidad, absorci\u00f3n y digestibilidad:<br \/>\n\u2022 Deportes con alta exigencia muscular donde se busca reducir el riesgo de lesi\u00f3n e incrementar la s\u00edntesis proteica muscular (reposici\u00f3n de Amino\u00e1cidos ultra-r\u00e1pida).<br \/>\n\u2022 Para frenar la fatiga muscular en deportes de ultra-resistencia o larga duraci\u00f3n.<br \/>\n\u2022 Personas con alta Sensibilidad Alimentaria que necesitan un suplemento proteico f\u00e1cilmente digerible (hidrolizado-predigerido).<br \/>\n\u2022 Como refuerzo diet\u00e9tico en estados de catabolismo muscular o caquexia (situaciones cr\u00f3nico-degenerativas<br \/>\ne inmunodeficiencias cr\u00f3nicas) y en situaciones donde existe dificultad en el desarrollo musculoesquel\u00e9tico.<br \/>\n\u2022 Como suplemento en dietas con objetivos especiales (control ponderal, de la glucemia, del colesterol, Keto,<br \/>\nPaleo, Kosher, Lacto-vegetarianas, etc.).<br \/>\n\u2022 Como refuerzo en las funciones del Sistema Inmunitario<\/p>\n","protected":false},"excerpt":{"rendered":"<p>ERGYPROTEIN es una prote\u00edna de suero optimizada y sin\u00e9rgica, rica en oligop\u00e9ptidos de m\u00e1xima absorci\u00f3n, junto con glutamina micronizada, cofactores y Zinc.<br \/>\nHidrolizado de prote\u00edna de suero \uf086 M\u00e1xima absorci\u00f3n y digestibilidad &#8211; Hipoalerg\u00e9nica &#8211; Sin aditivos<br \/>\nGlutamina micronizada \uf086 Alta biodisponibilidad y absorci\u00f3n &#8211; Hipoalerg\u00e9nica &#8211; Sin aditivos<br \/>\nVitaminas B1, B2, B3, B5, B6, B9, C, E y A + Zinc \uf086 Cofactores imprescindibles en la homeostasis metab\u00f3lica<\/p>\n","protected":false},"featured_media":339,"comment_status":"open","ping_status":"closed","template":"","meta":[],"product_brand":[],"product_cat":[72],"product_tag":[202,201,200,203],"class_list":{"0":"post-338","1":"product","2":"type-product","3":"status-publish","4":"has-post-thumbnail","6":"product_cat-nutricion-celular-activa","7":"product_tag-deporte-y-esfuerzo-alimentacion-de-calidad","8":"product_tag-dieta-proteica","9":"product_tag-proteinas","10":"product_tag-proteinas-de-suero-bio","11":"entry","13":"first","14":"instock","15":"sale","16":"taxable","17":"shipping-taxable","18":"purchasable","19":"product-type-simple"},"yoast_head":"<!-- This site is optimized with the Yoast SEO plugin v27.4 - https:\/\/yoast.com\/product\/yoast-seo-wordpress\/ -->\n<title>ERGYPROTEIN 1 KG - Centro de Belleza y Salud Margarita Ortu\u00f1o L\u00e1zaro. ESCUELA DE QUIROMASAJE Y TERAPIAS COMPLEMENTARIAS.TIENDA ONLINE<\/title>\n<meta name=\"description\" content=\"ERGYPROTEIN es una prote\u00edna de suero optimizada y sin\u00e9rgica, rica en oligop\u00e9ptidos de m\u00e1xima absorci\u00f3n, junto con glutamina micronizada, cofactores y Zinc. Hidrolizado de prote\u00edna de suero \uf086 M\u00e1xima absorci\u00f3n y digestibilidad - Hipoalerg\u00e9nica - Sin aditivos Glutamina micronizada \uf086 Alta biodisponibilidad y absorci\u00f3n - Hipoalerg\u00e9nica - Sin aditivos Vitaminas B1, B2, B3, B5, B6, B9, C, E y A + Zinc \uf086 Cofactores imprescindibles en la homeostasis metab\u00f3lica\" \/>\n<meta name=\"robots\" content=\"index, follow, max-snippet:-1, max-image-preview:large, max-video-preview:-1\" \/>\n<link rel=\"canonical\" href=\"https:\/\/margaritayeusebio.com\/tienda\/producto\/ergyprotein-1-kg\/\" \/>\n<meta property=\"og:locale\" content=\"es_ES\" \/>\n<meta property=\"og:type\" content=\"article\" \/>\n<meta property=\"og:title\" content=\"ERGYPROTEIN 1 KG - Centro de Belleza y Salud Margarita Ortu\u00f1o L\u00e1zaro. ESCUELA DE QUIROMASAJE Y TERAPIAS COMPLEMENTARIAS.TIENDA ONLINE\" \/>\n<meta property=\"og:description\" content=\"ERGYPROTEIN es una prote\u00edna de suero optimizada y sin\u00e9rgica, rica en oligop\u00e9ptidos de m\u00e1xima absorci\u00f3n, junto con glutamina micronizada, cofactores y Zinc. Hidrolizado de prote\u00edna de suero \uf086 M\u00e1xima absorci\u00f3n y digestibilidad - Hipoalerg\u00e9nica - Sin aditivos Glutamina micronizada \uf086 Alta biodisponibilidad y absorci\u00f3n - Hipoalerg\u00e9nica - Sin aditivos Vitaminas B1, B2, B3, B5, B6, B9, C, E y A + Zinc \uf086 Cofactores imprescindibles en la homeostasis metab\u00f3lica\" \/>\n<meta property=\"og:url\" content=\"https:\/\/margaritayeusebio.com\/tienda\/producto\/ergyprotein-1-kg\/\" \/>\n<meta property=\"og:site_name\" content=\"Centro de Belleza y Salud Margarita Ortu\u00f1o L\u00e1zaro. ESCUELA DE QUIROMASAJE Y TERAPIAS COMPLEMENTARIAS.TIENDA ONLINE\" \/>\n<meta property=\"article:modified_time\" content=\"2024-06-19T16:39:27+00:00\" \/>\n<meta property=\"og:image\" content=\"https:\/\/margaritayeusebio.com\/tienda\/wp-content\/uploads\/2024\/06\/ERGYPROTEIN.jpg\" \/>\n\t<meta property=\"og:image:width\" content=\"1308\" \/>\n\t<meta property=\"og:image:height\" content=\"1917\" \/>\n\t<meta property=\"og:image:type\" content=\"image\/jpeg\" \/>\n<meta name=\"twitter:card\" content=\"summary_large_image\" \/>\n<meta name=\"twitter:label1\" content=\"Tiempo de lectura\" \/>\n\t<meta name=\"twitter:data1\" content=\"2 minutos\" \/>\n<script type=\"application\/ld+json\" class=\"yoast-schema-graph\">{\"@context\":\"https:\\\/\\\/schema.org\",\"@graph\":[{\"@type\":\"WebPage\",\"@id\":\"https:\\\/\\\/margaritayeusebio.com\\\/tienda\\\/producto\\\/ergyprotein-1-kg\\\/\",\"url\":\"https:\\\/\\\/margaritayeusebio.com\\\/tienda\\\/producto\\\/ergyprotein-1-kg\\\/\",\"name\":\"ERGYPROTEIN 1 KG - Centro de Belleza y Salud Margarita Ortu\u00f1o L\u00e1zaro. ESCUELA DE QUIROMASAJE Y TERAPIAS COMPLEMENTARIAS.TIENDA ONLINE\",\"isPartOf\":{\"@id\":\"https:\\\/\\\/margaritayeusebio.com\\\/tienda\\\/#website\"},\"primaryImageOfPage\":{\"@id\":\"https:\\\/\\\/margaritayeusebio.com\\\/tienda\\\/producto\\\/ergyprotein-1-kg\\\/#primaryimage\"},\"image\":{\"@id\":\"https:\\\/\\\/margaritayeusebio.com\\\/tienda\\\/producto\\\/ergyprotein-1-kg\\\/#primaryimage\"},\"thumbnailUrl\":\"https:\\\/\\\/margaritayeusebio.com\\\/tienda\\\/wp-content\\\/uploads\\\/2024\\\/06\\\/ERGYPROTEIN.jpg\",\"datePublished\":\"2024-06-19T09:25:49+00:00\",\"dateModified\":\"2024-06-19T16:39:27+00:00\",\"description\":\"ERGYPROTEIN es una prote\u00edna de suero optimizada y sin\u00e9rgica, rica en oligop\u00e9ptidos de m\u00e1xima absorci\u00f3n, junto con glutamina micronizada, cofactores y Zinc. Hidrolizado de prote\u00edna de suero \uf086 M\u00e1xima absorci\u00f3n y digestibilidad - Hipoalerg\u00e9nica - Sin aditivos Glutamina micronizada \uf086 Alta biodisponibilidad y absorci\u00f3n - Hipoalerg\u00e9nica - Sin aditivos Vitaminas B1, B2, B3, B5, B6, B9, C, E y A + Zinc \uf086 Cofactores imprescindibles en la homeostasis metab\u00f3lica\",\"breadcrumb\":{\"@id\":\"https:\\\/\\\/margaritayeusebio.com\\\/tienda\\\/producto\\\/ergyprotein-1-kg\\\/#breadcrumb\"},\"inLanguage\":\"es\",\"potentialAction\":[{\"@type\":\"ReadAction\",\"target\":[\"https:\\\/\\\/margaritayeusebio.com\\\/tienda\\\/producto\\\/ergyprotein-1-kg\\\/\"]}]},{\"@type\":\"ImageObject\",\"inLanguage\":\"es\",\"@id\":\"https:\\\/\\\/margaritayeusebio.com\\\/tienda\\\/producto\\\/ergyprotein-1-kg\\\/#primaryimage\",\"url\":\"https:\\\/\\\/margaritayeusebio.com\\\/tienda\\\/wp-content\\\/uploads\\\/2024\\\/06\\\/ERGYPROTEIN.jpg\",\"contentUrl\":\"https:\\\/\\\/margaritayeusebio.com\\\/tienda\\\/wp-content\\\/uploads\\\/2024\\\/06\\\/ERGYPROTEIN.jpg\",\"width\":1308,\"height\":1917},{\"@type\":\"BreadcrumbList\",\"@id\":\"https:\\\/\\\/margaritayeusebio.com\\\/tienda\\\/producto\\\/ergyprotein-1-kg\\\/#breadcrumb\",\"itemListElement\":[{\"@type\":\"ListItem\",\"position\":1,\"name\":\"Portada\",\"item\":\"https:\\\/\\\/margaritayeusebio.com\\\/tienda\\\/pagina-de-inicio-2\\\/\"},{\"@type\":\"ListItem\",\"position\":2,\"name\":\"Tienda\",\"item\":\"https:\\\/\\\/margaritayeusebio.com\\\/tienda\\\/\"},{\"@type\":\"ListItem\",\"position\":3,\"name\":\"ERGYPROTEIN 1 KG\"}]},{\"@type\":\"WebSite\",\"@id\":\"https:\\\/\\\/margaritayeusebio.com\\\/tienda\\\/#website\",\"url\":\"https:\\\/\\\/margaritayeusebio.com\\\/tienda\\\/\",\"name\":\"Centro de Belleza y Salud Margarita Ortu\u00f1o L\u00e1zaro. ESCUELA DE QUIROMASAJE Y TERAPIAS COMPLEMENTARIAS.TIENDA ONLINE\",\"description\":\"Quiromasaje-Osteopatia, Acupuntura, Herbolario, Fitoterapia, Oligoelementos, Productos Belleza,\",\"publisher\":{\"@id\":\"https:\\\/\\\/margaritayeusebio.com\\\/tienda\\\/#organization\"},\"potentialAction\":[{\"@type\":\"SearchAction\",\"target\":{\"@type\":\"EntryPoint\",\"urlTemplate\":\"https:\\\/\\\/margaritayeusebio.com\\\/tienda\\\/?s={search_term_string}\"},\"query-input\":{\"@type\":\"PropertyValueSpecification\",\"valueRequired\":true,\"valueName\":\"search_term_string\"}}],\"inLanguage\":\"es\"},{\"@type\":\"Organization\",\"@id\":\"https:\\\/\\\/margaritayeusebio.com\\\/tienda\\\/#organization\",\"name\":\"Centro de Belleza y Salud Margarita Ortu\u00f1o L\u00e1zaro. ESCUELA DE QUIROMASAJE Y TERAPIAS COMPLEMENTARIAS.TIENDA ONLINE\",\"url\":\"https:\\\/\\\/margaritayeusebio.com\\\/tienda\\\/\",\"logo\":{\"@type\":\"ImageObject\",\"inLanguage\":\"es\",\"@id\":\"https:\\\/\\\/margaritayeusebio.com\\\/tienda\\\/#\\\/schema\\\/logo\\\/image\\\/\",\"url\":\"https:\\\/\\\/margaritayeusebio.com\\\/tienda\\\/wp-content\\\/uploads\\\/2021\\\/12\\\/anagrama-conjunto-escuela-y-centro.jpg\",\"contentUrl\":\"https:\\\/\\\/margaritayeusebio.com\\\/tienda\\\/wp-content\\\/uploads\\\/2021\\\/12\\\/anagrama-conjunto-escuela-y-centro.jpg\",\"width\":363,\"height\":302,\"caption\":\"Centro de Belleza y Salud Margarita Ortu\u00f1o L\u00e1zaro. ESCUELA DE QUIROMASAJE Y TERAPIAS COMPLEMENTARIAS.TIENDA ONLINE\"},\"image\":{\"@id\":\"https:\\\/\\\/margaritayeusebio.com\\\/tienda\\\/#\\\/schema\\\/logo\\\/image\\\/\"}}]}<\/script>\n<!-- \/ Yoast SEO plugin. -->","yoast_head_json":{"title":"ERGYPROTEIN 1 KG - Centro de Belleza y Salud Margarita Ortu\u00f1o L\u00e1zaro. ESCUELA DE QUIROMASAJE Y TERAPIAS COMPLEMENTARIAS.TIENDA ONLINE","description":"ERGYPROTEIN es una prote\u00edna de suero optimizada y sin\u00e9rgica, rica en oligop\u00e9ptidos de m\u00e1xima absorci\u00f3n, junto con glutamina micronizada, cofactores y Zinc. Hidrolizado de prote\u00edna de suero \uf086 M\u00e1xima absorci\u00f3n y digestibilidad - Hipoalerg\u00e9nica - Sin aditivos Glutamina micronizada \uf086 Alta biodisponibilidad y absorci\u00f3n - Hipoalerg\u00e9nica - Sin aditivos Vitaminas B1, B2, B3, B5, B6, B9, C, E y A + Zinc \uf086 Cofactores imprescindibles en la homeostasis metab\u00f3lica","robots":{"index":"index","follow":"follow","max-snippet":"max-snippet:-1","max-image-preview":"max-image-preview:large","max-video-preview":"max-video-preview:-1"},"canonical":"https:\/\/margaritayeusebio.com\/tienda\/producto\/ergyprotein-1-kg\/","og_locale":"es_ES","og_type":"article","og_title":"ERGYPROTEIN 1 KG - Centro de Belleza y Salud Margarita Ortu\u00f1o L\u00e1zaro. ESCUELA DE QUIROMASAJE Y TERAPIAS COMPLEMENTARIAS.TIENDA ONLINE","og_description":"ERGYPROTEIN es una prote\u00edna de suero optimizada y sin\u00e9rgica, rica en oligop\u00e9ptidos de m\u00e1xima absorci\u00f3n, junto con glutamina micronizada, cofactores y Zinc. Hidrolizado de prote\u00edna de suero \uf086 M\u00e1xima absorci\u00f3n y digestibilidad - Hipoalerg\u00e9nica - Sin aditivos Glutamina micronizada \uf086 Alta biodisponibilidad y absorci\u00f3n - Hipoalerg\u00e9nica - Sin aditivos Vitaminas B1, B2, B3, B5, B6, B9, C, E y A + Zinc \uf086 Cofactores imprescindibles en la homeostasis metab\u00f3lica","og_url":"https:\/\/margaritayeusebio.com\/tienda\/producto\/ergyprotein-1-kg\/","og_site_name":"Centro de Belleza y Salud Margarita Ortu\u00f1o L\u00e1zaro. ESCUELA DE QUIROMASAJE Y TERAPIAS COMPLEMENTARIAS.TIENDA ONLINE","article_modified_time":"2024-06-19T16:39:27+00:00","og_image":[{"width":1308,"height":1917,"url":"https:\/\/margaritayeusebio.com\/tienda\/wp-content\/uploads\/2024\/06\/ERGYPROTEIN.jpg","type":"image\/jpeg"}],"twitter_card":"summary_large_image","twitter_misc":{"Tiempo de lectura":"2 minutos"},"schema":{"@context":"https:\/\/schema.org","@graph":[{"@type":"WebPage","@id":"https:\/\/margaritayeusebio.com\/tienda\/producto\/ergyprotein-1-kg\/","url":"https:\/\/margaritayeusebio.com\/tienda\/producto\/ergyprotein-1-kg\/","name":"ERGYPROTEIN 1 KG - Centro de Belleza y Salud Margarita Ortu\u00f1o L\u00e1zaro. ESCUELA DE QUIROMASAJE Y TERAPIAS COMPLEMENTARIAS.TIENDA ONLINE","isPartOf":{"@id":"https:\/\/margaritayeusebio.com\/tienda\/#website"},"primaryImageOfPage":{"@id":"https:\/\/margaritayeusebio.com\/tienda\/producto\/ergyprotein-1-kg\/#primaryimage"},"image":{"@id":"https:\/\/margaritayeusebio.com\/tienda\/producto\/ergyprotein-1-kg\/#primaryimage"},"thumbnailUrl":"https:\/\/margaritayeusebio.com\/tienda\/wp-content\/uploads\/2024\/06\/ERGYPROTEIN.jpg","datePublished":"2024-06-19T09:25:49+00:00","dateModified":"2024-06-19T16:39:27+00:00","description":"ERGYPROTEIN es una prote\u00edna de suero optimizada y sin\u00e9rgica, rica en oligop\u00e9ptidos de m\u00e1xima absorci\u00f3n, junto con glutamina micronizada, cofactores y Zinc. Hidrolizado de prote\u00edna de suero \uf086 M\u00e1xima absorci\u00f3n y digestibilidad - Hipoalerg\u00e9nica - Sin aditivos Glutamina micronizada \uf086 Alta biodisponibilidad y absorci\u00f3n - Hipoalerg\u00e9nica - Sin aditivos Vitaminas B1, B2, B3, B5, B6, B9, C, E y A + Zinc \uf086 Cofactores imprescindibles en la homeostasis metab\u00f3lica","breadcrumb":{"@id":"https:\/\/margaritayeusebio.com\/tienda\/producto\/ergyprotein-1-kg\/#breadcrumb"},"inLanguage":"es","potentialAction":[{"@type":"ReadAction","target":["https:\/\/margaritayeusebio.com\/tienda\/producto\/ergyprotein-1-kg\/"]}]},{"@type":"ImageObject","inLanguage":"es","@id":"https:\/\/margaritayeusebio.com\/tienda\/producto\/ergyprotein-1-kg\/#primaryimage","url":"https:\/\/margaritayeusebio.com\/tienda\/wp-content\/uploads\/2024\/06\/ERGYPROTEIN.jpg","contentUrl":"https:\/\/margaritayeusebio.com\/tienda\/wp-content\/uploads\/2024\/06\/ERGYPROTEIN.jpg","width":1308,"height":1917},{"@type":"BreadcrumbList","@id":"https:\/\/margaritayeusebio.com\/tienda\/producto\/ergyprotein-1-kg\/#breadcrumb","itemListElement":[{"@type":"ListItem","position":1,"name":"Portada","item":"https:\/\/margaritayeusebio.com\/tienda\/pagina-de-inicio-2\/"},{"@type":"ListItem","position":2,"name":"Tienda","item":"https:\/\/margaritayeusebio.com\/tienda\/"},{"@type":"ListItem","position":3,"name":"ERGYPROTEIN 1 KG"}]},{"@type":"WebSite","@id":"https:\/\/margaritayeusebio.com\/tienda\/#website","url":"https:\/\/margaritayeusebio.com\/tienda\/","name":"Centro de Belleza y Salud Margarita Ortu\u00f1o L\u00e1zaro. ESCUELA DE QUIROMASAJE Y TERAPIAS COMPLEMENTARIAS.TIENDA ONLINE","description":"Quiromasaje-Osteopatia, Acupuntura, Herbolario, Fitoterapia, Oligoelementos, Productos Belleza,","publisher":{"@id":"https:\/\/margaritayeusebio.com\/tienda\/#organization"},"potentialAction":[{"@type":"SearchAction","target":{"@type":"EntryPoint","urlTemplate":"https:\/\/margaritayeusebio.com\/tienda\/?s={search_term_string}"},"query-input":{"@type":"PropertyValueSpecification","valueRequired":true,"valueName":"search_term_string"}}],"inLanguage":"es"},{"@type":"Organization","@id":"https:\/\/margaritayeusebio.com\/tienda\/#organization","name":"Centro de Belleza y Salud Margarita Ortu\u00f1o L\u00e1zaro. ESCUELA DE QUIROMASAJE Y TERAPIAS COMPLEMENTARIAS.TIENDA ONLINE","url":"https:\/\/margaritayeusebio.com\/tienda\/","logo":{"@type":"ImageObject","inLanguage":"es","@id":"https:\/\/margaritayeusebio.com\/tienda\/#\/schema\/logo\/image\/","url":"https:\/\/margaritayeusebio.com\/tienda\/wp-content\/uploads\/2021\/12\/anagrama-conjunto-escuela-y-centro.jpg","contentUrl":"https:\/\/margaritayeusebio.com\/tienda\/wp-content\/uploads\/2021\/12\/anagrama-conjunto-escuela-y-centro.jpg","width":363,"height":302,"caption":"Centro de Belleza y Salud Margarita Ortu\u00f1o L\u00e1zaro. ESCUELA DE QUIROMASAJE Y TERAPIAS COMPLEMENTARIAS.TIENDA ONLINE"},"image":{"@id":"https:\/\/margaritayeusebio.com\/tienda\/#\/schema\/logo\/image\/"}}]}},"jetpack_sharing_enabled":true,"_links":{"self":[{"href":"https:\/\/margaritayeusebio.com\/tienda\/wp-json\/wp\/v2\/product\/338","targetHints":{"allow":["GET"]}}],"collection":[{"href":"https:\/\/margaritayeusebio.com\/tienda\/wp-json\/wp\/v2\/product"}],"about":[{"href":"https:\/\/margaritayeusebio.com\/tienda\/wp-json\/wp\/v2\/types\/product"}],"replies":[{"embeddable":true,"href":"https:\/\/margaritayeusebio.com\/tienda\/wp-json\/wp\/v2\/comments?post=338"}],"wp:featuredmedia":[{"embeddable":true,"href":"https:\/\/margaritayeusebio.com\/tienda\/wp-json\/wp\/v2\/media\/339"}],"wp:attachment":[{"href":"https:\/\/margaritayeusebio.com\/tienda\/wp-json\/wp\/v2\/media?parent=338"}],"wp:term":[{"taxonomy":"product_brand","embeddable":true,"href":"https:\/\/margaritayeusebio.com\/tienda\/wp-json\/wp\/v2\/product_brand?post=338"},{"taxonomy":"product_cat","embeddable":true,"href":"https:\/\/margaritayeusebio.com\/tienda\/wp-json\/wp\/v2\/product_cat?post=338"},{"taxonomy":"product_tag","embeddable":true,"href":"https:\/\/margaritayeusebio.com\/tienda\/wp-json\/wp\/v2\/product_tag?post=338"}],"curies":[{"name":"wp","href":"https:\/\/api.w.org\/{rel}","templated":true}]}}