{"id":334,"date":"2024-06-14T18:41:18","date_gmt":"2024-06-14T16:41:18","guid":{"rendered":"https:\/\/margaritayeusebio.com\/tienda\/?post_type=product&#038;p=334"},"modified":"2024-06-14T18:41:18","modified_gmt":"2024-06-14T16:41:18","slug":"ergy-c","status":"publish","type":"product","link":"https:\/\/margaritayeusebio.com\/tienda\/producto\/ergy-c\/","title":{"rendered":"ERGY C"},"content":{"rendered":"<p>ERGY C<\/p>\n<p>VITAMINA C, RESVERATROL Y COFACTORES B2, B3 Y B6 ANTIOXIDANTES<br \/>\nERGY C es una asociaci\u00f3n sin\u00e9rgica de Vitamina C + Resveratrol + Vitaminas B2,B3 y B6, para una acci\u00f3n antioxidante reforzada. La Vitamina C o \u00e1cido asc\u00f3rbico tiene un papel fundamental en cientos de reacciones biol\u00f3gicas y deber\u00eda ocupar un rango superior en el arsenal de la Nutrici\u00f3n Celular Activa (NCA), en unas dosis diarias de 1 a 2 gramos, incluso superiores en caso de trastornos muy importantes.<br \/>\nEl ascorbato de calcio tiene una tolerancia digestiva \u00f3ptima y no posee ninguna acci\u00f3n acidificante del terreno.<br \/>\nEn ERGY C, el extracto de Acerola, el m\u00e1s concentrado en vitamina C nativa, aporta tambi\u00e9n los cofactores naturalmente presentes en la fruta, mejorando la asimilaci\u00f3n de la vitamina C.<br \/>\nLa forma en polvo presenta la ventaja de una buena asimilaci\u00f3n y permite una dosificaci\u00f3n precisa, con un coste muy asequible para las personas que deben consumir ERGY C a lo largo del a\u00f1o.<\/p>\n<p>CONSEJOS DE USO<br \/>\n\u2022 1 dosificador = 400 mg de vitamina C<br \/>\n\u2022 Adultos: 1 a 3 dosificadores al d\u00eda, seg\u00fan las necesidades,<br \/>\na diluir en un vaso de agua (150 ml) o a mezclar directamente el polvo en una compota.<br \/>\n\u2022 Para los ni\u00f1os de 3 a 10 a\u00f1os, media dosis al d\u00eda<br \/>\n(200 mg).<\/p>\n<p>INDICACIONES<br \/>\nERGY C se puede recomendar:<br \/>\n\u2022 En todos los casos de degeneraci\u00f3n o de oxidaci\u00f3n celular.<br \/>\n\u2022 Para reforzar las defensas naturales, como prevenci\u00f3n o en caso de una infecci\u00f3n.<br \/>\n\u2022 Para mejorar el metabolismo del col\u00e1geno: cicatrizaci\u00f3n, fragilidad de los vasos sangu\u00edneos, trastornos \u00f3seos, cart\u00edlagos, tendones, ligamentos.<br \/>\n\u2022 En caso de desequilibrios lip\u00eddicos, trastornos cardiovasculares.<br \/>\n\u2022 Para luchar contra el estr\u00e9s y en la mejora del rendimiento deportivo.<br \/>\n\u2022 Para contrarrestar los efectos de contaminantes end\u00f3genos y ex\u00f3genos.<\/p>\n<p>COMPOSICI\u00d3N por 1 g de polvo % VRN*<br \/>\nVitamina C 400 mg 500<br \/>\nL-ascorbato de calcio 330 mg &#8211;<br \/>\nExtracto de Acerola 70 mg &#8211;<br \/>\nVitamina B3 (nicotinamida) 16 mg 100<br \/>\nVitamina B6 (clorhidrato de piridoxina) 1,4 mg 100<br \/>\nVitamina B2 (riboflavina) 1,4 mg 100<br \/>\nTrans-resveratrol de origen vegetal 5 mg &#8211;<br \/>\n* Valores de Referencia de Nutrientes<br \/>\nSin colorantes, sin conservantes.<br \/>\nSin az\u00facares o edulcorantes.<\/p>\n","protected":false},"excerpt":{"rendered":"<p>ERGY C es una asociaci\u00f3n sin\u00e9rgica de Vitamina C + Resveratrol + Vitaminas B2,B3 y B6, para una acci\u00f3n antioxidante<br \/>\nreforzada. La Vitamina C o \u00e1cido asc\u00f3rbico tiene un papel fundamental en cientos de reacciones biol\u00f3gicas y deber\u00eda<br \/>\nocupar un rango superior en el arsenal de la Nutrici\u00f3n Celular Activa (NCA), en unas dosis diarias de 1 a 2 gramos,<br \/>\nincluso superiores en caso de trastornos muy importante<\/p>\n","protected":false},"featured_media":335,"comment_status":"open","ping_status":"closed","template":"","meta":[],"product_brand":[],"product_cat":[72],"product_tag":[198,119,199,87],"class_list":{"0":"post-334","1":"product","2":"type-product","3":"status-publish","4":"has-post-thumbnail","6":"product_cat-nutricion-celular-activa","7":"product_tag-anti-aging","8":"product_tag-antioxidantes","9":"product_tag-vitamina-c","10":"product_tag-vitaminas","11":"entry","13":"first","14":"instock","15":"sale","16":"taxable","17":"shipping-taxable","18":"purchasable","19":"product-type-simple"},"yoast_head":"<!-- This site is optimized with the Yoast SEO plugin v27.4 - https:\/\/yoast.com\/product\/yoast-seo-wordpress\/ -->\n<title>ERGY C - Centro de Belleza y Salud Margarita Ortu\u00f1o L\u00e1zaro. ESCUELA DE QUIROMASAJE Y TERAPIAS COMPLEMENTARIAS.TIENDA ONLINE<\/title>\n<meta name=\"description\" content=\"ERGY C es una asociaci\u00f3n sin\u00e9rgica de Vitamina C + Resveratrol + Vitaminas B2,B3 y B6, para una acci\u00f3n antioxidante reforzada. La Vitamina C o \u00e1cido asc\u00f3rbico tiene un papel fundamental en cientos de reacciones biol\u00f3gicas y deber\u00eda ocupar un rango superior en el arsenal de la Nutrici\u00f3n Celular Activa (NCA), en unas dosis diarias de 1 a 2 gramos, incluso superiores en caso de trastornos muy importante\" \/>\n<meta name=\"robots\" content=\"index, follow, max-snippet:-1, max-image-preview:large, max-video-preview:-1\" \/>\n<link rel=\"canonical\" href=\"https:\/\/margaritayeusebio.com\/tienda\/producto\/ergy-c\/\" \/>\n<meta property=\"og:locale\" content=\"es_ES\" \/>\n<meta property=\"og:type\" content=\"article\" \/>\n<meta property=\"og:title\" content=\"ERGY C - Centro de Belleza y Salud Margarita Ortu\u00f1o L\u00e1zaro. ESCUELA DE QUIROMASAJE Y TERAPIAS COMPLEMENTARIAS.TIENDA ONLINE\" \/>\n<meta property=\"og:description\" content=\"ERGY C es una asociaci\u00f3n sin\u00e9rgica de Vitamina C + Resveratrol + Vitaminas B2,B3 y B6, para una acci\u00f3n antioxidante reforzada. La Vitamina C o \u00e1cido asc\u00f3rbico tiene un papel fundamental en cientos de reacciones biol\u00f3gicas y deber\u00eda ocupar un rango superior en el arsenal de la Nutrici\u00f3n Celular Activa (NCA), en unas dosis diarias de 1 a 2 gramos, incluso superiores en caso de trastornos muy importante\" \/>\n<meta property=\"og:url\" content=\"https:\/\/margaritayeusebio.com\/tienda\/producto\/ergy-c\/\" \/>\n<meta property=\"og:site_name\" content=\"Centro de Belleza y Salud Margarita Ortu\u00f1o L\u00e1zaro. ESCUELA DE QUIROMASAJE Y TERAPIAS COMPLEMENTARIAS.TIENDA ONLINE\" \/>\n<meta property=\"og:image\" content=\"https:\/\/margaritayeusebio.com\/tienda\/wp-content\/uploads\/2024\/06\/ERGY_C_125_2020-r-scaled.jpg\" \/>\n\t<meta property=\"og:image:width\" content=\"1932\" \/>\n\t<meta property=\"og:image:height\" content=\"2560\" \/>\n\t<meta property=\"og:image:type\" content=\"image\/jpeg\" \/>\n<meta name=\"twitter:card\" content=\"summary_large_image\" \/>\n<meta name=\"twitter:label1\" content=\"Tiempo de lectura\" \/>\n\t<meta name=\"twitter:data1\" content=\"2 minutos\" \/>\n<script type=\"application\/ld+json\" class=\"yoast-schema-graph\">{\"@context\":\"https:\\\/\\\/schema.org\",\"@graph\":[{\"@type\":\"WebPage\",\"@id\":\"https:\\\/\\\/margaritayeusebio.com\\\/tienda\\\/producto\\\/ergy-c\\\/\",\"url\":\"https:\\\/\\\/margaritayeusebio.com\\\/tienda\\\/producto\\\/ergy-c\\\/\",\"name\":\"ERGY C - Centro de Belleza y Salud Margarita Ortu\u00f1o L\u00e1zaro. ESCUELA DE QUIROMASAJE Y TERAPIAS COMPLEMENTARIAS.TIENDA ONLINE\",\"isPartOf\":{\"@id\":\"https:\\\/\\\/margaritayeusebio.com\\\/tienda\\\/#website\"},\"primaryImageOfPage\":{\"@id\":\"https:\\\/\\\/margaritayeusebio.com\\\/tienda\\\/producto\\\/ergy-c\\\/#primaryimage\"},\"image\":{\"@id\":\"https:\\\/\\\/margaritayeusebio.com\\\/tienda\\\/producto\\\/ergy-c\\\/#primaryimage\"},\"thumbnailUrl\":\"https:\\\/\\\/margaritayeusebio.com\\\/tienda\\\/wp-content\\\/uploads\\\/2024\\\/06\\\/ERGY_C_125_2020-r-scaled.jpg\",\"datePublished\":\"2024-06-14T16:41:18+00:00\",\"description\":\"ERGY C es una asociaci\u00f3n sin\u00e9rgica de Vitamina C + Resveratrol + Vitaminas B2,B3 y B6, para una acci\u00f3n antioxidante reforzada. La Vitamina C o \u00e1cido asc\u00f3rbico tiene un papel fundamental en cientos de reacciones biol\u00f3gicas y deber\u00eda ocupar un rango superior en el arsenal de la Nutrici\u00f3n Celular Activa (NCA), en unas dosis diarias de 1 a 2 gramos, incluso superiores en caso de trastornos muy importante\",\"breadcrumb\":{\"@id\":\"https:\\\/\\\/margaritayeusebio.com\\\/tienda\\\/producto\\\/ergy-c\\\/#breadcrumb\"},\"inLanguage\":\"es\",\"potentialAction\":[{\"@type\":\"ReadAction\",\"target\":[\"https:\\\/\\\/margaritayeusebio.com\\\/tienda\\\/producto\\\/ergy-c\\\/\"]}]},{\"@type\":\"ImageObject\",\"inLanguage\":\"es\",\"@id\":\"https:\\\/\\\/margaritayeusebio.com\\\/tienda\\\/producto\\\/ergy-c\\\/#primaryimage\",\"url\":\"https:\\\/\\\/margaritayeusebio.com\\\/tienda\\\/wp-content\\\/uploads\\\/2024\\\/06\\\/ERGY_C_125_2020-r-scaled.jpg\",\"contentUrl\":\"https:\\\/\\\/margaritayeusebio.com\\\/tienda\\\/wp-content\\\/uploads\\\/2024\\\/06\\\/ERGY_C_125_2020-r-scaled.jpg\",\"width\":1932,\"height\":2560},{\"@type\":\"BreadcrumbList\",\"@id\":\"https:\\\/\\\/margaritayeusebio.com\\\/tienda\\\/producto\\\/ergy-c\\\/#breadcrumb\",\"itemListElement\":[{\"@type\":\"ListItem\",\"position\":1,\"name\":\"Portada\",\"item\":\"https:\\\/\\\/margaritayeusebio.com\\\/tienda\\\/pagina-de-inicio-2\\\/\"},{\"@type\":\"ListItem\",\"position\":2,\"name\":\"Tienda\",\"item\":\"https:\\\/\\\/margaritayeusebio.com\\\/tienda\\\/\"},{\"@type\":\"ListItem\",\"position\":3,\"name\":\"ERGY C\"}]},{\"@type\":\"WebSite\",\"@id\":\"https:\\\/\\\/margaritayeusebio.com\\\/tienda\\\/#website\",\"url\":\"https:\\\/\\\/margaritayeusebio.com\\\/tienda\\\/\",\"name\":\"Centro de Belleza y Salud Margarita Ortu\u00f1o L\u00e1zaro. ESCUELA DE QUIROMASAJE Y TERAPIAS COMPLEMENTARIAS.TIENDA ONLINE\",\"description\":\"Quiromasaje-Osteopatia, Acupuntura, Herbolario, Fitoterapia, Oligoelementos, Productos Belleza,\",\"publisher\":{\"@id\":\"https:\\\/\\\/margaritayeusebio.com\\\/tienda\\\/#organization\"},\"potentialAction\":[{\"@type\":\"SearchAction\",\"target\":{\"@type\":\"EntryPoint\",\"urlTemplate\":\"https:\\\/\\\/margaritayeusebio.com\\\/tienda\\\/?s={search_term_string}\"},\"query-input\":{\"@type\":\"PropertyValueSpecification\",\"valueRequired\":true,\"valueName\":\"search_term_string\"}}],\"inLanguage\":\"es\"},{\"@type\":\"Organization\",\"@id\":\"https:\\\/\\\/margaritayeusebio.com\\\/tienda\\\/#organization\",\"name\":\"Centro de Belleza y Salud Margarita Ortu\u00f1o L\u00e1zaro. ESCUELA DE QUIROMASAJE Y TERAPIAS COMPLEMENTARIAS.TIENDA ONLINE\",\"url\":\"https:\\\/\\\/margaritayeusebio.com\\\/tienda\\\/\",\"logo\":{\"@type\":\"ImageObject\",\"inLanguage\":\"es\",\"@id\":\"https:\\\/\\\/margaritayeusebio.com\\\/tienda\\\/#\\\/schema\\\/logo\\\/image\\\/\",\"url\":\"https:\\\/\\\/margaritayeusebio.com\\\/tienda\\\/wp-content\\\/uploads\\\/2021\\\/12\\\/anagrama-conjunto-escuela-y-centro.jpg\",\"contentUrl\":\"https:\\\/\\\/margaritayeusebio.com\\\/tienda\\\/wp-content\\\/uploads\\\/2021\\\/12\\\/anagrama-conjunto-escuela-y-centro.jpg\",\"width\":363,\"height\":302,\"caption\":\"Centro de Belleza y Salud Margarita Ortu\u00f1o L\u00e1zaro. ESCUELA DE QUIROMASAJE Y TERAPIAS COMPLEMENTARIAS.TIENDA ONLINE\"},\"image\":{\"@id\":\"https:\\\/\\\/margaritayeusebio.com\\\/tienda\\\/#\\\/schema\\\/logo\\\/image\\\/\"}}]}<\/script>\n<!-- \/ Yoast SEO plugin. -->","yoast_head_json":{"title":"ERGY C - Centro de Belleza y Salud Margarita Ortu\u00f1o L\u00e1zaro. ESCUELA DE QUIROMASAJE Y TERAPIAS COMPLEMENTARIAS.TIENDA ONLINE","description":"ERGY C es una asociaci\u00f3n sin\u00e9rgica de Vitamina C + Resveratrol + Vitaminas B2,B3 y B6, para una acci\u00f3n antioxidante reforzada. La Vitamina C o \u00e1cido asc\u00f3rbico tiene un papel fundamental en cientos de reacciones biol\u00f3gicas y deber\u00eda ocupar un rango superior en el arsenal de la Nutrici\u00f3n Celular Activa (NCA), en unas dosis diarias de 1 a 2 gramos, incluso superiores en caso de trastornos muy importante","robots":{"index":"index","follow":"follow","max-snippet":"max-snippet:-1","max-image-preview":"max-image-preview:large","max-video-preview":"max-video-preview:-1"},"canonical":"https:\/\/margaritayeusebio.com\/tienda\/producto\/ergy-c\/","og_locale":"es_ES","og_type":"article","og_title":"ERGY C - Centro de Belleza y Salud Margarita Ortu\u00f1o L\u00e1zaro. ESCUELA DE QUIROMASAJE Y TERAPIAS COMPLEMENTARIAS.TIENDA ONLINE","og_description":"ERGY C es una asociaci\u00f3n sin\u00e9rgica de Vitamina C + Resveratrol + Vitaminas B2,B3 y B6, para una acci\u00f3n antioxidante reforzada. La Vitamina C o \u00e1cido asc\u00f3rbico tiene un papel fundamental en cientos de reacciones biol\u00f3gicas y deber\u00eda ocupar un rango superior en el arsenal de la Nutrici\u00f3n Celular Activa (NCA), en unas dosis diarias de 1 a 2 gramos, incluso superiores en caso de trastornos muy importante","og_url":"https:\/\/margaritayeusebio.com\/tienda\/producto\/ergy-c\/","og_site_name":"Centro de Belleza y Salud Margarita Ortu\u00f1o L\u00e1zaro. ESCUELA DE QUIROMASAJE Y TERAPIAS COMPLEMENTARIAS.TIENDA ONLINE","og_image":[{"width":1932,"height":2560,"url":"https:\/\/margaritayeusebio.com\/tienda\/wp-content\/uploads\/2024\/06\/ERGY_C_125_2020-r-scaled.jpg","type":"image\/jpeg"}],"twitter_card":"summary_large_image","twitter_misc":{"Tiempo de lectura":"2 minutos"},"schema":{"@context":"https:\/\/schema.org","@graph":[{"@type":"WebPage","@id":"https:\/\/margaritayeusebio.com\/tienda\/producto\/ergy-c\/","url":"https:\/\/margaritayeusebio.com\/tienda\/producto\/ergy-c\/","name":"ERGY C - Centro de Belleza y Salud Margarita Ortu\u00f1o L\u00e1zaro. ESCUELA DE QUIROMASAJE Y TERAPIAS COMPLEMENTARIAS.TIENDA ONLINE","isPartOf":{"@id":"https:\/\/margaritayeusebio.com\/tienda\/#website"},"primaryImageOfPage":{"@id":"https:\/\/margaritayeusebio.com\/tienda\/producto\/ergy-c\/#primaryimage"},"image":{"@id":"https:\/\/margaritayeusebio.com\/tienda\/producto\/ergy-c\/#primaryimage"},"thumbnailUrl":"https:\/\/margaritayeusebio.com\/tienda\/wp-content\/uploads\/2024\/06\/ERGY_C_125_2020-r-scaled.jpg","datePublished":"2024-06-14T16:41:18+00:00","description":"ERGY C es una asociaci\u00f3n sin\u00e9rgica de Vitamina C + Resveratrol + Vitaminas B2,B3 y B6, para una acci\u00f3n antioxidante reforzada. La Vitamina C o \u00e1cido asc\u00f3rbico tiene un papel fundamental en cientos de reacciones biol\u00f3gicas y deber\u00eda ocupar un rango superior en el arsenal de la Nutrici\u00f3n Celular Activa (NCA), en unas dosis diarias de 1 a 2 gramos, incluso superiores en caso de trastornos muy importante","breadcrumb":{"@id":"https:\/\/margaritayeusebio.com\/tienda\/producto\/ergy-c\/#breadcrumb"},"inLanguage":"es","potentialAction":[{"@type":"ReadAction","target":["https:\/\/margaritayeusebio.com\/tienda\/producto\/ergy-c\/"]}]},{"@type":"ImageObject","inLanguage":"es","@id":"https:\/\/margaritayeusebio.com\/tienda\/producto\/ergy-c\/#primaryimage","url":"https:\/\/margaritayeusebio.com\/tienda\/wp-content\/uploads\/2024\/06\/ERGY_C_125_2020-r-scaled.jpg","contentUrl":"https:\/\/margaritayeusebio.com\/tienda\/wp-content\/uploads\/2024\/06\/ERGY_C_125_2020-r-scaled.jpg","width":1932,"height":2560},{"@type":"BreadcrumbList","@id":"https:\/\/margaritayeusebio.com\/tienda\/producto\/ergy-c\/#breadcrumb","itemListElement":[{"@type":"ListItem","position":1,"name":"Portada","item":"https:\/\/margaritayeusebio.com\/tienda\/pagina-de-inicio-2\/"},{"@type":"ListItem","position":2,"name":"Tienda","item":"https:\/\/margaritayeusebio.com\/tienda\/"},{"@type":"ListItem","position":3,"name":"ERGY C"}]},{"@type":"WebSite","@id":"https:\/\/margaritayeusebio.com\/tienda\/#website","url":"https:\/\/margaritayeusebio.com\/tienda\/","name":"Centro de Belleza y Salud Margarita Ortu\u00f1o L\u00e1zaro. ESCUELA DE QUIROMASAJE Y TERAPIAS COMPLEMENTARIAS.TIENDA ONLINE","description":"Quiromasaje-Osteopatia, Acupuntura, Herbolario, Fitoterapia, Oligoelementos, Productos Belleza,","publisher":{"@id":"https:\/\/margaritayeusebio.com\/tienda\/#organization"},"potentialAction":[{"@type":"SearchAction","target":{"@type":"EntryPoint","urlTemplate":"https:\/\/margaritayeusebio.com\/tienda\/?s={search_term_string}"},"query-input":{"@type":"PropertyValueSpecification","valueRequired":true,"valueName":"search_term_string"}}],"inLanguage":"es"},{"@type":"Organization","@id":"https:\/\/margaritayeusebio.com\/tienda\/#organization","name":"Centro de Belleza y Salud Margarita Ortu\u00f1o L\u00e1zaro. ESCUELA DE QUIROMASAJE Y TERAPIAS COMPLEMENTARIAS.TIENDA ONLINE","url":"https:\/\/margaritayeusebio.com\/tienda\/","logo":{"@type":"ImageObject","inLanguage":"es","@id":"https:\/\/margaritayeusebio.com\/tienda\/#\/schema\/logo\/image\/","url":"https:\/\/margaritayeusebio.com\/tienda\/wp-content\/uploads\/2021\/12\/anagrama-conjunto-escuela-y-centro.jpg","contentUrl":"https:\/\/margaritayeusebio.com\/tienda\/wp-content\/uploads\/2021\/12\/anagrama-conjunto-escuela-y-centro.jpg","width":363,"height":302,"caption":"Centro de Belleza y Salud Margarita Ortu\u00f1o L\u00e1zaro. ESCUELA DE QUIROMASAJE Y TERAPIAS COMPLEMENTARIAS.TIENDA ONLINE"},"image":{"@id":"https:\/\/margaritayeusebio.com\/tienda\/#\/schema\/logo\/image\/"}}]}},"jetpack_sharing_enabled":true,"_links":{"self":[{"href":"https:\/\/margaritayeusebio.com\/tienda\/wp-json\/wp\/v2\/product\/334","targetHints":{"allow":["GET"]}}],"collection":[{"href":"https:\/\/margaritayeusebio.com\/tienda\/wp-json\/wp\/v2\/product"}],"about":[{"href":"https:\/\/margaritayeusebio.com\/tienda\/wp-json\/wp\/v2\/types\/product"}],"replies":[{"embeddable":true,"href":"https:\/\/margaritayeusebio.com\/tienda\/wp-json\/wp\/v2\/comments?post=334"}],"wp:featuredmedia":[{"embeddable":true,"href":"https:\/\/margaritayeusebio.com\/tienda\/wp-json\/wp\/v2\/media\/335"}],"wp:attachment":[{"href":"https:\/\/margaritayeusebio.com\/tienda\/wp-json\/wp\/v2\/media?parent=334"}],"wp:term":[{"taxonomy":"product_brand","embeddable":true,"href":"https:\/\/margaritayeusebio.com\/tienda\/wp-json\/wp\/v2\/product_brand?post=334"},{"taxonomy":"product_cat","embeddable":true,"href":"https:\/\/margaritayeusebio.com\/tienda\/wp-json\/wp\/v2\/product_cat?post=334"},{"taxonomy":"product_tag","embeddable":true,"href":"https:\/\/margaritayeusebio.com\/tienda\/wp-json\/wp\/v2\/product_tag?post=334"}],"curies":[{"name":"wp","href":"https:\/\/api.w.org\/{rel}","templated":true}]}}