{"id":323,"date":"2024-02-10T11:49:23","date_gmt":"2024-02-10T10:49:23","guid":{"rendered":"https:\/\/margaritayeusebio.com\/tienda\/?post_type=product&#038;p=323"},"modified":"2024-07-15T10:16:55","modified_gmt":"2024-07-15T08:16:55","slug":"pack-superlative-crema-gel-contorno-cremigel","status":"publish","type":"product","link":"https:\/\/margaritayeusebio.com\/tienda\/producto\/pack-superlative-crema-gel-contorno-cremigel\/","title":{"rendered":"PACK SUPERLATIVE (CREMA + GEL CONTORNO + CREMIGEL)"},"content":{"rendered":"<p>Pack Superlative compuesto por:<\/p>\n<p><strong>&#8211;\u00a0<a class=\"z-enlace-c\" href=\"https:\/\/www.exialoe.es\/158-.html\">Crema H&amp;N Caviar Superlative<\/a><br \/>\n&#8211;\u00a0<a class=\"z-enlace-c\" href=\"https:\/\/www.exialoe.es\/159-.html\">Gel Contorno Superlative<\/a><br \/>\n&#8211;\u00a0<a class=\"z-enlace-c\" href=\"https:\/\/www.exialoe.es\/160-.html\">Cremigel Reafirmante Corporal Superlative<\/a><\/strong><\/p>\n<p>Compuesto por\u00a0<strong>Crema H&amp;N Caviar Superlative<\/strong>\u00a050 ml,\u00a0<strong>Gel Contorno Superlative<\/strong>\u00a030 ml. y\u00a0<strong>Cremigel Reafirmante Corporal Superlative<\/strong>\u00a0150 ml.<\/p>\n<p>Entre los ingredientes de esta gama de productos Superlative no solo est\u00e1 el Caviar sino otros (dependiendo del producto) como la Coenzima Q10, Col\u00e1geno, Rosa Mosqueta, Aceite de Jojoba, Jugo de Aloe Vera, Aceite de Aguacate, Aceite de Almendras Dulces, \u00c1cido Hialur\u00f3nico, etc.<\/p>\n<p>Cosm\u00e9tica de alta calidad para tu belleza.<\/p>\n","protected":false},"excerpt":{"rendered":"<p>Pack Superlative compuesto por:<\/p>\n<p><strong>&#8211;\u00a0<a class=\"z-enlace-c\" href=\"https:\/\/www.exialoe.es\/158-.html\">Crema H&amp;N Caviar Superlative<\/a><br \/>\n&#8211;\u00a0<a class=\"z-enlace-c\" href=\"https:\/\/www.exialoe.es\/159-.html\">Gel Contorno Superlative<\/a><br \/>\n&#8211;\u00a0<a class=\"z-enlace-c\" href=\"https:\/\/www.exialoe.es\/160-.html\">Cremigel Reafirmante Corporal Superlative<\/a><\/strong><\/p>\n<p>Compuesto por\u00a0<strong>Crema H&amp;N Caviar Superlative<\/strong>\u00a050 ml,\u00a0<strong>Gel Contorno Superlative<\/strong>\u00a030 ml. y\u00a0<strong>Cremigel Reafirmante Corporal Superlative<\/strong>\u00a0150 ml.<\/p>\n","protected":false},"featured_media":328,"comment_status":"open","ping_status":"closed","template":"","meta":[],"product_brand":[],"product_cat":[172],"product_tag":[],"class_list":{"0":"post-323","1":"product","2":"type-product","3":"status-publish","4":"has-post-thumbnail","6":"product_cat-cremas-y-aceites","7":"entry","9":"first","10":"instock","11":"sale","12":"taxable","13":"shipping-taxable","14":"purchasable","15":"product-type-simple"},"yoast_head":"<!-- This site is optimized with the Yoast SEO plugin v27.4 - https:\/\/yoast.com\/product\/yoast-seo-wordpress\/ -->\n<title>PACK SUPERLATIVE (CREMA + GEL CONTORNO + CREMIGEL) - Centro de Belleza y Salud Margarita Ortu\u00f1o L\u00e1zaro. ESCUELA DE QUIROMASAJE Y TERAPIAS COMPLEMENTARIAS.TIENDA ONLINE<\/title>\n<meta name=\"description\" content=\"Pack Superlative compuesto por:- Crema H&amp;N Caviar Superlative- Gel Contorno Superlative- Cremigel Reafirmante Corporal Superlative\" \/>\n<meta name=\"robots\" content=\"index, follow, max-snippet:-1, max-image-preview:large, max-video-preview:-1\" \/>\n<link rel=\"canonical\" href=\"https:\/\/margaritayeusebio.com\/tienda\/producto\/pack-superlative-crema-gel-contorno-cremigel\/\" \/>\n<meta property=\"og:locale\" content=\"es_ES\" \/>\n<meta property=\"og:type\" content=\"article\" \/>\n<meta property=\"og:title\" content=\"PACK SUPERLATIVE (CREMA + GEL CONTORNO + CREMIGEL) - Centro de Belleza y Salud Margarita Ortu\u00f1o L\u00e1zaro. ESCUELA DE QUIROMASAJE Y TERAPIAS COMPLEMENTARIAS.TIENDA ONLINE\" \/>\n<meta property=\"og:description\" content=\"Pack Superlative compuesto por:- Crema H&amp;N Caviar Superlative- Gel Contorno Superlative- Cremigel Reafirmante Corporal Superlative\" \/>\n<meta property=\"og:url\" content=\"https:\/\/margaritayeusebio.com\/tienda\/producto\/pack-superlative-crema-gel-contorno-cremigel\/\" \/>\n<meta property=\"og:site_name\" content=\"Centro de Belleza y Salud Margarita Ortu\u00f1o L\u00e1zaro. ESCUELA DE QUIROMASAJE Y TERAPIAS COMPLEMENTARIAS.TIENDA ONLINE\" \/>\n<meta property=\"article:modified_time\" content=\"2024-07-15T08:16:55+00:00\" \/>\n<meta property=\"og:image\" content=\"https:\/\/margaritayeusebio.com\/tienda\/wp-content\/uploads\/2024\/02\/pack-superlative.webp\" \/>\n\t<meta property=\"og:image:width\" content=\"1200\" \/>\n\t<meta property=\"og:image:height\" content=\"1200\" \/>\n\t<meta property=\"og:image:type\" content=\"image\/webp\" \/>\n<meta name=\"twitter:card\" content=\"summary_large_image\" \/>\n<meta name=\"twitter:label1\" content=\"Tiempo de lectura\" \/>\n\t<meta name=\"twitter:data1\" content=\"1 minuto\" \/>\n<script type=\"application\/ld+json\" class=\"yoast-schema-graph\">{\"@context\":\"https:\\\/\\\/schema.org\",\"@graph\":[{\"@type\":\"WebPage\",\"@id\":\"https:\\\/\\\/margaritayeusebio.com\\\/tienda\\\/producto\\\/pack-superlative-crema-gel-contorno-cremigel\\\/\",\"url\":\"https:\\\/\\\/margaritayeusebio.com\\\/tienda\\\/producto\\\/pack-superlative-crema-gel-contorno-cremigel\\\/\",\"name\":\"PACK SUPERLATIVE (CREMA + GEL CONTORNO + CREMIGEL) - Centro de Belleza y Salud Margarita Ortu\u00f1o L\u00e1zaro. ESCUELA DE QUIROMASAJE Y TERAPIAS COMPLEMENTARIAS.TIENDA ONLINE\",\"isPartOf\":{\"@id\":\"https:\\\/\\\/margaritayeusebio.com\\\/tienda\\\/#website\"},\"primaryImageOfPage\":{\"@id\":\"https:\\\/\\\/margaritayeusebio.com\\\/tienda\\\/producto\\\/pack-superlative-crema-gel-contorno-cremigel\\\/#primaryimage\"},\"image\":{\"@id\":\"https:\\\/\\\/margaritayeusebio.com\\\/tienda\\\/producto\\\/pack-superlative-crema-gel-contorno-cremigel\\\/#primaryimage\"},\"thumbnailUrl\":\"https:\\\/\\\/margaritayeusebio.com\\\/tienda\\\/wp-content\\\/uploads\\\/2024\\\/02\\\/pack-superlative.webp\",\"datePublished\":\"2024-02-10T10:49:23+00:00\",\"dateModified\":\"2024-07-15T08:16:55+00:00\",\"description\":\"Pack Superlative compuesto por:- Crema H&N Caviar Superlative- Gel Contorno Superlative- Cremigel Reafirmante Corporal Superlative\",\"breadcrumb\":{\"@id\":\"https:\\\/\\\/margaritayeusebio.com\\\/tienda\\\/producto\\\/pack-superlative-crema-gel-contorno-cremigel\\\/#breadcrumb\"},\"inLanguage\":\"es\",\"potentialAction\":[{\"@type\":\"ReadAction\",\"target\":[\"https:\\\/\\\/margaritayeusebio.com\\\/tienda\\\/producto\\\/pack-superlative-crema-gel-contorno-cremigel\\\/\"]}]},{\"@type\":\"ImageObject\",\"inLanguage\":\"es\",\"@id\":\"https:\\\/\\\/margaritayeusebio.com\\\/tienda\\\/producto\\\/pack-superlative-crema-gel-contorno-cremigel\\\/#primaryimage\",\"url\":\"https:\\\/\\\/margaritayeusebio.com\\\/tienda\\\/wp-content\\\/uploads\\\/2024\\\/02\\\/pack-superlative.webp\",\"contentUrl\":\"https:\\\/\\\/margaritayeusebio.com\\\/tienda\\\/wp-content\\\/uploads\\\/2024\\\/02\\\/pack-superlative.webp\",\"width\":1200,\"height\":1200},{\"@type\":\"BreadcrumbList\",\"@id\":\"https:\\\/\\\/margaritayeusebio.com\\\/tienda\\\/producto\\\/pack-superlative-crema-gel-contorno-cremigel\\\/#breadcrumb\",\"itemListElement\":[{\"@type\":\"ListItem\",\"position\":1,\"name\":\"Portada\",\"item\":\"https:\\\/\\\/margaritayeusebio.com\\\/tienda\\\/pagina-de-inicio-2\\\/\"},{\"@type\":\"ListItem\",\"position\":2,\"name\":\"Tienda\",\"item\":\"https:\\\/\\\/margaritayeusebio.com\\\/tienda\\\/\"},{\"@type\":\"ListItem\",\"position\":3,\"name\":\"PACK SUPERLATIVE (CREMA + GEL CONTORNO + CREMIGEL)\"}]},{\"@type\":\"WebSite\",\"@id\":\"https:\\\/\\\/margaritayeusebio.com\\\/tienda\\\/#website\",\"url\":\"https:\\\/\\\/margaritayeusebio.com\\\/tienda\\\/\",\"name\":\"Centro de Belleza y Salud Margarita Ortu\u00f1o L\u00e1zaro. ESCUELA DE QUIROMASAJE Y TERAPIAS COMPLEMENTARIAS.TIENDA ONLINE\",\"description\":\"Quiromasaje-Osteopatia, Acupuntura, Herbolario, Fitoterapia, Oligoelementos, Productos Belleza,\",\"publisher\":{\"@id\":\"https:\\\/\\\/margaritayeusebio.com\\\/tienda\\\/#organization\"},\"potentialAction\":[{\"@type\":\"SearchAction\",\"target\":{\"@type\":\"EntryPoint\",\"urlTemplate\":\"https:\\\/\\\/margaritayeusebio.com\\\/tienda\\\/?s={search_term_string}\"},\"query-input\":{\"@type\":\"PropertyValueSpecification\",\"valueRequired\":true,\"valueName\":\"search_term_string\"}}],\"inLanguage\":\"es\"},{\"@type\":\"Organization\",\"@id\":\"https:\\\/\\\/margaritayeusebio.com\\\/tienda\\\/#organization\",\"name\":\"Centro de Belleza y Salud Margarita Ortu\u00f1o L\u00e1zaro. ESCUELA DE QUIROMASAJE Y TERAPIAS COMPLEMENTARIAS.TIENDA ONLINE\",\"url\":\"https:\\\/\\\/margaritayeusebio.com\\\/tienda\\\/\",\"logo\":{\"@type\":\"ImageObject\",\"inLanguage\":\"es\",\"@id\":\"https:\\\/\\\/margaritayeusebio.com\\\/tienda\\\/#\\\/schema\\\/logo\\\/image\\\/\",\"url\":\"https:\\\/\\\/margaritayeusebio.com\\\/tienda\\\/wp-content\\\/uploads\\\/2021\\\/12\\\/anagrama-conjunto-escuela-y-centro.jpg\",\"contentUrl\":\"https:\\\/\\\/margaritayeusebio.com\\\/tienda\\\/wp-content\\\/uploads\\\/2021\\\/12\\\/anagrama-conjunto-escuela-y-centro.jpg\",\"width\":363,\"height\":302,\"caption\":\"Centro de Belleza y Salud Margarita Ortu\u00f1o L\u00e1zaro. ESCUELA DE QUIROMASAJE Y TERAPIAS COMPLEMENTARIAS.TIENDA ONLINE\"},\"image\":{\"@id\":\"https:\\\/\\\/margaritayeusebio.com\\\/tienda\\\/#\\\/schema\\\/logo\\\/image\\\/\"}}]}<\/script>\n<!-- \/ Yoast SEO plugin. -->","yoast_head_json":{"title":"PACK SUPERLATIVE (CREMA + GEL CONTORNO + CREMIGEL) - Centro de Belleza y Salud Margarita Ortu\u00f1o L\u00e1zaro. ESCUELA DE QUIROMASAJE Y TERAPIAS COMPLEMENTARIAS.TIENDA ONLINE","description":"Pack Superlative compuesto por:- Crema H&N Caviar Superlative- Gel Contorno Superlative- Cremigel Reafirmante Corporal Superlative","robots":{"index":"index","follow":"follow","max-snippet":"max-snippet:-1","max-image-preview":"max-image-preview:large","max-video-preview":"max-video-preview:-1"},"canonical":"https:\/\/margaritayeusebio.com\/tienda\/producto\/pack-superlative-crema-gel-contorno-cremigel\/","og_locale":"es_ES","og_type":"article","og_title":"PACK SUPERLATIVE (CREMA + GEL CONTORNO + CREMIGEL) - Centro de Belleza y Salud Margarita Ortu\u00f1o L\u00e1zaro. ESCUELA DE QUIROMASAJE Y TERAPIAS COMPLEMENTARIAS.TIENDA ONLINE","og_description":"Pack Superlative compuesto por:- Crema H&N Caviar Superlative- Gel Contorno Superlative- Cremigel Reafirmante Corporal Superlative","og_url":"https:\/\/margaritayeusebio.com\/tienda\/producto\/pack-superlative-crema-gel-contorno-cremigel\/","og_site_name":"Centro de Belleza y Salud Margarita Ortu\u00f1o L\u00e1zaro. ESCUELA DE QUIROMASAJE Y TERAPIAS COMPLEMENTARIAS.TIENDA ONLINE","article_modified_time":"2024-07-15T08:16:55+00:00","og_image":[{"width":1200,"height":1200,"url":"https:\/\/margaritayeusebio.com\/tienda\/wp-content\/uploads\/2024\/02\/pack-superlative.webp","type":"image\/webp"}],"twitter_card":"summary_large_image","twitter_misc":{"Tiempo de lectura":"1 minuto"},"schema":{"@context":"https:\/\/schema.org","@graph":[{"@type":"WebPage","@id":"https:\/\/margaritayeusebio.com\/tienda\/producto\/pack-superlative-crema-gel-contorno-cremigel\/","url":"https:\/\/margaritayeusebio.com\/tienda\/producto\/pack-superlative-crema-gel-contorno-cremigel\/","name":"PACK SUPERLATIVE (CREMA + GEL CONTORNO + CREMIGEL) - Centro de Belleza y Salud Margarita Ortu\u00f1o L\u00e1zaro. ESCUELA DE QUIROMASAJE Y TERAPIAS COMPLEMENTARIAS.TIENDA ONLINE","isPartOf":{"@id":"https:\/\/margaritayeusebio.com\/tienda\/#website"},"primaryImageOfPage":{"@id":"https:\/\/margaritayeusebio.com\/tienda\/producto\/pack-superlative-crema-gel-contorno-cremigel\/#primaryimage"},"image":{"@id":"https:\/\/margaritayeusebio.com\/tienda\/producto\/pack-superlative-crema-gel-contorno-cremigel\/#primaryimage"},"thumbnailUrl":"https:\/\/margaritayeusebio.com\/tienda\/wp-content\/uploads\/2024\/02\/pack-superlative.webp","datePublished":"2024-02-10T10:49:23+00:00","dateModified":"2024-07-15T08:16:55+00:00","description":"Pack Superlative compuesto por:- Crema H&N Caviar Superlative- Gel Contorno Superlative- Cremigel Reafirmante Corporal Superlative","breadcrumb":{"@id":"https:\/\/margaritayeusebio.com\/tienda\/producto\/pack-superlative-crema-gel-contorno-cremigel\/#breadcrumb"},"inLanguage":"es","potentialAction":[{"@type":"ReadAction","target":["https:\/\/margaritayeusebio.com\/tienda\/producto\/pack-superlative-crema-gel-contorno-cremigel\/"]}]},{"@type":"ImageObject","inLanguage":"es","@id":"https:\/\/margaritayeusebio.com\/tienda\/producto\/pack-superlative-crema-gel-contorno-cremigel\/#primaryimage","url":"https:\/\/margaritayeusebio.com\/tienda\/wp-content\/uploads\/2024\/02\/pack-superlative.webp","contentUrl":"https:\/\/margaritayeusebio.com\/tienda\/wp-content\/uploads\/2024\/02\/pack-superlative.webp","width":1200,"height":1200},{"@type":"BreadcrumbList","@id":"https:\/\/margaritayeusebio.com\/tienda\/producto\/pack-superlative-crema-gel-contorno-cremigel\/#breadcrumb","itemListElement":[{"@type":"ListItem","position":1,"name":"Portada","item":"https:\/\/margaritayeusebio.com\/tienda\/pagina-de-inicio-2\/"},{"@type":"ListItem","position":2,"name":"Tienda","item":"https:\/\/margaritayeusebio.com\/tienda\/"},{"@type":"ListItem","position":3,"name":"PACK SUPERLATIVE (CREMA + GEL CONTORNO + CREMIGEL)"}]},{"@type":"WebSite","@id":"https:\/\/margaritayeusebio.com\/tienda\/#website","url":"https:\/\/margaritayeusebio.com\/tienda\/","name":"Centro de Belleza y Salud Margarita Ortu\u00f1o L\u00e1zaro. ESCUELA DE QUIROMASAJE Y TERAPIAS COMPLEMENTARIAS.TIENDA ONLINE","description":"Quiromasaje-Osteopatia, Acupuntura, Herbolario, Fitoterapia, Oligoelementos, Productos Belleza,","publisher":{"@id":"https:\/\/margaritayeusebio.com\/tienda\/#organization"},"potentialAction":[{"@type":"SearchAction","target":{"@type":"EntryPoint","urlTemplate":"https:\/\/margaritayeusebio.com\/tienda\/?s={search_term_string}"},"query-input":{"@type":"PropertyValueSpecification","valueRequired":true,"valueName":"search_term_string"}}],"inLanguage":"es"},{"@type":"Organization","@id":"https:\/\/margaritayeusebio.com\/tienda\/#organization","name":"Centro de Belleza y Salud Margarita Ortu\u00f1o L\u00e1zaro. ESCUELA DE QUIROMASAJE Y TERAPIAS COMPLEMENTARIAS.TIENDA ONLINE","url":"https:\/\/margaritayeusebio.com\/tienda\/","logo":{"@type":"ImageObject","inLanguage":"es","@id":"https:\/\/margaritayeusebio.com\/tienda\/#\/schema\/logo\/image\/","url":"https:\/\/margaritayeusebio.com\/tienda\/wp-content\/uploads\/2021\/12\/anagrama-conjunto-escuela-y-centro.jpg","contentUrl":"https:\/\/margaritayeusebio.com\/tienda\/wp-content\/uploads\/2021\/12\/anagrama-conjunto-escuela-y-centro.jpg","width":363,"height":302,"caption":"Centro de Belleza y Salud Margarita Ortu\u00f1o L\u00e1zaro. ESCUELA DE QUIROMASAJE Y TERAPIAS COMPLEMENTARIAS.TIENDA ONLINE"},"image":{"@id":"https:\/\/margaritayeusebio.com\/tienda\/#\/schema\/logo\/image\/"}}]}},"jetpack_sharing_enabled":true,"_links":{"self":[{"href":"https:\/\/margaritayeusebio.com\/tienda\/wp-json\/wp\/v2\/product\/323","targetHints":{"allow":["GET"]}}],"collection":[{"href":"https:\/\/margaritayeusebio.com\/tienda\/wp-json\/wp\/v2\/product"}],"about":[{"href":"https:\/\/margaritayeusebio.com\/tienda\/wp-json\/wp\/v2\/types\/product"}],"replies":[{"embeddable":true,"href":"https:\/\/margaritayeusebio.com\/tienda\/wp-json\/wp\/v2\/comments?post=323"}],"wp:featuredmedia":[{"embeddable":true,"href":"https:\/\/margaritayeusebio.com\/tienda\/wp-json\/wp\/v2\/media\/328"}],"wp:attachment":[{"href":"https:\/\/margaritayeusebio.com\/tienda\/wp-json\/wp\/v2\/media?parent=323"}],"wp:term":[{"taxonomy":"product_brand","embeddable":true,"href":"https:\/\/margaritayeusebio.com\/tienda\/wp-json\/wp\/v2\/product_brand?post=323"},{"taxonomy":"product_cat","embeddable":true,"href":"https:\/\/margaritayeusebio.com\/tienda\/wp-json\/wp\/v2\/product_cat?post=323"},{"taxonomy":"product_tag","embeddable":true,"href":"https:\/\/margaritayeusebio.com\/tienda\/wp-json\/wp\/v2\/product_tag?post=323"}],"curies":[{"name":"wp","href":"https:\/\/api.w.org\/{rel}","templated":true}]}}