{"id":319,"date":"2024-02-10T11:05:31","date_gmt":"2024-02-10T10:05:31","guid":{"rendered":"https:\/\/margaritayeusebio.com\/tienda\/?post_type=product&#038;p=319"},"modified":"2024-02-10T11:05:32","modified_gmt":"2024-02-10T10:05:32","slug":"cremigel-reafirmante-corporal-superlative","status":"publish","type":"product","link":"https:\/\/margaritayeusebio.com\/tienda\/producto\/cremigel-reafirmante-corporal-superlative\/","title":{"rendered":"CREMIGEL REAFIRMANTE CORPORAL SUPERLATIVE"},"content":{"rendered":"<p>Tratamiento espec\u00edfico reafirmante corporal. Enriquecido con:\u00a0<b>Amino-Glyco Caviar, \u00c1cido Hialur\u00f3nico, Col\u00e1geno, Gluc\u00f3geno, Aceite de Aguacate, Aceite de Almendras, 40% de Jugo de Aloe Vera, Vitaminas A, D y E.<\/b><\/p>\n<p>Cosm\u00e9tica de alta calidad para tu belleza<\/p>\n<p><strong>ENRIQUECIDO CON:<br \/>\n<\/strong><\/p>\n<ul>\n<li><strong>Amino-Glyco Kviar:<\/strong>\u00a0Principio activo natural y marino que aportar\u00e1 a tu dermis regeneraci\u00f3n, reparaci\u00f3n, hidrataci\u00f3n y nutrici\u00f3n.<\/li>\n<li><strong>\u00c1cido hialur\u00f3nico:<\/strong>\u00a0Nuestro cuerpo disminuye su producci\u00f3n entre los 25 y los 30 a\u00f1os, por eso es necesario aumentar su consumo. Aporta grandes dosis de hidrataci\u00f3n a la piel, adem\u00e1s de darle un aspecto m\u00e1s terso y ayudar a rellenar arrugas y l\u00edneas de expresi\u00f3n.<\/li>\n<li><strong>Vitamina A:<\/strong>\u00a0Mejora la elasticidad de la piel, regenera la piel envejecida prematuramente y mejora la producci\u00f3n de col\u00e1geno, por lo tanto contribuye a tener una piel firme suave y uniforme.<\/li>\n<li><strong>Vitamina D:<\/strong>\u00a0Regula el sistema inmune cut\u00e1neo y la proliferaci\u00f3n cut\u00e1nea.<\/li>\n<li><strong>Vitamina E:<\/strong>\u00a0Antioxidante ,bloquea los radicales libres frenando el proceso de envejecimiento y la generaci\u00f3n de arrugas.<\/li>\n<li><strong>Col\u00e1geno:<\/strong>\u00a0Nuestro cuerpo disminuye su producci\u00f3n entre los 25 y los 30 a\u00f1os por eso es necesario aumentar su consumo. Reafirma, tensa, regenera y mantiene la piel el\u00e1stica.<\/li>\n<li><strong>Aceite de aguacate:<\/strong>\u00a0Rico en Vitaminas A, B, C, D, E, H, K y PP, \u00e1cidos grasos, prote\u00ednas y minerales. Act\u00faa contra el envejecimiento por su gran contenido en vitaminas, hidrata, regenera y aporta elasticidad a la dermis.<\/li>\n<li><strong>Aceite de Almendras:\u00a0<\/strong>Rico en vitaminas sobre todo del grupo B, minerales esenciales (zinc, hierro, calcio, magnesio, f\u00f3sforo y potasio), prote\u00ednas y \u00e1cidos grasos beneficiosos para la piel. Desinflama y calma las irritaciones cut\u00e1neas, hidrata y suaviza.<\/li>\n<li><strong>Amino\u00e1cidos:<\/strong>\u00a0Esenciales para la reconstrucci\u00f3n del factor de hidrataci\u00f3n. Con este principio activo ayudamos a incrementar la hidrataci\u00f3n de la dermis.<\/li>\n<li><strong>Omega3:<\/strong>\u00a0Son \u00e1cidos grasos esenciales que proporcionan elasticidad, nutrici\u00f3n y luminosidad. Adem\u00e1s detienen el envejecimiento prematuro.<\/li>\n<li><strong>Aloe Vera:<\/strong>\u00a0Aporta propiedades emolientes las cuales suavizan una zona seca o da\u00f1ada por los agentes externos y regeneran la dermis.<\/li>\n<\/ul>\n<p><strong>MODO DE EMPLEO:<\/strong><\/p>\n<p>Se puede utilizar en todo el cuerpo, cuello y senos como reafirmante. Al igual que la Crema H&amp;N Caviar, se obtiene un mejor resultado utiliz\u00e1ndolo todos los d\u00edas por la noche. Tambi\u00e9n lo pueden utilizar en la cara las personas con piel muy seca.<\/p>\n","protected":false},"excerpt":{"rendered":"<p>Tratamiento espec\u00edfico reafirmante corporal. Enriquecido con:\u00a0<b>Amino-Glyco Caviar, \u00c1cido Hialur\u00f3nico, Col\u00e1geno, Gluc\u00f3geno, Aceite de Aguacate, Aceite de Almendras, 40% de Jugo de Aloe Vera, Vitaminas A, D y E.<\/b><\/p>\n","protected":false},"featured_media":320,"comment_status":"open","ping_status":"closed","template":"","meta":[],"product_brand":[],"product_cat":[172,105],"product_tag":[192,195,196,183,182,184,194,185,197,193],"class_list":{"0":"post-319","1":"product","2":"type-product","3":"status-publish","4":"has-post-thumbnail","6":"product_cat-cremas-y-aceites","7":"product_cat-exialoe-productos","8":"product_tag-40-de-jugo-de-aloe-vera","9":"product_tag-aceite-de-aguacate","10":"product_tag-aceite-de-almendras","11":"product_tag-acido-hialuronico","12":"product_tag-amino-glyco-caviar","13":"product_tag-colageno","14":"product_tag-d-y-e","15":"product_tag-glucogeno","16":"product_tag-tratamiento-especifico-reafirmante-corporal","17":"product_tag-vitaminas-a","18":"entry","20":"first","21":"instock","22":"sale","23":"taxable","24":"shipping-taxable","25":"purchasable","26":"product-type-simple"},"yoast_head":"<!-- This site is optimized with the Yoast SEO plugin v27.4 - https:\/\/yoast.com\/product\/yoast-seo-wordpress\/ -->\n<title>CREMIGEL REAFIRMANTE CORPORAL SUPERLATIVE - Centro de Belleza y Salud Margarita Ortu\u00f1o L\u00e1zaro. ESCUELA DE QUIROMASAJE Y TERAPIAS COMPLEMENTARIAS.TIENDA ONLINE<\/title>\n<meta name=\"description\" content=\"Tratamiento espec\u00edfico reafirmante corporal. Enriquecido con:\u00a0Amino-Glyco Caviar, \u00c1cido Hialur\u00f3nico, Col\u00e1geno, Gluc\u00f3geno, Aceite de Aguacate, Aceite de Almendras, 40% de Jugo de Aloe Vera, Vitaminas A, D y E.\" \/>\n<meta name=\"robots\" content=\"index, follow, max-snippet:-1, max-image-preview:large, max-video-preview:-1\" \/>\n<link rel=\"canonical\" href=\"https:\/\/margaritayeusebio.com\/tienda\/producto\/cremigel-reafirmante-corporal-superlative\/\" \/>\n<meta property=\"og:locale\" content=\"es_ES\" \/>\n<meta property=\"og:type\" content=\"article\" \/>\n<meta property=\"og:title\" content=\"CREMIGEL REAFIRMANTE CORPORAL SUPERLATIVE - Centro de Belleza y Salud Margarita Ortu\u00f1o L\u00e1zaro. ESCUELA DE QUIROMASAJE Y TERAPIAS COMPLEMENTARIAS.TIENDA ONLINE\" \/>\n<meta property=\"og:description\" content=\"Tratamiento espec\u00edfico reafirmante corporal. Enriquecido con:\u00a0Amino-Glyco Caviar, \u00c1cido Hialur\u00f3nico, Col\u00e1geno, Gluc\u00f3geno, Aceite de Aguacate, Aceite de Almendras, 40% de Jugo de Aloe Vera, Vitaminas A, D y E.\" \/>\n<meta property=\"og:url\" content=\"https:\/\/margaritayeusebio.com\/tienda\/producto\/cremigel-reafirmante-corporal-superlative\/\" \/>\n<meta property=\"og:site_name\" content=\"Centro de Belleza y Salud Margarita Ortu\u00f1o L\u00e1zaro. ESCUELA DE QUIROMASAJE Y TERAPIAS COMPLEMENTARIAS.TIENDA ONLINE\" \/>\n<meta property=\"article:modified_time\" content=\"2024-02-10T10:05:32+00:00\" \/>\n<meta property=\"og:image\" content=\"https:\/\/margaritayeusebio.com\/tienda\/wp-content\/uploads\/2024\/02\/cremigel-refirmante-corporal-superlative.webp\" \/>\n\t<meta property=\"og:image:width\" content=\"1200\" \/>\n\t<meta property=\"og:image:height\" content=\"1200\" \/>\n\t<meta property=\"og:image:type\" content=\"image\/webp\" \/>\n<meta name=\"twitter:card\" content=\"summary_large_image\" \/>\n<meta name=\"twitter:label1\" content=\"Tiempo de lectura\" \/>\n\t<meta name=\"twitter:data1\" content=\"2 minutos\" \/>\n<script type=\"application\/ld+json\" class=\"yoast-schema-graph\">{\"@context\":\"https:\\\/\\\/schema.org\",\"@graph\":[{\"@type\":\"WebPage\",\"@id\":\"https:\\\/\\\/margaritayeusebio.com\\\/tienda\\\/producto\\\/cremigel-reafirmante-corporal-superlative\\\/\",\"url\":\"https:\\\/\\\/margaritayeusebio.com\\\/tienda\\\/producto\\\/cremigel-reafirmante-corporal-superlative\\\/\",\"name\":\"CREMIGEL REAFIRMANTE CORPORAL SUPERLATIVE - Centro de Belleza y Salud Margarita Ortu\u00f1o L\u00e1zaro. ESCUELA DE QUIROMASAJE Y TERAPIAS COMPLEMENTARIAS.TIENDA ONLINE\",\"isPartOf\":{\"@id\":\"https:\\\/\\\/margaritayeusebio.com\\\/tienda\\\/#website\"},\"primaryImageOfPage\":{\"@id\":\"https:\\\/\\\/margaritayeusebio.com\\\/tienda\\\/producto\\\/cremigel-reafirmante-corporal-superlative\\\/#primaryimage\"},\"image\":{\"@id\":\"https:\\\/\\\/margaritayeusebio.com\\\/tienda\\\/producto\\\/cremigel-reafirmante-corporal-superlative\\\/#primaryimage\"},\"thumbnailUrl\":\"https:\\\/\\\/margaritayeusebio.com\\\/tienda\\\/wp-content\\\/uploads\\\/2024\\\/02\\\/cremigel-refirmante-corporal-superlative.webp\",\"datePublished\":\"2024-02-10T10:05:31+00:00\",\"dateModified\":\"2024-02-10T10:05:32+00:00\",\"description\":\"Tratamiento espec\u00edfico reafirmante corporal. Enriquecido con:\u00a0Amino-Glyco Caviar, \u00c1cido Hialur\u00f3nico, Col\u00e1geno, Gluc\u00f3geno, Aceite de Aguacate, Aceite de Almendras, 40% de Jugo de Aloe Vera, Vitaminas A, D y E.\",\"breadcrumb\":{\"@id\":\"https:\\\/\\\/margaritayeusebio.com\\\/tienda\\\/producto\\\/cremigel-reafirmante-corporal-superlative\\\/#breadcrumb\"},\"inLanguage\":\"es\",\"potentialAction\":[{\"@type\":\"ReadAction\",\"target\":[\"https:\\\/\\\/margaritayeusebio.com\\\/tienda\\\/producto\\\/cremigel-reafirmante-corporal-superlative\\\/\"]}]},{\"@type\":\"ImageObject\",\"inLanguage\":\"es\",\"@id\":\"https:\\\/\\\/margaritayeusebio.com\\\/tienda\\\/producto\\\/cremigel-reafirmante-corporal-superlative\\\/#primaryimage\",\"url\":\"https:\\\/\\\/margaritayeusebio.com\\\/tienda\\\/wp-content\\\/uploads\\\/2024\\\/02\\\/cremigel-refirmante-corporal-superlative.webp\",\"contentUrl\":\"https:\\\/\\\/margaritayeusebio.com\\\/tienda\\\/wp-content\\\/uploads\\\/2024\\\/02\\\/cremigel-refirmante-corporal-superlative.webp\",\"width\":1200,\"height\":1200},{\"@type\":\"BreadcrumbList\",\"@id\":\"https:\\\/\\\/margaritayeusebio.com\\\/tienda\\\/producto\\\/cremigel-reafirmante-corporal-superlative\\\/#breadcrumb\",\"itemListElement\":[{\"@type\":\"ListItem\",\"position\":1,\"name\":\"Portada\",\"item\":\"https:\\\/\\\/margaritayeusebio.com\\\/tienda\\\/pagina-de-inicio-2\\\/\"},{\"@type\":\"ListItem\",\"position\":2,\"name\":\"Tienda\",\"item\":\"https:\\\/\\\/margaritayeusebio.com\\\/tienda\\\/\"},{\"@type\":\"ListItem\",\"position\":3,\"name\":\"CREMIGEL REAFIRMANTE CORPORAL SUPERLATIVE\"}]},{\"@type\":\"WebSite\",\"@id\":\"https:\\\/\\\/margaritayeusebio.com\\\/tienda\\\/#website\",\"url\":\"https:\\\/\\\/margaritayeusebio.com\\\/tienda\\\/\",\"name\":\"Centro de Belleza y Salud Margarita Ortu\u00f1o L\u00e1zaro. ESCUELA DE QUIROMASAJE Y TERAPIAS COMPLEMENTARIAS.TIENDA ONLINE\",\"description\":\"Quiromasaje-Osteopatia, Acupuntura, Herbolario, Fitoterapia, Oligoelementos, Productos Belleza,\",\"publisher\":{\"@id\":\"https:\\\/\\\/margaritayeusebio.com\\\/tienda\\\/#organization\"},\"potentialAction\":[{\"@type\":\"SearchAction\",\"target\":{\"@type\":\"EntryPoint\",\"urlTemplate\":\"https:\\\/\\\/margaritayeusebio.com\\\/tienda\\\/?s={search_term_string}\"},\"query-input\":{\"@type\":\"PropertyValueSpecification\",\"valueRequired\":true,\"valueName\":\"search_term_string\"}}],\"inLanguage\":\"es\"},{\"@type\":\"Organization\",\"@id\":\"https:\\\/\\\/margaritayeusebio.com\\\/tienda\\\/#organization\",\"name\":\"Centro de Belleza y Salud Margarita Ortu\u00f1o L\u00e1zaro. ESCUELA DE QUIROMASAJE Y TERAPIAS COMPLEMENTARIAS.TIENDA ONLINE\",\"url\":\"https:\\\/\\\/margaritayeusebio.com\\\/tienda\\\/\",\"logo\":{\"@type\":\"ImageObject\",\"inLanguage\":\"es\",\"@id\":\"https:\\\/\\\/margaritayeusebio.com\\\/tienda\\\/#\\\/schema\\\/logo\\\/image\\\/\",\"url\":\"https:\\\/\\\/margaritayeusebio.com\\\/tienda\\\/wp-content\\\/uploads\\\/2021\\\/12\\\/anagrama-conjunto-escuela-y-centro.jpg\",\"contentUrl\":\"https:\\\/\\\/margaritayeusebio.com\\\/tienda\\\/wp-content\\\/uploads\\\/2021\\\/12\\\/anagrama-conjunto-escuela-y-centro.jpg\",\"width\":363,\"height\":302,\"caption\":\"Centro de Belleza y Salud Margarita Ortu\u00f1o L\u00e1zaro. ESCUELA DE QUIROMASAJE Y TERAPIAS COMPLEMENTARIAS.TIENDA ONLINE\"},\"image\":{\"@id\":\"https:\\\/\\\/margaritayeusebio.com\\\/tienda\\\/#\\\/schema\\\/logo\\\/image\\\/\"}}]}<\/script>\n<!-- \/ Yoast SEO plugin. -->","yoast_head_json":{"title":"CREMIGEL REAFIRMANTE CORPORAL SUPERLATIVE - Centro de Belleza y Salud Margarita Ortu\u00f1o L\u00e1zaro. ESCUELA DE QUIROMASAJE Y TERAPIAS COMPLEMENTARIAS.TIENDA ONLINE","description":"Tratamiento espec\u00edfico reafirmante corporal. Enriquecido con:\u00a0Amino-Glyco Caviar, \u00c1cido Hialur\u00f3nico, Col\u00e1geno, Gluc\u00f3geno, Aceite de Aguacate, Aceite de Almendras, 40% de Jugo de Aloe Vera, Vitaminas A, D y E.","robots":{"index":"index","follow":"follow","max-snippet":"max-snippet:-1","max-image-preview":"max-image-preview:large","max-video-preview":"max-video-preview:-1"},"canonical":"https:\/\/margaritayeusebio.com\/tienda\/producto\/cremigel-reafirmante-corporal-superlative\/","og_locale":"es_ES","og_type":"article","og_title":"CREMIGEL REAFIRMANTE CORPORAL SUPERLATIVE - Centro de Belleza y Salud Margarita Ortu\u00f1o L\u00e1zaro. ESCUELA DE QUIROMASAJE Y TERAPIAS COMPLEMENTARIAS.TIENDA ONLINE","og_description":"Tratamiento espec\u00edfico reafirmante corporal. Enriquecido con:\u00a0Amino-Glyco Caviar, \u00c1cido Hialur\u00f3nico, Col\u00e1geno, Gluc\u00f3geno, Aceite de Aguacate, Aceite de Almendras, 40% de Jugo de Aloe Vera, Vitaminas A, D y E.","og_url":"https:\/\/margaritayeusebio.com\/tienda\/producto\/cremigel-reafirmante-corporal-superlative\/","og_site_name":"Centro de Belleza y Salud Margarita Ortu\u00f1o L\u00e1zaro. ESCUELA DE QUIROMASAJE Y TERAPIAS COMPLEMENTARIAS.TIENDA ONLINE","article_modified_time":"2024-02-10T10:05:32+00:00","og_image":[{"width":1200,"height":1200,"url":"https:\/\/margaritayeusebio.com\/tienda\/wp-content\/uploads\/2024\/02\/cremigel-refirmante-corporal-superlative.webp","type":"image\/webp"}],"twitter_card":"summary_large_image","twitter_misc":{"Tiempo de lectura":"2 minutos"},"schema":{"@context":"https:\/\/schema.org","@graph":[{"@type":"WebPage","@id":"https:\/\/margaritayeusebio.com\/tienda\/producto\/cremigel-reafirmante-corporal-superlative\/","url":"https:\/\/margaritayeusebio.com\/tienda\/producto\/cremigel-reafirmante-corporal-superlative\/","name":"CREMIGEL REAFIRMANTE CORPORAL SUPERLATIVE - Centro de Belleza y Salud Margarita Ortu\u00f1o L\u00e1zaro. ESCUELA DE QUIROMASAJE Y TERAPIAS COMPLEMENTARIAS.TIENDA ONLINE","isPartOf":{"@id":"https:\/\/margaritayeusebio.com\/tienda\/#website"},"primaryImageOfPage":{"@id":"https:\/\/margaritayeusebio.com\/tienda\/producto\/cremigel-reafirmante-corporal-superlative\/#primaryimage"},"image":{"@id":"https:\/\/margaritayeusebio.com\/tienda\/producto\/cremigel-reafirmante-corporal-superlative\/#primaryimage"},"thumbnailUrl":"https:\/\/margaritayeusebio.com\/tienda\/wp-content\/uploads\/2024\/02\/cremigel-refirmante-corporal-superlative.webp","datePublished":"2024-02-10T10:05:31+00:00","dateModified":"2024-02-10T10:05:32+00:00","description":"Tratamiento espec\u00edfico reafirmante corporal. Enriquecido con:\u00a0Amino-Glyco Caviar, \u00c1cido Hialur\u00f3nico, Col\u00e1geno, Gluc\u00f3geno, Aceite de Aguacate, Aceite de Almendras, 40% de Jugo de Aloe Vera, Vitaminas A, D y E.","breadcrumb":{"@id":"https:\/\/margaritayeusebio.com\/tienda\/producto\/cremigel-reafirmante-corporal-superlative\/#breadcrumb"},"inLanguage":"es","potentialAction":[{"@type":"ReadAction","target":["https:\/\/margaritayeusebio.com\/tienda\/producto\/cremigel-reafirmante-corporal-superlative\/"]}]},{"@type":"ImageObject","inLanguage":"es","@id":"https:\/\/margaritayeusebio.com\/tienda\/producto\/cremigel-reafirmante-corporal-superlative\/#primaryimage","url":"https:\/\/margaritayeusebio.com\/tienda\/wp-content\/uploads\/2024\/02\/cremigel-refirmante-corporal-superlative.webp","contentUrl":"https:\/\/margaritayeusebio.com\/tienda\/wp-content\/uploads\/2024\/02\/cremigel-refirmante-corporal-superlative.webp","width":1200,"height":1200},{"@type":"BreadcrumbList","@id":"https:\/\/margaritayeusebio.com\/tienda\/producto\/cremigel-reafirmante-corporal-superlative\/#breadcrumb","itemListElement":[{"@type":"ListItem","position":1,"name":"Portada","item":"https:\/\/margaritayeusebio.com\/tienda\/pagina-de-inicio-2\/"},{"@type":"ListItem","position":2,"name":"Tienda","item":"https:\/\/margaritayeusebio.com\/tienda\/"},{"@type":"ListItem","position":3,"name":"CREMIGEL REAFIRMANTE CORPORAL SUPERLATIVE"}]},{"@type":"WebSite","@id":"https:\/\/margaritayeusebio.com\/tienda\/#website","url":"https:\/\/margaritayeusebio.com\/tienda\/","name":"Centro de Belleza y Salud Margarita Ortu\u00f1o L\u00e1zaro. ESCUELA DE QUIROMASAJE Y TERAPIAS COMPLEMENTARIAS.TIENDA ONLINE","description":"Quiromasaje-Osteopatia, Acupuntura, Herbolario, Fitoterapia, Oligoelementos, Productos Belleza,","publisher":{"@id":"https:\/\/margaritayeusebio.com\/tienda\/#organization"},"potentialAction":[{"@type":"SearchAction","target":{"@type":"EntryPoint","urlTemplate":"https:\/\/margaritayeusebio.com\/tienda\/?s={search_term_string}"},"query-input":{"@type":"PropertyValueSpecification","valueRequired":true,"valueName":"search_term_string"}}],"inLanguage":"es"},{"@type":"Organization","@id":"https:\/\/margaritayeusebio.com\/tienda\/#organization","name":"Centro de Belleza y Salud Margarita Ortu\u00f1o L\u00e1zaro. ESCUELA DE QUIROMASAJE Y TERAPIAS COMPLEMENTARIAS.TIENDA ONLINE","url":"https:\/\/margaritayeusebio.com\/tienda\/","logo":{"@type":"ImageObject","inLanguage":"es","@id":"https:\/\/margaritayeusebio.com\/tienda\/#\/schema\/logo\/image\/","url":"https:\/\/margaritayeusebio.com\/tienda\/wp-content\/uploads\/2021\/12\/anagrama-conjunto-escuela-y-centro.jpg","contentUrl":"https:\/\/margaritayeusebio.com\/tienda\/wp-content\/uploads\/2021\/12\/anagrama-conjunto-escuela-y-centro.jpg","width":363,"height":302,"caption":"Centro de Belleza y Salud Margarita Ortu\u00f1o L\u00e1zaro. ESCUELA DE QUIROMASAJE Y TERAPIAS COMPLEMENTARIAS.TIENDA ONLINE"},"image":{"@id":"https:\/\/margaritayeusebio.com\/tienda\/#\/schema\/logo\/image\/"}}]}},"jetpack_sharing_enabled":true,"_links":{"self":[{"href":"https:\/\/margaritayeusebio.com\/tienda\/wp-json\/wp\/v2\/product\/319","targetHints":{"allow":["GET"]}}],"collection":[{"href":"https:\/\/margaritayeusebio.com\/tienda\/wp-json\/wp\/v2\/product"}],"about":[{"href":"https:\/\/margaritayeusebio.com\/tienda\/wp-json\/wp\/v2\/types\/product"}],"replies":[{"embeddable":true,"href":"https:\/\/margaritayeusebio.com\/tienda\/wp-json\/wp\/v2\/comments?post=319"}],"wp:featuredmedia":[{"embeddable":true,"href":"https:\/\/margaritayeusebio.com\/tienda\/wp-json\/wp\/v2\/media\/320"}],"wp:attachment":[{"href":"https:\/\/margaritayeusebio.com\/tienda\/wp-json\/wp\/v2\/media?parent=319"}],"wp:term":[{"taxonomy":"product_brand","embeddable":true,"href":"https:\/\/margaritayeusebio.com\/tienda\/wp-json\/wp\/v2\/product_brand?post=319"},{"taxonomy":"product_cat","embeddable":true,"href":"https:\/\/margaritayeusebio.com\/tienda\/wp-json\/wp\/v2\/product_cat?post=319"},{"taxonomy":"product_tag","embeddable":true,"href":"https:\/\/margaritayeusebio.com\/tienda\/wp-json\/wp\/v2\/product_tag?post=319"}],"curies":[{"name":"wp","href":"https:\/\/api.w.org\/{rel}","templated":true}]}}