{"id":270,"date":"2023-05-16T11:22:49","date_gmt":"2023-05-16T09:22:49","guid":{"rendered":"https:\/\/margaritayeusebio.com\/tienda\/?post_type=product&#038;p=270"},"modified":"2023-05-19T16:16:32","modified_gmt":"2023-05-19T14:16:32","slug":"aceite-solido-para-masaje-relajante","status":"publish","type":"product","link":"https:\/\/margaritayeusebio.com\/tienda\/producto\/aceite-solido-para-masaje-relajante\/","title":{"rendered":"ACEITE SOLIDO PARA MASAJE RELAJANTE"},"content":{"rendered":"<p>ACEITE SOLIDO PARA MASAJE RELAJANTE<\/p>\n<p>MASAJE ANALG\u00c9SICO Y MASAJE ANTIINFLAMATORIO.<br \/>\nPRODUCTO DE ORIGEN NATURAL<\/p>\n<p>Cuida tus m\u00fasculos antes y despu\u00e9s del entrenamiento.<br \/>\nPreviene lesiones y cuida la estructura muscular de tu cuerpo.<br \/>\nPara masaje en molestias musculares.<br \/>\nReduce los efectos de las agujetas y relaja las zonas contracturadas.<br \/>\nComposici\u00f3n s\u00f3lida a temperatura ambiente que en contacto con la<br \/>\npiel, se convierte en un aceite de gran extensibilidad y capacidad de<br \/>\ndeslizamiento siendo uno de los mejores productos de masaje.<br \/>\nCuida cualquier tipo de piel, incluso las no depiladas, protegiendo las manos.<br \/>\nCon Extracto de Harpagofito, Extracto de Ulmaria, Extracto de Sauce y<br \/>\nVitamina E.<br \/>\nMASAJE ANALG\u00c9SICO Y MASAJE ANTIINFLAMATORIO.<br \/>\nPRODUCTO DE ORIGEN NATURAL.<br \/>\nFormatos:<br \/>\n500 ml \u2013 17,6 fl oz \/ EAN13: 8437000393313<br \/>\n1000 ml \u2013 35,2 fl oz \/ EAN13: 8437000393320<br \/>\nSIEMPRE PENSANDO EN TU SALUD.<br \/>\nSin parabenos<br \/>\nSin gluten<br \/>\nSin colorante<\/p>\n","protected":false},"excerpt":{"rendered":"<p>ACEITE SOLIDO PARA MASAJE RELAJANTE<\/p>\n<p>MASAJE ANALG\u00c9SICO Y MASAJE ANTIINFLAMATORIO.<br \/>\nPRODUCTO DE ORIGEN NATURAL<\/p>\n<p>Cuida tus m\u00fasculos antes y despu\u00e9s del entrenamiento.<br \/>\nPreviene lesiones y cuida la estructura muscular de tu cuerpo.<br \/>\nPara masaje en molestias musculares.<\/p>\n","protected":false},"featured_media":273,"comment_status":"open","ping_status":"closed","template":"","meta":[],"product_brand":[],"product_cat":[172],"product_tag":[176,174,173,175],"class_list":{"0":"post-270","1":"product","2":"type-product","3":"status-publish","4":"has-post-thumbnail","6":"product_cat-cremas-y-aceites","7":"product_tag-aceite-natural-para-masajee","8":"product_tag-aceite-para-masaje","9":"product_tag-aceite-solido","10":"product_tag-comprar-aceite-profesional-de-masaje","11":"entry","13":"first","14":"instock","15":"taxable","16":"shipping-taxable","17":"purchasable","18":"product-type-simple"},"yoast_head":"<!-- This site is optimized with the Yoast SEO plugin v27.4 - https:\/\/yoast.com\/product\/yoast-seo-wordpress\/ -->\n<title>ACEITE SOLIDO PARA MASAJE RELAJANTE - Centro de Belleza y Salud Margarita Ortu\u00f1o L\u00e1zaro. ESCUELA DE QUIROMASAJE Y TERAPIAS COMPLEMENTARIAS.TIENDA ONLINE<\/title>\n<meta name=\"description\" content=\"ACEITE SOLIDO PARA MASAJE RELAJANTE MASAJE ANALG\u00c9SICO Y MASAJE ANTIINFLAMATORIO. PRODUCTO DE ORIGEN NATURAL Cuida tus m\u00fasculos antes y despu\u00e9s del entrenamiento. Previene lesiones y cuida la estructura muscular de tu cuerpo. Para masaje en molestias musculares.\" \/>\n<meta name=\"robots\" content=\"index, follow, max-snippet:-1, max-image-preview:large, max-video-preview:-1\" \/>\n<link rel=\"canonical\" href=\"https:\/\/margaritayeusebio.com\/tienda\/producto\/aceite-solido-para-masaje-relajante\/\" \/>\n<meta property=\"og:locale\" content=\"es_ES\" \/>\n<meta property=\"og:type\" content=\"article\" \/>\n<meta property=\"og:title\" content=\"ACEITE SOLIDO PARA MASAJE RELAJANTE - Centro de Belleza y Salud Margarita Ortu\u00f1o L\u00e1zaro. ESCUELA DE QUIROMASAJE Y TERAPIAS COMPLEMENTARIAS.TIENDA ONLINE\" \/>\n<meta property=\"og:description\" content=\"ACEITE SOLIDO PARA MASAJE RELAJANTE MASAJE ANALG\u00c9SICO Y MASAJE ANTIINFLAMATORIO. PRODUCTO DE ORIGEN NATURAL Cuida tus m\u00fasculos antes y despu\u00e9s del entrenamiento. Previene lesiones y cuida la estructura muscular de tu cuerpo. Para masaje en molestias musculares.\" \/>\n<meta property=\"og:url\" content=\"https:\/\/margaritayeusebio.com\/tienda\/producto\/aceite-solido-para-masaje-relajante\/\" \/>\n<meta property=\"og:site_name\" content=\"Centro de Belleza y Salud Margarita Ortu\u00f1o L\u00e1zaro. ESCUELA DE QUIROMASAJE Y TERAPIAS COMPLEMENTARIAS.TIENDA ONLINE\" \/>\n<meta property=\"article:modified_time\" content=\"2023-05-19T14:16:32+00:00\" \/>\n<meta name=\"twitter:card\" content=\"summary_large_image\" \/>\n<meta name=\"twitter:label1\" content=\"Tiempo de lectura\" \/>\n\t<meta name=\"twitter:data1\" content=\"1 minuto\" \/>\n<script type=\"application\/ld+json\" class=\"yoast-schema-graph\">{\"@context\":\"https:\\\/\\\/schema.org\",\"@graph\":[{\"@type\":\"WebPage\",\"@id\":\"https:\\\/\\\/margaritayeusebio.com\\\/tienda\\\/producto\\\/aceite-solido-para-masaje-relajante\\\/\",\"url\":\"https:\\\/\\\/margaritayeusebio.com\\\/tienda\\\/producto\\\/aceite-solido-para-masaje-relajante\\\/\",\"name\":\"ACEITE SOLIDO PARA MASAJE RELAJANTE - Centro de Belleza y Salud Margarita Ortu\u00f1o L\u00e1zaro. ESCUELA DE QUIROMASAJE Y TERAPIAS COMPLEMENTARIAS.TIENDA ONLINE\",\"isPartOf\":{\"@id\":\"https:\\\/\\\/margaritayeusebio.com\\\/tienda\\\/#website\"},\"primaryImageOfPage\":{\"@id\":\"https:\\\/\\\/margaritayeusebio.com\\\/tienda\\\/producto\\\/aceite-solido-para-masaje-relajante\\\/#primaryimage\"},\"image\":{\"@id\":\"https:\\\/\\\/margaritayeusebio.com\\\/tienda\\\/producto\\\/aceite-solido-para-masaje-relajante\\\/#primaryimage\"},\"thumbnailUrl\":\"https:\\\/\\\/margaritayeusebio.com\\\/tienda\\\/wp-content\\\/uploads\\\/2023\\\/05\\\/DR_Hoja_Vendedor_A.Masaje_Relajante-imagen-1-pdf.jpg\",\"datePublished\":\"2023-05-16T09:22:49+00:00\",\"dateModified\":\"2023-05-19T14:16:32+00:00\",\"description\":\"ACEITE SOLIDO PARA MASAJE RELAJANTE MASAJE ANALG\u00c9SICO Y MASAJE ANTIINFLAMATORIO. PRODUCTO DE ORIGEN NATURAL Cuida tus m\u00fasculos antes y despu\u00e9s del entrenamiento. Previene lesiones y cuida la estructura muscular de tu cuerpo. Para masaje en molestias musculares.\",\"breadcrumb\":{\"@id\":\"https:\\\/\\\/margaritayeusebio.com\\\/tienda\\\/producto\\\/aceite-solido-para-masaje-relajante\\\/#breadcrumb\"},\"inLanguage\":\"es\",\"potentialAction\":[{\"@type\":\"ReadAction\",\"target\":[\"https:\\\/\\\/margaritayeusebio.com\\\/tienda\\\/producto\\\/aceite-solido-para-masaje-relajante\\\/\"]}]},{\"@type\":\"ImageObject\",\"inLanguage\":\"es\",\"@id\":\"https:\\\/\\\/margaritayeusebio.com\\\/tienda\\\/producto\\\/aceite-solido-para-masaje-relajante\\\/#primaryimage\",\"url\":\"https:\\\/\\\/margaritayeusebio.com\\\/tienda\\\/wp-content\\\/uploads\\\/2023\\\/05\\\/DR_Hoja_Vendedor_A.Masaje_Relajante-imagen-1-pdf.jpg\",\"contentUrl\":\"https:\\\/\\\/margaritayeusebio.com\\\/tienda\\\/wp-content\\\/uploads\\\/2023\\\/05\\\/DR_Hoja_Vendedor_A.Masaje_Relajante-imagen-1-pdf.jpg\"},{\"@type\":\"BreadcrumbList\",\"@id\":\"https:\\\/\\\/margaritayeusebio.com\\\/tienda\\\/producto\\\/aceite-solido-para-masaje-relajante\\\/#breadcrumb\",\"itemListElement\":[{\"@type\":\"ListItem\",\"position\":1,\"name\":\"Portada\",\"item\":\"https:\\\/\\\/margaritayeusebio.com\\\/tienda\\\/pagina-de-inicio-2\\\/\"},{\"@type\":\"ListItem\",\"position\":2,\"name\":\"Tienda\",\"item\":\"https:\\\/\\\/margaritayeusebio.com\\\/tienda\\\/\"},{\"@type\":\"ListItem\",\"position\":3,\"name\":\"ACEITE SOLIDO PARA MASAJE RELAJANTE\"}]},{\"@type\":\"WebSite\",\"@id\":\"https:\\\/\\\/margaritayeusebio.com\\\/tienda\\\/#website\",\"url\":\"https:\\\/\\\/margaritayeusebio.com\\\/tienda\\\/\",\"name\":\"Centro de Belleza y Salud Margarita Ortu\u00f1o L\u00e1zaro. ESCUELA DE QUIROMASAJE Y TERAPIAS COMPLEMENTARIAS.TIENDA ONLINE\",\"description\":\"Quiromasaje-Osteopatia, Acupuntura, Herbolario, Fitoterapia, Oligoelementos, Productos Belleza,\",\"publisher\":{\"@id\":\"https:\\\/\\\/margaritayeusebio.com\\\/tienda\\\/#organization\"},\"potentialAction\":[{\"@type\":\"SearchAction\",\"target\":{\"@type\":\"EntryPoint\",\"urlTemplate\":\"https:\\\/\\\/margaritayeusebio.com\\\/tienda\\\/?s={search_term_string}\"},\"query-input\":{\"@type\":\"PropertyValueSpecification\",\"valueRequired\":true,\"valueName\":\"search_term_string\"}}],\"inLanguage\":\"es\"},{\"@type\":\"Organization\",\"@id\":\"https:\\\/\\\/margaritayeusebio.com\\\/tienda\\\/#organization\",\"name\":\"Centro de Belleza y Salud Margarita Ortu\u00f1o L\u00e1zaro. ESCUELA DE QUIROMASAJE Y TERAPIAS COMPLEMENTARIAS.TIENDA ONLINE\",\"url\":\"https:\\\/\\\/margaritayeusebio.com\\\/tienda\\\/\",\"logo\":{\"@type\":\"ImageObject\",\"inLanguage\":\"es\",\"@id\":\"https:\\\/\\\/margaritayeusebio.com\\\/tienda\\\/#\\\/schema\\\/logo\\\/image\\\/\",\"url\":\"https:\\\/\\\/margaritayeusebio.com\\\/tienda\\\/wp-content\\\/uploads\\\/2021\\\/12\\\/anagrama-conjunto-escuela-y-centro.jpg\",\"contentUrl\":\"https:\\\/\\\/margaritayeusebio.com\\\/tienda\\\/wp-content\\\/uploads\\\/2021\\\/12\\\/anagrama-conjunto-escuela-y-centro.jpg\",\"width\":363,\"height\":302,\"caption\":\"Centro de Belleza y Salud Margarita Ortu\u00f1o L\u00e1zaro. ESCUELA DE QUIROMASAJE Y TERAPIAS COMPLEMENTARIAS.TIENDA ONLINE\"},\"image\":{\"@id\":\"https:\\\/\\\/margaritayeusebio.com\\\/tienda\\\/#\\\/schema\\\/logo\\\/image\\\/\"}}]}<\/script>\n<!-- \/ Yoast SEO plugin. -->","yoast_head_json":{"title":"ACEITE SOLIDO PARA MASAJE RELAJANTE - Centro de Belleza y Salud Margarita Ortu\u00f1o L\u00e1zaro. ESCUELA DE QUIROMASAJE Y TERAPIAS COMPLEMENTARIAS.TIENDA ONLINE","description":"ACEITE SOLIDO PARA MASAJE RELAJANTE MASAJE ANALG\u00c9SICO Y MASAJE ANTIINFLAMATORIO. PRODUCTO DE ORIGEN NATURAL Cuida tus m\u00fasculos antes y despu\u00e9s del entrenamiento. Previene lesiones y cuida la estructura muscular de tu cuerpo. Para masaje en molestias musculares.","robots":{"index":"index","follow":"follow","max-snippet":"max-snippet:-1","max-image-preview":"max-image-preview:large","max-video-preview":"max-video-preview:-1"},"canonical":"https:\/\/margaritayeusebio.com\/tienda\/producto\/aceite-solido-para-masaje-relajante\/","og_locale":"es_ES","og_type":"article","og_title":"ACEITE SOLIDO PARA MASAJE RELAJANTE - Centro de Belleza y Salud Margarita Ortu\u00f1o L\u00e1zaro. ESCUELA DE QUIROMASAJE Y TERAPIAS COMPLEMENTARIAS.TIENDA ONLINE","og_description":"ACEITE SOLIDO PARA MASAJE RELAJANTE MASAJE ANALG\u00c9SICO Y MASAJE ANTIINFLAMATORIO. PRODUCTO DE ORIGEN NATURAL Cuida tus m\u00fasculos antes y despu\u00e9s del entrenamiento. Previene lesiones y cuida la estructura muscular de tu cuerpo. Para masaje en molestias musculares.","og_url":"https:\/\/margaritayeusebio.com\/tienda\/producto\/aceite-solido-para-masaje-relajante\/","og_site_name":"Centro de Belleza y Salud Margarita Ortu\u00f1o L\u00e1zaro. ESCUELA DE QUIROMASAJE Y TERAPIAS COMPLEMENTARIAS.TIENDA ONLINE","article_modified_time":"2023-05-19T14:16:32+00:00","twitter_card":"summary_large_image","twitter_misc":{"Tiempo de lectura":"1 minuto"},"schema":{"@context":"https:\/\/schema.org","@graph":[{"@type":"WebPage","@id":"https:\/\/margaritayeusebio.com\/tienda\/producto\/aceite-solido-para-masaje-relajante\/","url":"https:\/\/margaritayeusebio.com\/tienda\/producto\/aceite-solido-para-masaje-relajante\/","name":"ACEITE SOLIDO PARA MASAJE RELAJANTE - Centro de Belleza y Salud Margarita Ortu\u00f1o L\u00e1zaro. ESCUELA DE QUIROMASAJE Y TERAPIAS COMPLEMENTARIAS.TIENDA ONLINE","isPartOf":{"@id":"https:\/\/margaritayeusebio.com\/tienda\/#website"},"primaryImageOfPage":{"@id":"https:\/\/margaritayeusebio.com\/tienda\/producto\/aceite-solido-para-masaje-relajante\/#primaryimage"},"image":{"@id":"https:\/\/margaritayeusebio.com\/tienda\/producto\/aceite-solido-para-masaje-relajante\/#primaryimage"},"thumbnailUrl":"https:\/\/margaritayeusebio.com\/tienda\/wp-content\/uploads\/2023\/05\/DR_Hoja_Vendedor_A.Masaje_Relajante-imagen-1-pdf.jpg","datePublished":"2023-05-16T09:22:49+00:00","dateModified":"2023-05-19T14:16:32+00:00","description":"ACEITE SOLIDO PARA MASAJE RELAJANTE MASAJE ANALG\u00c9SICO Y MASAJE ANTIINFLAMATORIO. PRODUCTO DE ORIGEN NATURAL Cuida tus m\u00fasculos antes y despu\u00e9s del entrenamiento. Previene lesiones y cuida la estructura muscular de tu cuerpo. Para masaje en molestias musculares.","breadcrumb":{"@id":"https:\/\/margaritayeusebio.com\/tienda\/producto\/aceite-solido-para-masaje-relajante\/#breadcrumb"},"inLanguage":"es","potentialAction":[{"@type":"ReadAction","target":["https:\/\/margaritayeusebio.com\/tienda\/producto\/aceite-solido-para-masaje-relajante\/"]}]},{"@type":"ImageObject","inLanguage":"es","@id":"https:\/\/margaritayeusebio.com\/tienda\/producto\/aceite-solido-para-masaje-relajante\/#primaryimage","url":"https:\/\/margaritayeusebio.com\/tienda\/wp-content\/uploads\/2023\/05\/DR_Hoja_Vendedor_A.Masaje_Relajante-imagen-1-pdf.jpg","contentUrl":"https:\/\/margaritayeusebio.com\/tienda\/wp-content\/uploads\/2023\/05\/DR_Hoja_Vendedor_A.Masaje_Relajante-imagen-1-pdf.jpg"},{"@type":"BreadcrumbList","@id":"https:\/\/margaritayeusebio.com\/tienda\/producto\/aceite-solido-para-masaje-relajante\/#breadcrumb","itemListElement":[{"@type":"ListItem","position":1,"name":"Portada","item":"https:\/\/margaritayeusebio.com\/tienda\/pagina-de-inicio-2\/"},{"@type":"ListItem","position":2,"name":"Tienda","item":"https:\/\/margaritayeusebio.com\/tienda\/"},{"@type":"ListItem","position":3,"name":"ACEITE SOLIDO PARA MASAJE RELAJANTE"}]},{"@type":"WebSite","@id":"https:\/\/margaritayeusebio.com\/tienda\/#website","url":"https:\/\/margaritayeusebio.com\/tienda\/","name":"Centro de Belleza y Salud Margarita Ortu\u00f1o L\u00e1zaro. ESCUELA DE QUIROMASAJE Y TERAPIAS COMPLEMENTARIAS.TIENDA ONLINE","description":"Quiromasaje-Osteopatia, Acupuntura, Herbolario, Fitoterapia, Oligoelementos, Productos Belleza,","publisher":{"@id":"https:\/\/margaritayeusebio.com\/tienda\/#organization"},"potentialAction":[{"@type":"SearchAction","target":{"@type":"EntryPoint","urlTemplate":"https:\/\/margaritayeusebio.com\/tienda\/?s={search_term_string}"},"query-input":{"@type":"PropertyValueSpecification","valueRequired":true,"valueName":"search_term_string"}}],"inLanguage":"es"},{"@type":"Organization","@id":"https:\/\/margaritayeusebio.com\/tienda\/#organization","name":"Centro de Belleza y Salud Margarita Ortu\u00f1o L\u00e1zaro. ESCUELA DE QUIROMASAJE Y TERAPIAS COMPLEMENTARIAS.TIENDA ONLINE","url":"https:\/\/margaritayeusebio.com\/tienda\/","logo":{"@type":"ImageObject","inLanguage":"es","@id":"https:\/\/margaritayeusebio.com\/tienda\/#\/schema\/logo\/image\/","url":"https:\/\/margaritayeusebio.com\/tienda\/wp-content\/uploads\/2021\/12\/anagrama-conjunto-escuela-y-centro.jpg","contentUrl":"https:\/\/margaritayeusebio.com\/tienda\/wp-content\/uploads\/2021\/12\/anagrama-conjunto-escuela-y-centro.jpg","width":363,"height":302,"caption":"Centro de Belleza y Salud Margarita Ortu\u00f1o L\u00e1zaro. ESCUELA DE QUIROMASAJE Y TERAPIAS COMPLEMENTARIAS.TIENDA ONLINE"},"image":{"@id":"https:\/\/margaritayeusebio.com\/tienda\/#\/schema\/logo\/image\/"}}]}},"jetpack_sharing_enabled":true,"_links":{"self":[{"href":"https:\/\/margaritayeusebio.com\/tienda\/wp-json\/wp\/v2\/product\/270","targetHints":{"allow":["GET"]}}],"collection":[{"href":"https:\/\/margaritayeusebio.com\/tienda\/wp-json\/wp\/v2\/product"}],"about":[{"href":"https:\/\/margaritayeusebio.com\/tienda\/wp-json\/wp\/v2\/types\/product"}],"replies":[{"embeddable":true,"href":"https:\/\/margaritayeusebio.com\/tienda\/wp-json\/wp\/v2\/comments?post=270"}],"wp:featuredmedia":[{"embeddable":true,"href":"https:\/\/margaritayeusebio.com\/tienda\/wp-json\/wp\/v2\/media\/273"}],"wp:attachment":[{"href":"https:\/\/margaritayeusebio.com\/tienda\/wp-json\/wp\/v2\/media?parent=270"}],"wp:term":[{"taxonomy":"product_brand","embeddable":true,"href":"https:\/\/margaritayeusebio.com\/tienda\/wp-json\/wp\/v2\/product_brand?post=270"},{"taxonomy":"product_cat","embeddable":true,"href":"https:\/\/margaritayeusebio.com\/tienda\/wp-json\/wp\/v2\/product_cat?post=270"},{"taxonomy":"product_tag","embeddable":true,"href":"https:\/\/margaritayeusebio.com\/tienda\/wp-json\/wp\/v2\/product_tag?post=270"}],"curies":[{"name":"wp","href":"https:\/\/api.w.org\/{rel}","templated":true}]}}