{"id":246,"date":"2023-05-11T12:34:05","date_gmt":"2023-05-11T10:34:05","guid":{"rendered":"https:\/\/margaritayeusebio.com\/tienda\/?post_type=product&#038;p=246"},"modified":"2023-05-12T12:42:18","modified_gmt":"2023-05-12T10:42:18","slug":"17-c-flatusor-capsulas","status":"publish","type":"product","link":"https:\/\/margaritayeusebio.com\/tienda\/producto\/17-c-flatusor-capsulas\/","title":{"rendered":"17-C Flatusor c\u00e1psulas"},"content":{"rendered":"<section class=\"uk-section uk-padding-remove-bottom uk-margin-small-bottom uk-padding-remove-top uk-margin-top\">\n<div class=\"uk-container \">\n<div class=\"uk-grid\">\n<div class=\"uk-width-expand@m uk-width-1-2@s sn-ficha\">\n<div class=\"uk-margin-large-bottom\">\n<h1>17-C Flatusor c\u00e1psulas<\/h1>\n<h4>Adi\u00f3s a los gases<\/h4>\n<hr class=\"uk-margin\" \/>\n<div class=\" uk-text-small uk-margin-medium-bottom\">\n<div>\n<p>Mezcla de extractos de ang\u00e9lica, hinojo, an\u00eds verde y melisa.<\/p>\n<p>La gama de C\u00e1psulas Siglo XXI de Liberaci\u00f3n Prolongada de Soria Natural est\u00e1 dise\u00f1ada para lograr una mayor eficacia y seguridad en el uso de la planta.<\/p>\n<ul>\n<li>Elevada absorci\u00f3n de principios activos.<\/li>\n<li>Mayor aprovechamiento de la planta administrada<\/li>\n<li>Menor n\u00famero de tomas<\/li>\n<li>100% vegetales<\/li>\n<\/ul>\n<\/div>\n<\/div>\n<div class=\"uk-margin-small-top uk-grid-small uk-child-width-auto uk-grid uk-grid-stack\">\n<div class=\"uk-flex uk-flex-middle uk-flex-left@s uk-flex-center uk-first-column\">\n<div><img decoding=\"async\" title=\"KOSHER\" src=\"https:\/\/www.sorianatural.es\/storage\/img\/F0000002637_logos_certificados_kosher.jpg\" alt=\"KOSHER\" width=\"45\" \/><\/div>\n<\/div>\n<\/div>\n<div class=\"uk-margin-medium\">\n<div class=\"addthis_inline_share_toolbox\" data-url=\"https:\/\/www.sorianatural.es\/producto\/17-c-flatusor-capsulas\" data-title=\"17-C Flatusor en c\u00e1psulas - Producto Soria Natural | Soria Natural\" data-description=\"Descubre 17-C Flatusor para contribuir a una digesti\u00f3n m\u00e1s f\u00e1cil y ayudar a la eliminaci\u00f3n los gases entre las plantas medicinales de Soria Natural.\"><\/div>\n<\/div>\n<\/div>\n<\/div>\n<\/div>\n<\/div>\n<\/section>\n<section class=\"uk-section uk-padding-remove-top\">\n<div class=\"uk-container \">\n<div class=\"uk-grid-collapse uk-child-width-1-2@m uk-visible@m uk-grid\">\n<div class=\"uk-first-column\">\n<ul class=\"uk-child-width-expand sn-tab uk-tab\">\n<li class=\"uk-active\"><a class=\"uk-card uk-card-default uk-text-truncate\" href=\"https:\/\/www.sorianatural.es\/producto\/17-c-flatusor-capsulas#\">Composici\u00f3n<\/a><\/li>\n<\/ul>\n<ul class=\"uk-switcher uk-margin\">\n<li class=\"uk-active\">\n<div class=\"uk-padding-small\">\n<h3>Ingredientes<\/h3>\n<div>\n<p><i>(por c\u00e1psula)\u00a0<\/i>Estabilizante: celulosa microcristalina, alfaciclodextrina (135,7 mg), extracto seco de ang\u00e9lica (<em>Ang\u00e9lica archangelica<\/em>\u00a0L, ra\u00edz) (75 mg), aceite esencial de melisa (<em>Melissa officinalis<\/em>\u00a0L, hoja) (12,7 mg), aceite esencial de hinojo (<em>Foeniculum vulgare<\/em>\u00a0Mill, fruto) (12,7 mg), aceite esencial de an\u00eds verde (<em>Pimpinella anisum<\/em>\u00a0L, fruto) (12,7 mg), extracto seco de melisa (<em>Melissa officinalis<\/em>\u00a0L, hoja) (12,1 mg), extracto seco de hinojo (<em>Foeniculum vulgare\u00a0<\/em>Mill, fruto) (12,1 mg) agente de recubrimiento: copol\u00edmero de metacrilato neutro, c\u00e1psula (hidroxipropilmetilcelulosa).<\/p>\n<\/div>\n<h3>Compuestos activos<\/h3>\n<div>\n<table class=\"uk-table uk-table-striped uk-table-small\">\n<tbody>\n<tr>\n<td colspan=\"2\">(por c\u00e1psula)<\/td>\n<\/tr>\n<tr>\n<td>Ext. seco <i>Angelica archangelica<\/i> L.<\/td>\n<td>75 mg<\/td>\n<\/tr>\n<tr>\n<td>Ac. esenc. <i>Pimpinella anisum<\/i> L.<\/td>\n<td>12,7 mg<\/td>\n<\/tr>\n<tr>\n<td>Ext. seco <i>Foeniculum vulgare<\/i> Mill.<\/td>\n<td>12,1 mg<\/td>\n<\/tr>\n<tr>\n<td>Ac. esenc. <i>Foeniculum vulgare<\/i> Mill.<\/td>\n<td>12,7 mg<\/td>\n<\/tr>\n<tr>\n<td>Ext. seco <i>Melissa officinalis<\/i> L.<\/td>\n<td>12,1 mg<\/td>\n<\/tr>\n<tr>\n<td>Ac. esenc. <i>Melissa officinalis<\/i> L.<\/td>\n<td>12,7 mg<\/td>\n<\/tr>\n<tr>\n<td>Flavonoides<\/td>\n<td>2 mg<\/td>\n<\/tr>\n<tr>\n<td>\u00c1cido rosmar\u00ednico<\/td>\n<td>0,6 mg<\/td>\n<\/tr>\n<\/tbody>\n<\/table>\n<\/div>\n<\/div>\n<\/li>\n<\/ul>\n<\/div>\n<div>\n<ul class=\"uk-child-width-expand sn-tab uk-grid-collapse uk-tab\">\n<li class=\"uk-active\"><a class=\"uk-card uk-card-default uk-text-truncate\" href=\"https:\/\/www.sorianatural.es\/producto\/17-c-flatusor-capsulas#\">Modo de empleo<\/a><\/li>\n<li><a class=\"uk-card uk-card-default uk-text-truncate\" href=\"https:\/\/www.sorianatural.es\/producto\/17-c-flatusor-capsulas#\">Plantas Relacionadas<\/a><\/li>\n<\/ul>\n<ul class=\"uk-switcher uk-margin\">\n<li class=\"uk-active\">\n<div class=\"uk-padding-small\">\n<h3>Consejos de uso<\/h3>\n<div>\n<p>Se aconseja la toma del A.D.E; 1 c\u00e1psula cada 12 horas, con un gran vaso de agua.<\/p>\n<p>El\u00a0<strong>Aporte Diario Eficaz (A.D.E.)\u00a0<\/strong>determina la cantidad media de principios activos por toma diaria recomendada.<\/p>\n<\/div>\n<h3>Recomendaciones<\/h3>\n<div>\n<ul>\n<li><span style=\"font-family: Arial, sans-serif;\">Puede contener trazas de gluten.\u00a0<\/span><\/li>\n<li class=\"ms-hover\">No contiene colorantes ni conservantes.<\/li>\n<li class=\"ms-hover\"><span style=\"font-family: Arial, sans-serif;\">No utilizar como sustituto de una dieta variada y equilibrada y un estilo de vida saludable.\u00a0<\/span><\/li>\n<li class=\"ms-hover\"><span style=\"font-family: Arial, sans-serif;\">Mantener fuera del alcance de los ni\u00f1os m\u00e1s peque\u00f1os.\u00a0<\/span><\/li>\n<li class=\"ms-hover\"><span style=\"font-family: Arial, sans-serif;\"><span style=\"font-family: Arial, sans-serif;\">No superar la dosis recomendada.<\/span><\/span>\n<div class=\"uk-text-muted\"><\/div>\n<\/li>\n<li><\/li>\n<li class=\"ms-hover\">\n<div class=\"uk-text-muted\">C\u00f3d.: 10057<\/div>\n<div class=\"uk-text-muted\">\n<p>30 c\u00e1psulas de 690 mg<\/p>\n<\/div>\n<\/li>\n<\/ul>\n<\/div>\n<\/div>\n<\/li>\n<\/ul>\n<\/div>\n<\/div>\n<\/div>\n<\/section>\n","protected":false},"excerpt":{"rendered":"<h4>17-C Flatusor c\u00e1psulas<\/h4>\n<h4>Adi\u00f3s a los gases<\/h4>\n<hr class=\"uk-margin\" \/>\n<div class=\" uk-text-small uk-margin-medium-bottom\">\n<div>\n<p>Mezcla de extractos de ang\u00e9lica, hinojo, an\u00eds verde y melisa.<\/p>\n<p>La gama de C\u00e1psulas Siglo XXI de Liberaci\u00f3n Prolongada de Soria Natural est\u00e1 dise\u00f1ada para lograr una mayor eficacia y seguridad en el uso de la planta.<\/p>\n<\/div>\n<\/div>\n","protected":false},"featured_media":247,"comment_status":"open","ping_status":"closed","template":"","meta":[],"product_brand":[],"product_cat":[16],"product_tag":[169,98,167,168,166],"class_list":{"0":"post-246","1":"product","2":"type-product","3":"status-publish","4":"has-post-thumbnail","6":"product_cat-fitoterapia-o-preparados-de-plantas-que-buscan-solucionar-los-problemas-de-salud","7":"product_tag-aerored","8":"product_tag-antigases-digestivo","9":"product_tag-comprar-digestivo","10":"product_tag-comprar-fitoterapia-para-los-gases","11":"product_tag-comprar-flatusor","12":"entry","14":"first","15":"instock","16":"taxable","17":"shipping-taxable","18":"purchasable","19":"product-type-simple"},"yoast_head":"<!-- This site is optimized with the Yoast SEO plugin v27.4 - https:\/\/yoast.com\/product\/yoast-seo-wordpress\/ -->\n<title>17-C Flatusor c\u00e1psulas - Centro de Belleza y Salud Margarita Ortu\u00f1o L\u00e1zaro. ESCUELA DE QUIROMASAJE Y TERAPIAS COMPLEMENTARIAS.TIENDA ONLINE<\/title>\n<meta name=\"description\" content=\"Adi\u00f3s a los gasesMezcla de extractos de ang\u00e9lica, hinojo, an\u00eds verde y melisa.\u00a0La gama de C\u00e1psulas Siglo XXI de Liberaci\u00f3n Prolongada de Soria Natural est\u00e1 dise\u00f1ada para lograr una mayor eficacia y seguridad en el uso de la planta.\" \/>\n<meta name=\"robots\" content=\"index, follow, max-snippet:-1, max-image-preview:large, max-video-preview:-1\" \/>\n<link rel=\"canonical\" href=\"https:\/\/margaritayeusebio.com\/tienda\/producto\/17-c-flatusor-capsulas\/\" \/>\n<meta property=\"og:locale\" content=\"es_ES\" \/>\n<meta property=\"og:type\" content=\"article\" \/>\n<meta property=\"og:title\" content=\"17-C Flatusor c\u00e1psulas - Centro de Belleza y Salud Margarita Ortu\u00f1o L\u00e1zaro. ESCUELA DE QUIROMASAJE Y TERAPIAS COMPLEMENTARIAS.TIENDA ONLINE\" \/>\n<meta property=\"og:description\" content=\"Adi\u00f3s a los gasesMezcla de extractos de ang\u00e9lica, hinojo, an\u00eds verde y melisa.\u00a0La gama de C\u00e1psulas Siglo XXI de Liberaci\u00f3n Prolongada de Soria Natural est\u00e1 dise\u00f1ada para lograr una mayor eficacia y seguridad en el uso de la planta.\" \/>\n<meta property=\"og:url\" content=\"https:\/\/margaritayeusebio.com\/tienda\/producto\/17-c-flatusor-capsulas\/\" \/>\n<meta property=\"og:site_name\" content=\"Centro de Belleza y Salud Margarita Ortu\u00f1o L\u00e1zaro. ESCUELA DE QUIROMASAJE Y TERAPIAS COMPLEMENTARIAS.TIENDA ONLINE\" \/>\n<meta property=\"article:modified_time\" content=\"2023-05-12T10:42:18+00:00\" \/>\n<meta property=\"og:image\" content=\"https:\/\/margaritayeusebio.com\/tienda\/wp-content\/uploads\/2023\/05\/8422947100575-scaled.jpg\" \/>\n\t<meta property=\"og:image:width\" content=\"2560\" \/>\n\t<meta property=\"og:image:height\" content=\"1461\" \/>\n\t<meta property=\"og:image:type\" content=\"image\/jpeg\" \/>\n<meta name=\"twitter:card\" content=\"summary_large_image\" \/>\n<meta name=\"twitter:label1\" content=\"Tiempo de lectura\" \/>\n\t<meta name=\"twitter:data1\" content=\"2 minutos\" \/>\n<script type=\"application\/ld+json\" class=\"yoast-schema-graph\">{\"@context\":\"https:\\\/\\\/schema.org\",\"@graph\":[{\"@type\":\"WebPage\",\"@id\":\"https:\\\/\\\/margaritayeusebio.com\\\/tienda\\\/producto\\\/17-c-flatusor-capsulas\\\/\",\"url\":\"https:\\\/\\\/margaritayeusebio.com\\\/tienda\\\/producto\\\/17-c-flatusor-capsulas\\\/\",\"name\":\"17-C Flatusor c\u00e1psulas - Centro de Belleza y Salud Margarita Ortu\u00f1o L\u00e1zaro. ESCUELA DE QUIROMASAJE Y TERAPIAS COMPLEMENTARIAS.TIENDA ONLINE\",\"isPartOf\":{\"@id\":\"https:\\\/\\\/margaritayeusebio.com\\\/tienda\\\/#website\"},\"primaryImageOfPage\":{\"@id\":\"https:\\\/\\\/margaritayeusebio.com\\\/tienda\\\/producto\\\/17-c-flatusor-capsulas\\\/#primaryimage\"},\"image\":{\"@id\":\"https:\\\/\\\/margaritayeusebio.com\\\/tienda\\\/producto\\\/17-c-flatusor-capsulas\\\/#primaryimage\"},\"thumbnailUrl\":\"https:\\\/\\\/margaritayeusebio.com\\\/tienda\\\/wp-content\\\/uploads\\\/2023\\\/05\\\/8422947100575-scaled.jpg\",\"datePublished\":\"2023-05-11T10:34:05+00:00\",\"dateModified\":\"2023-05-12T10:42:18+00:00\",\"description\":\"Adi\u00f3s a los gasesMezcla de extractos de ang\u00e9lica, hinojo, an\u00eds verde y melisa.\u00a0La gama de C\u00e1psulas Siglo XXI de Liberaci\u00f3n Prolongada de Soria Natural est\u00e1 dise\u00f1ada para lograr una mayor eficacia y seguridad en el uso de la planta.\",\"breadcrumb\":{\"@id\":\"https:\\\/\\\/margaritayeusebio.com\\\/tienda\\\/producto\\\/17-c-flatusor-capsulas\\\/#breadcrumb\"},\"inLanguage\":\"es\",\"potentialAction\":[{\"@type\":\"ReadAction\",\"target\":[\"https:\\\/\\\/margaritayeusebio.com\\\/tienda\\\/producto\\\/17-c-flatusor-capsulas\\\/\"]}]},{\"@type\":\"ImageObject\",\"inLanguage\":\"es\",\"@id\":\"https:\\\/\\\/margaritayeusebio.com\\\/tienda\\\/producto\\\/17-c-flatusor-capsulas\\\/#primaryimage\",\"url\":\"https:\\\/\\\/margaritayeusebio.com\\\/tienda\\\/wp-content\\\/uploads\\\/2023\\\/05\\\/8422947100575-scaled.jpg\",\"contentUrl\":\"https:\\\/\\\/margaritayeusebio.com\\\/tienda\\\/wp-content\\\/uploads\\\/2023\\\/05\\\/8422947100575-scaled.jpg\",\"width\":2560,\"height\":1461},{\"@type\":\"BreadcrumbList\",\"@id\":\"https:\\\/\\\/margaritayeusebio.com\\\/tienda\\\/producto\\\/17-c-flatusor-capsulas\\\/#breadcrumb\",\"itemListElement\":[{\"@type\":\"ListItem\",\"position\":1,\"name\":\"Portada\",\"item\":\"https:\\\/\\\/margaritayeusebio.com\\\/tienda\\\/pagina-de-inicio-2\\\/\"},{\"@type\":\"ListItem\",\"position\":2,\"name\":\"Tienda\",\"item\":\"https:\\\/\\\/margaritayeusebio.com\\\/tienda\\\/\"},{\"@type\":\"ListItem\",\"position\":3,\"name\":\"17-C Flatusor c\u00e1psulas\"}]},{\"@type\":\"WebSite\",\"@id\":\"https:\\\/\\\/margaritayeusebio.com\\\/tienda\\\/#website\",\"url\":\"https:\\\/\\\/margaritayeusebio.com\\\/tienda\\\/\",\"name\":\"Centro de Belleza y Salud Margarita Ortu\u00f1o L\u00e1zaro. ESCUELA DE QUIROMASAJE Y TERAPIAS COMPLEMENTARIAS.TIENDA ONLINE\",\"description\":\"Quiromasaje-Osteopatia, Acupuntura, Herbolario, Fitoterapia, Oligoelementos, Productos Belleza,\",\"publisher\":{\"@id\":\"https:\\\/\\\/margaritayeusebio.com\\\/tienda\\\/#organization\"},\"potentialAction\":[{\"@type\":\"SearchAction\",\"target\":{\"@type\":\"EntryPoint\",\"urlTemplate\":\"https:\\\/\\\/margaritayeusebio.com\\\/tienda\\\/?s={search_term_string}\"},\"query-input\":{\"@type\":\"PropertyValueSpecification\",\"valueRequired\":true,\"valueName\":\"search_term_string\"}}],\"inLanguage\":\"es\"},{\"@type\":\"Organization\",\"@id\":\"https:\\\/\\\/margaritayeusebio.com\\\/tienda\\\/#organization\",\"name\":\"Centro de Belleza y Salud Margarita Ortu\u00f1o L\u00e1zaro. ESCUELA DE QUIROMASAJE Y TERAPIAS COMPLEMENTARIAS.TIENDA ONLINE\",\"url\":\"https:\\\/\\\/margaritayeusebio.com\\\/tienda\\\/\",\"logo\":{\"@type\":\"ImageObject\",\"inLanguage\":\"es\",\"@id\":\"https:\\\/\\\/margaritayeusebio.com\\\/tienda\\\/#\\\/schema\\\/logo\\\/image\\\/\",\"url\":\"https:\\\/\\\/margaritayeusebio.com\\\/tienda\\\/wp-content\\\/uploads\\\/2021\\\/12\\\/anagrama-conjunto-escuela-y-centro.jpg\",\"contentUrl\":\"https:\\\/\\\/margaritayeusebio.com\\\/tienda\\\/wp-content\\\/uploads\\\/2021\\\/12\\\/anagrama-conjunto-escuela-y-centro.jpg\",\"width\":363,\"height\":302,\"caption\":\"Centro de Belleza y Salud Margarita Ortu\u00f1o L\u00e1zaro. ESCUELA DE QUIROMASAJE Y TERAPIAS COMPLEMENTARIAS.TIENDA ONLINE\"},\"image\":{\"@id\":\"https:\\\/\\\/margaritayeusebio.com\\\/tienda\\\/#\\\/schema\\\/logo\\\/image\\\/\"}}]}<\/script>\n<!-- \/ Yoast SEO plugin. -->","yoast_head_json":{"title":"17-C Flatusor c\u00e1psulas - Centro de Belleza y Salud Margarita Ortu\u00f1o L\u00e1zaro. ESCUELA DE QUIROMASAJE Y TERAPIAS COMPLEMENTARIAS.TIENDA ONLINE","description":"Adi\u00f3s a los gasesMezcla de extractos de ang\u00e9lica, hinojo, an\u00eds verde y melisa.\u00a0La gama de C\u00e1psulas Siglo XXI de Liberaci\u00f3n Prolongada de Soria Natural est\u00e1 dise\u00f1ada para lograr una mayor eficacia y seguridad en el uso de la planta.","robots":{"index":"index","follow":"follow","max-snippet":"max-snippet:-1","max-image-preview":"max-image-preview:large","max-video-preview":"max-video-preview:-1"},"canonical":"https:\/\/margaritayeusebio.com\/tienda\/producto\/17-c-flatusor-capsulas\/","og_locale":"es_ES","og_type":"article","og_title":"17-C Flatusor c\u00e1psulas - Centro de Belleza y Salud Margarita Ortu\u00f1o L\u00e1zaro. ESCUELA DE QUIROMASAJE Y TERAPIAS COMPLEMENTARIAS.TIENDA ONLINE","og_description":"Adi\u00f3s a los gasesMezcla de extractos de ang\u00e9lica, hinojo, an\u00eds verde y melisa.\u00a0La gama de C\u00e1psulas Siglo XXI de Liberaci\u00f3n Prolongada de Soria Natural est\u00e1 dise\u00f1ada para lograr una mayor eficacia y seguridad en el uso de la planta.","og_url":"https:\/\/margaritayeusebio.com\/tienda\/producto\/17-c-flatusor-capsulas\/","og_site_name":"Centro de Belleza y Salud Margarita Ortu\u00f1o L\u00e1zaro. ESCUELA DE QUIROMASAJE Y TERAPIAS COMPLEMENTARIAS.TIENDA ONLINE","article_modified_time":"2023-05-12T10:42:18+00:00","og_image":[{"width":2560,"height":1461,"url":"https:\/\/margaritayeusebio.com\/tienda\/wp-content\/uploads\/2023\/05\/8422947100575-scaled.jpg","type":"image\/jpeg"}],"twitter_card":"summary_large_image","twitter_misc":{"Tiempo de lectura":"2 minutos"},"schema":{"@context":"https:\/\/schema.org","@graph":[{"@type":"WebPage","@id":"https:\/\/margaritayeusebio.com\/tienda\/producto\/17-c-flatusor-capsulas\/","url":"https:\/\/margaritayeusebio.com\/tienda\/producto\/17-c-flatusor-capsulas\/","name":"17-C Flatusor c\u00e1psulas - Centro de Belleza y Salud Margarita Ortu\u00f1o L\u00e1zaro. ESCUELA DE QUIROMASAJE Y TERAPIAS COMPLEMENTARIAS.TIENDA ONLINE","isPartOf":{"@id":"https:\/\/margaritayeusebio.com\/tienda\/#website"},"primaryImageOfPage":{"@id":"https:\/\/margaritayeusebio.com\/tienda\/producto\/17-c-flatusor-capsulas\/#primaryimage"},"image":{"@id":"https:\/\/margaritayeusebio.com\/tienda\/producto\/17-c-flatusor-capsulas\/#primaryimage"},"thumbnailUrl":"https:\/\/margaritayeusebio.com\/tienda\/wp-content\/uploads\/2023\/05\/8422947100575-scaled.jpg","datePublished":"2023-05-11T10:34:05+00:00","dateModified":"2023-05-12T10:42:18+00:00","description":"Adi\u00f3s a los gasesMezcla de extractos de ang\u00e9lica, hinojo, an\u00eds verde y melisa.\u00a0La gama de C\u00e1psulas Siglo XXI de Liberaci\u00f3n Prolongada de Soria Natural est\u00e1 dise\u00f1ada para lograr una mayor eficacia y seguridad en el uso de la planta.","breadcrumb":{"@id":"https:\/\/margaritayeusebio.com\/tienda\/producto\/17-c-flatusor-capsulas\/#breadcrumb"},"inLanguage":"es","potentialAction":[{"@type":"ReadAction","target":["https:\/\/margaritayeusebio.com\/tienda\/producto\/17-c-flatusor-capsulas\/"]}]},{"@type":"ImageObject","inLanguage":"es","@id":"https:\/\/margaritayeusebio.com\/tienda\/producto\/17-c-flatusor-capsulas\/#primaryimage","url":"https:\/\/margaritayeusebio.com\/tienda\/wp-content\/uploads\/2023\/05\/8422947100575-scaled.jpg","contentUrl":"https:\/\/margaritayeusebio.com\/tienda\/wp-content\/uploads\/2023\/05\/8422947100575-scaled.jpg","width":2560,"height":1461},{"@type":"BreadcrumbList","@id":"https:\/\/margaritayeusebio.com\/tienda\/producto\/17-c-flatusor-capsulas\/#breadcrumb","itemListElement":[{"@type":"ListItem","position":1,"name":"Portada","item":"https:\/\/margaritayeusebio.com\/tienda\/pagina-de-inicio-2\/"},{"@type":"ListItem","position":2,"name":"Tienda","item":"https:\/\/margaritayeusebio.com\/tienda\/"},{"@type":"ListItem","position":3,"name":"17-C Flatusor c\u00e1psulas"}]},{"@type":"WebSite","@id":"https:\/\/margaritayeusebio.com\/tienda\/#website","url":"https:\/\/margaritayeusebio.com\/tienda\/","name":"Centro de Belleza y Salud Margarita Ortu\u00f1o L\u00e1zaro. ESCUELA DE QUIROMASAJE Y TERAPIAS COMPLEMENTARIAS.TIENDA ONLINE","description":"Quiromasaje-Osteopatia, Acupuntura, Herbolario, Fitoterapia, Oligoelementos, Productos Belleza,","publisher":{"@id":"https:\/\/margaritayeusebio.com\/tienda\/#organization"},"potentialAction":[{"@type":"SearchAction","target":{"@type":"EntryPoint","urlTemplate":"https:\/\/margaritayeusebio.com\/tienda\/?s={search_term_string}"},"query-input":{"@type":"PropertyValueSpecification","valueRequired":true,"valueName":"search_term_string"}}],"inLanguage":"es"},{"@type":"Organization","@id":"https:\/\/margaritayeusebio.com\/tienda\/#organization","name":"Centro de Belleza y Salud Margarita Ortu\u00f1o L\u00e1zaro. ESCUELA DE QUIROMASAJE Y TERAPIAS COMPLEMENTARIAS.TIENDA ONLINE","url":"https:\/\/margaritayeusebio.com\/tienda\/","logo":{"@type":"ImageObject","inLanguage":"es","@id":"https:\/\/margaritayeusebio.com\/tienda\/#\/schema\/logo\/image\/","url":"https:\/\/margaritayeusebio.com\/tienda\/wp-content\/uploads\/2021\/12\/anagrama-conjunto-escuela-y-centro.jpg","contentUrl":"https:\/\/margaritayeusebio.com\/tienda\/wp-content\/uploads\/2021\/12\/anagrama-conjunto-escuela-y-centro.jpg","width":363,"height":302,"caption":"Centro de Belleza y Salud Margarita Ortu\u00f1o L\u00e1zaro. ESCUELA DE QUIROMASAJE Y TERAPIAS COMPLEMENTARIAS.TIENDA ONLINE"},"image":{"@id":"https:\/\/margaritayeusebio.com\/tienda\/#\/schema\/logo\/image\/"}}]}},"jetpack_sharing_enabled":true,"_links":{"self":[{"href":"https:\/\/margaritayeusebio.com\/tienda\/wp-json\/wp\/v2\/product\/246","targetHints":{"allow":["GET"]}}],"collection":[{"href":"https:\/\/margaritayeusebio.com\/tienda\/wp-json\/wp\/v2\/product"}],"about":[{"href":"https:\/\/margaritayeusebio.com\/tienda\/wp-json\/wp\/v2\/types\/product"}],"replies":[{"embeddable":true,"href":"https:\/\/margaritayeusebio.com\/tienda\/wp-json\/wp\/v2\/comments?post=246"}],"wp:featuredmedia":[{"embeddable":true,"href":"https:\/\/margaritayeusebio.com\/tienda\/wp-json\/wp\/v2\/media\/247"}],"wp:attachment":[{"href":"https:\/\/margaritayeusebio.com\/tienda\/wp-json\/wp\/v2\/media?parent=246"}],"wp:term":[{"taxonomy":"product_brand","embeddable":true,"href":"https:\/\/margaritayeusebio.com\/tienda\/wp-json\/wp\/v2\/product_brand?post=246"},{"taxonomy":"product_cat","embeddable":true,"href":"https:\/\/margaritayeusebio.com\/tienda\/wp-json\/wp\/v2\/product_cat?post=246"},{"taxonomy":"product_tag","embeddable":true,"href":"https:\/\/margaritayeusebio.com\/tienda\/wp-json\/wp\/v2\/product_tag?post=246"}],"curies":[{"name":"wp","href":"https:\/\/api.w.org\/{rel}","templated":true}]}}