{"id":243,"date":"2023-05-10T16:47:47","date_gmt":"2023-05-10T14:47:47","guid":{"rendered":"https:\/\/margaritayeusebio.com\/tienda\/?post_type=product&#038;p=243"},"modified":"2023-05-10T16:51:57","modified_gmt":"2023-05-10T14:51:57","slug":"13-c-fensatin-capsulas","status":"publish","type":"product","link":"https:\/\/margaritayeusebio.com\/tienda\/producto\/13-c-fensatin-capsulas\/","title":{"rendered":"13-C Fensat\u00edn c\u00e1psulas"},"content":{"rendered":"<section class=\"uk-section uk-padding-remove-bottom uk-margin-small-bottom uk-padding-remove-top uk-margin-top\">\n<div class=\"uk-container \">\n<div class=\"uk-grid\">\n<div class=\"uk-width-expand@m uk-width-1-2@s sn-ficha\">\n<div class=\"uk-margin-large-bottom\">\n<h4>13-C Fensat\u00edn c\u00e1psulas\u00a0 \u00a0C\u00f3d.: 10053 30 c\u00e1psulas de 640 mg<\/h4>\n<h4>Prepara tus defensas<\/h4>\n<div class=\" uk-text-small uk-margin-medium-bottom\">\n<div>\n<p>Con extractos de prop\u00f3leo y equin\u00e1cea que ayuda a mantener un sistema inmunitario sano.<\/p>\n<p>La gama de C\u00e1psulas Siglo XXI de Liberaci\u00f3n Prolongada de Soria Natural est\u00e1 dise\u00f1ada para lograr una mayor eficacia y seguridad en el uso de la planta.<\/p>\n<ul>\n<li>Elevada absorci\u00f3n de principios activos.<\/li>\n<li>Mayor aprovechamiento de la planta administrada<\/li>\n<li>Menor n\u00famero de tomas<\/li>\n<li>100% vegetales\u00a0 \u00a0 <img decoding=\"async\" style=\"background-color: var(--global--color-background); color: var(--global--color-primary); font-family: var(--global--font-secondary); font-size: var(--global--font-size-base);\" title=\"KOSHER\" src=\"https:\/\/www.sorianatural.es\/storage\/img\/F0000002637_logos_certificados_kosher.jpg\" alt=\"KOSHER\" width=\"45\" \/><\/li>\n<li><a class=\"uk-card uk-card-default uk-text-truncate\" style=\"font-family: var(--list--font-family); font-size: var(--global--font-size-base); background-color: var(--global--color-background);\" href=\"https:\/\/www.sorianatural.es\/producto\/13-c-fensatin-capsulas#\">Composici\u00f3n<\/a><\/li>\n<\/ul>\n<\/div>\n<\/div>\n<\/div>\n<\/div>\n<\/div>\n<\/div>\n<\/section>\n<section class=\"uk-section uk-padding-remove-top\">\n<div class=\"uk-container \">\n<div class=\"uk-grid-collapse uk-child-width-1-2@m uk-visible@m uk-grid\">\n<div class=\"uk-first-column\">\n<ul class=\"uk-switcher uk-margin\">\n<li class=\"uk-active\">\n<div class=\"uk-padding-small\">\n<h3>Ingredientes<\/h3>\n<div>\n<p><i>(por c\u00e1psula)<\/i>\u00a0Estabilizante: celulosa microcristalina, extracto seco de equinacea (<em>Echinacea purpurea<\/em>\u00a0(L) Moench, ra\u00edz)(150 mg), extracto seco de prop\u00f3leo (<em>Propolis<\/em>)(150 mg), alfa-ciclodextrina (30 mg); agente de recubrimiento: copol\u00edmero de metacrilato neutro, c\u00e1psula (hidroxipropilmetilcelulosa).<\/p>\n<\/div>\n<h3>Compuestos activos<\/h3>\n<div>\n<table class=\"uk-table uk-table-striped uk-table-small\">\n<tbody>\n<tr>\n<td colspan=\"2\">(por c\u00e1psula)<\/td>\n<\/tr>\n<tr>\n<td>Ext. seco <i>Echinacea purpurea<\/i> (L) Moench<\/td>\n<td>150 mg<\/td>\n<\/tr>\n<tr>\n<td>Ext. seco <i>Propolis<\/i><\/td>\n<td>150 mg<\/td>\n<\/tr>\n<tr>\n<td>Flavonoides<\/td>\n<td>7,5 mg<\/td>\n<\/tr>\n<tr>\n<td>Derivado cafeico (\u00c1c. cich\u00f3rico)<\/td>\n<td>3,8 mg<\/td>\n<\/tr>\n<\/tbody>\n<\/table>\n<\/div>\n<\/div>\n<\/li>\n<\/ul>\n<\/div>\n<\/div>\n<\/div>\n<\/section>\n","protected":false},"excerpt":{"rendered":"<h4>13-C Fensat\u00edn c\u00e1psulas\u00a0 \u00a0C\u00f3d.: 10053, 30 c\u00e1psulas de 640 mg<\/h4>\n<h4>Prepara tus defensas<\/h4>\n<div class=\" uk-text-small uk-margin-medium-bottom\">\n<div>\n<p>Con extractos de prop\u00f3leo y equin\u00e1cea que ayuda a mantener un sistema inmunitario sano.<\/p>\n<p>La gama de C\u00e1psulas Siglo XXI de Liberaci\u00f3n Prolongada de Soria Natural est\u00e1 dise\u00f1ada para lograr una mayor eficacia y seguridad en el uso de la planta.<\/p>\n<ul>\n<li>Elevada absorci\u00f3n de principios activos.<\/li>\n<li>Mayor aprovechamiento de la planta administrada<\/li>\n<li>Menor n\u00famero de tomas<\/li>\n<li>100% vegetales<\/li>\n<\/ul>\n<\/div>\n<\/div>\n","protected":false},"featured_media":244,"comment_status":"open","ping_status":"closed","template":"","meta":[],"product_brand":[],"product_cat":[16],"product_tag":[103,165,87],"class_list":{"0":"post-243","1":"product","2":"type-product","3":"status-publish","4":"has-post-thumbnail","6":"product_cat-fitoterapia-o-preparados-de-plantas-que-buscan-solucionar-los-problemas-de-salud","7":"product_tag-aumentar-defensas","8":"product_tag-defensas","9":"product_tag-vitaminas","10":"entry","12":"first","13":"instock","14":"taxable","15":"shipping-taxable","16":"purchasable","17":"product-type-simple"},"yoast_head":"<!-- This site is optimized with the Yoast SEO plugin v27.4 - https:\/\/yoast.com\/product\/yoast-seo-wordpress\/ -->\n<title>13-C Fensat\u00edn c\u00e1psulas - Centro de Belleza y Salud Margarita Ortu\u00f1o L\u00e1zaro. ESCUELA DE QUIROMASAJE Y TERAPIAS COMPLEMENTARIAS.TIENDA ONLINE<\/title>\n<meta name=\"description\" content=\"Prepara tus defensas Con extractos de prop\u00f3leo y equin\u00e1cea que ayuda a mantener un sistema inmunitario sano.\u00a0\" \/>\n<meta name=\"robots\" content=\"index, follow, max-snippet:-1, max-image-preview:large, max-video-preview:-1\" \/>\n<link rel=\"canonical\" href=\"https:\/\/margaritayeusebio.com\/tienda\/producto\/13-c-fensatin-capsulas\/\" \/>\n<meta property=\"og:locale\" content=\"es_ES\" \/>\n<meta property=\"og:type\" content=\"article\" \/>\n<meta property=\"og:title\" content=\"13-C Fensat\u00edn c\u00e1psulas - Centro de Belleza y Salud Margarita Ortu\u00f1o L\u00e1zaro. ESCUELA DE QUIROMASAJE Y TERAPIAS COMPLEMENTARIAS.TIENDA ONLINE\" \/>\n<meta property=\"og:description\" content=\"Prepara tus defensas Con extractos de prop\u00f3leo y equin\u00e1cea que ayuda a mantener un sistema inmunitario sano.\u00a0\" \/>\n<meta property=\"og:url\" content=\"https:\/\/margaritayeusebio.com\/tienda\/producto\/13-c-fensatin-capsulas\/\" \/>\n<meta property=\"og:site_name\" content=\"Centro de Belleza y Salud Margarita Ortu\u00f1o L\u00e1zaro. ESCUELA DE QUIROMASAJE Y TERAPIAS COMPLEMENTARIAS.TIENDA ONLINE\" \/>\n<meta property=\"article:modified_time\" content=\"2023-05-10T14:51:57+00:00\" \/>\n<meta property=\"og:image\" content=\"https:\/\/margaritayeusebio.com\/tienda\/wp-content\/uploads\/2023\/05\/8422947100537-scaled.jpg\" \/>\n\t<meta property=\"og:image:width\" content=\"2560\" \/>\n\t<meta property=\"og:image:height\" content=\"1462\" \/>\n\t<meta property=\"og:image:type\" content=\"image\/jpeg\" \/>\n<meta name=\"twitter:card\" content=\"summary_large_image\" \/>\n<meta name=\"twitter:label1\" content=\"Tiempo de lectura\" \/>\n\t<meta name=\"twitter:data1\" content=\"1 minuto\" \/>\n<script type=\"application\/ld+json\" class=\"yoast-schema-graph\">{\"@context\":\"https:\\\/\\\/schema.org\",\"@graph\":[{\"@type\":\"WebPage\",\"@id\":\"https:\\\/\\\/margaritayeusebio.com\\\/tienda\\\/producto\\\/13-c-fensatin-capsulas\\\/\",\"url\":\"https:\\\/\\\/margaritayeusebio.com\\\/tienda\\\/producto\\\/13-c-fensatin-capsulas\\\/\",\"name\":\"13-C Fensat\u00edn c\u00e1psulas - Centro de Belleza y Salud Margarita Ortu\u00f1o L\u00e1zaro. ESCUELA DE QUIROMASAJE Y TERAPIAS COMPLEMENTARIAS.TIENDA ONLINE\",\"isPartOf\":{\"@id\":\"https:\\\/\\\/margaritayeusebio.com\\\/tienda\\\/#website\"},\"primaryImageOfPage\":{\"@id\":\"https:\\\/\\\/margaritayeusebio.com\\\/tienda\\\/producto\\\/13-c-fensatin-capsulas\\\/#primaryimage\"},\"image\":{\"@id\":\"https:\\\/\\\/margaritayeusebio.com\\\/tienda\\\/producto\\\/13-c-fensatin-capsulas\\\/#primaryimage\"},\"thumbnailUrl\":\"https:\\\/\\\/margaritayeusebio.com\\\/tienda\\\/wp-content\\\/uploads\\\/2023\\\/05\\\/8422947100537-scaled.jpg\",\"datePublished\":\"2023-05-10T14:47:47+00:00\",\"dateModified\":\"2023-05-10T14:51:57+00:00\",\"description\":\"Prepara tus defensas Con extractos de prop\u00f3leo y equin\u00e1cea que ayuda a mantener un sistema inmunitario sano.\u00a0\",\"breadcrumb\":{\"@id\":\"https:\\\/\\\/margaritayeusebio.com\\\/tienda\\\/producto\\\/13-c-fensatin-capsulas\\\/#breadcrumb\"},\"inLanguage\":\"es\",\"potentialAction\":[{\"@type\":\"ReadAction\",\"target\":[\"https:\\\/\\\/margaritayeusebio.com\\\/tienda\\\/producto\\\/13-c-fensatin-capsulas\\\/\"]}]},{\"@type\":\"ImageObject\",\"inLanguage\":\"es\",\"@id\":\"https:\\\/\\\/margaritayeusebio.com\\\/tienda\\\/producto\\\/13-c-fensatin-capsulas\\\/#primaryimage\",\"url\":\"https:\\\/\\\/margaritayeusebio.com\\\/tienda\\\/wp-content\\\/uploads\\\/2023\\\/05\\\/8422947100537-scaled.jpg\",\"contentUrl\":\"https:\\\/\\\/margaritayeusebio.com\\\/tienda\\\/wp-content\\\/uploads\\\/2023\\\/05\\\/8422947100537-scaled.jpg\",\"width\":2560,\"height\":1462},{\"@type\":\"BreadcrumbList\",\"@id\":\"https:\\\/\\\/margaritayeusebio.com\\\/tienda\\\/producto\\\/13-c-fensatin-capsulas\\\/#breadcrumb\",\"itemListElement\":[{\"@type\":\"ListItem\",\"position\":1,\"name\":\"Portada\",\"item\":\"https:\\\/\\\/margaritayeusebio.com\\\/tienda\\\/pagina-de-inicio-2\\\/\"},{\"@type\":\"ListItem\",\"position\":2,\"name\":\"Tienda\",\"item\":\"https:\\\/\\\/margaritayeusebio.com\\\/tienda\\\/\"},{\"@type\":\"ListItem\",\"position\":3,\"name\":\"13-C Fensat\u00edn c\u00e1psulas\"}]},{\"@type\":\"WebSite\",\"@id\":\"https:\\\/\\\/margaritayeusebio.com\\\/tienda\\\/#website\",\"url\":\"https:\\\/\\\/margaritayeusebio.com\\\/tienda\\\/\",\"name\":\"Centro de Belleza y Salud Margarita Ortu\u00f1o L\u00e1zaro. ESCUELA DE QUIROMASAJE Y TERAPIAS COMPLEMENTARIAS.TIENDA ONLINE\",\"description\":\"Quiromasaje-Osteopatia, Acupuntura, Herbolario, Fitoterapia, Oligoelementos, Productos Belleza,\",\"publisher\":{\"@id\":\"https:\\\/\\\/margaritayeusebio.com\\\/tienda\\\/#organization\"},\"potentialAction\":[{\"@type\":\"SearchAction\",\"target\":{\"@type\":\"EntryPoint\",\"urlTemplate\":\"https:\\\/\\\/margaritayeusebio.com\\\/tienda\\\/?s={search_term_string}\"},\"query-input\":{\"@type\":\"PropertyValueSpecification\",\"valueRequired\":true,\"valueName\":\"search_term_string\"}}],\"inLanguage\":\"es\"},{\"@type\":\"Organization\",\"@id\":\"https:\\\/\\\/margaritayeusebio.com\\\/tienda\\\/#organization\",\"name\":\"Centro de Belleza y Salud Margarita Ortu\u00f1o L\u00e1zaro. ESCUELA DE QUIROMASAJE Y TERAPIAS COMPLEMENTARIAS.TIENDA ONLINE\",\"url\":\"https:\\\/\\\/margaritayeusebio.com\\\/tienda\\\/\",\"logo\":{\"@type\":\"ImageObject\",\"inLanguage\":\"es\",\"@id\":\"https:\\\/\\\/margaritayeusebio.com\\\/tienda\\\/#\\\/schema\\\/logo\\\/image\\\/\",\"url\":\"https:\\\/\\\/margaritayeusebio.com\\\/tienda\\\/wp-content\\\/uploads\\\/2021\\\/12\\\/anagrama-conjunto-escuela-y-centro.jpg\",\"contentUrl\":\"https:\\\/\\\/margaritayeusebio.com\\\/tienda\\\/wp-content\\\/uploads\\\/2021\\\/12\\\/anagrama-conjunto-escuela-y-centro.jpg\",\"width\":363,\"height\":302,\"caption\":\"Centro de Belleza y Salud Margarita Ortu\u00f1o L\u00e1zaro. ESCUELA DE QUIROMASAJE Y TERAPIAS COMPLEMENTARIAS.TIENDA ONLINE\"},\"image\":{\"@id\":\"https:\\\/\\\/margaritayeusebio.com\\\/tienda\\\/#\\\/schema\\\/logo\\\/image\\\/\"}}]}<\/script>\n<!-- \/ Yoast SEO plugin. -->","yoast_head_json":{"title":"13-C Fensat\u00edn c\u00e1psulas - Centro de Belleza y Salud Margarita Ortu\u00f1o L\u00e1zaro. ESCUELA DE QUIROMASAJE Y TERAPIAS COMPLEMENTARIAS.TIENDA ONLINE","description":"Prepara tus defensas Con extractos de prop\u00f3leo y equin\u00e1cea que ayuda a mantener un sistema inmunitario sano.\u00a0","robots":{"index":"index","follow":"follow","max-snippet":"max-snippet:-1","max-image-preview":"max-image-preview:large","max-video-preview":"max-video-preview:-1"},"canonical":"https:\/\/margaritayeusebio.com\/tienda\/producto\/13-c-fensatin-capsulas\/","og_locale":"es_ES","og_type":"article","og_title":"13-C Fensat\u00edn c\u00e1psulas - Centro de Belleza y Salud Margarita Ortu\u00f1o L\u00e1zaro. ESCUELA DE QUIROMASAJE Y TERAPIAS COMPLEMENTARIAS.TIENDA ONLINE","og_description":"Prepara tus defensas Con extractos de prop\u00f3leo y equin\u00e1cea que ayuda a mantener un sistema inmunitario sano.\u00a0","og_url":"https:\/\/margaritayeusebio.com\/tienda\/producto\/13-c-fensatin-capsulas\/","og_site_name":"Centro de Belleza y Salud Margarita Ortu\u00f1o L\u00e1zaro. ESCUELA DE QUIROMASAJE Y TERAPIAS COMPLEMENTARIAS.TIENDA ONLINE","article_modified_time":"2023-05-10T14:51:57+00:00","og_image":[{"width":2560,"height":1462,"url":"https:\/\/margaritayeusebio.com\/tienda\/wp-content\/uploads\/2023\/05\/8422947100537-scaled.jpg","type":"image\/jpeg"}],"twitter_card":"summary_large_image","twitter_misc":{"Tiempo de lectura":"1 minuto"},"schema":{"@context":"https:\/\/schema.org","@graph":[{"@type":"WebPage","@id":"https:\/\/margaritayeusebio.com\/tienda\/producto\/13-c-fensatin-capsulas\/","url":"https:\/\/margaritayeusebio.com\/tienda\/producto\/13-c-fensatin-capsulas\/","name":"13-C Fensat\u00edn c\u00e1psulas - Centro de Belleza y Salud Margarita Ortu\u00f1o L\u00e1zaro. ESCUELA DE QUIROMASAJE Y TERAPIAS COMPLEMENTARIAS.TIENDA ONLINE","isPartOf":{"@id":"https:\/\/margaritayeusebio.com\/tienda\/#website"},"primaryImageOfPage":{"@id":"https:\/\/margaritayeusebio.com\/tienda\/producto\/13-c-fensatin-capsulas\/#primaryimage"},"image":{"@id":"https:\/\/margaritayeusebio.com\/tienda\/producto\/13-c-fensatin-capsulas\/#primaryimage"},"thumbnailUrl":"https:\/\/margaritayeusebio.com\/tienda\/wp-content\/uploads\/2023\/05\/8422947100537-scaled.jpg","datePublished":"2023-05-10T14:47:47+00:00","dateModified":"2023-05-10T14:51:57+00:00","description":"Prepara tus defensas Con extractos de prop\u00f3leo y equin\u00e1cea que ayuda a mantener un sistema inmunitario sano.\u00a0","breadcrumb":{"@id":"https:\/\/margaritayeusebio.com\/tienda\/producto\/13-c-fensatin-capsulas\/#breadcrumb"},"inLanguage":"es","potentialAction":[{"@type":"ReadAction","target":["https:\/\/margaritayeusebio.com\/tienda\/producto\/13-c-fensatin-capsulas\/"]}]},{"@type":"ImageObject","inLanguage":"es","@id":"https:\/\/margaritayeusebio.com\/tienda\/producto\/13-c-fensatin-capsulas\/#primaryimage","url":"https:\/\/margaritayeusebio.com\/tienda\/wp-content\/uploads\/2023\/05\/8422947100537-scaled.jpg","contentUrl":"https:\/\/margaritayeusebio.com\/tienda\/wp-content\/uploads\/2023\/05\/8422947100537-scaled.jpg","width":2560,"height":1462},{"@type":"BreadcrumbList","@id":"https:\/\/margaritayeusebio.com\/tienda\/producto\/13-c-fensatin-capsulas\/#breadcrumb","itemListElement":[{"@type":"ListItem","position":1,"name":"Portada","item":"https:\/\/margaritayeusebio.com\/tienda\/pagina-de-inicio-2\/"},{"@type":"ListItem","position":2,"name":"Tienda","item":"https:\/\/margaritayeusebio.com\/tienda\/"},{"@type":"ListItem","position":3,"name":"13-C Fensat\u00edn c\u00e1psulas"}]},{"@type":"WebSite","@id":"https:\/\/margaritayeusebio.com\/tienda\/#website","url":"https:\/\/margaritayeusebio.com\/tienda\/","name":"Centro de Belleza y Salud Margarita Ortu\u00f1o L\u00e1zaro. ESCUELA DE QUIROMASAJE Y TERAPIAS COMPLEMENTARIAS.TIENDA ONLINE","description":"Quiromasaje-Osteopatia, Acupuntura, Herbolario, Fitoterapia, Oligoelementos, Productos Belleza,","publisher":{"@id":"https:\/\/margaritayeusebio.com\/tienda\/#organization"},"potentialAction":[{"@type":"SearchAction","target":{"@type":"EntryPoint","urlTemplate":"https:\/\/margaritayeusebio.com\/tienda\/?s={search_term_string}"},"query-input":{"@type":"PropertyValueSpecification","valueRequired":true,"valueName":"search_term_string"}}],"inLanguage":"es"},{"@type":"Organization","@id":"https:\/\/margaritayeusebio.com\/tienda\/#organization","name":"Centro de Belleza y Salud Margarita Ortu\u00f1o L\u00e1zaro. ESCUELA DE QUIROMASAJE Y TERAPIAS COMPLEMENTARIAS.TIENDA ONLINE","url":"https:\/\/margaritayeusebio.com\/tienda\/","logo":{"@type":"ImageObject","inLanguage":"es","@id":"https:\/\/margaritayeusebio.com\/tienda\/#\/schema\/logo\/image\/","url":"https:\/\/margaritayeusebio.com\/tienda\/wp-content\/uploads\/2021\/12\/anagrama-conjunto-escuela-y-centro.jpg","contentUrl":"https:\/\/margaritayeusebio.com\/tienda\/wp-content\/uploads\/2021\/12\/anagrama-conjunto-escuela-y-centro.jpg","width":363,"height":302,"caption":"Centro de Belleza y Salud Margarita Ortu\u00f1o L\u00e1zaro. ESCUELA DE QUIROMASAJE Y TERAPIAS COMPLEMENTARIAS.TIENDA ONLINE"},"image":{"@id":"https:\/\/margaritayeusebio.com\/tienda\/#\/schema\/logo\/image\/"}}]}},"jetpack_sharing_enabled":true,"_links":{"self":[{"href":"https:\/\/margaritayeusebio.com\/tienda\/wp-json\/wp\/v2\/product\/243","targetHints":{"allow":["GET"]}}],"collection":[{"href":"https:\/\/margaritayeusebio.com\/tienda\/wp-json\/wp\/v2\/product"}],"about":[{"href":"https:\/\/margaritayeusebio.com\/tienda\/wp-json\/wp\/v2\/types\/product"}],"replies":[{"embeddable":true,"href":"https:\/\/margaritayeusebio.com\/tienda\/wp-json\/wp\/v2\/comments?post=243"}],"wp:featuredmedia":[{"embeddable":true,"href":"https:\/\/margaritayeusebio.com\/tienda\/wp-json\/wp\/v2\/media\/244"}],"wp:attachment":[{"href":"https:\/\/margaritayeusebio.com\/tienda\/wp-json\/wp\/v2\/media?parent=243"}],"wp:term":[{"taxonomy":"product_brand","embeddable":true,"href":"https:\/\/margaritayeusebio.com\/tienda\/wp-json\/wp\/v2\/product_brand?post=243"},{"taxonomy":"product_cat","embeddable":true,"href":"https:\/\/margaritayeusebio.com\/tienda\/wp-json\/wp\/v2\/product_cat?post=243"},{"taxonomy":"product_tag","embeddable":true,"href":"https:\/\/margaritayeusebio.com\/tienda\/wp-json\/wp\/v2\/product_tag?post=243"}],"curies":[{"name":"wp","href":"https:\/\/api.w.org\/{rel}","templated":true}]}}