{"id":241,"date":"2023-05-10T16:23:55","date_gmt":"2023-05-10T14:23:55","guid":{"rendered":"https:\/\/margaritayeusebio.com\/tienda\/?post_type=product&#038;p=241"},"modified":"2023-05-12T12:43:21","modified_gmt":"2023-05-12T10:43:21","slug":"16-c-dologen-capsulas","status":"publish","type":"product","link":"https:\/\/margaritayeusebio.com\/tienda\/producto\/16-c-dologen-capsulas\/","title":{"rendered":"16-C Dolog\u00e9n c\u00e1psulas"},"content":{"rendered":"<h1>16-C Dolog\u00e9n c\u00e1psulas<\/h1>\n<h6><em>C\u00f3d.: 10056\u00a0 \u00a030 c\u00e1psulas de 690 mg<\/em><\/h6>\n<div class=\"uk-text-muted\">\n<div><span style=\"background-color: var(--global--color-background); color: var(--global--color-primary); font-family: var(--global--font-secondary); font-size: var(--global--font-size-base);\">Ayuda a aliviar molestias articulares<\/span><\/div>\n<\/div>\n<hr class=\"uk-margin\" \/>\n<div class=\" uk-text-small uk-margin-medium-bottom\">\n<div>\n<p>Mezcla de extractos de Harpagofito, sauce y ulmaria.<\/p>\n<p>La gama de C\u00e1psulas Siglo XXI de Liberaci\u00f3n Prolongada de Soria Natural est\u00e1 dise\u00f1ada para lograr una mayor eficacia y seguridad en el uso de la planta.<\/p>\n<ul>\n<li>Elevada absorci\u00f3n de principios activos.<\/li>\n<li>Mayor aprovechamiento de la planta administrada<\/li>\n<li>Menor n\u00famero de tomas<\/li>\n<li>100% vegetales\n<div class=\"uk-first-column\">\n<ul class=\"uk-child-width-expand sn-tab uk-tab\">\n<li class=\"uk-active\"><a class=\"uk-card uk-card-default uk-text-truncate\" href=\"https:\/\/www.sorianatural.es\/producto\/16-c-dologen-capsulas#\">Composici\u00f3n<\/a><\/li>\n<\/ul>\n<ul class=\"uk-switcher uk-margin\">\n<li class=\"uk-active\">\n<div class=\"uk-padding-small\">\n<h3>Ingredientes<\/h3>\n<div>\n<p><i>(por c\u00e1psula)\u00a0<\/i>Estabilizante: celulosa microcristalina, extracto seco de harpagofito (<em>Harpagophytum procumbens<\/em>\u00a0D.C, ra\u00edz)(150 mg), extracto seco de sauce (<em>Salix alba<\/em>\u00a0L, corteza)(100 mg), extracto liofilizado de ulmaria (<em>Filipendula ulmaria<\/em>\u00a0(L)(Maxim, sum. florida)(50 mg), agente de recubrimieno: copol\u00edmero de metacrilato neutro, c\u00e1psula (hidroxipropilmetilcelulosa).<\/p>\n<\/div>\n<h3>Compuestos activos<\/h3>\n<div>\n<table class=\"uk-table uk-table-striped uk-table-small\">\n<tbody>\n<tr>\n<td colspan=\"2\">(por c\u00e1psula)<\/td>\n<\/tr>\n<tr>\n<td><i>Harpagophytum procumbens<\/i> D.C.<\/td>\n<td>150 mg<\/td>\n<\/tr>\n<tr>\n<td><i>Salix alba<\/i> L.<\/td>\n<td>100 mg<\/td>\n<\/tr>\n<tr>\n<td><i>Filipendula ulmaria<\/i> (L.) Maxim.<\/td>\n<td>50 mg<\/td>\n<\/tr>\n<tr>\n<td>Salicina<\/td>\n<td>10 mg<\/td>\n<\/tr>\n<tr>\n<td>Harpag\u00f3sido<\/td>\n<td>10 mg<\/td>\n<\/tr>\n<\/tbody>\n<\/table>\n<\/div>\n<\/div>\n<\/li>\n<\/ul>\n<\/div>\n<div>\n<ul class=\"uk-child-width-expand sn-tab uk-grid-collapse uk-tab\">\n<li class=\"uk-active\"><a class=\"uk-card uk-card-default uk-text-truncate\" href=\"https:\/\/www.sorianatural.es\/producto\/16-c-dologen-capsulas#\">Modo de empleo<\/a><\/li>\n<li><a class=\"uk-card uk-card-default uk-text-truncate\" href=\"https:\/\/www.sorianatural.es\/producto\/16-c-dologen-capsulas#\">Plantas Relacionadas<\/a><\/li>\n<\/ul>\n<ul class=\"uk-switcher uk-margin\">\n<li class=\"uk-active\">\n<div class=\"uk-padding-small\">\n<h3>Consejos de uso<\/h3>\n<div>\n<p>Se aconseja la toma del A.D.E; 1 c\u00e1psula cada 12 horas, con un gran vaso de agua.<\/p>\n<p>El\u00a0<strong>Aporte Diario Eficaz (A.D.E.)\u00a0<\/strong>determina la cantidad media de principios activos por toma diaria recomendada.<\/p>\n<\/div>\n<h3>Recomendaciones<\/h3>\n<div>\n<ul>\n<li><span style=\"font-family: Arial, sans-serif;\">No contiene colorantes ni conservantes.\u00a0<\/span><\/li>\n<li><span style=\"font-family: Arial, sans-serif;\">No utilizar como sustituto de una dieta variada y equilibrada y un estilo de vida saludable.\u00a0<\/span><\/li>\n<li><span style=\"font-family: Arial, sans-serif;\">Mantener fuera del alcance de los ni\u00f1os m\u00e1s peque\u00f1os.\u00a0<\/span><\/li>\n<li><span style=\"font-family: Arial, sans-serif;\">No superar la dosis recomendada.\u00a0<\/span><\/li>\n<\/ul>\n<\/div>\n<\/div>\n<\/li>\n<\/ul>\n<\/div>\n<\/li>\n<\/ul>\n<\/div>\n<\/div>\n","protected":false},"excerpt":{"rendered":"<h4>16-C Dolog\u00e9n c\u00e1psulas<\/h4>\n<p>Mezcla de extractos de Harpagofito, sauce y ulmaria.<\/p>\n<p>La gama de C\u00e1psulas Siglo XXI de Liberaci\u00f3n Prolongada de Soria Natural est\u00e1 dise\u00f1ada para lograr una mayor eficacia y seguridad en el uso de la planta.<\/p>\n<ul>\n<li>Elevada absorci\u00f3n de principios activos.<\/li>\n<li>Mayor aprovechamiento de la planta administrada<\/li>\n<li>Menor n\u00famero de tomas<\/li>\n<li>100% vegetales<\/li>\n<\/ul>\n","protected":false},"featured_media":242,"comment_status":"open","ping_status":"closed","template":"","meta":[],"product_brand":[],"product_cat":[16],"product_tag":[164,162,58,150,163],"class_list":{"0":"post-241","1":"product","2":"type-product","3":"status-publish","4":"has-post-thumbnail","6":"product_cat-fitoterapia-o-preparados-de-plantas-que-buscan-solucionar-los-problemas-de-salud","7":"product_tag-dologen","8":"product_tag-dolor","9":"product_tag-dolor-articular","10":"product_tag-dolor-de-cabeza","11":"product_tag-fitotera","12":"entry","14":"first","15":"instock","16":"taxable","17":"shipping-taxable","18":"purchasable","19":"product-type-simple"},"yoast_head":"<!-- This site is optimized with the Yoast SEO plugin v27.4 - https:\/\/yoast.com\/product\/yoast-seo-wordpress\/ -->\n<title>16-C Dolog\u00e9n c\u00e1psulas - Centro de Belleza y Salud Margarita Ortu\u00f1o L\u00e1zaro. ESCUELA DE QUIROMASAJE Y TERAPIAS COMPLEMENTARIAS.TIENDA ONLINE<\/title>\n<meta name=\"description\" content=\"Mezcla de extractos de Harpagofito, sauce y ulmaria.\u00a0La gama de C\u00e1psulas Siglo XXI de Liberaci\u00f3n Prolongada de Soria Natural est\u00e1 dise\u00f1ada para lograr una mayor eficacia y seguridad en el uso de la planta.\u00a0Elevada absorci\u00f3n de principios activos.\u00a0Mayor aprovechamiento de la planta administrada Menor n\u00famero de tomas100% vegetales\" \/>\n<meta name=\"robots\" content=\"index, follow, max-snippet:-1, max-image-preview:large, max-video-preview:-1\" \/>\n<link rel=\"canonical\" href=\"https:\/\/margaritayeusebio.com\/tienda\/producto\/16-c-dologen-capsulas\/\" \/>\n<meta property=\"og:locale\" content=\"es_ES\" \/>\n<meta property=\"og:type\" content=\"article\" \/>\n<meta property=\"og:title\" content=\"16-C Dolog\u00e9n c\u00e1psulas - Centro de Belleza y Salud Margarita Ortu\u00f1o L\u00e1zaro. ESCUELA DE QUIROMASAJE Y TERAPIAS COMPLEMENTARIAS.TIENDA ONLINE\" \/>\n<meta property=\"og:description\" content=\"Mezcla de extractos de Harpagofito, sauce y ulmaria.\u00a0La gama de C\u00e1psulas Siglo XXI de Liberaci\u00f3n Prolongada de Soria Natural est\u00e1 dise\u00f1ada para lograr una mayor eficacia y seguridad en el uso de la planta.\u00a0Elevada absorci\u00f3n de principios activos.\u00a0Mayor aprovechamiento de la planta administrada Menor n\u00famero de tomas100% vegetales\" \/>\n<meta property=\"og:url\" content=\"https:\/\/margaritayeusebio.com\/tienda\/producto\/16-c-dologen-capsulas\/\" \/>\n<meta property=\"og:site_name\" content=\"Centro de Belleza y Salud Margarita Ortu\u00f1o L\u00e1zaro. ESCUELA DE QUIROMASAJE Y TERAPIAS COMPLEMENTARIAS.TIENDA ONLINE\" \/>\n<meta property=\"article:modified_time\" content=\"2023-05-12T10:43:21+00:00\" \/>\n<meta property=\"og:image\" content=\"https:\/\/margaritayeusebio.com\/tienda\/wp-content\/uploads\/2023\/05\/8422947100568-scaled.jpg\" \/>\n\t<meta property=\"og:image:width\" content=\"2560\" \/>\n\t<meta property=\"og:image:height\" content=\"1462\" \/>\n\t<meta property=\"og:image:type\" content=\"image\/jpeg\" \/>\n<meta name=\"twitter:card\" content=\"summary_large_image\" \/>\n<meta name=\"twitter:label1\" content=\"Tiempo de lectura\" \/>\n\t<meta name=\"twitter:data1\" content=\"1 minuto\" \/>\n<script type=\"application\/ld+json\" class=\"yoast-schema-graph\">{\"@context\":\"https:\\\/\\\/schema.org\",\"@graph\":[{\"@type\":\"WebPage\",\"@id\":\"https:\\\/\\\/margaritayeusebio.com\\\/tienda\\\/producto\\\/16-c-dologen-capsulas\\\/\",\"url\":\"https:\\\/\\\/margaritayeusebio.com\\\/tienda\\\/producto\\\/16-c-dologen-capsulas\\\/\",\"name\":\"16-C Dolog\u00e9n c\u00e1psulas - Centro de Belleza y Salud Margarita Ortu\u00f1o L\u00e1zaro. ESCUELA DE QUIROMASAJE Y TERAPIAS COMPLEMENTARIAS.TIENDA ONLINE\",\"isPartOf\":{\"@id\":\"https:\\\/\\\/margaritayeusebio.com\\\/tienda\\\/#website\"},\"primaryImageOfPage\":{\"@id\":\"https:\\\/\\\/margaritayeusebio.com\\\/tienda\\\/producto\\\/16-c-dologen-capsulas\\\/#primaryimage\"},\"image\":{\"@id\":\"https:\\\/\\\/margaritayeusebio.com\\\/tienda\\\/producto\\\/16-c-dologen-capsulas\\\/#primaryimage\"},\"thumbnailUrl\":\"https:\\\/\\\/margaritayeusebio.com\\\/tienda\\\/wp-content\\\/uploads\\\/2023\\\/05\\\/8422947100568-scaled.jpg\",\"datePublished\":\"2023-05-10T14:23:55+00:00\",\"dateModified\":\"2023-05-12T10:43:21+00:00\",\"description\":\"Mezcla de extractos de Harpagofito, sauce y ulmaria.\u00a0La gama de C\u00e1psulas Siglo XXI de Liberaci\u00f3n Prolongada de Soria Natural est\u00e1 dise\u00f1ada para lograr una mayor eficacia y seguridad en el uso de la planta.\u00a0Elevada absorci\u00f3n de principios activos.\u00a0Mayor aprovechamiento de la planta administrada Menor n\u00famero de tomas100% vegetales\",\"breadcrumb\":{\"@id\":\"https:\\\/\\\/margaritayeusebio.com\\\/tienda\\\/producto\\\/16-c-dologen-capsulas\\\/#breadcrumb\"},\"inLanguage\":\"es\",\"potentialAction\":[{\"@type\":\"ReadAction\",\"target\":[\"https:\\\/\\\/margaritayeusebio.com\\\/tienda\\\/producto\\\/16-c-dologen-capsulas\\\/\"]}]},{\"@type\":\"ImageObject\",\"inLanguage\":\"es\",\"@id\":\"https:\\\/\\\/margaritayeusebio.com\\\/tienda\\\/producto\\\/16-c-dologen-capsulas\\\/#primaryimage\",\"url\":\"https:\\\/\\\/margaritayeusebio.com\\\/tienda\\\/wp-content\\\/uploads\\\/2023\\\/05\\\/8422947100568-scaled.jpg\",\"contentUrl\":\"https:\\\/\\\/margaritayeusebio.com\\\/tienda\\\/wp-content\\\/uploads\\\/2023\\\/05\\\/8422947100568-scaled.jpg\",\"width\":2560,\"height\":1462},{\"@type\":\"BreadcrumbList\",\"@id\":\"https:\\\/\\\/margaritayeusebio.com\\\/tienda\\\/producto\\\/16-c-dologen-capsulas\\\/#breadcrumb\",\"itemListElement\":[{\"@type\":\"ListItem\",\"position\":1,\"name\":\"Portada\",\"item\":\"https:\\\/\\\/margaritayeusebio.com\\\/tienda\\\/pagina-de-inicio-2\\\/\"},{\"@type\":\"ListItem\",\"position\":2,\"name\":\"Tienda\",\"item\":\"https:\\\/\\\/margaritayeusebio.com\\\/tienda\\\/\"},{\"@type\":\"ListItem\",\"position\":3,\"name\":\"16-C Dolog\u00e9n c\u00e1psulas\"}]},{\"@type\":\"WebSite\",\"@id\":\"https:\\\/\\\/margaritayeusebio.com\\\/tienda\\\/#website\",\"url\":\"https:\\\/\\\/margaritayeusebio.com\\\/tienda\\\/\",\"name\":\"Centro de Belleza y Salud Margarita Ortu\u00f1o L\u00e1zaro. ESCUELA DE QUIROMASAJE Y TERAPIAS COMPLEMENTARIAS.TIENDA ONLINE\",\"description\":\"Quiromasaje-Osteopatia, Acupuntura, Herbolario, Fitoterapia, Oligoelementos, Productos Belleza,\",\"publisher\":{\"@id\":\"https:\\\/\\\/margaritayeusebio.com\\\/tienda\\\/#organization\"},\"potentialAction\":[{\"@type\":\"SearchAction\",\"target\":{\"@type\":\"EntryPoint\",\"urlTemplate\":\"https:\\\/\\\/margaritayeusebio.com\\\/tienda\\\/?s={search_term_string}\"},\"query-input\":{\"@type\":\"PropertyValueSpecification\",\"valueRequired\":true,\"valueName\":\"search_term_string\"}}],\"inLanguage\":\"es\"},{\"@type\":\"Organization\",\"@id\":\"https:\\\/\\\/margaritayeusebio.com\\\/tienda\\\/#organization\",\"name\":\"Centro de Belleza y Salud Margarita Ortu\u00f1o L\u00e1zaro. ESCUELA DE QUIROMASAJE Y TERAPIAS COMPLEMENTARIAS.TIENDA ONLINE\",\"url\":\"https:\\\/\\\/margaritayeusebio.com\\\/tienda\\\/\",\"logo\":{\"@type\":\"ImageObject\",\"inLanguage\":\"es\",\"@id\":\"https:\\\/\\\/margaritayeusebio.com\\\/tienda\\\/#\\\/schema\\\/logo\\\/image\\\/\",\"url\":\"https:\\\/\\\/margaritayeusebio.com\\\/tienda\\\/wp-content\\\/uploads\\\/2021\\\/12\\\/anagrama-conjunto-escuela-y-centro.jpg\",\"contentUrl\":\"https:\\\/\\\/margaritayeusebio.com\\\/tienda\\\/wp-content\\\/uploads\\\/2021\\\/12\\\/anagrama-conjunto-escuela-y-centro.jpg\",\"width\":363,\"height\":302,\"caption\":\"Centro de Belleza y Salud Margarita Ortu\u00f1o L\u00e1zaro. ESCUELA DE QUIROMASAJE Y TERAPIAS COMPLEMENTARIAS.TIENDA ONLINE\"},\"image\":{\"@id\":\"https:\\\/\\\/margaritayeusebio.com\\\/tienda\\\/#\\\/schema\\\/logo\\\/image\\\/\"}}]}<\/script>\n<!-- \/ Yoast SEO plugin. -->","yoast_head_json":{"title":"16-C Dolog\u00e9n c\u00e1psulas - Centro de Belleza y Salud Margarita Ortu\u00f1o L\u00e1zaro. ESCUELA DE QUIROMASAJE Y TERAPIAS COMPLEMENTARIAS.TIENDA ONLINE","description":"Mezcla de extractos de Harpagofito, sauce y ulmaria.\u00a0La gama de C\u00e1psulas Siglo XXI de Liberaci\u00f3n Prolongada de Soria Natural est\u00e1 dise\u00f1ada para lograr una mayor eficacia y seguridad en el uso de la planta.\u00a0Elevada absorci\u00f3n de principios activos.\u00a0Mayor aprovechamiento de la planta administrada Menor n\u00famero de tomas100% vegetales","robots":{"index":"index","follow":"follow","max-snippet":"max-snippet:-1","max-image-preview":"max-image-preview:large","max-video-preview":"max-video-preview:-1"},"canonical":"https:\/\/margaritayeusebio.com\/tienda\/producto\/16-c-dologen-capsulas\/","og_locale":"es_ES","og_type":"article","og_title":"16-C Dolog\u00e9n c\u00e1psulas - Centro de Belleza y Salud Margarita Ortu\u00f1o L\u00e1zaro. ESCUELA DE QUIROMASAJE Y TERAPIAS COMPLEMENTARIAS.TIENDA ONLINE","og_description":"Mezcla de extractos de Harpagofito, sauce y ulmaria.\u00a0La gama de C\u00e1psulas Siglo XXI de Liberaci\u00f3n Prolongada de Soria Natural est\u00e1 dise\u00f1ada para lograr una mayor eficacia y seguridad en el uso de la planta.\u00a0Elevada absorci\u00f3n de principios activos.\u00a0Mayor aprovechamiento de la planta administrada Menor n\u00famero de tomas100% vegetales","og_url":"https:\/\/margaritayeusebio.com\/tienda\/producto\/16-c-dologen-capsulas\/","og_site_name":"Centro de Belleza y Salud Margarita Ortu\u00f1o L\u00e1zaro. ESCUELA DE QUIROMASAJE Y TERAPIAS COMPLEMENTARIAS.TIENDA ONLINE","article_modified_time":"2023-05-12T10:43:21+00:00","og_image":[{"width":2560,"height":1462,"url":"https:\/\/margaritayeusebio.com\/tienda\/wp-content\/uploads\/2023\/05\/8422947100568-scaled.jpg","type":"image\/jpeg"}],"twitter_card":"summary_large_image","twitter_misc":{"Tiempo de lectura":"1 minuto"},"schema":{"@context":"https:\/\/schema.org","@graph":[{"@type":"WebPage","@id":"https:\/\/margaritayeusebio.com\/tienda\/producto\/16-c-dologen-capsulas\/","url":"https:\/\/margaritayeusebio.com\/tienda\/producto\/16-c-dologen-capsulas\/","name":"16-C Dolog\u00e9n c\u00e1psulas - Centro de Belleza y Salud Margarita Ortu\u00f1o L\u00e1zaro. ESCUELA DE QUIROMASAJE Y TERAPIAS COMPLEMENTARIAS.TIENDA ONLINE","isPartOf":{"@id":"https:\/\/margaritayeusebio.com\/tienda\/#website"},"primaryImageOfPage":{"@id":"https:\/\/margaritayeusebio.com\/tienda\/producto\/16-c-dologen-capsulas\/#primaryimage"},"image":{"@id":"https:\/\/margaritayeusebio.com\/tienda\/producto\/16-c-dologen-capsulas\/#primaryimage"},"thumbnailUrl":"https:\/\/margaritayeusebio.com\/tienda\/wp-content\/uploads\/2023\/05\/8422947100568-scaled.jpg","datePublished":"2023-05-10T14:23:55+00:00","dateModified":"2023-05-12T10:43:21+00:00","description":"Mezcla de extractos de Harpagofito, sauce y ulmaria.\u00a0La gama de C\u00e1psulas Siglo XXI de Liberaci\u00f3n Prolongada de Soria Natural est\u00e1 dise\u00f1ada para lograr una mayor eficacia y seguridad en el uso de la planta.\u00a0Elevada absorci\u00f3n de principios activos.\u00a0Mayor aprovechamiento de la planta administrada Menor n\u00famero de tomas100% vegetales","breadcrumb":{"@id":"https:\/\/margaritayeusebio.com\/tienda\/producto\/16-c-dologen-capsulas\/#breadcrumb"},"inLanguage":"es","potentialAction":[{"@type":"ReadAction","target":["https:\/\/margaritayeusebio.com\/tienda\/producto\/16-c-dologen-capsulas\/"]}]},{"@type":"ImageObject","inLanguage":"es","@id":"https:\/\/margaritayeusebio.com\/tienda\/producto\/16-c-dologen-capsulas\/#primaryimage","url":"https:\/\/margaritayeusebio.com\/tienda\/wp-content\/uploads\/2023\/05\/8422947100568-scaled.jpg","contentUrl":"https:\/\/margaritayeusebio.com\/tienda\/wp-content\/uploads\/2023\/05\/8422947100568-scaled.jpg","width":2560,"height":1462},{"@type":"BreadcrumbList","@id":"https:\/\/margaritayeusebio.com\/tienda\/producto\/16-c-dologen-capsulas\/#breadcrumb","itemListElement":[{"@type":"ListItem","position":1,"name":"Portada","item":"https:\/\/margaritayeusebio.com\/tienda\/pagina-de-inicio-2\/"},{"@type":"ListItem","position":2,"name":"Tienda","item":"https:\/\/margaritayeusebio.com\/tienda\/"},{"@type":"ListItem","position":3,"name":"16-C Dolog\u00e9n c\u00e1psulas"}]},{"@type":"WebSite","@id":"https:\/\/margaritayeusebio.com\/tienda\/#website","url":"https:\/\/margaritayeusebio.com\/tienda\/","name":"Centro de Belleza y Salud Margarita Ortu\u00f1o L\u00e1zaro. ESCUELA DE QUIROMASAJE Y TERAPIAS COMPLEMENTARIAS.TIENDA ONLINE","description":"Quiromasaje-Osteopatia, Acupuntura, Herbolario, Fitoterapia, Oligoelementos, Productos Belleza,","publisher":{"@id":"https:\/\/margaritayeusebio.com\/tienda\/#organization"},"potentialAction":[{"@type":"SearchAction","target":{"@type":"EntryPoint","urlTemplate":"https:\/\/margaritayeusebio.com\/tienda\/?s={search_term_string}"},"query-input":{"@type":"PropertyValueSpecification","valueRequired":true,"valueName":"search_term_string"}}],"inLanguage":"es"},{"@type":"Organization","@id":"https:\/\/margaritayeusebio.com\/tienda\/#organization","name":"Centro de Belleza y Salud Margarita Ortu\u00f1o L\u00e1zaro. ESCUELA DE QUIROMASAJE Y TERAPIAS COMPLEMENTARIAS.TIENDA ONLINE","url":"https:\/\/margaritayeusebio.com\/tienda\/","logo":{"@type":"ImageObject","inLanguage":"es","@id":"https:\/\/margaritayeusebio.com\/tienda\/#\/schema\/logo\/image\/","url":"https:\/\/margaritayeusebio.com\/tienda\/wp-content\/uploads\/2021\/12\/anagrama-conjunto-escuela-y-centro.jpg","contentUrl":"https:\/\/margaritayeusebio.com\/tienda\/wp-content\/uploads\/2021\/12\/anagrama-conjunto-escuela-y-centro.jpg","width":363,"height":302,"caption":"Centro de Belleza y Salud Margarita Ortu\u00f1o L\u00e1zaro. ESCUELA DE QUIROMASAJE Y TERAPIAS COMPLEMENTARIAS.TIENDA ONLINE"},"image":{"@id":"https:\/\/margaritayeusebio.com\/tienda\/#\/schema\/logo\/image\/"}}]}},"jetpack_sharing_enabled":true,"_links":{"self":[{"href":"https:\/\/margaritayeusebio.com\/tienda\/wp-json\/wp\/v2\/product\/241","targetHints":{"allow":["GET"]}}],"collection":[{"href":"https:\/\/margaritayeusebio.com\/tienda\/wp-json\/wp\/v2\/product"}],"about":[{"href":"https:\/\/margaritayeusebio.com\/tienda\/wp-json\/wp\/v2\/types\/product"}],"replies":[{"embeddable":true,"href":"https:\/\/margaritayeusebio.com\/tienda\/wp-json\/wp\/v2\/comments?post=241"}],"wp:featuredmedia":[{"embeddable":true,"href":"https:\/\/margaritayeusebio.com\/tienda\/wp-json\/wp\/v2\/media\/242"}],"wp:attachment":[{"href":"https:\/\/margaritayeusebio.com\/tienda\/wp-json\/wp\/v2\/media?parent=241"}],"wp:term":[{"taxonomy":"product_brand","embeddable":true,"href":"https:\/\/margaritayeusebio.com\/tienda\/wp-json\/wp\/v2\/product_brand?post=241"},{"taxonomy":"product_cat","embeddable":true,"href":"https:\/\/margaritayeusebio.com\/tienda\/wp-json\/wp\/v2\/product_cat?post=241"},{"taxonomy":"product_tag","embeddable":true,"href":"https:\/\/margaritayeusebio.com\/tienda\/wp-json\/wp\/v2\/product_tag?post=241"}],"curies":[{"name":"wp","href":"https:\/\/api.w.org\/{rel}","templated":true}]}}