{"id":227,"date":"2022-09-08T19:51:59","date_gmt":"2022-09-08T17:51:59","guid":{"rendered":"https:\/\/margaritayeusebio.com\/tienda\/?post_type=product&#038;p=227"},"modified":"2022-09-08T19:51:59","modified_gmt":"2022-09-08T17:51:59","slug":"crema-exioasis-regeneradora-de-pies","status":"publish","type":"product","link":"https:\/\/margaritayeusebio.com\/tienda\/producto\/crema-exioasis-regeneradora-de-pies\/","title":{"rendered":"CREMA EXIOASIS REGENERADORA DE PIES"},"content":{"rendered":"<h2 class=\"heading\">CREMA EXIOASIS REGENERADORA DE PIES<\/h2>\n<div id=\"short_description_block\">\n<div id=\"short_description_content\" class=\"rte align_justify\">\n<p>Devuelve la belleza a los pies secos y agrietados. Elimina c\u00e9lulas muertas, regenera, ablanda los callos y cut\u00edculas, aportando hidrataci\u00f3n, protecci\u00f3n y una agradable sensaci\u00f3n de descanso. <strong>Tama\u00f1o: 100 ml<\/strong><\/p>\n<p><strong>Enriquecida con:<\/strong><\/p>\n<ul>\n<li><strong>Aceite de aguacate:<\/strong>\u00a0Excelente efecto hidratante, nutritivo y protector de la dermis.<\/li>\n<li><strong>Aceite de almendras:\u00a0<\/strong>Nutre en profundidad la dermis, aporta elasticidad y suavidad.<\/li>\n<li><strong>Aceite de cal\u00e9ndula:<\/strong>\u00a0Aporta propiedades antiinflamatorias, antis\u00e9pticas, fungicidas, emolientes, estimulantes, calmantes y t\u00f3nicas. Indicado en el tratamiento de heridas, pieles inflamadas y resecas, llagas, contusiones y quemaduras. Es un poderoso regenerador de la piel, ideal para las pieles muy sensibles y para los ni\u00f1os.<\/li>\n<li><strong>Aceite de germen de trigo:<\/strong>\u00a0Contribuye a proteger, reestructurar y mejorar la hidrataci\u00f3n de pieles secas, da\u00f1adas e irritadas. Al ser rico en tocoferoles (vitamina E).<\/li>\n<li><strong>Aceite de rosa mosqueta<\/strong>: Usado para tratar diversos tipos de eccemas. Regenera nutre y repara la dermis adem\u00e1s de su alto poder de cicatrizaci\u00f3n lo cual lo hace ideal para eliminar posibles marcas de roces de los zapatos.<\/li>\n<li><strong>Alanto\u00edna:<\/strong>\u00a0Acelera la cicatrizaci\u00f3n de heridas y la regeneraci\u00f3n cut\u00e1nea.<\/li>\n<li><strong>Aloe Vera:<\/strong>\u00a0Posee propiedades emolientes, hidratantes, humectantes y epitalizantes. Se encarga de aumentar el entrelazado de las fibras de col\u00e1geno de la piel, que son las encargadas de regenerar los tejidos y volver a darle su aspecto saludable.<\/li>\n<li><strong>Cera de Abejas:<\/strong>\u00a0Posee propiedades emolientes y emulgentes. Impermeabiliza la piel, aumentando la consistencia y protecci\u00f3n frente a la acci\u00f3n de agentes externos que pudieran da\u00f1arla. Tiene propiedades antiinflamatorias y cicatrizantes.<\/li>\n<li><strong>Vitamina E:<\/strong>\u00a0Colabora en la lucha contra la oxidaci\u00f3n o envejecimiento de la piel y \u00a0favorece la conservaci\u00f3n del producto, retardando su oxidaci\u00f3n.<\/li>\n<li><strong>C\u00farcuma:<\/strong>\u00a0Es muy recomendable para aliviar el dolor ya que tiene un gran poder antiinflamatorio. Favorece la eliminaci\u00f3n de toxinas, gran poder antis\u00e9ptico y regenerador de la piel.<\/li>\n<li><strong>Ortiga picante:<\/strong>\u00a0Por su contenido en flavonoides y sales minerales tiene un efecto muy positivo en la recuperaci\u00f3n de la piel da\u00f1ada.<\/li>\n<li><strong>Romero:<\/strong>\u00a0Rico en polifenoles y \u00e1cido rosmar\u00ednico, act\u00faa como antioxidante. Tambi\u00e9n tiene cualidades calmantes y antiinflamatorias. Gran poder antibi\u00f3tico y antis\u00e9ptico. Favorece la cicatrizaci\u00f3n.<\/li>\n<li><strong>Vitamina A(Retinol):\u00a0<\/strong>Ayuda a conservar la piel en buen estado y puede ser \u00fatil en el tratamiento de enfermedades de la piel como dermatitis, eccemas, psoriasis, piel seca, heridas, etc.<\/li>\n<\/ul>\n<p>Tambi\u00e9n se puede utilizar en manos muy da\u00f1adas aportando una hidrataci\u00f3n y una suavidad \u00a1\u00fanica!<\/p>\n<\/div>\n<\/div>\n","protected":false},"excerpt":{"rendered":"<h2 class=\"heading\">CREMA EXIOASIS REGENERADORA DE PIES<\/h2>\n<div id=\"short_description_block\">\n<div id=\"short_description_content\" class=\"rte align_justify\">\n<p>Devuelve la belleza a los pies secos y agrietados. Elimina c\u00e9lulas muertas, regenera, ablanda los callos y cut\u00edculas, aportando hidrataci\u00f3n, protecci\u00f3n y una agradable sensaci\u00f3n de descanso.<\/p>\n<\/div>\n<\/div>\n","protected":false},"featured_media":229,"comment_status":"open","ping_status":"closed","template":"","meta":[],"product_brand":[],"product_cat":[105],"product_tag":[140,141,142],"class_list":{"0":"post-227","1":"product","2":"type-product","3":"status-publish","4":"has-post-thumbnail","6":"product_cat-exialoe-productos","7":"product_tag-crema-reparadora-de-los-pies","8":"product_tag-grietas-talones","9":"product_tag-reparan-piel-de-los-pies","10":"entry","12":"first","13":"instock","14":"taxable","15":"shipping-taxable","16":"purchasable","17":"product-type-simple"},"yoast_head":"<!-- This site is optimized with the Yoast SEO plugin v27.4 - https:\/\/yoast.com\/product\/yoast-seo-wordpress\/ -->\n<title>CREMA EXIOASIS REGENERADORA DE PIES - Centro de Belleza y Salud Margarita Ortu\u00f1o L\u00e1zaro. ESCUELA DE QUIROMASAJE Y TERAPIAS COMPLEMENTARIAS.TIENDA ONLINE<\/title>\n<meta name=\"description\" content=\"CREMA EXIOASIS REGENERADORA DE PIES Devuelve la belleza a los pies secos y agrietados. Elimina c\u00e9lulas muertas, regenera, ablanda los callos y cut\u00edculas,\" \/>\n<meta name=\"robots\" content=\"index, follow, max-snippet:-1, max-image-preview:large, max-video-preview:-1\" \/>\n<link rel=\"canonical\" href=\"https:\/\/margaritayeusebio.com\/tienda\/producto\/crema-exioasis-regeneradora-de-pies\/\" \/>\n<meta property=\"og:locale\" content=\"es_ES\" \/>\n<meta property=\"og:type\" content=\"article\" \/>\n<meta property=\"og:title\" content=\"CREMA EXIOASIS REGENERADORA DE PIES - Centro de Belleza y Salud Margarita Ortu\u00f1o L\u00e1zaro. ESCUELA DE QUIROMASAJE Y TERAPIAS COMPLEMENTARIAS.TIENDA ONLINE\" \/>\n<meta property=\"og:description\" content=\"CREMA EXIOASIS REGENERADORA DE PIES Devuelve la belleza a los pies secos y agrietados. Elimina c\u00e9lulas muertas, regenera, ablanda los callos y cut\u00edculas,\" \/>\n<meta property=\"og:url\" content=\"https:\/\/margaritayeusebio.com\/tienda\/producto\/crema-exioasis-regeneradora-de-pies\/\" \/>\n<meta property=\"og:site_name\" content=\"Centro de Belleza y Salud Margarita Ortu\u00f1o L\u00e1zaro. ESCUELA DE QUIROMASAJE Y TERAPIAS COMPLEMENTARIAS.TIENDA ONLINE\" \/>\n<meta property=\"og:image\" content=\"https:\/\/margaritayeusebio.com\/tienda\/wp-content\/uploads\/2022\/09\/crema-exioasis-regeneradora-de-pies.png\" \/>\n\t<meta property=\"og:image:width\" content=\"1200\" \/>\n\t<meta property=\"og:image:height\" content=\"1200\" \/>\n\t<meta property=\"og:image:type\" content=\"image\/png\" \/>\n<meta name=\"twitter:card\" content=\"summary_large_image\" \/>\n<meta name=\"twitter:label1\" content=\"Tiempo de lectura\" \/>\n\t<meta name=\"twitter:data1\" content=\"2 minutos\" \/>\n<script type=\"application\/ld+json\" class=\"yoast-schema-graph\">{\"@context\":\"https:\\\/\\\/schema.org\",\"@graph\":[{\"@type\":\"WebPage\",\"@id\":\"https:\\\/\\\/margaritayeusebio.com\\\/tienda\\\/producto\\\/crema-exioasis-regeneradora-de-pies\\\/\",\"url\":\"https:\\\/\\\/margaritayeusebio.com\\\/tienda\\\/producto\\\/crema-exioasis-regeneradora-de-pies\\\/\",\"name\":\"CREMA EXIOASIS REGENERADORA DE PIES - Centro de Belleza y Salud Margarita Ortu\u00f1o L\u00e1zaro. ESCUELA DE QUIROMASAJE Y TERAPIAS COMPLEMENTARIAS.TIENDA ONLINE\",\"isPartOf\":{\"@id\":\"https:\\\/\\\/margaritayeusebio.com\\\/tienda\\\/#website\"},\"primaryImageOfPage\":{\"@id\":\"https:\\\/\\\/margaritayeusebio.com\\\/tienda\\\/producto\\\/crema-exioasis-regeneradora-de-pies\\\/#primaryimage\"},\"image\":{\"@id\":\"https:\\\/\\\/margaritayeusebio.com\\\/tienda\\\/producto\\\/crema-exioasis-regeneradora-de-pies\\\/#primaryimage\"},\"thumbnailUrl\":\"https:\\\/\\\/margaritayeusebio.com\\\/tienda\\\/wp-content\\\/uploads\\\/2022\\\/09\\\/crema-exioasis-regeneradora-de-pies.png\",\"datePublished\":\"2022-09-08T17:51:59+00:00\",\"description\":\"CREMA EXIOASIS REGENERADORA DE PIES Devuelve la belleza a los pies secos y agrietados. Elimina c\u00e9lulas muertas, regenera, ablanda los callos y cut\u00edculas,\",\"breadcrumb\":{\"@id\":\"https:\\\/\\\/margaritayeusebio.com\\\/tienda\\\/producto\\\/crema-exioasis-regeneradora-de-pies\\\/#breadcrumb\"},\"inLanguage\":\"es\",\"potentialAction\":[{\"@type\":\"ReadAction\",\"target\":[\"https:\\\/\\\/margaritayeusebio.com\\\/tienda\\\/producto\\\/crema-exioasis-regeneradora-de-pies\\\/\"]}]},{\"@type\":\"ImageObject\",\"inLanguage\":\"es\",\"@id\":\"https:\\\/\\\/margaritayeusebio.com\\\/tienda\\\/producto\\\/crema-exioasis-regeneradora-de-pies\\\/#primaryimage\",\"url\":\"https:\\\/\\\/margaritayeusebio.com\\\/tienda\\\/wp-content\\\/uploads\\\/2022\\\/09\\\/crema-exioasis-regeneradora-de-pies.png\",\"contentUrl\":\"https:\\\/\\\/margaritayeusebio.com\\\/tienda\\\/wp-content\\\/uploads\\\/2022\\\/09\\\/crema-exioasis-regeneradora-de-pies.png\",\"width\":1200,\"height\":1200},{\"@type\":\"BreadcrumbList\",\"@id\":\"https:\\\/\\\/margaritayeusebio.com\\\/tienda\\\/producto\\\/crema-exioasis-regeneradora-de-pies\\\/#breadcrumb\",\"itemListElement\":[{\"@type\":\"ListItem\",\"position\":1,\"name\":\"Portada\",\"item\":\"https:\\\/\\\/margaritayeusebio.com\\\/tienda\\\/pagina-de-inicio-2\\\/\"},{\"@type\":\"ListItem\",\"position\":2,\"name\":\"Tienda\",\"item\":\"https:\\\/\\\/margaritayeusebio.com\\\/tienda\\\/\"},{\"@type\":\"ListItem\",\"position\":3,\"name\":\"CREMA EXIOASIS REGENERADORA DE PIES\"}]},{\"@type\":\"WebSite\",\"@id\":\"https:\\\/\\\/margaritayeusebio.com\\\/tienda\\\/#website\",\"url\":\"https:\\\/\\\/margaritayeusebio.com\\\/tienda\\\/\",\"name\":\"Centro de Belleza y Salud Margarita Ortu\u00f1o L\u00e1zaro. ESCUELA DE QUIROMASAJE Y TERAPIAS COMPLEMENTARIAS.TIENDA ONLINE\",\"description\":\"Quiromasaje-Osteopatia, Acupuntura, Herbolario, Fitoterapia, Oligoelementos, Productos Belleza,\",\"publisher\":{\"@id\":\"https:\\\/\\\/margaritayeusebio.com\\\/tienda\\\/#organization\"},\"potentialAction\":[{\"@type\":\"SearchAction\",\"target\":{\"@type\":\"EntryPoint\",\"urlTemplate\":\"https:\\\/\\\/margaritayeusebio.com\\\/tienda\\\/?s={search_term_string}\"},\"query-input\":{\"@type\":\"PropertyValueSpecification\",\"valueRequired\":true,\"valueName\":\"search_term_string\"}}],\"inLanguage\":\"es\"},{\"@type\":\"Organization\",\"@id\":\"https:\\\/\\\/margaritayeusebio.com\\\/tienda\\\/#organization\",\"name\":\"Centro de Belleza y Salud Margarita Ortu\u00f1o L\u00e1zaro. ESCUELA DE QUIROMASAJE Y TERAPIAS COMPLEMENTARIAS.TIENDA ONLINE\",\"url\":\"https:\\\/\\\/margaritayeusebio.com\\\/tienda\\\/\",\"logo\":{\"@type\":\"ImageObject\",\"inLanguage\":\"es\",\"@id\":\"https:\\\/\\\/margaritayeusebio.com\\\/tienda\\\/#\\\/schema\\\/logo\\\/image\\\/\",\"url\":\"https:\\\/\\\/margaritayeusebio.com\\\/tienda\\\/wp-content\\\/uploads\\\/2021\\\/12\\\/anagrama-conjunto-escuela-y-centro.jpg\",\"contentUrl\":\"https:\\\/\\\/margaritayeusebio.com\\\/tienda\\\/wp-content\\\/uploads\\\/2021\\\/12\\\/anagrama-conjunto-escuela-y-centro.jpg\",\"width\":363,\"height\":302,\"caption\":\"Centro de Belleza y Salud Margarita Ortu\u00f1o L\u00e1zaro. ESCUELA DE QUIROMASAJE Y TERAPIAS COMPLEMENTARIAS.TIENDA ONLINE\"},\"image\":{\"@id\":\"https:\\\/\\\/margaritayeusebio.com\\\/tienda\\\/#\\\/schema\\\/logo\\\/image\\\/\"}}]}<\/script>\n<!-- \/ Yoast SEO plugin. -->","yoast_head_json":{"title":"CREMA EXIOASIS REGENERADORA DE PIES - Centro de Belleza y Salud Margarita Ortu\u00f1o L\u00e1zaro. ESCUELA DE QUIROMASAJE Y TERAPIAS COMPLEMENTARIAS.TIENDA ONLINE","description":"CREMA EXIOASIS REGENERADORA DE PIES Devuelve la belleza a los pies secos y agrietados. Elimina c\u00e9lulas muertas, regenera, ablanda los callos y cut\u00edculas,","robots":{"index":"index","follow":"follow","max-snippet":"max-snippet:-1","max-image-preview":"max-image-preview:large","max-video-preview":"max-video-preview:-1"},"canonical":"https:\/\/margaritayeusebio.com\/tienda\/producto\/crema-exioasis-regeneradora-de-pies\/","og_locale":"es_ES","og_type":"article","og_title":"CREMA EXIOASIS REGENERADORA DE PIES - Centro de Belleza y Salud Margarita Ortu\u00f1o L\u00e1zaro. ESCUELA DE QUIROMASAJE Y TERAPIAS COMPLEMENTARIAS.TIENDA ONLINE","og_description":"CREMA EXIOASIS REGENERADORA DE PIES Devuelve la belleza a los pies secos y agrietados. Elimina c\u00e9lulas muertas, regenera, ablanda los callos y cut\u00edculas,","og_url":"https:\/\/margaritayeusebio.com\/tienda\/producto\/crema-exioasis-regeneradora-de-pies\/","og_site_name":"Centro de Belleza y Salud Margarita Ortu\u00f1o L\u00e1zaro. ESCUELA DE QUIROMASAJE Y TERAPIAS COMPLEMENTARIAS.TIENDA ONLINE","og_image":[{"width":1200,"height":1200,"url":"https:\/\/margaritayeusebio.com\/tienda\/wp-content\/uploads\/2022\/09\/crema-exioasis-regeneradora-de-pies.png","type":"image\/png"}],"twitter_card":"summary_large_image","twitter_misc":{"Tiempo de lectura":"2 minutos"},"schema":{"@context":"https:\/\/schema.org","@graph":[{"@type":"WebPage","@id":"https:\/\/margaritayeusebio.com\/tienda\/producto\/crema-exioasis-regeneradora-de-pies\/","url":"https:\/\/margaritayeusebio.com\/tienda\/producto\/crema-exioasis-regeneradora-de-pies\/","name":"CREMA EXIOASIS REGENERADORA DE PIES - Centro de Belleza y Salud Margarita Ortu\u00f1o L\u00e1zaro. ESCUELA DE QUIROMASAJE Y TERAPIAS COMPLEMENTARIAS.TIENDA ONLINE","isPartOf":{"@id":"https:\/\/margaritayeusebio.com\/tienda\/#website"},"primaryImageOfPage":{"@id":"https:\/\/margaritayeusebio.com\/tienda\/producto\/crema-exioasis-regeneradora-de-pies\/#primaryimage"},"image":{"@id":"https:\/\/margaritayeusebio.com\/tienda\/producto\/crema-exioasis-regeneradora-de-pies\/#primaryimage"},"thumbnailUrl":"https:\/\/margaritayeusebio.com\/tienda\/wp-content\/uploads\/2022\/09\/crema-exioasis-regeneradora-de-pies.png","datePublished":"2022-09-08T17:51:59+00:00","description":"CREMA EXIOASIS REGENERADORA DE PIES Devuelve la belleza a los pies secos y agrietados. Elimina c\u00e9lulas muertas, regenera, ablanda los callos y cut\u00edculas,","breadcrumb":{"@id":"https:\/\/margaritayeusebio.com\/tienda\/producto\/crema-exioasis-regeneradora-de-pies\/#breadcrumb"},"inLanguage":"es","potentialAction":[{"@type":"ReadAction","target":["https:\/\/margaritayeusebio.com\/tienda\/producto\/crema-exioasis-regeneradora-de-pies\/"]}]},{"@type":"ImageObject","inLanguage":"es","@id":"https:\/\/margaritayeusebio.com\/tienda\/producto\/crema-exioasis-regeneradora-de-pies\/#primaryimage","url":"https:\/\/margaritayeusebio.com\/tienda\/wp-content\/uploads\/2022\/09\/crema-exioasis-regeneradora-de-pies.png","contentUrl":"https:\/\/margaritayeusebio.com\/tienda\/wp-content\/uploads\/2022\/09\/crema-exioasis-regeneradora-de-pies.png","width":1200,"height":1200},{"@type":"BreadcrumbList","@id":"https:\/\/margaritayeusebio.com\/tienda\/producto\/crema-exioasis-regeneradora-de-pies\/#breadcrumb","itemListElement":[{"@type":"ListItem","position":1,"name":"Portada","item":"https:\/\/margaritayeusebio.com\/tienda\/pagina-de-inicio-2\/"},{"@type":"ListItem","position":2,"name":"Tienda","item":"https:\/\/margaritayeusebio.com\/tienda\/"},{"@type":"ListItem","position":3,"name":"CREMA EXIOASIS REGENERADORA DE PIES"}]},{"@type":"WebSite","@id":"https:\/\/margaritayeusebio.com\/tienda\/#website","url":"https:\/\/margaritayeusebio.com\/tienda\/","name":"Centro de Belleza y Salud Margarita Ortu\u00f1o L\u00e1zaro. ESCUELA DE QUIROMASAJE Y TERAPIAS COMPLEMENTARIAS.TIENDA ONLINE","description":"Quiromasaje-Osteopatia, Acupuntura, Herbolario, Fitoterapia, Oligoelementos, Productos Belleza,","publisher":{"@id":"https:\/\/margaritayeusebio.com\/tienda\/#organization"},"potentialAction":[{"@type":"SearchAction","target":{"@type":"EntryPoint","urlTemplate":"https:\/\/margaritayeusebio.com\/tienda\/?s={search_term_string}"},"query-input":{"@type":"PropertyValueSpecification","valueRequired":true,"valueName":"search_term_string"}}],"inLanguage":"es"},{"@type":"Organization","@id":"https:\/\/margaritayeusebio.com\/tienda\/#organization","name":"Centro de Belleza y Salud Margarita Ortu\u00f1o L\u00e1zaro. ESCUELA DE QUIROMASAJE Y TERAPIAS COMPLEMENTARIAS.TIENDA ONLINE","url":"https:\/\/margaritayeusebio.com\/tienda\/","logo":{"@type":"ImageObject","inLanguage":"es","@id":"https:\/\/margaritayeusebio.com\/tienda\/#\/schema\/logo\/image\/","url":"https:\/\/margaritayeusebio.com\/tienda\/wp-content\/uploads\/2021\/12\/anagrama-conjunto-escuela-y-centro.jpg","contentUrl":"https:\/\/margaritayeusebio.com\/tienda\/wp-content\/uploads\/2021\/12\/anagrama-conjunto-escuela-y-centro.jpg","width":363,"height":302,"caption":"Centro de Belleza y Salud Margarita Ortu\u00f1o L\u00e1zaro. ESCUELA DE QUIROMASAJE Y TERAPIAS COMPLEMENTARIAS.TIENDA ONLINE"},"image":{"@id":"https:\/\/margaritayeusebio.com\/tienda\/#\/schema\/logo\/image\/"}}]}},"jetpack_sharing_enabled":true,"_links":{"self":[{"href":"https:\/\/margaritayeusebio.com\/tienda\/wp-json\/wp\/v2\/product\/227","targetHints":{"allow":["GET"]}}],"collection":[{"href":"https:\/\/margaritayeusebio.com\/tienda\/wp-json\/wp\/v2\/product"}],"about":[{"href":"https:\/\/margaritayeusebio.com\/tienda\/wp-json\/wp\/v2\/types\/product"}],"replies":[{"embeddable":true,"href":"https:\/\/margaritayeusebio.com\/tienda\/wp-json\/wp\/v2\/comments?post=227"}],"wp:featuredmedia":[{"embeddable":true,"href":"https:\/\/margaritayeusebio.com\/tienda\/wp-json\/wp\/v2\/media\/229"}],"wp:attachment":[{"href":"https:\/\/margaritayeusebio.com\/tienda\/wp-json\/wp\/v2\/media?parent=227"}],"wp:term":[{"taxonomy":"product_brand","embeddable":true,"href":"https:\/\/margaritayeusebio.com\/tienda\/wp-json\/wp\/v2\/product_brand?post=227"},{"taxonomy":"product_cat","embeddable":true,"href":"https:\/\/margaritayeusebio.com\/tienda\/wp-json\/wp\/v2\/product_cat?post=227"},{"taxonomy":"product_tag","embeddable":true,"href":"https:\/\/margaritayeusebio.com\/tienda\/wp-json\/wp\/v2\/product_tag?post=227"}],"curies":[{"name":"wp","href":"https:\/\/api.w.org\/{rel}","templated":true}]}}