{"id":208,"date":"2022-08-05T19:25:06","date_gmt":"2022-08-05T17:25:06","guid":{"rendered":"https:\/\/margaritayeusebio.com\/tienda\/?post_type=product&#038;p=208"},"modified":"2024-06-13T10:28:03","modified_gmt":"2024-06-13T08:28:03","slug":"ergymag","status":"publish","type":"product","link":"https:\/\/margaritayeusebio.com\/tienda\/producto\/ergymag\/","title":{"rendered":"ERGYMAG"},"content":{"rendered":"<p>ERGYMAG<\/p>\n<p>Fatiga F\u00edsica y nerviosos, aporte de magnesio.<\/p>\n<p>Hay ocasiones en que sentimos fatiga que va mas all\u00e1 de la fatiga f\u00edsica, en especial cuando est\u00e1 vinculada a nuestro\u00a0 sistema nervioso. Ergymag compensa las carencias en magnesio y vitaminas\u00a0 B, contribuyendo a la reducci\u00f3n de la fatiga y el buen funcionamiento del sistema nervioso y muscular.<\/p>\n<p>Especial para acidez, carencias, fatiga, irritabilidad, mujer, nerviosismo, palpitaciones, stress, sue\u00f1o.<\/p>\n<p>Indicaciones.<\/p>\n<p>*Carencias de magnesio.<\/p>\n<p>*Manifestaciones musculares: temblores involuntarios del parpado, calambres y espasmofilia.<\/p>\n<p>*Fatiga general, trastornos del sue\u00f1o, y manifestaciones ansiosas.<\/p>\n<p>*Fatiga f\u00edsica y nerviosa.<\/p>\n<p>Ventajas. * Magnesio de origen marino. Mezcla de diferentes sales de magnesio para un mayor poder desacificante y de acci\u00f3n a nivel cerebral.<\/p>\n<p>&nbsp;<\/p>\n","protected":false},"excerpt":{"rendered":"<p>ERGYMAG<\/p>\n<p>Fatiga F\u00edsica y nerviosos, aporte de magnesio.<\/p>\n<p>Hay ocasiones en que sentimos fatiga que va mas all\u00e1 de la fatiga f\u00edsica, en especial cuando est\u00e1 vinculada a nuestro\u00a0 sistema nervioso. Ergymag compensa las carencias en magnesio y vitaminas\u00a0 B, contribuyendo a la reducci\u00f3n de la fatiga y el buen funcionamiento del sistema nervioso y muscular.<\/p>\n","protected":false},"featured_media":209,"comment_status":"open","ping_status":"closed","template":"","meta":[],"product_brand":[],"product_cat":[72],"product_tag":[129,131,127,128,133,130,132],"class_list":{"0":"post-208","1":"product","2":"type-product","3":"status-publish","4":"has-post-thumbnail","6":"product_cat-nutricion-celular-activa","7":"product_tag-desacificacion","8":"product_tag-espasmofilia","9":"product_tag-estress","10":"product_tag-falta-de-sueno","11":"product_tag-nerviosismo","12":"product_tag-problemas-musculares","13":"product_tag-stress-sueno","14":"entry","16":"first","17":"instock","18":"sale","19":"taxable","20":"shipping-taxable","21":"purchasable","22":"product-type-simple"},"yoast_head":"<!-- This site is optimized with the Yoast SEO plugin v27.4 - https:\/\/yoast.com\/product\/yoast-seo-wordpress\/ -->\n<title>ERGYMAG - Centro de Belleza y Salud Margarita Ortu\u00f1o L\u00e1zaro. ESCUELA DE QUIROMASAJE Y TERAPIAS COMPLEMENTARIAS.TIENDA ONLINE<\/title>\n<meta name=\"description\" content=\"Fatiga F\u00edsica y nerviosa, aporte de magnesio. Hay ocasiones en que sentimos fatiga que va mas all\u00e1 de la fatiga f\u00edsica, vinculada a nuestro\u00a0 sistema nervioso.\" \/>\n<meta name=\"robots\" content=\"index, follow, max-snippet:-1, max-image-preview:large, max-video-preview:-1\" \/>\n<link rel=\"canonical\" href=\"https:\/\/margaritayeusebio.com\/tienda\/producto\/ergymag\/\" \/>\n<meta property=\"og:locale\" content=\"es_ES\" \/>\n<meta property=\"og:type\" content=\"article\" \/>\n<meta property=\"og:title\" content=\"ERGYMAG - Centro de Belleza y Salud Margarita Ortu\u00f1o L\u00e1zaro. ESCUELA DE QUIROMASAJE Y TERAPIAS COMPLEMENTARIAS.TIENDA ONLINE\" \/>\n<meta property=\"og:description\" content=\"Fatiga F\u00edsica y nerviosa, aporte de magnesio. Hay ocasiones en que sentimos fatiga que va mas all\u00e1 de la fatiga f\u00edsica, vinculada a nuestro\u00a0 sistema nervioso.\" \/>\n<meta property=\"og:url\" content=\"https:\/\/margaritayeusebio.com\/tienda\/producto\/ergymag\/\" \/>\n<meta property=\"og:site_name\" content=\"Centro de Belleza y Salud Margarita Ortu\u00f1o L\u00e1zaro. ESCUELA DE QUIROMASAJE Y TERAPIAS COMPLEMENTARIAS.TIENDA ONLINE\" \/>\n<meta property=\"article:modified_time\" content=\"2024-06-13T08:28:03+00:00\" \/>\n<meta property=\"og:image\" content=\"https:\/\/margaritayeusebio.com\/tienda\/wp-content\/uploads\/2022\/08\/ERGYMAG.png\" \/>\n\t<meta property=\"og:image:width\" content=\"1200\" \/>\n\t<meta property=\"og:image:height\" content=\"1200\" \/>\n\t<meta property=\"og:image:type\" content=\"image\/png\" \/>\n<meta name=\"twitter:card\" content=\"summary_large_image\" \/>\n<meta name=\"twitter:label1\" content=\"Tiempo de lectura\" \/>\n\t<meta name=\"twitter:data1\" content=\"1 minuto\" \/>\n<script type=\"application\/ld+json\" class=\"yoast-schema-graph\">{\"@context\":\"https:\\\/\\\/schema.org\",\"@graph\":[{\"@type\":\"WebPage\",\"@id\":\"https:\\\/\\\/margaritayeusebio.com\\\/tienda\\\/producto\\\/ergymag\\\/\",\"url\":\"https:\\\/\\\/margaritayeusebio.com\\\/tienda\\\/producto\\\/ergymag\\\/\",\"name\":\"ERGYMAG - Centro de Belleza y Salud Margarita Ortu\u00f1o L\u00e1zaro. ESCUELA DE QUIROMASAJE Y TERAPIAS COMPLEMENTARIAS.TIENDA ONLINE\",\"isPartOf\":{\"@id\":\"https:\\\/\\\/margaritayeusebio.com\\\/tienda\\\/#website\"},\"primaryImageOfPage\":{\"@id\":\"https:\\\/\\\/margaritayeusebio.com\\\/tienda\\\/producto\\\/ergymag\\\/#primaryimage\"},\"image\":{\"@id\":\"https:\\\/\\\/margaritayeusebio.com\\\/tienda\\\/producto\\\/ergymag\\\/#primaryimage\"},\"thumbnailUrl\":\"https:\\\/\\\/margaritayeusebio.com\\\/tienda\\\/wp-content\\\/uploads\\\/2022\\\/08\\\/ERGYMAG.png\",\"datePublished\":\"2022-08-05T17:25:06+00:00\",\"dateModified\":\"2024-06-13T08:28:03+00:00\",\"description\":\"Fatiga F\u00edsica y nerviosa, aporte de magnesio. Hay ocasiones en que sentimos fatiga que va mas all\u00e1 de la fatiga f\u00edsica, vinculada a nuestro\u00a0 sistema nervioso.\",\"breadcrumb\":{\"@id\":\"https:\\\/\\\/margaritayeusebio.com\\\/tienda\\\/producto\\\/ergymag\\\/#breadcrumb\"},\"inLanguage\":\"es\",\"potentialAction\":[{\"@type\":\"ReadAction\",\"target\":[\"https:\\\/\\\/margaritayeusebio.com\\\/tienda\\\/producto\\\/ergymag\\\/\"]}]},{\"@type\":\"ImageObject\",\"inLanguage\":\"es\",\"@id\":\"https:\\\/\\\/margaritayeusebio.com\\\/tienda\\\/producto\\\/ergymag\\\/#primaryimage\",\"url\":\"https:\\\/\\\/margaritayeusebio.com\\\/tienda\\\/wp-content\\\/uploads\\\/2022\\\/08\\\/ERGYMAG.png\",\"contentUrl\":\"https:\\\/\\\/margaritayeusebio.com\\\/tienda\\\/wp-content\\\/uploads\\\/2022\\\/08\\\/ERGYMAG.png\",\"width\":1200,\"height\":1200},{\"@type\":\"BreadcrumbList\",\"@id\":\"https:\\\/\\\/margaritayeusebio.com\\\/tienda\\\/producto\\\/ergymag\\\/#breadcrumb\",\"itemListElement\":[{\"@type\":\"ListItem\",\"position\":1,\"name\":\"Portada\",\"item\":\"https:\\\/\\\/margaritayeusebio.com\\\/tienda\\\/pagina-de-inicio-2\\\/\"},{\"@type\":\"ListItem\",\"position\":2,\"name\":\"Tienda\",\"item\":\"https:\\\/\\\/margaritayeusebio.com\\\/tienda\\\/\"},{\"@type\":\"ListItem\",\"position\":3,\"name\":\"ERGYMAG\"}]},{\"@type\":\"WebSite\",\"@id\":\"https:\\\/\\\/margaritayeusebio.com\\\/tienda\\\/#website\",\"url\":\"https:\\\/\\\/margaritayeusebio.com\\\/tienda\\\/\",\"name\":\"Centro de Belleza y Salud Margarita Ortu\u00f1o L\u00e1zaro. ESCUELA DE QUIROMASAJE Y TERAPIAS COMPLEMENTARIAS.TIENDA ONLINE\",\"description\":\"Quiromasaje-Osteopatia, Acupuntura, Herbolario, Fitoterapia, Oligoelementos, Productos Belleza,\",\"publisher\":{\"@id\":\"https:\\\/\\\/margaritayeusebio.com\\\/tienda\\\/#organization\"},\"potentialAction\":[{\"@type\":\"SearchAction\",\"target\":{\"@type\":\"EntryPoint\",\"urlTemplate\":\"https:\\\/\\\/margaritayeusebio.com\\\/tienda\\\/?s={search_term_string}\"},\"query-input\":{\"@type\":\"PropertyValueSpecification\",\"valueRequired\":true,\"valueName\":\"search_term_string\"}}],\"inLanguage\":\"es\"},{\"@type\":\"Organization\",\"@id\":\"https:\\\/\\\/margaritayeusebio.com\\\/tienda\\\/#organization\",\"name\":\"Centro de Belleza y Salud Margarita Ortu\u00f1o L\u00e1zaro. ESCUELA DE QUIROMASAJE Y TERAPIAS COMPLEMENTARIAS.TIENDA ONLINE\",\"url\":\"https:\\\/\\\/margaritayeusebio.com\\\/tienda\\\/\",\"logo\":{\"@type\":\"ImageObject\",\"inLanguage\":\"es\",\"@id\":\"https:\\\/\\\/margaritayeusebio.com\\\/tienda\\\/#\\\/schema\\\/logo\\\/image\\\/\",\"url\":\"https:\\\/\\\/margaritayeusebio.com\\\/tienda\\\/wp-content\\\/uploads\\\/2021\\\/12\\\/anagrama-conjunto-escuela-y-centro.jpg\",\"contentUrl\":\"https:\\\/\\\/margaritayeusebio.com\\\/tienda\\\/wp-content\\\/uploads\\\/2021\\\/12\\\/anagrama-conjunto-escuela-y-centro.jpg\",\"width\":363,\"height\":302,\"caption\":\"Centro de Belleza y Salud Margarita Ortu\u00f1o L\u00e1zaro. ESCUELA DE QUIROMASAJE Y TERAPIAS COMPLEMENTARIAS.TIENDA ONLINE\"},\"image\":{\"@id\":\"https:\\\/\\\/margaritayeusebio.com\\\/tienda\\\/#\\\/schema\\\/logo\\\/image\\\/\"}}]}<\/script>\n<!-- \/ Yoast SEO plugin. -->","yoast_head_json":{"title":"ERGYMAG - Centro de Belleza y Salud Margarita Ortu\u00f1o L\u00e1zaro. ESCUELA DE QUIROMASAJE Y TERAPIAS COMPLEMENTARIAS.TIENDA ONLINE","description":"Fatiga F\u00edsica y nerviosa, aporte de magnesio. Hay ocasiones en que sentimos fatiga que va mas all\u00e1 de la fatiga f\u00edsica, vinculada a nuestro\u00a0 sistema nervioso.","robots":{"index":"index","follow":"follow","max-snippet":"max-snippet:-1","max-image-preview":"max-image-preview:large","max-video-preview":"max-video-preview:-1"},"canonical":"https:\/\/margaritayeusebio.com\/tienda\/producto\/ergymag\/","og_locale":"es_ES","og_type":"article","og_title":"ERGYMAG - Centro de Belleza y Salud Margarita Ortu\u00f1o L\u00e1zaro. ESCUELA DE QUIROMASAJE Y TERAPIAS COMPLEMENTARIAS.TIENDA ONLINE","og_description":"Fatiga F\u00edsica y nerviosa, aporte de magnesio. Hay ocasiones en que sentimos fatiga que va mas all\u00e1 de la fatiga f\u00edsica, vinculada a nuestro\u00a0 sistema nervioso.","og_url":"https:\/\/margaritayeusebio.com\/tienda\/producto\/ergymag\/","og_site_name":"Centro de Belleza y Salud Margarita Ortu\u00f1o L\u00e1zaro. ESCUELA DE QUIROMASAJE Y TERAPIAS COMPLEMENTARIAS.TIENDA ONLINE","article_modified_time":"2024-06-13T08:28:03+00:00","og_image":[{"width":1200,"height":1200,"url":"https:\/\/margaritayeusebio.com\/tienda\/wp-content\/uploads\/2022\/08\/ERGYMAG.png","type":"image\/png"}],"twitter_card":"summary_large_image","twitter_misc":{"Tiempo de lectura":"1 minuto"},"schema":{"@context":"https:\/\/schema.org","@graph":[{"@type":"WebPage","@id":"https:\/\/margaritayeusebio.com\/tienda\/producto\/ergymag\/","url":"https:\/\/margaritayeusebio.com\/tienda\/producto\/ergymag\/","name":"ERGYMAG - Centro de Belleza y Salud Margarita Ortu\u00f1o L\u00e1zaro. ESCUELA DE QUIROMASAJE Y TERAPIAS COMPLEMENTARIAS.TIENDA ONLINE","isPartOf":{"@id":"https:\/\/margaritayeusebio.com\/tienda\/#website"},"primaryImageOfPage":{"@id":"https:\/\/margaritayeusebio.com\/tienda\/producto\/ergymag\/#primaryimage"},"image":{"@id":"https:\/\/margaritayeusebio.com\/tienda\/producto\/ergymag\/#primaryimage"},"thumbnailUrl":"https:\/\/margaritayeusebio.com\/tienda\/wp-content\/uploads\/2022\/08\/ERGYMAG.png","datePublished":"2022-08-05T17:25:06+00:00","dateModified":"2024-06-13T08:28:03+00:00","description":"Fatiga F\u00edsica y nerviosa, aporte de magnesio. Hay ocasiones en que sentimos fatiga que va mas all\u00e1 de la fatiga f\u00edsica, vinculada a nuestro\u00a0 sistema nervioso.","breadcrumb":{"@id":"https:\/\/margaritayeusebio.com\/tienda\/producto\/ergymag\/#breadcrumb"},"inLanguage":"es","potentialAction":[{"@type":"ReadAction","target":["https:\/\/margaritayeusebio.com\/tienda\/producto\/ergymag\/"]}]},{"@type":"ImageObject","inLanguage":"es","@id":"https:\/\/margaritayeusebio.com\/tienda\/producto\/ergymag\/#primaryimage","url":"https:\/\/margaritayeusebio.com\/tienda\/wp-content\/uploads\/2022\/08\/ERGYMAG.png","contentUrl":"https:\/\/margaritayeusebio.com\/tienda\/wp-content\/uploads\/2022\/08\/ERGYMAG.png","width":1200,"height":1200},{"@type":"BreadcrumbList","@id":"https:\/\/margaritayeusebio.com\/tienda\/producto\/ergymag\/#breadcrumb","itemListElement":[{"@type":"ListItem","position":1,"name":"Portada","item":"https:\/\/margaritayeusebio.com\/tienda\/pagina-de-inicio-2\/"},{"@type":"ListItem","position":2,"name":"Tienda","item":"https:\/\/margaritayeusebio.com\/tienda\/"},{"@type":"ListItem","position":3,"name":"ERGYMAG"}]},{"@type":"WebSite","@id":"https:\/\/margaritayeusebio.com\/tienda\/#website","url":"https:\/\/margaritayeusebio.com\/tienda\/","name":"Centro de Belleza y Salud Margarita Ortu\u00f1o L\u00e1zaro. ESCUELA DE QUIROMASAJE Y TERAPIAS COMPLEMENTARIAS.TIENDA ONLINE","description":"Quiromasaje-Osteopatia, Acupuntura, Herbolario, Fitoterapia, Oligoelementos, Productos Belleza,","publisher":{"@id":"https:\/\/margaritayeusebio.com\/tienda\/#organization"},"potentialAction":[{"@type":"SearchAction","target":{"@type":"EntryPoint","urlTemplate":"https:\/\/margaritayeusebio.com\/tienda\/?s={search_term_string}"},"query-input":{"@type":"PropertyValueSpecification","valueRequired":true,"valueName":"search_term_string"}}],"inLanguage":"es"},{"@type":"Organization","@id":"https:\/\/margaritayeusebio.com\/tienda\/#organization","name":"Centro de Belleza y Salud Margarita Ortu\u00f1o L\u00e1zaro. ESCUELA DE QUIROMASAJE Y TERAPIAS COMPLEMENTARIAS.TIENDA ONLINE","url":"https:\/\/margaritayeusebio.com\/tienda\/","logo":{"@type":"ImageObject","inLanguage":"es","@id":"https:\/\/margaritayeusebio.com\/tienda\/#\/schema\/logo\/image\/","url":"https:\/\/margaritayeusebio.com\/tienda\/wp-content\/uploads\/2021\/12\/anagrama-conjunto-escuela-y-centro.jpg","contentUrl":"https:\/\/margaritayeusebio.com\/tienda\/wp-content\/uploads\/2021\/12\/anagrama-conjunto-escuela-y-centro.jpg","width":363,"height":302,"caption":"Centro de Belleza y Salud Margarita Ortu\u00f1o L\u00e1zaro. ESCUELA DE QUIROMASAJE Y TERAPIAS COMPLEMENTARIAS.TIENDA ONLINE"},"image":{"@id":"https:\/\/margaritayeusebio.com\/tienda\/#\/schema\/logo\/image\/"}}]}},"jetpack_sharing_enabled":true,"_links":{"self":[{"href":"https:\/\/margaritayeusebio.com\/tienda\/wp-json\/wp\/v2\/product\/208","targetHints":{"allow":["GET"]}}],"collection":[{"href":"https:\/\/margaritayeusebio.com\/tienda\/wp-json\/wp\/v2\/product"}],"about":[{"href":"https:\/\/margaritayeusebio.com\/tienda\/wp-json\/wp\/v2\/types\/product"}],"replies":[{"embeddable":true,"href":"https:\/\/margaritayeusebio.com\/tienda\/wp-json\/wp\/v2\/comments?post=208"}],"wp:featuredmedia":[{"embeddable":true,"href":"https:\/\/margaritayeusebio.com\/tienda\/wp-json\/wp\/v2\/media\/209"}],"wp:attachment":[{"href":"https:\/\/margaritayeusebio.com\/tienda\/wp-json\/wp\/v2\/media?parent=208"}],"wp:term":[{"taxonomy":"product_brand","embeddable":true,"href":"https:\/\/margaritayeusebio.com\/tienda\/wp-json\/wp\/v2\/product_brand?post=208"},{"taxonomy":"product_cat","embeddable":true,"href":"https:\/\/margaritayeusebio.com\/tienda\/wp-json\/wp\/v2\/product_cat?post=208"},{"taxonomy":"product_tag","embeddable":true,"href":"https:\/\/margaritayeusebio.com\/tienda\/wp-json\/wp\/v2\/product_tag?post=208"}],"curies":[{"name":"wp","href":"https:\/\/api.w.org\/{rel}","templated":true}]}}