{"id":19,"date":"2021-12-07T18:21:01","date_gmt":"2021-12-07T17:21:01","guid":{"rendered":"https:\/\/margaritayeusebio.com\/tienda\/?post_type=product&#038;p=19"},"modified":"2024-06-19T10:42:22","modified_gmt":"2024-06-19T08:42:22","slug":"ergyven","status":"publish","type":"product","link":"https:\/\/margaritayeusebio.com\/tienda\/producto\/ergyven\/","title":{"rendered":"ERGYVEN 250 ml"},"content":{"rendered":"<h3>ERGYVEN<\/h3>\n<h3>T\u00d3NICO DE LA CIRCULACI\u00d3N VENOSA<\/h3>\n<h3>Complemento alimentario con casta\u00f1o de indias, vid roja, meliloto, OPC de uva y oligoelementos<\/h3>\n<p>\u2022 3 plantas con propiedades complementarias:<br \/>\nCasta\u00f1o de Indias &#8211; semillas \uf086 Antiedematoso y t\u00f3nico venoso<br \/>\nVid roja &#8211; hojas \uf086 Antioxidante &#8211; acci\u00f3n vitam\u00ednica P<br \/>\nMeliloto &#8211; c\u00faspide de la flor \uf086 Fluidificante y t\u00f3nico venoso<br \/>\nSemillas de uva<br \/>\n\u2022 Minerales y Oligoelementos para potenciar su acci\u00f3n venot\u00f3nica.<br \/>\nEl filtrado marino y arcilloso es particularmente rico en Selenio, Zinc, Manganeso y otros oligoelementos catalizadores de<br \/>\nlas diferentes cascadas enzim\u00e1ticas que participan en la integridad de los vasos y capilares.<\/p>\n<p>ERGYVEN se puede recomendar:<br \/>\n\u2022 En caso de sensaci\u00f3n de piernas pesadas.<br \/>\n\u2022 Como complemento de otros tratamientos en caso de insuficiencia venosa marcada (varices, hemorroides).<br \/>\n\u2022 Para mejorar toda fragilidad capilar que se puede manifestar por vasos sangu\u00edneos aparentes.<br \/>\n\u2022 En primavera y en verano, especialmente en las personas sedentarias o que no practican ejercicio f\u00edsico regular<br \/>\n\u2022 Ayuda a combatir la celulitis como complemento de un r\u00e9gimen alimentario<\/p>\n<p>ERGYVEN esta compuesto por plantas tradicionalmente utilizadas para mantener la integridad del sistema venoso, en particular para reducir la sensaci\u00f3n de piernas pesadas. A estas plantas, se a\u00f1aden en la f\u00f3rmula, oligoelementos de origen marino, como el selenio, cobre y manganeso que protegen las c\u00e9lulas contra el estr\u00e9s oxidativo.<\/p>\n","protected":false},"excerpt":{"rendered":"<h3>Complemento alimentario con casta\u00f1o de indias, vid roja, meliloto, OPC de uva y oligoelementos.<\/h3>\n<h3>ERGYVEN se puede recomendar:<br \/>\n\u2022 En caso de sensaci\u00f3n de piernas pesadas.<br \/>\n\u2022 Como complemento de otros tratamientos en caso de insuficiencia venosa marcada (varices, hemorroides).<br \/>\n\u2022 Para mejorar toda fragilidad capilar que se puede manifestar por vasos sangu\u00edneos aparentes.<br \/>\n\u2022 En primavera y en verano, especialmente en las personas sedentarias o que no practican ejercicio f\u00edsico regular<br \/>\n\u2022 Ayuda a combatir la celulitis como complemento de un r\u00e9gimen alimentarioERGYVEN esta compuesto por plantas tradicionalmente utilizadas para mantener la integridad del sistema venoso, en particular para reducir la sensaci\u00f3n de piernas pesadas. A estas plantas, se a\u00f1aden en la f\u00f3rmula, oligoelementos de origen marino, como el selenio, cobre y manganeso que protegen las c\u00e9lulas contra el estr\u00e9s oxidativo.<\/h3>\n","protected":false},"featured_media":20,"comment_status":"open","ping_status":"closed","template":"","meta":[],"product_brand":[],"product_cat":[16],"product_tag":[18,22,21,17,19,20],"class_list":{"0":"post-19","1":"product","2":"type-product","3":"status-publish","4":"has-post-thumbnail","6":"product_cat-fitoterapia-o-preparados-de-plantas-que-buscan-solucionar-los-problemas-de-salud","7":"product_tag-circulacion-venosa","8":"product_tag-edemas","9":"product_tag-equilibrio-venoso","10":"product_tag-ergyven","11":"product_tag-varices","12":"product_tag-venas","13":"entry","15":"first","16":"instock","17":"sale","18":"taxable","19":"shipping-taxable","20":"purchasable","21":"product-type-simple"},"yoast_head":"<!-- This site is optimized with the Yoast SEO plugin v27.4 - https:\/\/yoast.com\/product\/yoast-seo-wordpress\/ -->\n<title>ERGYVEN 250 ml - Centro de Belleza y Salud Margarita Ortu\u00f1o L\u00e1zaro. ESCUELA DE QUIROMASAJE Y TERAPIAS COMPLEMENTARIAS.TIENDA ONLINE<\/title>\n<meta name=\"description\" content=\"Complemento alimentario con casta\u00f1o de indias, vid roja, meliloto, OPC de uva y oligoelementos. ERGYVEN esta compuesto por plantas tradicionalmente utilizadas para mantener la integridad del sistema venoso, en particular para reducir la sensaci\u00f3n de piernas pesadas. A estas plantas, se a\u00f1aden en la f\u00f3rmula, oligoelementos de origen marino, como el selenio, cobre y manganeso que protegen las c\u00e9lulas contra el estr\u00e9s oxidativo.\" \/>\n<meta name=\"robots\" content=\"index, follow, max-snippet:-1, max-image-preview:large, max-video-preview:-1\" \/>\n<link rel=\"canonical\" href=\"https:\/\/margaritayeusebio.com\/tienda\/producto\/ergyven\/\" \/>\n<meta property=\"og:locale\" content=\"es_ES\" \/>\n<meta property=\"og:type\" content=\"article\" \/>\n<meta property=\"og:title\" content=\"ERGYVEN 250 ml - Centro de Belleza y Salud Margarita Ortu\u00f1o L\u00e1zaro. ESCUELA DE QUIROMASAJE Y TERAPIAS COMPLEMENTARIAS.TIENDA ONLINE\" \/>\n<meta property=\"og:description\" content=\"Complemento alimentario con casta\u00f1o de indias, vid roja, meliloto, OPC de uva y oligoelementos. ERGYVEN esta compuesto por plantas tradicionalmente utilizadas para mantener la integridad del sistema venoso, en particular para reducir la sensaci\u00f3n de piernas pesadas. A estas plantas, se a\u00f1aden en la f\u00f3rmula, oligoelementos de origen marino, como el selenio, cobre y manganeso que protegen las c\u00e9lulas contra el estr\u00e9s oxidativo.\" \/>\n<meta property=\"og:url\" content=\"https:\/\/margaritayeusebio.com\/tienda\/producto\/ergyven\/\" \/>\n<meta property=\"og:site_name\" content=\"Centro de Belleza y Salud Margarita Ortu\u00f1o L\u00e1zaro. ESCUELA DE QUIROMASAJE Y TERAPIAS COMPLEMENTARIAS.TIENDA ONLINE\" \/>\n<meta property=\"article:modified_time\" content=\"2024-06-19T08:42:22+00:00\" \/>\n<meta property=\"og:image\" content=\"https:\/\/margaritayeusebio.com\/tienda\/wp-content\/uploads\/2021\/12\/ERGYVEN_250ml_2020r-scaled.jpg\" \/>\n\t<meta property=\"og:image:width\" content=\"1029\" \/>\n\t<meta property=\"og:image:height\" content=\"2560\" \/>\n\t<meta property=\"og:image:type\" content=\"image\/jpeg\" \/>\n<meta name=\"twitter:card\" content=\"summary_large_image\" \/>\n<meta name=\"twitter:label1\" content=\"Tiempo de lectura\" \/>\n\t<meta name=\"twitter:data1\" content=\"2 minutos\" \/>\n<script type=\"application\/ld+json\" class=\"yoast-schema-graph\">{\"@context\":\"https:\\\/\\\/schema.org\",\"@graph\":[{\"@type\":\"WebPage\",\"@id\":\"https:\\\/\\\/margaritayeusebio.com\\\/tienda\\\/producto\\\/ergyven\\\/\",\"url\":\"https:\\\/\\\/margaritayeusebio.com\\\/tienda\\\/producto\\\/ergyven\\\/\",\"name\":\"ERGYVEN 250 ml - Centro de Belleza y Salud Margarita Ortu\u00f1o L\u00e1zaro. ESCUELA DE QUIROMASAJE Y TERAPIAS COMPLEMENTARIAS.TIENDA ONLINE\",\"isPartOf\":{\"@id\":\"https:\\\/\\\/margaritayeusebio.com\\\/tienda\\\/#website\"},\"primaryImageOfPage\":{\"@id\":\"https:\\\/\\\/margaritayeusebio.com\\\/tienda\\\/producto\\\/ergyven\\\/#primaryimage\"},\"image\":{\"@id\":\"https:\\\/\\\/margaritayeusebio.com\\\/tienda\\\/producto\\\/ergyven\\\/#primaryimage\"},\"thumbnailUrl\":\"https:\\\/\\\/margaritayeusebio.com\\\/tienda\\\/wp-content\\\/uploads\\\/2021\\\/12\\\/ERGYVEN_250ml_2020r-scaled.jpg\",\"datePublished\":\"2021-12-07T17:21:01+00:00\",\"dateModified\":\"2024-06-19T08:42:22+00:00\",\"description\":\"Complemento alimentario con casta\u00f1o de indias, vid roja, meliloto, OPC de uva y oligoelementos. ERGYVEN esta compuesto por plantas tradicionalmente utilizadas para mantener la integridad del sistema venoso, en particular para reducir la sensaci\u00f3n de piernas pesadas. A estas plantas, se a\u00f1aden en la f\u00f3rmula, oligoelementos de origen marino, como el selenio, cobre y manganeso que protegen las c\u00e9lulas contra el estr\u00e9s oxidativo.\",\"breadcrumb\":{\"@id\":\"https:\\\/\\\/margaritayeusebio.com\\\/tienda\\\/producto\\\/ergyven\\\/#breadcrumb\"},\"inLanguage\":\"es\",\"potentialAction\":[{\"@type\":\"ReadAction\",\"target\":[\"https:\\\/\\\/margaritayeusebio.com\\\/tienda\\\/producto\\\/ergyven\\\/\"]}]},{\"@type\":\"ImageObject\",\"inLanguage\":\"es\",\"@id\":\"https:\\\/\\\/margaritayeusebio.com\\\/tienda\\\/producto\\\/ergyven\\\/#primaryimage\",\"url\":\"https:\\\/\\\/margaritayeusebio.com\\\/tienda\\\/wp-content\\\/uploads\\\/2021\\\/12\\\/ERGYVEN_250ml_2020r-scaled.jpg\",\"contentUrl\":\"https:\\\/\\\/margaritayeusebio.com\\\/tienda\\\/wp-content\\\/uploads\\\/2021\\\/12\\\/ERGYVEN_250ml_2020r-scaled.jpg\",\"width\":1029,\"height\":2560},{\"@type\":\"BreadcrumbList\",\"@id\":\"https:\\\/\\\/margaritayeusebio.com\\\/tienda\\\/producto\\\/ergyven\\\/#breadcrumb\",\"itemListElement\":[{\"@type\":\"ListItem\",\"position\":1,\"name\":\"Portada\",\"item\":\"https:\\\/\\\/margaritayeusebio.com\\\/tienda\\\/pagina-de-inicio-2\\\/\"},{\"@type\":\"ListItem\",\"position\":2,\"name\":\"Tienda\",\"item\":\"https:\\\/\\\/margaritayeusebio.com\\\/tienda\\\/\"},{\"@type\":\"ListItem\",\"position\":3,\"name\":\"ERGYVEN 250 ml\"}]},{\"@type\":\"WebSite\",\"@id\":\"https:\\\/\\\/margaritayeusebio.com\\\/tienda\\\/#website\",\"url\":\"https:\\\/\\\/margaritayeusebio.com\\\/tienda\\\/\",\"name\":\"Centro de Belleza y Salud Margarita Ortu\u00f1o L\u00e1zaro. ESCUELA DE QUIROMASAJE Y TERAPIAS COMPLEMENTARIAS.TIENDA ONLINE\",\"description\":\"Quiromasaje-Osteopatia, Acupuntura, Herbolario, Fitoterapia, Oligoelementos, Productos Belleza,\",\"publisher\":{\"@id\":\"https:\\\/\\\/margaritayeusebio.com\\\/tienda\\\/#organization\"},\"potentialAction\":[{\"@type\":\"SearchAction\",\"target\":{\"@type\":\"EntryPoint\",\"urlTemplate\":\"https:\\\/\\\/margaritayeusebio.com\\\/tienda\\\/?s={search_term_string}\"},\"query-input\":{\"@type\":\"PropertyValueSpecification\",\"valueRequired\":true,\"valueName\":\"search_term_string\"}}],\"inLanguage\":\"es\"},{\"@type\":\"Organization\",\"@id\":\"https:\\\/\\\/margaritayeusebio.com\\\/tienda\\\/#organization\",\"name\":\"Centro de Belleza y Salud Margarita Ortu\u00f1o L\u00e1zaro. ESCUELA DE QUIROMASAJE Y TERAPIAS COMPLEMENTARIAS.TIENDA ONLINE\",\"url\":\"https:\\\/\\\/margaritayeusebio.com\\\/tienda\\\/\",\"logo\":{\"@type\":\"ImageObject\",\"inLanguage\":\"es\",\"@id\":\"https:\\\/\\\/margaritayeusebio.com\\\/tienda\\\/#\\\/schema\\\/logo\\\/image\\\/\",\"url\":\"https:\\\/\\\/margaritayeusebio.com\\\/tienda\\\/wp-content\\\/uploads\\\/2021\\\/12\\\/anagrama-conjunto-escuela-y-centro.jpg\",\"contentUrl\":\"https:\\\/\\\/margaritayeusebio.com\\\/tienda\\\/wp-content\\\/uploads\\\/2021\\\/12\\\/anagrama-conjunto-escuela-y-centro.jpg\",\"width\":363,\"height\":302,\"caption\":\"Centro de Belleza y Salud Margarita Ortu\u00f1o L\u00e1zaro. ESCUELA DE QUIROMASAJE Y TERAPIAS COMPLEMENTARIAS.TIENDA ONLINE\"},\"image\":{\"@id\":\"https:\\\/\\\/margaritayeusebio.com\\\/tienda\\\/#\\\/schema\\\/logo\\\/image\\\/\"}}]}<\/script>\n<!-- \/ Yoast SEO plugin. -->","yoast_head_json":{"title":"ERGYVEN 250 ml - Centro de Belleza y Salud Margarita Ortu\u00f1o L\u00e1zaro. ESCUELA DE QUIROMASAJE Y TERAPIAS COMPLEMENTARIAS.TIENDA ONLINE","description":"Complemento alimentario con casta\u00f1o de indias, vid roja, meliloto, OPC de uva y oligoelementos. ERGYVEN esta compuesto por plantas tradicionalmente utilizadas para mantener la integridad del sistema venoso, en particular para reducir la sensaci\u00f3n de piernas pesadas. A estas plantas, se a\u00f1aden en la f\u00f3rmula, oligoelementos de origen marino, como el selenio, cobre y manganeso que protegen las c\u00e9lulas contra el estr\u00e9s oxidativo.","robots":{"index":"index","follow":"follow","max-snippet":"max-snippet:-1","max-image-preview":"max-image-preview:large","max-video-preview":"max-video-preview:-1"},"canonical":"https:\/\/margaritayeusebio.com\/tienda\/producto\/ergyven\/","og_locale":"es_ES","og_type":"article","og_title":"ERGYVEN 250 ml - Centro de Belleza y Salud Margarita Ortu\u00f1o L\u00e1zaro. ESCUELA DE QUIROMASAJE Y TERAPIAS COMPLEMENTARIAS.TIENDA ONLINE","og_description":"Complemento alimentario con casta\u00f1o de indias, vid roja, meliloto, OPC de uva y oligoelementos. ERGYVEN esta compuesto por plantas tradicionalmente utilizadas para mantener la integridad del sistema venoso, en particular para reducir la sensaci\u00f3n de piernas pesadas. A estas plantas, se a\u00f1aden en la f\u00f3rmula, oligoelementos de origen marino, como el selenio, cobre y manganeso que protegen las c\u00e9lulas contra el estr\u00e9s oxidativo.","og_url":"https:\/\/margaritayeusebio.com\/tienda\/producto\/ergyven\/","og_site_name":"Centro de Belleza y Salud Margarita Ortu\u00f1o L\u00e1zaro. ESCUELA DE QUIROMASAJE Y TERAPIAS COMPLEMENTARIAS.TIENDA ONLINE","article_modified_time":"2024-06-19T08:42:22+00:00","og_image":[{"width":1029,"height":2560,"url":"https:\/\/margaritayeusebio.com\/tienda\/wp-content\/uploads\/2021\/12\/ERGYVEN_250ml_2020r-scaled.jpg","type":"image\/jpeg"}],"twitter_card":"summary_large_image","twitter_misc":{"Tiempo de lectura":"2 minutos"},"schema":{"@context":"https:\/\/schema.org","@graph":[{"@type":"WebPage","@id":"https:\/\/margaritayeusebio.com\/tienda\/producto\/ergyven\/","url":"https:\/\/margaritayeusebio.com\/tienda\/producto\/ergyven\/","name":"ERGYVEN 250 ml - Centro de Belleza y Salud Margarita Ortu\u00f1o L\u00e1zaro. ESCUELA DE QUIROMASAJE Y TERAPIAS COMPLEMENTARIAS.TIENDA ONLINE","isPartOf":{"@id":"https:\/\/margaritayeusebio.com\/tienda\/#website"},"primaryImageOfPage":{"@id":"https:\/\/margaritayeusebio.com\/tienda\/producto\/ergyven\/#primaryimage"},"image":{"@id":"https:\/\/margaritayeusebio.com\/tienda\/producto\/ergyven\/#primaryimage"},"thumbnailUrl":"https:\/\/margaritayeusebio.com\/tienda\/wp-content\/uploads\/2021\/12\/ERGYVEN_250ml_2020r-scaled.jpg","datePublished":"2021-12-07T17:21:01+00:00","dateModified":"2024-06-19T08:42:22+00:00","description":"Complemento alimentario con casta\u00f1o de indias, vid roja, meliloto, OPC de uva y oligoelementos. ERGYVEN esta compuesto por plantas tradicionalmente utilizadas para mantener la integridad del sistema venoso, en particular para reducir la sensaci\u00f3n de piernas pesadas. A estas plantas, se a\u00f1aden en la f\u00f3rmula, oligoelementos de origen marino, como el selenio, cobre y manganeso que protegen las c\u00e9lulas contra el estr\u00e9s oxidativo.","breadcrumb":{"@id":"https:\/\/margaritayeusebio.com\/tienda\/producto\/ergyven\/#breadcrumb"},"inLanguage":"es","potentialAction":[{"@type":"ReadAction","target":["https:\/\/margaritayeusebio.com\/tienda\/producto\/ergyven\/"]}]},{"@type":"ImageObject","inLanguage":"es","@id":"https:\/\/margaritayeusebio.com\/tienda\/producto\/ergyven\/#primaryimage","url":"https:\/\/margaritayeusebio.com\/tienda\/wp-content\/uploads\/2021\/12\/ERGYVEN_250ml_2020r-scaled.jpg","contentUrl":"https:\/\/margaritayeusebio.com\/tienda\/wp-content\/uploads\/2021\/12\/ERGYVEN_250ml_2020r-scaled.jpg","width":1029,"height":2560},{"@type":"BreadcrumbList","@id":"https:\/\/margaritayeusebio.com\/tienda\/producto\/ergyven\/#breadcrumb","itemListElement":[{"@type":"ListItem","position":1,"name":"Portada","item":"https:\/\/margaritayeusebio.com\/tienda\/pagina-de-inicio-2\/"},{"@type":"ListItem","position":2,"name":"Tienda","item":"https:\/\/margaritayeusebio.com\/tienda\/"},{"@type":"ListItem","position":3,"name":"ERGYVEN 250 ml"}]},{"@type":"WebSite","@id":"https:\/\/margaritayeusebio.com\/tienda\/#website","url":"https:\/\/margaritayeusebio.com\/tienda\/","name":"Centro de Belleza y Salud Margarita Ortu\u00f1o L\u00e1zaro. ESCUELA DE QUIROMASAJE Y TERAPIAS COMPLEMENTARIAS.TIENDA ONLINE","description":"Quiromasaje-Osteopatia, Acupuntura, Herbolario, Fitoterapia, Oligoelementos, Productos Belleza,","publisher":{"@id":"https:\/\/margaritayeusebio.com\/tienda\/#organization"},"potentialAction":[{"@type":"SearchAction","target":{"@type":"EntryPoint","urlTemplate":"https:\/\/margaritayeusebio.com\/tienda\/?s={search_term_string}"},"query-input":{"@type":"PropertyValueSpecification","valueRequired":true,"valueName":"search_term_string"}}],"inLanguage":"es"},{"@type":"Organization","@id":"https:\/\/margaritayeusebio.com\/tienda\/#organization","name":"Centro de Belleza y Salud Margarita Ortu\u00f1o L\u00e1zaro. ESCUELA DE QUIROMASAJE Y TERAPIAS COMPLEMENTARIAS.TIENDA ONLINE","url":"https:\/\/margaritayeusebio.com\/tienda\/","logo":{"@type":"ImageObject","inLanguage":"es","@id":"https:\/\/margaritayeusebio.com\/tienda\/#\/schema\/logo\/image\/","url":"https:\/\/margaritayeusebio.com\/tienda\/wp-content\/uploads\/2021\/12\/anagrama-conjunto-escuela-y-centro.jpg","contentUrl":"https:\/\/margaritayeusebio.com\/tienda\/wp-content\/uploads\/2021\/12\/anagrama-conjunto-escuela-y-centro.jpg","width":363,"height":302,"caption":"Centro de Belleza y Salud Margarita Ortu\u00f1o L\u00e1zaro. ESCUELA DE QUIROMASAJE Y TERAPIAS COMPLEMENTARIAS.TIENDA ONLINE"},"image":{"@id":"https:\/\/margaritayeusebio.com\/tienda\/#\/schema\/logo\/image\/"}}]}},"jetpack_sharing_enabled":true,"_links":{"self":[{"href":"https:\/\/margaritayeusebio.com\/tienda\/wp-json\/wp\/v2\/product\/19","targetHints":{"allow":["GET"]}}],"collection":[{"href":"https:\/\/margaritayeusebio.com\/tienda\/wp-json\/wp\/v2\/product"}],"about":[{"href":"https:\/\/margaritayeusebio.com\/tienda\/wp-json\/wp\/v2\/types\/product"}],"replies":[{"embeddable":true,"href":"https:\/\/margaritayeusebio.com\/tienda\/wp-json\/wp\/v2\/comments?post=19"}],"wp:featuredmedia":[{"embeddable":true,"href":"https:\/\/margaritayeusebio.com\/tienda\/wp-json\/wp\/v2\/media\/20"}],"wp:attachment":[{"href":"https:\/\/margaritayeusebio.com\/tienda\/wp-json\/wp\/v2\/media?parent=19"}],"wp:term":[{"taxonomy":"product_brand","embeddable":true,"href":"https:\/\/margaritayeusebio.com\/tienda\/wp-json\/wp\/v2\/product_brand?post=19"},{"taxonomy":"product_cat","embeddable":true,"href":"https:\/\/margaritayeusebio.com\/tienda\/wp-json\/wp\/v2\/product_cat?post=19"},{"taxonomy":"product_tag","embeddable":true,"href":"https:\/\/margaritayeusebio.com\/tienda\/wp-json\/wp\/v2\/product_tag?post=19"}],"curies":[{"name":"wp","href":"https:\/\/api.w.org\/{rel}","templated":true}]}}