{"id":159,"date":"2022-06-07T12:09:28","date_gmt":"2022-06-07T10:09:28","guid":{"rendered":"https:\/\/margaritayeusebio.com\/tienda\/?post_type=product&#038;p=159"},"modified":"2024-01-30T11:53:25","modified_gmt":"2024-01-30T10:53:25","slug":"1o-y-2o-curso-de-terapia-medicina-tradicional-china-acupuntura-fitoterapia-naturopatia-y-etc","status":"publish","type":"product","link":"https:\/\/margaritayeusebio.com\/tienda\/producto\/1o-y-2o-curso-de-terapia-medicina-tradicional-china-acupuntura-fitoterapia-naturopatia-y-etc\/","title":{"rendered":"1\u00ba y 2\u00ba Curso de Terapia (Medicina) Tradicional China. Acupuntura, Fitoterapia, Naturopatia y etc."},"content":{"rendered":"<h2>1\u00ba Y 2\u00ba CURSO DE TERAPIA TRADICIONAL CHINA. ACUPUNTURA, FITOTERAPIA Y NATUROPATIA.<\/h2>\n<p><img decoding=\"async\" src=\"https:\/\/margaritayeusebio.com\/imagenes\/cursos\/1-y-2-curso-de-terapia-tradicional-china.jpeg\" alt=\"1\u00ba Y 2\u00ba CURSO DE TERAPIA TRADICIONAL CHINA\" \/><\/p>\n<p>Forma de pago: Matricula 150\u20ac + 24 clases\/mes x 100\u20ac o pago curso completo 15% dto. pago a\u00f1o completo 10% dto. Se regala todo el material del curso, libros, pdfs.<\/p>\n<p>Curso de Terapia (Medicina) Tradicional China profesional con Acupuntura, Fitoterapia y Naturopatia.<\/p>\n<p>INICIACI\u00d3N A LA MEDICINA TRADICIONAL CHINA<\/p>\n<p>Curso de 1\u00ba a\u00f1o, fundamentos b\u00e1sicos de la Medicina oriental y sus conceptos bioenerg\u00e9ticos.<\/p>\n<p>PROGRAMA<\/p>\n<p>Introducci\u00f3n a la M.T.C. Visi\u00f3n global y salud integral. Concepto de Chi, Energ\u00eda Los 3 niveles energ\u00e9ticos. La red energ\u00e9tica: meridianos y puntos. Yin \u2013Yang. Yin-Yang en la estructura corporal y en los meridianos. Tipolog\u00edas Yin y Yang. Puntos de equilibrio yin-yang<\/p>\n<p>Las Energ\u00edas Fundamentales. Energ\u00edas Hereditarias. Energ\u00edas Adquiridas. Jing Qi: Energ\u00eda esencial.<\/p>\n<p>El Shen -psiquismo Energ\u00eda psico-emocional en la M.T.C. Coraz\u00f3n y Maestro del Coraz\u00f3n. Emociones b\u00e1sicas y emociones patol\u00f3gicas. Correspondencias: \u00f3rganos y meridianos. Puntos de armonizaci\u00f3n psico-emocional.<\/p>\n<p>La teor\u00eda de Los Cinco Elementos. Ciclo Chen de generaci\u00f3n. Ciclo Ko de control. Estaciones y Energ\u00edas ambientales. Elementos y \u00f3rganos internos.<\/p>\n<p>Desarrollo y correspondencias de cada Elemento El Agua. Ri\u00f1\u00f3n \u2013 Vejiga. Correspondencias f\u00edsicas y emocionales. La Madera. H\u00edgado \u2013 Ves\u00edcula biliar. Correspondencias f\u00edsicas y emocionales. El Fuego. Coraz\u00f3n \u2013 Intestino delgado. Correspondencias f\u00edsicas y emocionales. La Tierra. Bazo p\u00e1ncreas \u2013 Est\u00f3mago. Correspondencias f\u00edsicas y emocionales. El Metal. Pulm\u00f3n \u2013 Intestino grueso. Correspondencias f\u00edsicas y emocionales.<\/p>\n<p>Puntos de armonizaci\u00f3n en Los Cinco Elementos, etc.<\/p>\n<p>Al final del 2\u00ba curso hay que hacer una tesina<\/p>\n<p>Se entrega diploma acreditativo.<\/p>\n<p>INICIACI\u00d3N A LA MEDICINA TRADICIONAL CHINA<br \/>\nCurso de 1\u00ba a\u00f1o, fundamentos b\u00e1sicos de la Medicina oriental y sus conceptos<br \/>\nbioenerg\u00e9ticos.<br \/>\nPROGRAMA<br \/>\nIntroducci\u00f3n a la M.T.C.<br \/>\nVisi\u00f3n global y salud integral.<br \/>\nConcepto de Chi, Energ\u00eda<br \/>\nLos 3 niveles energ\u00e9ticos.<br \/>\nLa red energ\u00e9tica: meridianos y puntos.<br \/>\nYin \u2013Yang.<br \/>\nYin-Yang en la estructura corporal y en los meridianos.<br \/>\nTipolog\u00edas Yin y Yang.<br \/>\nPuntos de equilibrio yin-yang<br \/>\nLas Energ\u00edas Fundamentales.<br \/>\nEnerg\u00edas Hereditarias.<br \/>\nEnerg\u00edas Adquiridas.<br \/>\nJing Qi: Energ\u00eda esencial.<br \/>\nEl Shen -psiquismo<br \/>\nEnerg\u00eda psico-emocional en la M.T.C.<br \/>\nCoraz\u00f3n y Maestro del Coraz\u00f3n.<br \/>\nEmociones b\u00e1sicas y emociones patol\u00f3gicas.<br \/>\nCorrespondencias: \u00f3rganos y meridianos.<br \/>\nPuntos de armonizaci\u00f3n psico-emocional.<br \/>\nLa teor\u00eda de Los Cinco Elementos.<br \/>\nCiclo Chen de generaci\u00f3n.<br \/>\nCiclo Ko de control.<br \/>\nEstaciones y Energ\u00edas ambientales. Elementos y \u00f3rganos internos.<br \/>\nDesarrollo y correspondencias de cada Elemento<br \/>\nEl Agua. Ri\u00f1\u00f3n \u2013 Vejiga. Correspondencias f\u00edsicas y emocionales.<br \/>\nLa Madera. H\u00edgado \u2013 Ves\u00edcula biliar. Correspondencias f\u00edsicas y emocionales.<br \/>\nEl Fuego. Coraz\u00f3n \u2013 Intestino delgado. Correspondencias f\u00edsicas y emocionales.<br \/>\nLa Tierra. Bazo p\u00e1ncreas \u2013 Est\u00f3mago. Correspondencias f\u00edsicas y emocionales.<br \/>\nEl Metal. Pulm\u00f3n \u2013 Intestino grueso. Correspondencias f\u00edsicas y emocionales.<br \/>\nPuntos de armonizaci\u00f3n en Los Cinco Elementos, etc.<br \/>\nAl final del 2\u00ba curso hay que hacer una tesina<br \/>\nSe entrega diploma acreditativo.<br \/>\n2\u00ba A\u00f1o-NIVEL 2<br \/>\nPROGRAMA:<br \/>\n\u2022 TEOR\u00cdA B\u00c1SICA DE LA MEDICINA TRADICIONAL CHINA:<br \/>\nM.T.C y salud integral.<br \/>\nLos factores patol\u00f3gicos y su origen.<br \/>\nLa alimentaci\u00f3n en la Medicina Tradicional China.<br \/>\nPatolog\u00eda energ\u00e9tica.<br \/>\nS\u00edndrome Bi<br \/>\nInfluencia de las Energ\u00edas Ambientales.<br \/>\nLos s\u00edndromes principales y sus tratamientos.<br \/>\nEl Diagn\u00f3stico en la Medicina Tradicional China.<br \/>\nLos Ocho Principios.<br \/>\nLos Cuatro elementos de diagn\u00f3stico.<br \/>\nEl diagn\u00f3stico por la lengua.<br \/>\nLos pulsos.Etc<\/p>\n","protected":false},"excerpt":{"rendered":"<h2>1\u00ba Y 2\u00ba CURSO DE TERAPIA TRADICIONAL CHINA. ACUPUNTURA, FITOTERAPIA, NATUROPATIA, ETC.<\/h2>\n<p><img decoding=\"async\" src=\"https:\/\/margaritayeusebio.com\/imagenes\/cursos\/1-y-2-curso-de-terapia-tradicional-china.jpeg\" alt=\"1\u00ba Y 2\u00ba CURSO DE TERAPIA TRADICIONAL CHINA\" \/><\/p>\n<p>Forma de pago: Matricula 150\u20ac + 24 clases\/mes x 100\u20ac o pago curso completo 15% dto. pago a\u00f1o completo 10% dto.<\/p>\n<p>INICIACI\u00d3N A LA MEDICINA TRADICIONAL CHINA<\/p>\n<p>Curso de 1\u00ba a\u00f1o, fundamentos b\u00e1sicos de la Medicina oriental y sus conceptos bioenerg\u00e9ticos.<\/p>\n<p>PROGRAMA<\/p>\n<p>Introducci\u00f3n a la M.T.C. Visi\u00f3n global y salud integral. Concepto de Chi, Energ\u00eda Los 3 niveles energ\u00e9ticos. La red energ\u00e9tica: meridianos y puntos. Yin \u2013Yang. Yin-Yang en la estructura corporal y en los meridianos. Tipolog\u00edas Yin y Yang. Puntos de equilibrio yin-yang<\/p>\n<p>Las Energ\u00edas Fundamentales. Energ\u00edas Hereditarias. Energ\u00edas Adquiridas. Jing Qi: Energ\u00eda esencial.<\/p>\n<p>El Shen -psiquismo Energ\u00eda psico-emocional en la M.T.C. Coraz\u00f3n y Maestro del Coraz\u00f3n. Emociones b\u00e1sicas y emociones patol\u00f3gicas. Correspondencias: \u00f3rganos y meridianos. Puntos de armonizaci\u00f3n psico-emocional.<\/p>\n<p>La teor\u00eda de Los Cinco Elementos. Ciclo Chen de generaci\u00f3n. Ciclo Ko de control. Estaciones y Energ\u00edas ambientales. Elementos y \u00f3rganos internos.<\/p>\n<p>Desarrollo y correspondencias de cada Elemento El Agua. Ri\u00f1\u00f3n \u2013 Vejiga. Correspondencias f\u00edsicas y emocionales. La Madera. H\u00edgado \u2013 Ves\u00edcula biliar. Correspondencias f\u00edsicas y emocionales. El Fuego. Coraz\u00f3n \u2013 Intestino delgado. Correspondencias f\u00edsicas y emocionales. La Tierra. Bazo p\u00e1ncreas \u2013 Est\u00f3mago. Correspondencias f\u00edsicas y emocionales. El Metal. Pulm\u00f3n \u2013 Intestino grueso. Correspondencias f\u00edsicas y emocionales.<\/p>\n<p>Puntos de armonizaci\u00f3n en Los Cinco Elementos, etc.<\/p>\n<p>Al final del 2\u00ba curso hay que hacer una tesina<\/p>\n<p>Se entrega diploma acreditativo.<\/p>\n","protected":false},"featured_media":141,"comment_status":"open","ping_status":"closed","template":"","meta":[],"product_brand":[],"product_cat":[24],"product_tag":[28,94,96,95],"class_list":{"0":"post-159","1":"product","2":"type-product","3":"status-publish","4":"has-post-thumbnail","6":"product_cat-cursos","7":"product_tag-curso-de-masaje-alicante","8":"product_tag-curso-de-medicina-china","9":"product_tag-curso-de-medicina-china-alicante","10":"product_tag-curso-de-medicina-china-en-elche","11":"entry","13":"first","14":"instock","15":"virtual","16":"taxable","17":"purchasable","18":"product-type-simple"},"yoast_head":"<!-- This site is optimized with the Yoast SEO plugin v27.4 - https:\/\/yoast.com\/product\/yoast-seo-wordpress\/ -->\n<title>1\u00ba y 2\u00ba Curso de Terapia (Medicina) Tradicional China. Acupuntura, Fitoterapia, Naturopatia y etc. - Centro de Belleza y Salud Margarita Ortu\u00f1o L\u00e1zaro. ESCUELA DE QUIROMASAJE Y TERAPIAS COMPLEMENTARIAS.TIENDA ONLINE<\/title>\n<meta name=\"description\" content=\"LA MEDICINA TRADICIONAL CHINA Curso de 1\u00ba Y 2\u00ba a\u00f1o, fundamentos b\u00e1sicos de la Medicina oriental y sus conceptos bioenerg\u00e9ticos.\" \/>\n<meta name=\"robots\" content=\"index, follow, max-snippet:-1, max-image-preview:large, max-video-preview:-1\" \/>\n<link rel=\"canonical\" href=\"https:\/\/margaritayeusebio.com\/tienda\/producto\/1o-y-2o-curso-de-terapia-medicina-tradicional-china-acupuntura-fitoterapia-naturopatia-y-etc\/\" \/>\n<meta property=\"og:locale\" content=\"es_ES\" \/>\n<meta property=\"og:type\" content=\"article\" \/>\n<meta property=\"og:title\" content=\"1\u00ba y 2\u00ba Curso de Terapia (Medicina) Tradicional China. Acupuntura, Fitoterapia, Naturopatia y etc. - Centro de Belleza y Salud Margarita Ortu\u00f1o L\u00e1zaro. ESCUELA DE QUIROMASAJE Y TERAPIAS COMPLEMENTARIAS.TIENDA ONLINE\" \/>\n<meta property=\"og:description\" content=\"LA MEDICINA TRADICIONAL CHINA Curso de 1\u00ba Y 2\u00ba a\u00f1o, fundamentos b\u00e1sicos de la Medicina oriental y sus conceptos bioenerg\u00e9ticos.\" \/>\n<meta property=\"og:url\" content=\"https:\/\/margaritayeusebio.com\/tienda\/producto\/1o-y-2o-curso-de-terapia-medicina-tradicional-china-acupuntura-fitoterapia-naturopatia-y-etc\/\" \/>\n<meta property=\"og:site_name\" content=\"Centro de Belleza y Salud Margarita Ortu\u00f1o L\u00e1zaro. ESCUELA DE QUIROMASAJE Y TERAPIAS COMPLEMENTARIAS.TIENDA ONLINE\" \/>\n<meta property=\"article:modified_time\" content=\"2024-01-30T10:53:25+00:00\" \/>\n<meta property=\"og:image\" content=\"https:\/\/margaritayeusebio.com\/tienda\/wp-content\/uploads\/2022\/05\/A6-Curso-de-Osteopatia-0116.png\" \/>\n\t<meta property=\"og:image:width\" content=\"620\" \/>\n\t<meta property=\"og:image:height\" content=\"874\" \/>\n\t<meta property=\"og:image:type\" content=\"image\/png\" \/>\n<meta name=\"twitter:card\" content=\"summary_large_image\" \/>\n<meta name=\"twitter:label1\" content=\"Tiempo de lectura\" \/>\n\t<meta name=\"twitter:data1\" content=\"3 minutos\" \/>\n<script type=\"application\/ld+json\" class=\"yoast-schema-graph\">{\"@context\":\"https:\\\/\\\/schema.org\",\"@graph\":[{\"@type\":\"WebPage\",\"@id\":\"https:\\\/\\\/margaritayeusebio.com\\\/tienda\\\/producto\\\/1o-y-2o-curso-de-terapia-medicina-tradicional-china-acupuntura-fitoterapia-naturopatia-y-etc\\\/\",\"url\":\"https:\\\/\\\/margaritayeusebio.com\\\/tienda\\\/producto\\\/1o-y-2o-curso-de-terapia-medicina-tradicional-china-acupuntura-fitoterapia-naturopatia-y-etc\\\/\",\"name\":\"1\u00ba y 2\u00ba Curso de Terapia (Medicina) Tradicional China. Acupuntura, Fitoterapia, Naturopatia y etc. - Centro de Belleza y Salud Margarita Ortu\u00f1o L\u00e1zaro. ESCUELA DE QUIROMASAJE Y TERAPIAS COMPLEMENTARIAS.TIENDA ONLINE\",\"isPartOf\":{\"@id\":\"https:\\\/\\\/margaritayeusebio.com\\\/tienda\\\/#website\"},\"primaryImageOfPage\":{\"@id\":\"https:\\\/\\\/margaritayeusebio.com\\\/tienda\\\/producto\\\/1o-y-2o-curso-de-terapia-medicina-tradicional-china-acupuntura-fitoterapia-naturopatia-y-etc\\\/#primaryimage\"},\"image\":{\"@id\":\"https:\\\/\\\/margaritayeusebio.com\\\/tienda\\\/producto\\\/1o-y-2o-curso-de-terapia-medicina-tradicional-china-acupuntura-fitoterapia-naturopatia-y-etc\\\/#primaryimage\"},\"thumbnailUrl\":\"https:\\\/\\\/margaritayeusebio.com\\\/tienda\\\/wp-content\\\/uploads\\\/2022\\\/05\\\/A6-Curso-de-Osteopatia-0116.png\",\"datePublished\":\"2022-06-07T10:09:28+00:00\",\"dateModified\":\"2024-01-30T10:53:25+00:00\",\"description\":\"LA MEDICINA TRADICIONAL CHINA Curso de 1\u00ba Y 2\u00ba a\u00f1o, fundamentos b\u00e1sicos de la Medicina oriental y sus conceptos bioenerg\u00e9ticos.\",\"breadcrumb\":{\"@id\":\"https:\\\/\\\/margaritayeusebio.com\\\/tienda\\\/producto\\\/1o-y-2o-curso-de-terapia-medicina-tradicional-china-acupuntura-fitoterapia-naturopatia-y-etc\\\/#breadcrumb\"},\"inLanguage\":\"es\",\"potentialAction\":[{\"@type\":\"ReadAction\",\"target\":[\"https:\\\/\\\/margaritayeusebio.com\\\/tienda\\\/producto\\\/1o-y-2o-curso-de-terapia-medicina-tradicional-china-acupuntura-fitoterapia-naturopatia-y-etc\\\/\"]}]},{\"@type\":\"ImageObject\",\"inLanguage\":\"es\",\"@id\":\"https:\\\/\\\/margaritayeusebio.com\\\/tienda\\\/producto\\\/1o-y-2o-curso-de-terapia-medicina-tradicional-china-acupuntura-fitoterapia-naturopatia-y-etc\\\/#primaryimage\",\"url\":\"https:\\\/\\\/margaritayeusebio.com\\\/tienda\\\/wp-content\\\/uploads\\\/2022\\\/05\\\/A6-Curso-de-Osteopatia-0116.png\",\"contentUrl\":\"https:\\\/\\\/margaritayeusebio.com\\\/tienda\\\/wp-content\\\/uploads\\\/2022\\\/05\\\/A6-Curso-de-Osteopatia-0116.png\",\"width\":620,\"height\":874},{\"@type\":\"BreadcrumbList\",\"@id\":\"https:\\\/\\\/margaritayeusebio.com\\\/tienda\\\/producto\\\/1o-y-2o-curso-de-terapia-medicina-tradicional-china-acupuntura-fitoterapia-naturopatia-y-etc\\\/#breadcrumb\",\"itemListElement\":[{\"@type\":\"ListItem\",\"position\":1,\"name\":\"Portada\",\"item\":\"https:\\\/\\\/margaritayeusebio.com\\\/tienda\\\/pagina-de-inicio-2\\\/\"},{\"@type\":\"ListItem\",\"position\":2,\"name\":\"Tienda\",\"item\":\"https:\\\/\\\/margaritayeusebio.com\\\/tienda\\\/\"},{\"@type\":\"ListItem\",\"position\":3,\"name\":\"1\u00ba y 2\u00ba Curso de Terapia (Medicina) Tradicional China. Acupuntura, Fitoterapia, Naturopatia y etc.\"}]},{\"@type\":\"WebSite\",\"@id\":\"https:\\\/\\\/margaritayeusebio.com\\\/tienda\\\/#website\",\"url\":\"https:\\\/\\\/margaritayeusebio.com\\\/tienda\\\/\",\"name\":\"Centro de Belleza y Salud Margarita Ortu\u00f1o L\u00e1zaro. ESCUELA DE QUIROMASAJE Y TERAPIAS COMPLEMENTARIAS.TIENDA ONLINE\",\"description\":\"Quiromasaje-Osteopatia, Acupuntura, Herbolario, Fitoterapia, Oligoelementos, Productos Belleza,\",\"publisher\":{\"@id\":\"https:\\\/\\\/margaritayeusebio.com\\\/tienda\\\/#organization\"},\"potentialAction\":[{\"@type\":\"SearchAction\",\"target\":{\"@type\":\"EntryPoint\",\"urlTemplate\":\"https:\\\/\\\/margaritayeusebio.com\\\/tienda\\\/?s={search_term_string}\"},\"query-input\":{\"@type\":\"PropertyValueSpecification\",\"valueRequired\":true,\"valueName\":\"search_term_string\"}}],\"inLanguage\":\"es\"},{\"@type\":\"Organization\",\"@id\":\"https:\\\/\\\/margaritayeusebio.com\\\/tienda\\\/#organization\",\"name\":\"Centro de Belleza y Salud Margarita Ortu\u00f1o L\u00e1zaro. ESCUELA DE QUIROMASAJE Y TERAPIAS COMPLEMENTARIAS.TIENDA ONLINE\",\"url\":\"https:\\\/\\\/margaritayeusebio.com\\\/tienda\\\/\",\"logo\":{\"@type\":\"ImageObject\",\"inLanguage\":\"es\",\"@id\":\"https:\\\/\\\/margaritayeusebio.com\\\/tienda\\\/#\\\/schema\\\/logo\\\/image\\\/\",\"url\":\"https:\\\/\\\/margaritayeusebio.com\\\/tienda\\\/wp-content\\\/uploads\\\/2021\\\/12\\\/anagrama-conjunto-escuela-y-centro.jpg\",\"contentUrl\":\"https:\\\/\\\/margaritayeusebio.com\\\/tienda\\\/wp-content\\\/uploads\\\/2021\\\/12\\\/anagrama-conjunto-escuela-y-centro.jpg\",\"width\":363,\"height\":302,\"caption\":\"Centro de Belleza y Salud Margarita Ortu\u00f1o L\u00e1zaro. ESCUELA DE QUIROMASAJE Y TERAPIAS COMPLEMENTARIAS.TIENDA ONLINE\"},\"image\":{\"@id\":\"https:\\\/\\\/margaritayeusebio.com\\\/tienda\\\/#\\\/schema\\\/logo\\\/image\\\/\"}}]}<\/script>\n<!-- \/ Yoast SEO plugin. -->","yoast_head_json":{"title":"1\u00ba y 2\u00ba Curso de Terapia (Medicina) Tradicional China. Acupuntura, Fitoterapia, Naturopatia y etc. - Centro de Belleza y Salud Margarita Ortu\u00f1o L\u00e1zaro. ESCUELA DE QUIROMASAJE Y TERAPIAS COMPLEMENTARIAS.TIENDA ONLINE","description":"LA MEDICINA TRADICIONAL CHINA Curso de 1\u00ba Y 2\u00ba a\u00f1o, fundamentos b\u00e1sicos de la Medicina oriental y sus conceptos bioenerg\u00e9ticos.","robots":{"index":"index","follow":"follow","max-snippet":"max-snippet:-1","max-image-preview":"max-image-preview:large","max-video-preview":"max-video-preview:-1"},"canonical":"https:\/\/margaritayeusebio.com\/tienda\/producto\/1o-y-2o-curso-de-terapia-medicina-tradicional-china-acupuntura-fitoterapia-naturopatia-y-etc\/","og_locale":"es_ES","og_type":"article","og_title":"1\u00ba y 2\u00ba Curso de Terapia (Medicina) Tradicional China. Acupuntura, Fitoterapia, Naturopatia y etc. - Centro de Belleza y Salud Margarita Ortu\u00f1o L\u00e1zaro. ESCUELA DE QUIROMASAJE Y TERAPIAS COMPLEMENTARIAS.TIENDA ONLINE","og_description":"LA MEDICINA TRADICIONAL CHINA Curso de 1\u00ba Y 2\u00ba a\u00f1o, fundamentos b\u00e1sicos de la Medicina oriental y sus conceptos bioenerg\u00e9ticos.","og_url":"https:\/\/margaritayeusebio.com\/tienda\/producto\/1o-y-2o-curso-de-terapia-medicina-tradicional-china-acupuntura-fitoterapia-naturopatia-y-etc\/","og_site_name":"Centro de Belleza y Salud Margarita Ortu\u00f1o L\u00e1zaro. ESCUELA DE QUIROMASAJE Y TERAPIAS COMPLEMENTARIAS.TIENDA ONLINE","article_modified_time":"2024-01-30T10:53:25+00:00","og_image":[{"width":620,"height":874,"url":"https:\/\/margaritayeusebio.com\/tienda\/wp-content\/uploads\/2022\/05\/A6-Curso-de-Osteopatia-0116.png","type":"image\/png"}],"twitter_card":"summary_large_image","twitter_misc":{"Tiempo de lectura":"3 minutos"},"schema":{"@context":"https:\/\/schema.org","@graph":[{"@type":"WebPage","@id":"https:\/\/margaritayeusebio.com\/tienda\/producto\/1o-y-2o-curso-de-terapia-medicina-tradicional-china-acupuntura-fitoterapia-naturopatia-y-etc\/","url":"https:\/\/margaritayeusebio.com\/tienda\/producto\/1o-y-2o-curso-de-terapia-medicina-tradicional-china-acupuntura-fitoterapia-naturopatia-y-etc\/","name":"1\u00ba y 2\u00ba Curso de Terapia (Medicina) Tradicional China. Acupuntura, Fitoterapia, Naturopatia y etc. - Centro de Belleza y Salud Margarita Ortu\u00f1o L\u00e1zaro. ESCUELA DE QUIROMASAJE Y TERAPIAS COMPLEMENTARIAS.TIENDA ONLINE","isPartOf":{"@id":"https:\/\/margaritayeusebio.com\/tienda\/#website"},"primaryImageOfPage":{"@id":"https:\/\/margaritayeusebio.com\/tienda\/producto\/1o-y-2o-curso-de-terapia-medicina-tradicional-china-acupuntura-fitoterapia-naturopatia-y-etc\/#primaryimage"},"image":{"@id":"https:\/\/margaritayeusebio.com\/tienda\/producto\/1o-y-2o-curso-de-terapia-medicina-tradicional-china-acupuntura-fitoterapia-naturopatia-y-etc\/#primaryimage"},"thumbnailUrl":"https:\/\/margaritayeusebio.com\/tienda\/wp-content\/uploads\/2022\/05\/A6-Curso-de-Osteopatia-0116.png","datePublished":"2022-06-07T10:09:28+00:00","dateModified":"2024-01-30T10:53:25+00:00","description":"LA MEDICINA TRADICIONAL CHINA Curso de 1\u00ba Y 2\u00ba a\u00f1o, fundamentos b\u00e1sicos de la Medicina oriental y sus conceptos bioenerg\u00e9ticos.","breadcrumb":{"@id":"https:\/\/margaritayeusebio.com\/tienda\/producto\/1o-y-2o-curso-de-terapia-medicina-tradicional-china-acupuntura-fitoterapia-naturopatia-y-etc\/#breadcrumb"},"inLanguage":"es","potentialAction":[{"@type":"ReadAction","target":["https:\/\/margaritayeusebio.com\/tienda\/producto\/1o-y-2o-curso-de-terapia-medicina-tradicional-china-acupuntura-fitoterapia-naturopatia-y-etc\/"]}]},{"@type":"ImageObject","inLanguage":"es","@id":"https:\/\/margaritayeusebio.com\/tienda\/producto\/1o-y-2o-curso-de-terapia-medicina-tradicional-china-acupuntura-fitoterapia-naturopatia-y-etc\/#primaryimage","url":"https:\/\/margaritayeusebio.com\/tienda\/wp-content\/uploads\/2022\/05\/A6-Curso-de-Osteopatia-0116.png","contentUrl":"https:\/\/margaritayeusebio.com\/tienda\/wp-content\/uploads\/2022\/05\/A6-Curso-de-Osteopatia-0116.png","width":620,"height":874},{"@type":"BreadcrumbList","@id":"https:\/\/margaritayeusebio.com\/tienda\/producto\/1o-y-2o-curso-de-terapia-medicina-tradicional-china-acupuntura-fitoterapia-naturopatia-y-etc\/#breadcrumb","itemListElement":[{"@type":"ListItem","position":1,"name":"Portada","item":"https:\/\/margaritayeusebio.com\/tienda\/pagina-de-inicio-2\/"},{"@type":"ListItem","position":2,"name":"Tienda","item":"https:\/\/margaritayeusebio.com\/tienda\/"},{"@type":"ListItem","position":3,"name":"1\u00ba y 2\u00ba Curso de Terapia (Medicina) Tradicional China. Acupuntura, Fitoterapia, Naturopatia y etc."}]},{"@type":"WebSite","@id":"https:\/\/margaritayeusebio.com\/tienda\/#website","url":"https:\/\/margaritayeusebio.com\/tienda\/","name":"Centro de Belleza y Salud Margarita Ortu\u00f1o L\u00e1zaro. ESCUELA DE QUIROMASAJE Y TERAPIAS COMPLEMENTARIAS.TIENDA ONLINE","description":"Quiromasaje-Osteopatia, Acupuntura, Herbolario, Fitoterapia, Oligoelementos, Productos Belleza,","publisher":{"@id":"https:\/\/margaritayeusebio.com\/tienda\/#organization"},"potentialAction":[{"@type":"SearchAction","target":{"@type":"EntryPoint","urlTemplate":"https:\/\/margaritayeusebio.com\/tienda\/?s={search_term_string}"},"query-input":{"@type":"PropertyValueSpecification","valueRequired":true,"valueName":"search_term_string"}}],"inLanguage":"es"},{"@type":"Organization","@id":"https:\/\/margaritayeusebio.com\/tienda\/#organization","name":"Centro de Belleza y Salud Margarita Ortu\u00f1o L\u00e1zaro. ESCUELA DE QUIROMASAJE Y TERAPIAS COMPLEMENTARIAS.TIENDA ONLINE","url":"https:\/\/margaritayeusebio.com\/tienda\/","logo":{"@type":"ImageObject","inLanguage":"es","@id":"https:\/\/margaritayeusebio.com\/tienda\/#\/schema\/logo\/image\/","url":"https:\/\/margaritayeusebio.com\/tienda\/wp-content\/uploads\/2021\/12\/anagrama-conjunto-escuela-y-centro.jpg","contentUrl":"https:\/\/margaritayeusebio.com\/tienda\/wp-content\/uploads\/2021\/12\/anagrama-conjunto-escuela-y-centro.jpg","width":363,"height":302,"caption":"Centro de Belleza y Salud Margarita Ortu\u00f1o L\u00e1zaro. ESCUELA DE QUIROMASAJE Y TERAPIAS COMPLEMENTARIAS.TIENDA ONLINE"},"image":{"@id":"https:\/\/margaritayeusebio.com\/tienda\/#\/schema\/logo\/image\/"}}]}},"jetpack_sharing_enabled":true,"_links":{"self":[{"href":"https:\/\/margaritayeusebio.com\/tienda\/wp-json\/wp\/v2\/product\/159","targetHints":{"allow":["GET"]}}],"collection":[{"href":"https:\/\/margaritayeusebio.com\/tienda\/wp-json\/wp\/v2\/product"}],"about":[{"href":"https:\/\/margaritayeusebio.com\/tienda\/wp-json\/wp\/v2\/types\/product"}],"replies":[{"embeddable":true,"href":"https:\/\/margaritayeusebio.com\/tienda\/wp-json\/wp\/v2\/comments?post=159"}],"wp:featuredmedia":[{"embeddable":true,"href":"https:\/\/margaritayeusebio.com\/tienda\/wp-json\/wp\/v2\/media\/141"}],"wp:attachment":[{"href":"https:\/\/margaritayeusebio.com\/tienda\/wp-json\/wp\/v2\/media?parent=159"}],"wp:term":[{"taxonomy":"product_brand","embeddable":true,"href":"https:\/\/margaritayeusebio.com\/tienda\/wp-json\/wp\/v2\/product_brand?post=159"},{"taxonomy":"product_cat","embeddable":true,"href":"https:\/\/margaritayeusebio.com\/tienda\/wp-json\/wp\/v2\/product_cat?post=159"},{"taxonomy":"product_tag","embeddable":true,"href":"https:\/\/margaritayeusebio.com\/tienda\/wp-json\/wp\/v2\/product_tag?post=159"}],"curies":[{"name":"wp","href":"https:\/\/api.w.org\/{rel}","templated":true}]}}