{"id":155,"date":"2022-05-26T19:17:46","date_gmt":"2022-05-26T17:17:46","guid":{"rendered":"https:\/\/margaritayeusebio.com\/tienda\/?post_type=product&#038;p=155"},"modified":"2022-05-26T19:22:26","modified_gmt":"2022-05-26T17:22:26","slug":"fost-print-junior-viales","status":"publish","type":"product","link":"https:\/\/margaritayeusebio.com\/tienda\/producto\/fost-print-junior-viales\/","title":{"rendered":"Fost Print Junior viales"},"content":{"rendered":"<h1 style=\"font-weight: 400;\">Fost Print Junior<\/h1>\n<p>20 viales de 15 ml\u00a0 \u00a0 \u00a0 \u00a0Energ\u00eda para los m\u00e1s peque\u00f1os<\/p>\n<p><b><strong>Fost Print Junior, con su nueva f\u00f3rmula mejorada, con probi\u00f3ticos, hierro,\u00a0<\/strong><\/b><b><strong>zinc, yodo, vitamina C y\u00a0<\/strong><\/b>Jalea Real liofilizada, Prop\u00f3leo, Vitaminas del grupo B (B<sub>1<\/sub>, B<sub>2<\/sub>, B<sub>3<\/sub>, B<sub>6<\/sub>, \u00c1cido pantot\u00e9nico y Biotina), Vitamina D y Manganeso, ayudan a recuperar el ritmo diario.<\/p>\n<ul>\n<li>Las vitaminas B<sub>2<\/sub>, B<sub>3<\/sub>, B<sub>5<\/sub>\u00a0y B<sub>6,\u00a0<\/sub>ayudan a\u00a0<b><strong>disminuir el cansancio y la fatiga.<\/strong><\/b><\/li>\n<li>El selenio y las Vitaminas D y C , el hierro y ell zinc contribuyen al\u00a0<b><strong>funcionamiento normal del sistema inmunitario.<\/strong><\/b><\/li>\n<\/ul>\n<p>Fost Print es la gama de suplementos energ\u00e9ticos de Soria Natural. Consta de cuatro variedades:\u00a0<b><strong>Fost Print Classic, Fost Print Plus, Fost Print Sport y Fost Print Junior<\/strong><\/b>, que potencian la vitalidad del organismo en estados de requerimientos f\u00edsico e intelectual, en cualquier momento del d\u00eda y en cualquier etapa de nuestra vida.<\/p>\n<h3>Ingredientes<\/h3>\n<div>\n<p><b>C\u00e1psula:<\/b>\u00a0Maltodextrinas, antiaglomerante: di\u00f3xido de silicio, nicotinamida (niacina), extracto seco de prop\u00f3leo (Propolis, resina) (6 mg), Lactobacillus rhamnosus, Bifidobacterium longum, D-pantotenato c\u00e1lcico (\u00e1cido pantot\u00e9nico), colecalciferol (Vit. D), estabilizante: carboximetilcelulosa s\u00f3dica reticulada, piridoxal 5-fosfato (Vit. B6), clorhidrato de tiamina (Vit. B1), D-biotina (Vit. B8).<\/p>\n<p><b>Vial:\u00a0<\/b>Agua, glucosa, humectante: glicerina, fructosa, jalea real liofilizada, aromas, corrector de acidez: \u00e1cido c\u00edtrico, sulfato ferroso, \u00e1cido L-asc\u00f3rbico (Vit. C), conservador: sorbato pot\u00e1sico, gluconato de manganeso, sulfato de zinc, riboflavina (Vit. B2), yoduro pot\u00e1sico.<\/p>\n<\/div>\n<div class=\"uk-padding-small\">\n<h3>Consejos de uso<\/h3>\n<div>\n<p>Tomar un vial al d\u00eda, directamente o diluido en un vaso de agua o zumo de frutas e ingerir inmediatamente.<\/p>\n<p>Para ni\u00f1os que practiquen deportes se recomienda tomar 1 vial 20-30 minutos antes de la competici\u00f3n.<\/p>\n<p>Ag\u00edtese antes de usar.<\/p>\n<p>SISTEMA DE APERTURA DEL VIAL:<\/p>\n<p>Mantener en posici\u00f3n vertical.<\/p>\n<p>1- Romper y retirar el precinto de seguridad.<\/p>\n<p>2- Enroscar el tap\u00f3n hasta su tope. El precinto se romper\u00e1 y el contenido de la c\u00e1psula caer\u00e1 al interior del vial.<\/p>\n<p>3- Agitar el vial insistentemente para conseguir una perfecta disoluci\u00f3n de la mezcla.<\/p>\n<p>4- Desenroscar el tap\u00f3n y tomar directamente o diluido en agua o zumos.<\/p>\n<\/div>\n<div>\n<p>&nbsp;<\/p>\n<\/div>\n<\/div>\n<div><\/div>\n","protected":false},"excerpt":{"rendered":"<p>Energ\u00eda para los m\u00e1s peque\u00f1os<\/p>\n<p><b><strong>Fost Print Junior, con su nueva f\u00f3rmula mejorada, con probi\u00f3ticos, hierro,\u00a0<\/strong><\/b><b><strong>zinc, yodo, vitamina C y\u00a0<\/strong><\/b>Jalea Real liofilizada, Prop\u00f3leo, Vitaminas del grupo B (B<sub>1<\/sub>, B<sub>2<\/sub>, B<sub>3<\/sub>, B<sub>6<\/sub>, \u00c1cido pantot\u00e9nico y Biotina), Vitamina D y Manganeso, ayudan a recuperar el ritmo diario.<\/p>\n<ul>\n<li>Las vitaminas B<sub>2<\/sub>, B<sub>3<\/sub>, B<sub>5<\/sub>\u00a0y B<sub>6,\u00a0<\/sub>ayudan a\u00a0<b><strong>disminuir el cansancio y la fatiga.<\/strong><\/b><\/li>\n<li>El selenio y las Vitaminas D y C , el hierro y ell zinc contribuyen al\u00a0<b><strong>funcionamiento normal del sistema inmunitario.<\/strong><\/b><\/li>\n<\/ul>\n<p>Fost Print es la gama de suplementos energ\u00e9ticos de Soria Natural. Consta de cuatro variedades:\u00a0<b><strong>Fost Print Classic, Fost Print Plus, Fost Print Sport y Fost Print Junior<\/strong><\/b>, que potencian la vitalidad del organismo en estados de requerimientos f\u00edsico e intelectual, en cualquier momento del d\u00eda y en cualquier etapa de nuestra vida.<\/p>\n","protected":false},"featured_media":149,"comment_status":"open","ping_status":"closed","template":"","meta":[],"product_brand":[],"product_cat":[16],"product_tag":[89,86,88,87],"class_list":{"0":"post-155","1":"product","2":"type-product","3":"status-publish","4":"has-post-thumbnail","6":"product_cat-fitoterapia-o-preparados-de-plantas-que-buscan-solucionar-los-problemas-de-salud","7":"product_tag-cansancio-entrenamiento","8":"product_tag-energeticos","9":"product_tag-energia-sana","10":"product_tag-vitaminas","11":"entry","13":"first","14":"instock","15":"sale","16":"taxable","17":"shipping-taxable","18":"purchasable","19":"product-type-simple"},"yoast_head":"<!-- This site is optimized with the Yoast SEO plugin v27.4 - https:\/\/yoast.com\/product\/yoast-seo-wordpress\/ -->\n<title>Fost Print Junior viales - Centro de Belleza y Salud Margarita Ortu\u00f1o L\u00e1zaro. ESCUELA DE QUIROMASAJE Y TERAPIAS COMPLEMENTARIAS.TIENDA ONLINE<\/title>\n<meta name=\"description\" content=\"Fost Print Classic, con su nueva f\u00f3rmula mejorada, con selenio, vitamina E y serina\u00a0y Acetil L-Carnitina, NADH, Jalea real liofilizada, Prop\u00f3leo, Vitaminas del grupo B (B1, B2, B3, B6, B12, \u00c1cido pantot\u00e9nico, Biotina y \u00c1cido f\u00f3lico), Vitamina D, Cromo y Manganeso, ayuda a recuperar el ritmo diario. Las vitaminas B2, B3, B5\u00a0y B6,\u00a0ayudan a\u00a0disminuir el cansancio y la fatiga. El selenio y las Vitaminas B6, B12\u00a0y D, contribuyen al\u00a0funcionamiento normal del sistema inmunitario. El selenio y la Vitamina E, contribuyen a la\u00a0protecci\u00f3n de las c\u00e9lulas frente al da\u00f1o oxidativo.\u00a0\" \/>\n<meta name=\"robots\" content=\"index, follow, max-snippet:-1, max-image-preview:large, max-video-preview:-1\" \/>\n<link rel=\"canonical\" href=\"https:\/\/margaritayeusebio.com\/tienda\/producto\/fost-print-junior-viales\/\" \/>\n<meta property=\"og:locale\" content=\"es_ES\" \/>\n<meta property=\"og:type\" content=\"article\" \/>\n<meta property=\"og:title\" content=\"Fost Print Junior viales - Centro de Belleza y Salud Margarita Ortu\u00f1o L\u00e1zaro. ESCUELA DE QUIROMASAJE Y TERAPIAS COMPLEMENTARIAS.TIENDA ONLINE\" \/>\n<meta property=\"og:description\" content=\"Fost Print Classic, con su nueva f\u00f3rmula mejorada, con selenio, vitamina E y serina\u00a0y Acetil L-Carnitina, NADH, Jalea real liofilizada, Prop\u00f3leo, Vitaminas del grupo B (B1, B2, B3, B6, B12, \u00c1cido pantot\u00e9nico, Biotina y \u00c1cido f\u00f3lico), Vitamina D, Cromo y Manganeso, ayuda a recuperar el ritmo diario. Las vitaminas B2, B3, B5\u00a0y B6,\u00a0ayudan a\u00a0disminuir el cansancio y la fatiga. El selenio y las Vitaminas B6, B12\u00a0y D, contribuyen al\u00a0funcionamiento normal del sistema inmunitario. El selenio y la Vitamina E, contribuyen a la\u00a0protecci\u00f3n de las c\u00e9lulas frente al da\u00f1o oxidativo.\u00a0\" \/>\n<meta property=\"og:url\" content=\"https:\/\/margaritayeusebio.com\/tienda\/producto\/fost-print-junior-viales\/\" \/>\n<meta property=\"og:site_name\" content=\"Centro de Belleza y Salud Margarita Ortu\u00f1o L\u00e1zaro. ESCUELA DE QUIROMASAJE Y TERAPIAS COMPLEMENTARIAS.TIENDA ONLINE\" \/>\n<meta property=\"article:modified_time\" content=\"2022-05-26T17:22:26+00:00\" \/>\n<meta property=\"og:image\" content=\"https:\/\/margaritayeusebio.com\/tienda\/wp-content\/uploads\/2022\/05\/8422947062439_01-scaled.jpg\" \/>\n\t<meta property=\"og:image:width\" content=\"2560\" \/>\n\t<meta property=\"og:image:height\" content=\"2193\" \/>\n\t<meta property=\"og:image:type\" content=\"image\/jpeg\" \/>\n<meta name=\"twitter:card\" content=\"summary_large_image\" \/>\n<meta name=\"twitter:label1\" content=\"Tiempo de lectura\" \/>\n\t<meta name=\"twitter:data1\" content=\"2 minutos\" \/>\n<script type=\"application\/ld+json\" class=\"yoast-schema-graph\">{\"@context\":\"https:\\\/\\\/schema.org\",\"@graph\":[{\"@type\":\"WebPage\",\"@id\":\"https:\\\/\\\/margaritayeusebio.com\\\/tienda\\\/producto\\\/fost-print-junior-viales\\\/\",\"url\":\"https:\\\/\\\/margaritayeusebio.com\\\/tienda\\\/producto\\\/fost-print-junior-viales\\\/\",\"name\":\"Fost Print Junior viales - Centro de Belleza y Salud Margarita Ortu\u00f1o L\u00e1zaro. ESCUELA DE QUIROMASAJE Y TERAPIAS COMPLEMENTARIAS.TIENDA ONLINE\",\"isPartOf\":{\"@id\":\"https:\\\/\\\/margaritayeusebio.com\\\/tienda\\\/#website\"},\"primaryImageOfPage\":{\"@id\":\"https:\\\/\\\/margaritayeusebio.com\\\/tienda\\\/producto\\\/fost-print-junior-viales\\\/#primaryimage\"},\"image\":{\"@id\":\"https:\\\/\\\/margaritayeusebio.com\\\/tienda\\\/producto\\\/fost-print-junior-viales\\\/#primaryimage\"},\"thumbnailUrl\":\"https:\\\/\\\/margaritayeusebio.com\\\/tienda\\\/wp-content\\\/uploads\\\/2022\\\/05\\\/8422947062439_01-scaled.jpg\",\"datePublished\":\"2022-05-26T17:17:46+00:00\",\"dateModified\":\"2022-05-26T17:22:26+00:00\",\"description\":\"Fost Print Classic, con su nueva f\u00f3rmula mejorada, con selenio, vitamina E y serina\u00a0y Acetil L-Carnitina, NADH, Jalea real liofilizada, Prop\u00f3leo, Vitaminas del grupo B (B1, B2, B3, B6, B12, \u00c1cido pantot\u00e9nico, Biotina y \u00c1cido f\u00f3lico), Vitamina D, Cromo y Manganeso, ayuda a recuperar el ritmo diario. Las vitaminas B2, B3, B5\u00a0y B6,\u00a0ayudan a\u00a0disminuir el cansancio y la fatiga. El selenio y las Vitaminas B6, B12\u00a0y D, contribuyen al\u00a0funcionamiento normal del sistema inmunitario. El selenio y la Vitamina E, contribuyen a la\u00a0protecci\u00f3n de las c\u00e9lulas frente al da\u00f1o oxidativo.\u00a0\",\"breadcrumb\":{\"@id\":\"https:\\\/\\\/margaritayeusebio.com\\\/tienda\\\/producto\\\/fost-print-junior-viales\\\/#breadcrumb\"},\"inLanguage\":\"es\",\"potentialAction\":[{\"@type\":\"ReadAction\",\"target\":[\"https:\\\/\\\/margaritayeusebio.com\\\/tienda\\\/producto\\\/fost-print-junior-viales\\\/\"]}]},{\"@type\":\"ImageObject\",\"inLanguage\":\"es\",\"@id\":\"https:\\\/\\\/margaritayeusebio.com\\\/tienda\\\/producto\\\/fost-print-junior-viales\\\/#primaryimage\",\"url\":\"https:\\\/\\\/margaritayeusebio.com\\\/tienda\\\/wp-content\\\/uploads\\\/2022\\\/05\\\/8422947062439_01-scaled.jpg\",\"contentUrl\":\"https:\\\/\\\/margaritayeusebio.com\\\/tienda\\\/wp-content\\\/uploads\\\/2022\\\/05\\\/8422947062439_01-scaled.jpg\",\"width\":2560,\"height\":2193},{\"@type\":\"BreadcrumbList\",\"@id\":\"https:\\\/\\\/margaritayeusebio.com\\\/tienda\\\/producto\\\/fost-print-junior-viales\\\/#breadcrumb\",\"itemListElement\":[{\"@type\":\"ListItem\",\"position\":1,\"name\":\"Portada\",\"item\":\"https:\\\/\\\/margaritayeusebio.com\\\/tienda\\\/pagina-de-inicio-2\\\/\"},{\"@type\":\"ListItem\",\"position\":2,\"name\":\"Tienda\",\"item\":\"https:\\\/\\\/margaritayeusebio.com\\\/tienda\\\/\"},{\"@type\":\"ListItem\",\"position\":3,\"name\":\"Fost Print Junior viales\"}]},{\"@type\":\"WebSite\",\"@id\":\"https:\\\/\\\/margaritayeusebio.com\\\/tienda\\\/#website\",\"url\":\"https:\\\/\\\/margaritayeusebio.com\\\/tienda\\\/\",\"name\":\"Centro de Belleza y Salud Margarita Ortu\u00f1o L\u00e1zaro. ESCUELA DE QUIROMASAJE Y TERAPIAS COMPLEMENTARIAS.TIENDA ONLINE\",\"description\":\"Quiromasaje-Osteopatia, Acupuntura, Herbolario, Fitoterapia, Oligoelementos, Productos Belleza,\",\"publisher\":{\"@id\":\"https:\\\/\\\/margaritayeusebio.com\\\/tienda\\\/#organization\"},\"potentialAction\":[{\"@type\":\"SearchAction\",\"target\":{\"@type\":\"EntryPoint\",\"urlTemplate\":\"https:\\\/\\\/margaritayeusebio.com\\\/tienda\\\/?s={search_term_string}\"},\"query-input\":{\"@type\":\"PropertyValueSpecification\",\"valueRequired\":true,\"valueName\":\"search_term_string\"}}],\"inLanguage\":\"es\"},{\"@type\":\"Organization\",\"@id\":\"https:\\\/\\\/margaritayeusebio.com\\\/tienda\\\/#organization\",\"name\":\"Centro de Belleza y Salud Margarita Ortu\u00f1o L\u00e1zaro. ESCUELA DE QUIROMASAJE Y TERAPIAS COMPLEMENTARIAS.TIENDA ONLINE\",\"url\":\"https:\\\/\\\/margaritayeusebio.com\\\/tienda\\\/\",\"logo\":{\"@type\":\"ImageObject\",\"inLanguage\":\"es\",\"@id\":\"https:\\\/\\\/margaritayeusebio.com\\\/tienda\\\/#\\\/schema\\\/logo\\\/image\\\/\",\"url\":\"https:\\\/\\\/margaritayeusebio.com\\\/tienda\\\/wp-content\\\/uploads\\\/2021\\\/12\\\/anagrama-conjunto-escuela-y-centro.jpg\",\"contentUrl\":\"https:\\\/\\\/margaritayeusebio.com\\\/tienda\\\/wp-content\\\/uploads\\\/2021\\\/12\\\/anagrama-conjunto-escuela-y-centro.jpg\",\"width\":363,\"height\":302,\"caption\":\"Centro de Belleza y Salud Margarita Ortu\u00f1o L\u00e1zaro. ESCUELA DE QUIROMASAJE Y TERAPIAS COMPLEMENTARIAS.TIENDA ONLINE\"},\"image\":{\"@id\":\"https:\\\/\\\/margaritayeusebio.com\\\/tienda\\\/#\\\/schema\\\/logo\\\/image\\\/\"}}]}<\/script>\n<!-- \/ Yoast SEO plugin. -->","yoast_head_json":{"title":"Fost Print Junior viales - Centro de Belleza y Salud Margarita Ortu\u00f1o L\u00e1zaro. ESCUELA DE QUIROMASAJE Y TERAPIAS COMPLEMENTARIAS.TIENDA ONLINE","description":"Fost Print Classic, con su nueva f\u00f3rmula mejorada, con selenio, vitamina E y serina\u00a0y Acetil L-Carnitina, NADH, Jalea real liofilizada, Prop\u00f3leo, Vitaminas del grupo B (B1, B2, B3, B6, B12, \u00c1cido pantot\u00e9nico, Biotina y \u00c1cido f\u00f3lico), Vitamina D, Cromo y Manganeso, ayuda a recuperar el ritmo diario. Las vitaminas B2, B3, B5\u00a0y B6,\u00a0ayudan a\u00a0disminuir el cansancio y la fatiga. El selenio y las Vitaminas B6, B12\u00a0y D, contribuyen al\u00a0funcionamiento normal del sistema inmunitario. El selenio y la Vitamina E, contribuyen a la\u00a0protecci\u00f3n de las c\u00e9lulas frente al da\u00f1o oxidativo.\u00a0","robots":{"index":"index","follow":"follow","max-snippet":"max-snippet:-1","max-image-preview":"max-image-preview:large","max-video-preview":"max-video-preview:-1"},"canonical":"https:\/\/margaritayeusebio.com\/tienda\/producto\/fost-print-junior-viales\/","og_locale":"es_ES","og_type":"article","og_title":"Fost Print Junior viales - Centro de Belleza y Salud Margarita Ortu\u00f1o L\u00e1zaro. ESCUELA DE QUIROMASAJE Y TERAPIAS COMPLEMENTARIAS.TIENDA ONLINE","og_description":"Fost Print Classic, con su nueva f\u00f3rmula mejorada, con selenio, vitamina E y serina\u00a0y Acetil L-Carnitina, NADH, Jalea real liofilizada, Prop\u00f3leo, Vitaminas del grupo B (B1, B2, B3, B6, B12, \u00c1cido pantot\u00e9nico, Biotina y \u00c1cido f\u00f3lico), Vitamina D, Cromo y Manganeso, ayuda a recuperar el ritmo diario. Las vitaminas B2, B3, B5\u00a0y B6,\u00a0ayudan a\u00a0disminuir el cansancio y la fatiga. El selenio y las Vitaminas B6, B12\u00a0y D, contribuyen al\u00a0funcionamiento normal del sistema inmunitario. El selenio y la Vitamina E, contribuyen a la\u00a0protecci\u00f3n de las c\u00e9lulas frente al da\u00f1o oxidativo.\u00a0","og_url":"https:\/\/margaritayeusebio.com\/tienda\/producto\/fost-print-junior-viales\/","og_site_name":"Centro de Belleza y Salud Margarita Ortu\u00f1o L\u00e1zaro. ESCUELA DE QUIROMASAJE Y TERAPIAS COMPLEMENTARIAS.TIENDA ONLINE","article_modified_time":"2022-05-26T17:22:26+00:00","og_image":[{"width":2560,"height":2193,"url":"https:\/\/margaritayeusebio.com\/tienda\/wp-content\/uploads\/2022\/05\/8422947062439_01-scaled.jpg","type":"image\/jpeg"}],"twitter_card":"summary_large_image","twitter_misc":{"Tiempo de lectura":"2 minutos"},"schema":{"@context":"https:\/\/schema.org","@graph":[{"@type":"WebPage","@id":"https:\/\/margaritayeusebio.com\/tienda\/producto\/fost-print-junior-viales\/","url":"https:\/\/margaritayeusebio.com\/tienda\/producto\/fost-print-junior-viales\/","name":"Fost Print Junior viales - Centro de Belleza y Salud Margarita Ortu\u00f1o L\u00e1zaro. ESCUELA DE QUIROMASAJE Y TERAPIAS COMPLEMENTARIAS.TIENDA ONLINE","isPartOf":{"@id":"https:\/\/margaritayeusebio.com\/tienda\/#website"},"primaryImageOfPage":{"@id":"https:\/\/margaritayeusebio.com\/tienda\/producto\/fost-print-junior-viales\/#primaryimage"},"image":{"@id":"https:\/\/margaritayeusebio.com\/tienda\/producto\/fost-print-junior-viales\/#primaryimage"},"thumbnailUrl":"https:\/\/margaritayeusebio.com\/tienda\/wp-content\/uploads\/2022\/05\/8422947062439_01-scaled.jpg","datePublished":"2022-05-26T17:17:46+00:00","dateModified":"2022-05-26T17:22:26+00:00","description":"Fost Print Classic, con su nueva f\u00f3rmula mejorada, con selenio, vitamina E y serina\u00a0y Acetil L-Carnitina, NADH, Jalea real liofilizada, Prop\u00f3leo, Vitaminas del grupo B (B1, B2, B3, B6, B12, \u00c1cido pantot\u00e9nico, Biotina y \u00c1cido f\u00f3lico), Vitamina D, Cromo y Manganeso, ayuda a recuperar el ritmo diario. Las vitaminas B2, B3, B5\u00a0y B6,\u00a0ayudan a\u00a0disminuir el cansancio y la fatiga. El selenio y las Vitaminas B6, B12\u00a0y D, contribuyen al\u00a0funcionamiento normal del sistema inmunitario. El selenio y la Vitamina E, contribuyen a la\u00a0protecci\u00f3n de las c\u00e9lulas frente al da\u00f1o oxidativo.\u00a0","breadcrumb":{"@id":"https:\/\/margaritayeusebio.com\/tienda\/producto\/fost-print-junior-viales\/#breadcrumb"},"inLanguage":"es","potentialAction":[{"@type":"ReadAction","target":["https:\/\/margaritayeusebio.com\/tienda\/producto\/fost-print-junior-viales\/"]}]},{"@type":"ImageObject","inLanguage":"es","@id":"https:\/\/margaritayeusebio.com\/tienda\/producto\/fost-print-junior-viales\/#primaryimage","url":"https:\/\/margaritayeusebio.com\/tienda\/wp-content\/uploads\/2022\/05\/8422947062439_01-scaled.jpg","contentUrl":"https:\/\/margaritayeusebio.com\/tienda\/wp-content\/uploads\/2022\/05\/8422947062439_01-scaled.jpg","width":2560,"height":2193},{"@type":"BreadcrumbList","@id":"https:\/\/margaritayeusebio.com\/tienda\/producto\/fost-print-junior-viales\/#breadcrumb","itemListElement":[{"@type":"ListItem","position":1,"name":"Portada","item":"https:\/\/margaritayeusebio.com\/tienda\/pagina-de-inicio-2\/"},{"@type":"ListItem","position":2,"name":"Tienda","item":"https:\/\/margaritayeusebio.com\/tienda\/"},{"@type":"ListItem","position":3,"name":"Fost Print Junior viales"}]},{"@type":"WebSite","@id":"https:\/\/margaritayeusebio.com\/tienda\/#website","url":"https:\/\/margaritayeusebio.com\/tienda\/","name":"Centro de Belleza y Salud Margarita Ortu\u00f1o L\u00e1zaro. ESCUELA DE QUIROMASAJE Y TERAPIAS COMPLEMENTARIAS.TIENDA ONLINE","description":"Quiromasaje-Osteopatia, Acupuntura, Herbolario, Fitoterapia, Oligoelementos, Productos Belleza,","publisher":{"@id":"https:\/\/margaritayeusebio.com\/tienda\/#organization"},"potentialAction":[{"@type":"SearchAction","target":{"@type":"EntryPoint","urlTemplate":"https:\/\/margaritayeusebio.com\/tienda\/?s={search_term_string}"},"query-input":{"@type":"PropertyValueSpecification","valueRequired":true,"valueName":"search_term_string"}}],"inLanguage":"es"},{"@type":"Organization","@id":"https:\/\/margaritayeusebio.com\/tienda\/#organization","name":"Centro de Belleza y Salud Margarita Ortu\u00f1o L\u00e1zaro. ESCUELA DE QUIROMASAJE Y TERAPIAS COMPLEMENTARIAS.TIENDA ONLINE","url":"https:\/\/margaritayeusebio.com\/tienda\/","logo":{"@type":"ImageObject","inLanguage":"es","@id":"https:\/\/margaritayeusebio.com\/tienda\/#\/schema\/logo\/image\/","url":"https:\/\/margaritayeusebio.com\/tienda\/wp-content\/uploads\/2021\/12\/anagrama-conjunto-escuela-y-centro.jpg","contentUrl":"https:\/\/margaritayeusebio.com\/tienda\/wp-content\/uploads\/2021\/12\/anagrama-conjunto-escuela-y-centro.jpg","width":363,"height":302,"caption":"Centro de Belleza y Salud Margarita Ortu\u00f1o L\u00e1zaro. ESCUELA DE QUIROMASAJE Y TERAPIAS COMPLEMENTARIAS.TIENDA ONLINE"},"image":{"@id":"https:\/\/margaritayeusebio.com\/tienda\/#\/schema\/logo\/image\/"}}]}},"jetpack_sharing_enabled":true,"_links":{"self":[{"href":"https:\/\/margaritayeusebio.com\/tienda\/wp-json\/wp\/v2\/product\/155","targetHints":{"allow":["GET"]}}],"collection":[{"href":"https:\/\/margaritayeusebio.com\/tienda\/wp-json\/wp\/v2\/product"}],"about":[{"href":"https:\/\/margaritayeusebio.com\/tienda\/wp-json\/wp\/v2\/types\/product"}],"replies":[{"embeddable":true,"href":"https:\/\/margaritayeusebio.com\/tienda\/wp-json\/wp\/v2\/comments?post=155"}],"wp:featuredmedia":[{"embeddable":true,"href":"https:\/\/margaritayeusebio.com\/tienda\/wp-json\/wp\/v2\/media\/149"}],"wp:attachment":[{"href":"https:\/\/margaritayeusebio.com\/tienda\/wp-json\/wp\/v2\/media?parent=155"}],"wp:term":[{"taxonomy":"product_brand","embeddable":true,"href":"https:\/\/margaritayeusebio.com\/tienda\/wp-json\/wp\/v2\/product_brand?post=155"},{"taxonomy":"product_cat","embeddable":true,"href":"https:\/\/margaritayeusebio.com\/tienda\/wp-json\/wp\/v2\/product_cat?post=155"},{"taxonomy":"product_tag","embeddable":true,"href":"https:\/\/margaritayeusebio.com\/tienda\/wp-json\/wp\/v2\/product_tag?post=155"}],"curies":[{"name":"wp","href":"https:\/\/api.w.org\/{rel}","templated":true}]}}