{"id":138,"date":"2022-05-20T12:56:54","date_gmt":"2022-05-20T10:56:54","guid":{"rendered":"https:\/\/margaritayeusebio.com\/tienda\/?post_type=product&#038;p=138"},"modified":"2022-05-20T12:56:54","modified_gmt":"2022-05-20T10:56:54","slug":"inulac-tabletas","status":"publish","type":"product","link":"https:\/\/margaritayeusebio.com\/tienda\/producto\/inulac-tabletas\/","title":{"rendered":"INULAC tabletas"},"content":{"rendered":"<h3>Inulac tablets<\/h3>\n<div class=\"uk-text-muted\">\n<p>30 comprimidos de 2 g<\/p>\n<\/div>\n<div class=\" uk-margin-small-top\">\n<div>Facilita las digestiones pesadas y el cuidado de la flora intestinal<\/div>\n<\/div>\n<hr class=\"uk-margin\" \/>\n<div class=\" uk-text-small uk-margin-medium-bottom\">\n<p>Inulac tablets es un complemento alimenticio, que\u00a0<b>puede ayudar a personas con trastornos digestivos<\/b>\u00a0asociados a unos malos h\u00e1bitos alimenticios o tras comidas pesadas, favoreciendo un correcto funcionamiento de nuestro aparato digestivo y cuidando nuestra flora intestinal.<\/p>\n<p>Su formato en\u00a0<b>comprimidos chupables,\u00a0<\/b>lo hace ideal para tomar tras las comidas, tanto dentro como fuera de casa.<\/p>\n<ul>\n<li class=\"ms-hover\">Con<b>\u00a0inulina<\/b><\/li>\n<li class=\"ms-hover\">Con\u00a0<b>enzimas digestivas<\/b><\/li>\n<li class=\"ms-hover\">Con\u00a0<b>probi\u00f3ticos<\/b><\/li>\n<\/ul>\n<p>Alto contenido de\u00a0<b><b>fibra<\/b><\/b><\/p>\n<h3 style=\"text-align: left;\">Ingredientes<\/h3>\n<h4 style=\"text-align: left;\">Por comprimido: Inulina, fructosa, extracto de <strong style=\"font-family: var(--list--font-family); background-color: var(--global--color-background); color: var(--global--color-primary); font-size: var(--global--font-size-base);\">malta<\/strong><span style=\"font-family: var(--list--font-family); background-color: var(--global--color-background); color: var(--global--color-primary); font-size: var(--global--font-size-base);\">\u00a0diast\u00e1sico (200 mg), estabilizante: celulosa microcristalina, papa\u00edna (75 mg), aroma a pi\u00f1a, jugo de pi\u00f1a deshidratado (<\/span><em style=\"font-family: var(--list--font-family); background-color: var(--global--color-background); color: var(--global--color-primary); font-size: var(--global--font-size-base);\">Anan\u00e1s\u00a0comosus<\/em><span style=\"font-family: var(--list--font-family); background-color: var(--global--color-background); color: var(--global--color-primary); font-size: var(--global--font-size-base);\"> L., fruto) (69,5 mg), \u00e1cido l\u00e1ctico (50 mg), corrector de acidez: \u00e1cido c\u00edtrico, antiaglomerante: sales magn\u00e9sicas de \u00e1cidos grasos, amilasa, sal, <\/span><strong style=\"font-family: var(--list--font-family); background-color: var(--global--color-background); color: var(--global--color-primary); font-size: var(--global--font-size-base);\">fermentos l\u00e1cticos<\/strong><span style=\"font-family: var(--list--font-family); background-color: var(--global--color-background); color: var(--global--color-primary); font-size: var(--global--font-size-base);\">\u00a0(<\/span><em style=\"font-family: var(--list--font-family); background-color: var(--global--color-background); color: var(--global--color-primary); font-size: var(--global--font-size-base);\">Lactobacillus acidophilus, Lactobacillus paracasei y Bifidobacterium bifidum<\/em><span style=\"font-family: var(--list--font-family); background-color: var(--global--color-background); color: var(--global--color-primary); font-size: var(--global--font-size-base);\">\u00a0en una cantidad aproximada de 1.10<\/span><sup style=\"font-family: var(--list--font-family); background-color: var(--global--color-background); color: var(--global--color-primary);\">9<\/sup><span style=\"font-family: var(--list--font-family); background-color: var(--global--color-background); color: var(--global--color-primary); font-size: var(--global--font-size-base);\">\u00a0UFC\/comprimido).<\/span><\/h4>\n<h3>Compuestos activos<\/h3>\n<div>\n<table class=\"uk-table uk-table-striped uk-table-small\">\n<tbody>\n<tr>\n<td colspan=\"2\">Por comprimido<\/td>\n<\/tr>\n<tr>\n<td>Papa\u00edna<\/td>\n<td>45000 USP<\/td>\n<\/tr>\n<tr>\n<td>Inulina<\/td>\n<td>952 mg<\/td>\n<\/tr>\n<tr>\n<td>Ext. malta diast\u00e1sico<\/td>\n<td>200 mg<\/td>\n<\/tr>\n<tr>\n<td>Amilasa<\/td>\n<td>250 FAU<\/td>\n<\/tr>\n<tr>\n<td>Fermentos l\u00e1cticos<\/td>\n<td>1 x 109 UFC<\/td>\n<\/tr>\n<\/tbody>\n<\/table>\n<\/div>\n<p>&nbsp;<\/p>\n<\/div>\n","protected":false},"excerpt":{"rendered":"<div class=\" uk-margin-small-top\">\n<div>Facilita las digestiones pesadas y el cuidado de la flora intestinal<\/div>\n<\/div>\n<hr class=\"uk-margin\" \/>\n<div class=\" uk-text-small uk-margin-medium-bottom\">\n<p>Inulac tablets es un complemento alimenticio, que\u00a0<b>puede ayudar a personas con trastornos digestivos<\/b>\u00a0asociados a unos malos h\u00e1bitos alimenticios o tras comidas pesadas, favoreciendo un correcto funcionamiento de nuestro aparato digestivo y cuidando nuestra flora intestinal.<\/p>\n<p>Su formato en\u00a0<b>comprimidos chupables,\u00a0<\/b>lo hace ideal para tomar tras las comidas, tanto dentro como fuera de casa.<\/p>\n<ul>\n<li class=\"ms-hover\">Con<b>\u00a0inulina<\/b><\/li>\n<li class=\"ms-hover\">Con\u00a0<b>enzimas digestivas<\/b><\/li>\n<li class=\"ms-hover\">Con\u00a0<b>probi\u00f3ticos<\/b><\/li>\n<li class=\"ms-hover\">Alto contenido de\u00a0<b>fibra<\/b><\/li>\n<\/ul>\n<\/div>\n","protected":false},"featured_media":124,"comment_status":"open","ping_status":"closed","template":"","meta":[],"product_brand":[],"product_cat":[16],"product_tag":[84,85,83,82],"class_list":{"0":"post-138","1":"product","2":"type-product","3":"status-publish","4":"has-post-thumbnail","6":"product_cat-fitoterapia-o-preparados-de-plantas-que-buscan-solucionar-los-problemas-de-salud","7":"product_tag-con-enzimas-digestivas","8":"product_tag-con-inulina","9":"product_tag-cuidado-de-la-flora-intestinal","10":"product_tag-facilita-digestiones-pesadas","11":"entry","13":"first","14":"instock","15":"sale","16":"taxable","17":"shipping-taxable","18":"purchasable","19":"product-type-simple"},"yoast_head":"<!-- This site is optimized with the Yoast SEO plugin v27.4 - https:\/\/yoast.com\/product\/yoast-seo-wordpress\/ -->\n<title>INULAC tabletas - Centro de Belleza y Salud Margarita Ortu\u00f1o L\u00e1zaro. ESCUELA DE QUIROMASAJE Y TERAPIAS COMPLEMENTARIAS.TIENDA ONLINE<\/title>\n<meta name=\"description\" content=\"INULAC TABLETAS 30 comprimidos de 2 g Facilita las digestiones pesadas y el cuidado de la flora intestinal Su formato en\u00a0comprimidos chupables,\u00a0lo hace ideal para tomar tras las comidas, tanto dentro como fuera de casa. Con\u00a0inulina. Con\u00a0enzimas digestivas Con\u00a0probi\u00f3ticos Alto contenido de\u00a0fibra\" \/>\n<meta name=\"robots\" content=\"index, follow, max-snippet:-1, max-image-preview:large, max-video-preview:-1\" \/>\n<link rel=\"canonical\" href=\"https:\/\/margaritayeusebio.com\/tienda\/producto\/inulac-tabletas\/\" \/>\n<meta property=\"og:locale\" content=\"es_ES\" \/>\n<meta property=\"og:type\" content=\"article\" \/>\n<meta property=\"og:title\" content=\"INULAC tabletas - Centro de Belleza y Salud Margarita Ortu\u00f1o L\u00e1zaro. ESCUELA DE QUIROMASAJE Y TERAPIAS COMPLEMENTARIAS.TIENDA ONLINE\" \/>\n<meta property=\"og:description\" content=\"INULAC TABLETAS 30 comprimidos de 2 g Facilita las digestiones pesadas y el cuidado de la flora intestinal Su formato en\u00a0comprimidos chupables,\u00a0lo hace ideal para tomar tras las comidas, tanto dentro como fuera de casa. Con\u00a0inulina. Con\u00a0enzimas digestivas Con\u00a0probi\u00f3ticos Alto contenido de\u00a0fibra\" \/>\n<meta property=\"og:url\" content=\"https:\/\/margaritayeusebio.com\/tienda\/producto\/inulac-tabletas\/\" \/>\n<meta property=\"og:site_name\" content=\"Centro de Belleza y Salud Margarita Ortu\u00f1o L\u00e1zaro. ESCUELA DE QUIROMASAJE Y TERAPIAS COMPLEMENTARIAS.TIENDA ONLINE\" \/>\n<meta property=\"og:image\" content=\"https:\/\/margaritayeusebio.com\/tienda\/wp-content\/uploads\/2022\/03\/8422947060473-scaled.jpg\" \/>\n\t<meta property=\"og:image:width\" content=\"2560\" \/>\n\t<meta property=\"og:image:height\" content=\"1835\" \/>\n\t<meta property=\"og:image:type\" content=\"image\/jpeg\" \/>\n<meta name=\"twitter:card\" content=\"summary_large_image\" \/>\n<meta name=\"twitter:label1\" content=\"Tiempo de lectura\" \/>\n\t<meta name=\"twitter:data1\" content=\"1 minuto\" \/>\n<script type=\"application\/ld+json\" class=\"yoast-schema-graph\">{\"@context\":\"https:\\\/\\\/schema.org\",\"@graph\":[{\"@type\":\"WebPage\",\"@id\":\"https:\\\/\\\/margaritayeusebio.com\\\/tienda\\\/producto\\\/inulac-tabletas\\\/\",\"url\":\"https:\\\/\\\/margaritayeusebio.com\\\/tienda\\\/producto\\\/inulac-tabletas\\\/\",\"name\":\"INULAC tabletas - Centro de Belleza y Salud Margarita Ortu\u00f1o L\u00e1zaro. ESCUELA DE QUIROMASAJE Y TERAPIAS COMPLEMENTARIAS.TIENDA ONLINE\",\"isPartOf\":{\"@id\":\"https:\\\/\\\/margaritayeusebio.com\\\/tienda\\\/#website\"},\"primaryImageOfPage\":{\"@id\":\"https:\\\/\\\/margaritayeusebio.com\\\/tienda\\\/producto\\\/inulac-tabletas\\\/#primaryimage\"},\"image\":{\"@id\":\"https:\\\/\\\/margaritayeusebio.com\\\/tienda\\\/producto\\\/inulac-tabletas\\\/#primaryimage\"},\"thumbnailUrl\":\"https:\\\/\\\/margaritayeusebio.com\\\/tienda\\\/wp-content\\\/uploads\\\/2022\\\/03\\\/8422947060473-scaled.jpg\",\"datePublished\":\"2022-05-20T10:56:54+00:00\",\"description\":\"INULAC TABLETAS 30 comprimidos de 2 g Facilita las digestiones pesadas y el cuidado de la flora intestinal Su formato en\u00a0comprimidos chupables,\u00a0lo hace ideal para tomar tras las comidas, tanto dentro como fuera de casa. Con\u00a0inulina. Con\u00a0enzimas digestivas Con\u00a0probi\u00f3ticos Alto contenido de\u00a0fibra\",\"breadcrumb\":{\"@id\":\"https:\\\/\\\/margaritayeusebio.com\\\/tienda\\\/producto\\\/inulac-tabletas\\\/#breadcrumb\"},\"inLanguage\":\"es\",\"potentialAction\":[{\"@type\":\"ReadAction\",\"target\":[\"https:\\\/\\\/margaritayeusebio.com\\\/tienda\\\/producto\\\/inulac-tabletas\\\/\"]}]},{\"@type\":\"ImageObject\",\"inLanguage\":\"es\",\"@id\":\"https:\\\/\\\/margaritayeusebio.com\\\/tienda\\\/producto\\\/inulac-tabletas\\\/#primaryimage\",\"url\":\"https:\\\/\\\/margaritayeusebio.com\\\/tienda\\\/wp-content\\\/uploads\\\/2022\\\/03\\\/8422947060473-scaled.jpg\",\"contentUrl\":\"https:\\\/\\\/margaritayeusebio.com\\\/tienda\\\/wp-content\\\/uploads\\\/2022\\\/03\\\/8422947060473-scaled.jpg\",\"width\":2560,\"height\":1835},{\"@type\":\"BreadcrumbList\",\"@id\":\"https:\\\/\\\/margaritayeusebio.com\\\/tienda\\\/producto\\\/inulac-tabletas\\\/#breadcrumb\",\"itemListElement\":[{\"@type\":\"ListItem\",\"position\":1,\"name\":\"Portada\",\"item\":\"https:\\\/\\\/margaritayeusebio.com\\\/tienda\\\/pagina-de-inicio-2\\\/\"},{\"@type\":\"ListItem\",\"position\":2,\"name\":\"Tienda\",\"item\":\"https:\\\/\\\/margaritayeusebio.com\\\/tienda\\\/\"},{\"@type\":\"ListItem\",\"position\":3,\"name\":\"INULAC tabletas\"}]},{\"@type\":\"WebSite\",\"@id\":\"https:\\\/\\\/margaritayeusebio.com\\\/tienda\\\/#website\",\"url\":\"https:\\\/\\\/margaritayeusebio.com\\\/tienda\\\/\",\"name\":\"Centro de Belleza y Salud Margarita Ortu\u00f1o L\u00e1zaro. ESCUELA DE QUIROMASAJE Y TERAPIAS COMPLEMENTARIAS.TIENDA ONLINE\",\"description\":\"Quiromasaje-Osteopatia, Acupuntura, Herbolario, Fitoterapia, Oligoelementos, Productos Belleza,\",\"publisher\":{\"@id\":\"https:\\\/\\\/margaritayeusebio.com\\\/tienda\\\/#organization\"},\"potentialAction\":[{\"@type\":\"SearchAction\",\"target\":{\"@type\":\"EntryPoint\",\"urlTemplate\":\"https:\\\/\\\/margaritayeusebio.com\\\/tienda\\\/?s={search_term_string}\"},\"query-input\":{\"@type\":\"PropertyValueSpecification\",\"valueRequired\":true,\"valueName\":\"search_term_string\"}}],\"inLanguage\":\"es\"},{\"@type\":\"Organization\",\"@id\":\"https:\\\/\\\/margaritayeusebio.com\\\/tienda\\\/#organization\",\"name\":\"Centro de Belleza y Salud Margarita Ortu\u00f1o L\u00e1zaro. ESCUELA DE QUIROMASAJE Y TERAPIAS COMPLEMENTARIAS.TIENDA ONLINE\",\"url\":\"https:\\\/\\\/margaritayeusebio.com\\\/tienda\\\/\",\"logo\":{\"@type\":\"ImageObject\",\"inLanguage\":\"es\",\"@id\":\"https:\\\/\\\/margaritayeusebio.com\\\/tienda\\\/#\\\/schema\\\/logo\\\/image\\\/\",\"url\":\"https:\\\/\\\/margaritayeusebio.com\\\/tienda\\\/wp-content\\\/uploads\\\/2021\\\/12\\\/anagrama-conjunto-escuela-y-centro.jpg\",\"contentUrl\":\"https:\\\/\\\/margaritayeusebio.com\\\/tienda\\\/wp-content\\\/uploads\\\/2021\\\/12\\\/anagrama-conjunto-escuela-y-centro.jpg\",\"width\":363,\"height\":302,\"caption\":\"Centro de Belleza y Salud Margarita Ortu\u00f1o L\u00e1zaro. ESCUELA DE QUIROMASAJE Y TERAPIAS COMPLEMENTARIAS.TIENDA ONLINE\"},\"image\":{\"@id\":\"https:\\\/\\\/margaritayeusebio.com\\\/tienda\\\/#\\\/schema\\\/logo\\\/image\\\/\"}}]}<\/script>\n<!-- \/ Yoast SEO plugin. -->","yoast_head_json":{"title":"INULAC tabletas - Centro de Belleza y Salud Margarita Ortu\u00f1o L\u00e1zaro. ESCUELA DE QUIROMASAJE Y TERAPIAS COMPLEMENTARIAS.TIENDA ONLINE","description":"INULAC TABLETAS 30 comprimidos de 2 g Facilita las digestiones pesadas y el cuidado de la flora intestinal Su formato en\u00a0comprimidos chupables,\u00a0lo hace ideal para tomar tras las comidas, tanto dentro como fuera de casa. Con\u00a0inulina. Con\u00a0enzimas digestivas Con\u00a0probi\u00f3ticos Alto contenido de\u00a0fibra","robots":{"index":"index","follow":"follow","max-snippet":"max-snippet:-1","max-image-preview":"max-image-preview:large","max-video-preview":"max-video-preview:-1"},"canonical":"https:\/\/margaritayeusebio.com\/tienda\/producto\/inulac-tabletas\/","og_locale":"es_ES","og_type":"article","og_title":"INULAC tabletas - Centro de Belleza y Salud Margarita Ortu\u00f1o L\u00e1zaro. ESCUELA DE QUIROMASAJE Y TERAPIAS COMPLEMENTARIAS.TIENDA ONLINE","og_description":"INULAC TABLETAS 30 comprimidos de 2 g Facilita las digestiones pesadas y el cuidado de la flora intestinal Su formato en\u00a0comprimidos chupables,\u00a0lo hace ideal para tomar tras las comidas, tanto dentro como fuera de casa. Con\u00a0inulina. Con\u00a0enzimas digestivas Con\u00a0probi\u00f3ticos Alto contenido de\u00a0fibra","og_url":"https:\/\/margaritayeusebio.com\/tienda\/producto\/inulac-tabletas\/","og_site_name":"Centro de Belleza y Salud Margarita Ortu\u00f1o L\u00e1zaro. ESCUELA DE QUIROMASAJE Y TERAPIAS COMPLEMENTARIAS.TIENDA ONLINE","og_image":[{"width":2560,"height":1835,"url":"https:\/\/margaritayeusebio.com\/tienda\/wp-content\/uploads\/2022\/03\/8422947060473-scaled.jpg","type":"image\/jpeg"}],"twitter_card":"summary_large_image","twitter_misc":{"Tiempo de lectura":"1 minuto"},"schema":{"@context":"https:\/\/schema.org","@graph":[{"@type":"WebPage","@id":"https:\/\/margaritayeusebio.com\/tienda\/producto\/inulac-tabletas\/","url":"https:\/\/margaritayeusebio.com\/tienda\/producto\/inulac-tabletas\/","name":"INULAC tabletas - Centro de Belleza y Salud Margarita Ortu\u00f1o L\u00e1zaro. ESCUELA DE QUIROMASAJE Y TERAPIAS COMPLEMENTARIAS.TIENDA ONLINE","isPartOf":{"@id":"https:\/\/margaritayeusebio.com\/tienda\/#website"},"primaryImageOfPage":{"@id":"https:\/\/margaritayeusebio.com\/tienda\/producto\/inulac-tabletas\/#primaryimage"},"image":{"@id":"https:\/\/margaritayeusebio.com\/tienda\/producto\/inulac-tabletas\/#primaryimage"},"thumbnailUrl":"https:\/\/margaritayeusebio.com\/tienda\/wp-content\/uploads\/2022\/03\/8422947060473-scaled.jpg","datePublished":"2022-05-20T10:56:54+00:00","description":"INULAC TABLETAS 30 comprimidos de 2 g Facilita las digestiones pesadas y el cuidado de la flora intestinal Su formato en\u00a0comprimidos chupables,\u00a0lo hace ideal para tomar tras las comidas, tanto dentro como fuera de casa. Con\u00a0inulina. Con\u00a0enzimas digestivas Con\u00a0probi\u00f3ticos Alto contenido de\u00a0fibra","breadcrumb":{"@id":"https:\/\/margaritayeusebio.com\/tienda\/producto\/inulac-tabletas\/#breadcrumb"},"inLanguage":"es","potentialAction":[{"@type":"ReadAction","target":["https:\/\/margaritayeusebio.com\/tienda\/producto\/inulac-tabletas\/"]}]},{"@type":"ImageObject","inLanguage":"es","@id":"https:\/\/margaritayeusebio.com\/tienda\/producto\/inulac-tabletas\/#primaryimage","url":"https:\/\/margaritayeusebio.com\/tienda\/wp-content\/uploads\/2022\/03\/8422947060473-scaled.jpg","contentUrl":"https:\/\/margaritayeusebio.com\/tienda\/wp-content\/uploads\/2022\/03\/8422947060473-scaled.jpg","width":2560,"height":1835},{"@type":"BreadcrumbList","@id":"https:\/\/margaritayeusebio.com\/tienda\/producto\/inulac-tabletas\/#breadcrumb","itemListElement":[{"@type":"ListItem","position":1,"name":"Portada","item":"https:\/\/margaritayeusebio.com\/tienda\/pagina-de-inicio-2\/"},{"@type":"ListItem","position":2,"name":"Tienda","item":"https:\/\/margaritayeusebio.com\/tienda\/"},{"@type":"ListItem","position":3,"name":"INULAC tabletas"}]},{"@type":"WebSite","@id":"https:\/\/margaritayeusebio.com\/tienda\/#website","url":"https:\/\/margaritayeusebio.com\/tienda\/","name":"Centro de Belleza y Salud Margarita Ortu\u00f1o L\u00e1zaro. ESCUELA DE QUIROMASAJE Y TERAPIAS COMPLEMENTARIAS.TIENDA ONLINE","description":"Quiromasaje-Osteopatia, Acupuntura, Herbolario, Fitoterapia, Oligoelementos, Productos Belleza,","publisher":{"@id":"https:\/\/margaritayeusebio.com\/tienda\/#organization"},"potentialAction":[{"@type":"SearchAction","target":{"@type":"EntryPoint","urlTemplate":"https:\/\/margaritayeusebio.com\/tienda\/?s={search_term_string}"},"query-input":{"@type":"PropertyValueSpecification","valueRequired":true,"valueName":"search_term_string"}}],"inLanguage":"es"},{"@type":"Organization","@id":"https:\/\/margaritayeusebio.com\/tienda\/#organization","name":"Centro de Belleza y Salud Margarita Ortu\u00f1o L\u00e1zaro. ESCUELA DE QUIROMASAJE Y TERAPIAS COMPLEMENTARIAS.TIENDA ONLINE","url":"https:\/\/margaritayeusebio.com\/tienda\/","logo":{"@type":"ImageObject","inLanguage":"es","@id":"https:\/\/margaritayeusebio.com\/tienda\/#\/schema\/logo\/image\/","url":"https:\/\/margaritayeusebio.com\/tienda\/wp-content\/uploads\/2021\/12\/anagrama-conjunto-escuela-y-centro.jpg","contentUrl":"https:\/\/margaritayeusebio.com\/tienda\/wp-content\/uploads\/2021\/12\/anagrama-conjunto-escuela-y-centro.jpg","width":363,"height":302,"caption":"Centro de Belleza y Salud Margarita Ortu\u00f1o L\u00e1zaro. ESCUELA DE QUIROMASAJE Y TERAPIAS COMPLEMENTARIAS.TIENDA ONLINE"},"image":{"@id":"https:\/\/margaritayeusebio.com\/tienda\/#\/schema\/logo\/image\/"}}]}},"jetpack_sharing_enabled":true,"_links":{"self":[{"href":"https:\/\/margaritayeusebio.com\/tienda\/wp-json\/wp\/v2\/product\/138","targetHints":{"allow":["GET"]}}],"collection":[{"href":"https:\/\/margaritayeusebio.com\/tienda\/wp-json\/wp\/v2\/product"}],"about":[{"href":"https:\/\/margaritayeusebio.com\/tienda\/wp-json\/wp\/v2\/types\/product"}],"replies":[{"embeddable":true,"href":"https:\/\/margaritayeusebio.com\/tienda\/wp-json\/wp\/v2\/comments?post=138"}],"wp:featuredmedia":[{"embeddable":true,"href":"https:\/\/margaritayeusebio.com\/tienda\/wp-json\/wp\/v2\/media\/124"}],"wp:attachment":[{"href":"https:\/\/margaritayeusebio.com\/tienda\/wp-json\/wp\/v2\/media?parent=138"}],"wp:term":[{"taxonomy":"product_brand","embeddable":true,"href":"https:\/\/margaritayeusebio.com\/tienda\/wp-json\/wp\/v2\/product_brand?post=138"},{"taxonomy":"product_cat","embeddable":true,"href":"https:\/\/margaritayeusebio.com\/tienda\/wp-json\/wp\/v2\/product_cat?post=138"},{"taxonomy":"product_tag","embeddable":true,"href":"https:\/\/margaritayeusebio.com\/tienda\/wp-json\/wp\/v2\/product_tag?post=138"}],"curies":[{"name":"wp","href":"https:\/\/api.w.org\/{rel}","templated":true}]}}